{"id":2853,"date":"2024-11-05T12:54:13","date_gmt":"2024-11-05T12:54:13","guid":{"rendered":"https:\/\/rfid-laundry-tag.com\/?post_type=product&#038;p=2853"},"modified":"2024-11-05T13:04:21","modified_gmt":"2024-11-05T13:04:21","slug":"proximity-abs-tk4100-key-fob","status":"publish","type":"product","link":"https:\/\/rfid-laundry-tag.com\/sl\/proximity-abs-tk4100-key-fob\/","title":{"rendered":"Proximity ABS TK4100 Obesek za klju\u010de"},"content":{"rendered":"<h2>Proximity ABS TK4100 Obesek za klju\u010de<\/h2>\n<table class=\"has-title all magic-13\">\n<tbody>\n<tr>\n<td colspan=\"1\" rowspan=\"2\">\n<div class=\"magic-14\">material<\/div>\n<\/td>\n<td colspan=\"1\" rowspan=\"1\">\n<div class=\"magic-15\">Material antene: Aluminijasta folija<\/div>\n<\/td>\n<\/tr>\n<tr>\n<td colspan=\"1\" rowspan=\"1\">\n<div class=\"magic-15\">povr\u0161inski material: ABS\/usnje\/les<\/div>\n<\/td>\n<\/tr>\n<tr>\n<td colspan=\"1\" rowspan=\"1\">\n<div class=\"magic-17\">velikost<\/div>\n<\/td>\n<td colspan=\"1\" rowspan=\"1\">\n<div class=\"magic-15\" data-spm-anchor-id=\"a2700.details.0.i41.3c939b1b0qFtg1\">40,38 * 31,5 mm, 35,5 * 28 mm, 51,5 * 32 mm ali po meri<\/div>\n<\/td>\n<\/tr>\n<tr>\n<td colspan=\"1\" rowspan=\"1\">\n<div class=\"magic-17\">Obrt po meri<\/div>\n<\/td>\n<td colspan=\"1\" rowspan=\"1\">\n<div class=\"magic-15\">logotip Sitotisk\/koda UID, koda serije ali po meri<\/div>\n<\/td>\n<\/tr>\n<tr>\n<td colspan=\"1\" rowspan=\"1\">\n<div class=\"magic-17\">Delovna temperatura<\/div>\n<\/td>\n<td colspan=\"1\" rowspan=\"1\">\n<div class=\"magic-15\">-20\u00b0C~+90\u00b0C<\/div>\n<\/td>\n<\/tr>\n<tr>\n<td colspan=\"1\" rowspan=\"1\">\n<div class=\"magic-17\">kodirati<\/div>\n<\/td>\n<td colspan=\"1\" rowspan=\"1\">\n<div class=\"magic-15\">zapisljivi \u010dip na voljo<\/div>\n<\/td>\n<\/tr>\n<tr>\n<td colspan=\"1\" rowspan=\"1\">\n<div class=\"magic-17\">barvne mo\u017enosti<\/div>\n<\/td>\n<td colspan=\"1\" rowspan=\"1\">\n<div class=\"magic-15\">Rde\u010da, modra, \u010drna, vijoli\u010dna, oran\u017ena, rumena (lahko prilagodite)<\/div>\n<\/td>\n<\/tr>\n<tr>\n<td colspan=\"1\" rowspan=\"1\">\n<div class=\"magic-17\">bralna razdalja<\/div>\n<\/td>\n<td colspan=\"1\" rowspan=\"1\">\n<div class=\"magic-15\">1~10 cm (odvisno od bralnika)<\/div>\n<\/td>\n<\/tr>\n<tr>\n<td colspan=\"1\" rowspan=\"1\">\n<div class=\"magic-17\">aplikacije<\/div>\n<\/td>\n<td colspan=\"1\" rowspan=\"1\">\n<div class=\"magic-15\" data-spm-anchor-id=\"a2700.details.0.i40.3c939b1b0qFtg1\">sistem \u010dlanstva\/telovadnica\/kontrola dostopa\/pla\u010dilo itd.<\/div>\n<\/td>\n<\/tr>\n<\/tbody>\n<\/table>\n<p>&nbsp;<\/p>\n<p>Vsak <strong>Proximity ABS TK4100 Obesek za klju\u010de<\/strong> je vnaprej programiran z edinstveno \u0161tevilko ID, zaradi \u010desar je idealna izbira za uporabo v RFID <strong>Sistemi bli\u017einske kontrole dostopa<\/strong>. Ti obeski za klju\u010de so zasnovani za brezhibno integracijo s sistemi, ki upravljajo dostop do vrat, elektri\u010dnih klju\u010davnic in celo video domofonov, kar zagotavlja varno in zanesljivo odklepanje.<\/p>\n<p>Obeski za klju\u010de so izdelani iz trpe\u017enega materiala <strong>ABS material<\/strong>, ponudba <strong>nepremo\u010dljiva<\/strong> za\u0161\u010dita za dolgotrajno delovanje v razli\u010dnih okoljih. Vsak obesek za klju\u010de je pritrjen na a <strong>kovinski obesek za klju\u010de<\/strong>, kar olaj\u0161a prena\u0161anje in pritrditev na obeske za klju\u010de ali vrvice. Zaradi tega so priro\u010dni za uporabnike, medtem ko ohranjajo svojo funkcionalnost v te\u017ekih pogojih.<\/p>\n<p>Ti obeski za klju\u010de se pogosto uporabljajo v <strong>sistemi za nadzor dostopa<\/strong>, ki omogo\u010da funkcije, kot so odklepanje vrat, upravljanje gesel in dovoljenja za dostop. So <strong>zdru\u017eljiv s standardnimi napravami za dostop EM ID<\/strong> oz <strong>ID \u010ditalci<\/strong>, zaradi \u010desar so zelo vsestranski za razli\u010dne aplikacije za nadzor dostopa.<\/p>","protected":false},"excerpt":{"rendered":"<p>The <strong>Proximity ABS TK4100 Obesek za klju\u010de<\/strong> je zelo zanesljiv, trpe\u017een in varen RFID obesek za klju\u010de, primeren za razli\u010dne sisteme za nadzor dostopa. Vnaprej programiran z edinstvenim ID-jem, se pogosto uporablja za <strong>odklepanje vrat<\/strong>, <strong>upravljanje gesel<\/strong>, in ve\u010d. Izdelan iz vodoodpornega ABS materiala s kovinskim obeskom za klju\u010de, je idealen tako za notranjo kot zunanjo uporabo.<\/p>","protected":false},"featured_media":2855,"template":"","meta":{"_kad_post_transparent":"default","_kad_post_title":"","_kad_post_layout":"default","_kad_post_sidebar_id":"","_kad_post_content_style":"default","_kad_post_vertical_padding":"default","_kad_post_feature":"","_kad_post_feature_position":"","_kad_post_header":false,"_kad_post_footer":false,"_kad_post_classname":""},"product_brand":[],"product_cat":[54],"product_tag":[348,346,349,344,345,343],"class_list":{"0":"post-2853","1":"product","2":"type-product","3":"status-publish","4":"has-post-thumbnail","6":"product_cat-hot-selling-rfid-tags","7":"product_tag-nfc-key-fobs-ntag213","8":"product_tag-nfc-key-tag","9":"product_tag-nfc-key-tags","10":"product_tag-nfc-keychain","11":"product_tag-rfid-fob","12":"product_tag-rfid-keyfobs","14":"first","15":"instock","16":"shipping-taxable","17":"product-type-simple","18":"entry","19":"content-bg","20":"loop-entry"},"_links":{"self":[{"href":"https:\/\/rfid-laundry-tag.com\/sl\/wp-json\/wp\/v2\/product\/2853","targetHints":{"allow":["GET"]}}],"collection":[{"href":"https:\/\/rfid-laundry-tag.com\/sl\/wp-json\/wp\/v2\/product"}],"about":[{"href":"https:\/\/rfid-laundry-tag.com\/sl\/wp-json\/wp\/v2\/types\/product"}],"version-history":[{"count":2,"href":"https:\/\/rfid-laundry-tag.com\/sl\/wp-json\/wp\/v2\/product\/2853\/revisions"}],"predecessor-version":[{"id":2859,"href":"https:\/\/rfid-laundry-tag.com\/sl\/wp-json\/wp\/v2\/product\/2853\/revisions\/2859"}],"wp:featuredmedia":[{"embeddable":true,"href":"https:\/\/rfid-laundry-tag.com\/sl\/wp-json\/wp\/v2\/media\/2855"}],"wp:attachment":[{"href":"https:\/\/rfid-laundry-tag.com\/sl\/wp-json\/wp\/v2\/media?parent=2853"}],"wp:term":[{"taxonomy":"product_brand","embeddable":true,"href":"https:\/\/rfid-laundry-tag.com\/sl\/wp-json\/wp\/v2\/product_brand?post=2853"},{"taxonomy":"product_cat","embeddable":true,"href":"https:\/\/rfid-laundry-tag.com\/sl\/wp-json\/wp\/v2\/product_cat?post=2853"},{"taxonomy":"product_tag","embeddable":true,"href":"https:\/\/rfid-laundry-tag.com\/sl\/wp-json\/wp\/v2\/product_tag?post=2853"}],"curies":[{"name":"delovni list","href":"https:\/\/api.w.org\/{rel}","templated":true}]}}