{"id":2850,"date":"2024-11-05T12:42:51","date_gmt":"2024-11-05T12:42:51","guid":{"rendered":"https:\/\/rfid-laundry-tag.com\/?post_type=product&#038;p=2850"},"modified":"2024-11-05T12:49:55","modified_gmt":"2024-11-05T12:49:55","slug":"nfc-key-fobs-ntag213","status":"publish","type":"product","link":"https:\/\/rfid-laundry-tag.com\/sl\/nfc-key-fobs-ntag213\/","title":{"rendered":"NFC obeski za klju\u010de Ntag213"},"content":{"rendered":"<h2>NFC obeski za klju\u010de Ntag213<\/h2>\n<p>NFC obeski za klju\u010de, kot je Ntag213, revolucionirajo na\u0161 na\u010din interakcije z na\u0161im okoljem, saj ponujajo varne, brezsti\u010dne re\u0161itve za nadzor dostopa, identifikacijo in ve\u010d. Ne glede na to, ali potrebujete sistem za vstop brez klju\u010da v svojo pisarno, hotel ali osebno vozilo, Ntag213 NFC obesek za klju\u010de zagotavlja brezhibno in zanesljivo izku\u0161njo. Ta opis izdelka se poglobi v prednosti, funkcije in uporabo obeska za klju\u010de Ntag213 NFC ter ponuja iz\u010drpne podrobnosti za tiste, ki razmi\u0161ljajo o tej napredni tehnologiji.<\/p>\n<hr \/>\n<h2>Pregled izdelka<\/h2>\n<p>The <strong>NFC obesek za klju\u010de Ntag213<\/strong> je visoko zmogljiva brezsti\u010dna naprava, ki uporablja tehnologijo komunikacije bli\u017enjega polja (NFC). Ta obesek za klju\u010de, zasnovan tako, da je kompakten, varen in uporabniku prijazen, omogo\u010da \u0161iroko paleto aplikacij, vklju\u010dno z nadzorom dostopa, pla\u010dilnimi sistemi in avtentikacijo izdelkov. S poudarkom na varnosti, enostavnosti uporabe in u\u010dinkovitosti obesek za klju\u010de Ntag213 zagotavlja vrhunsko funkcionalnost za podjetja, hotele, domove in drugod.<\/p>\n<h3>Zakaj kupiti obesek za klju\u010de Ntag213 NFC?<\/h3>\n<p>Ntag213 je ve\u010d kot le obesek za klju\u010de \u2013 je zanesljiva in varna re\u0161itev za dostop. Ker ponuja kombinacijo visokokakovostnega delovanja, enostavnosti integracije in zdru\u017eljivosti z obstoje\u010dimi sistemi, je idealna izbira za podjetja, ki \u017eelijo nadgraditi svoje varnostne ukrepe, ali posameznike, ki i\u0161\u010dejo u\u010dinkovitej\u0161i na\u010din za upravljanje svojega dostopa. Evo, zakaj je vredno nalo\u017ebe:<\/p>\n<ul>\n<li><strong>Zanesljiva varnost:<\/strong> Z vgrajenim \u0161ifriranjem in edinstvenim identifikatorjem (UID) ta obesek za klju\u010de zagotavlja varen dostop brez nevarnosti podvajanja ali nepoobla\u0161\u010dene uporabe.<\/li>\n<li><strong>Dolgotrajna vzdr\u017eljivost:<\/strong> Obesek za klju\u010de Ntag213 NFC, zasnovan za vsakodnevno uporabo, se pona\u0161a z dolgo \u017eivljenjsko dobo z do 100.000 zapisovalnimi cikli in \u010dasom hrambe podatkov 10 let.<\/li>\n<li><strong>Vsestranska zdru\u017eljivost:<\/strong> Njegova zdru\u017eljivost z obema <strong>13,56 MHz sistemi RFID<\/strong> in <strong>Naprave, ki podpirajo NFC<\/strong> zaradi \u010desar je vsestranska re\u0161itev za razli\u010dne aplikacije.<\/li>\n<\/ul>\n<p>Poglobimo se v klju\u010dne funkcije in prednosti obeska za klju\u010de Ntag213 NFC.<\/p>\n<hr \/>\n<h2>Tehnologija NFC: hrbtenica sodobnih varnostnih re\u0161itev<\/h2>\n<p>Tehnologija NFC (Near-Field Communication) je gonilna sila sistemov brezkontaktnega dostopa. <strong>Ntag213<\/strong> je ena izmed najbolj priljubljenih oznak NFC, ki jo je razvil <strong>Polprevodniki NXP\u00ae<\/strong>, ki se dr\u017eijo <strong>Oznaka NFC Forum Type 2<\/strong> standard. Ta skladnost zagotavlja, da naprava brezhibno deluje s pametnimi telefoni, tablicami in namenskimi bralniki NFC, ki podpirajo NFC.<\/p>\n<h3>Brezhibna integracija s sistemi za nadzor dostopa<\/h3>\n<p>Ne glede na to, ali je a <strong>hotelski vstopni sistem<\/strong>, <strong>vstop v pisarno brez klju\u010da<\/strong>, ali osebni sistem za nadzor dostopa, tehnologija NFC poenostavi postopek. The <strong>Ntag213 NFC obesek za klju\u010de<\/strong> je kriti\u010dna komponenta sodobnih re\u0161itev dostopa, ki ponuja a <strong>varna, brezsti\u010dna metoda<\/strong> za odklepanje vrat, dostop do obmo\u010dij z omejenim dostopom in celo pla\u010devanje. S svojimi intuitivnimi funkcijami bli\u017eine lahko uporabniki odklenejo vrata tako, da preprosto dr\u017eijo obesek blizu \u010ditalnika, ki podpira NFC.<\/p>\n<h3>Ve\u010dje udobje za uporabnika<\/h3>\n<p>Tehnologija NFC odpravlja potrebo po tradicionalnih klju\u010dih ali fizi\u010dnih karticah, kar omogo\u010da hitrej\u0161i in u\u010dinkovitej\u0161i dostop. The <strong>branje razdalje<\/strong> do 100 mm (odvisno od geometrije antene) zagotavlja enostavno skeniranje obeska za klju\u010de brez neposrednega stika. Ta funkcija zagotavlja dodatno udobje za lastnike podjetij in uporabnike.<\/p>\n<hr \/>\n<h2>Klju\u010dne zna\u010dilnosti obeska za klju\u010de Ntag213 NFC<\/h2>\n<h3>1. <strong>Vgrajene varnostne funkcije za varen dostop<\/strong><\/h3>\n<p>Varnost je glavna prioriteta, ko gre za nadzor dostopa in <strong>Ntag213 NFC obesek za klju\u010de<\/strong> zagotavlja prav to. S svojo <strong>edinstven 7-bajtni UID<\/strong>, naprava zagotavlja, da je vsak obesek edinstven in prepre\u010duje nepoobla\u0161\u010deno podvajanje. The <strong>za\u0161\u010dita z geslom<\/strong> in <strong>Podpis izvirnosti na podlagi ECC<\/strong> dodatno za\u0161\u010ditite podatke in zagotovite, da fob ni mogo\u010de spreminjati.<\/p>\n<ul>\n<li><strong>Za\u0161\u010dita z geslom<\/strong>: Mo\u017enost konfiguracije 32-bitnega gesla zagotavlja, da lahko samo poobla\u0161\u010deni uporabniki dostopajo do sistema.<\/li>\n<li><strong>Podpis ECC<\/strong>: The <strong>Podpis izvirnosti na podlagi ECC<\/strong> ponuja dodatno raven varnosti, zaradi \u010desar goljufi te\u017eko ponaredijo obesek za klju\u010de.<\/li>\n<\/ul>\n<h3>2. <strong>Ve\u010dnamenska uporaba<\/strong><\/h3>\n<p>Ena najpomembnej\u0161ih prednosti <strong>Ntag213 NFC obesek za klju\u010de<\/strong> je njegova vsestranskost. Uporablja se lahko za razli\u010dne aplikacije, vklju\u010dno z:<\/p>\n<ul>\n<li><strong>Nadzor dostopa:<\/strong> Uporablja se za odklepanje vrat v pisarnah, hotelih ali domovih.<\/li>\n<li><strong>Pla\u010dilni sistemi:<\/strong> Varno brezsti\u010dno pla\u010devanje prek mobilne integracije NFC.<\/li>\n<li><strong>Preverjanje pristnosti izdelka:<\/strong> Preverite pristnost vrhunskih izdelkov ali trgovskega blaga.<\/li>\n<li><strong>Pametno ogla\u0161evanje:<\/strong> Izbolj\u0161ajte tr\u017ene akcije zunaj doma z uporabo oznak NFC, vdelanih v tiskane medije.<\/li>\n<\/ul>\n<h3>3. <strong>Trajnost in dolgo\u017eivost<\/strong><\/h3>\n<p>Z a <strong>zapi\u0161ite vzdr\u017eljivost 100.000 ciklov<\/strong> in a <strong>\u010das hrambe podatkov 10 let<\/strong>, the <strong>Ntag213 NFC obesek za klju\u010de<\/strong> je narejen tako, da traja. Ne glede na to, ali se uporablja vsak dan v pisarni\u0161kem okolju z veliko prometa ali kot del aplikacije z nizkim prometom, lahko ta obesek za klju\u010de prenese dolgotrajno uporabo brez poslab\u0161anja delovanja.<\/p>\n<h3>4. <strong>Kompaktna in lahka oblika<\/strong><\/h3>\n<p>Obesek za klju\u010de Ntag213 je kompakten in lahek, zato ga je enostavno prena\u0161ati. Je <strong>zdru\u017eljiv z obeski za klju\u010de<\/strong>, kar uporabnikom omogo\u010da, da ga pritrdijo na svoje klju\u010de za udoben dostop. The <strong>majhen odtis<\/strong> zaradi \u010desar je idealen za aplikacije, ki zahtevajo prostorsko var\u010dne re\u0161itve, kot so vdelane oznake v etikete izdelkov ali igralne kartice.<\/p>\n<hr \/>\n<h2>Vpliv na okolje in trajnost<\/h2>\n<p>Ker tako podjetja kot potro\u0161niki \u0161e naprej dajejo prednost trajnosti, je <strong>Ntag213 NFC obesek za klju\u010de<\/strong> je zasnovan z upo\u0161tevanjem okoljske odgovornosti. Njegovo <strong>nizka poraba energije<\/strong> in dolgotrajna vzdr\u017eljivost prispevata k zmanj\u0161anju odpadkov in manj zamenjav skozi \u010das. Poleg tega kot a <strong>pasivna oznaka RFID<\/strong>, Ntag213 za delovanje ne potrebuje baterije, kar \u0161e dodatno zmanj\u0161uje njegov okoljski odtis.<\/p>\n<hr \/>\n<h2>Kako uporabljati obesek za klju\u010de Ntag213 NFC<\/h2>\n<p>Uporaba <strong>Ntag213 NFC obesek za klju\u010de<\/strong> je preprosta in enostavna:<\/p>\n<ol>\n<li><strong>Programiranje<\/strong>: Uporabite zdru\u017eljivo programsko opremo NFC ali bralnike za programiranje obeska za klju\u010de s potrebnimi informacijami, kot so poverilnice za dostop ali informacije o pla\u010dilu.<\/li>\n<li><strong>Integracija<\/strong>: Integrirajte fob s sistemom za nadzor dostopa, ki podpira NFC, ali pla\u010dilnim terminalom.<\/li>\n<li><strong>Aktivacija<\/strong>: Dr\u017eite obesek za klju\u010de blizu bralnika NFC, da pridobite dostop ali dokon\u010date transakcijo. The <strong>brezkontaktno<\/strong> interakcija zagotavlja gladko in u\u010dinkovito uporabo.<\/li>\n<\/ol>\n<hr \/>\n<h2>Mnenja strank<\/h2>\n<p>Mnogi uporabniki so pohvalili <strong>Ntag213 NFC obesek za klju\u010de<\/strong> za svoje <strong>enostavnost uporabe<\/strong>, <strong>varnost<\/strong>, in <strong>zanesljivost<\/strong>. Tukaj je nekaj pri\u010devanj zadovoljnih strank:<\/p>\n<ul>\n<li><strong>John D., vodja pisarne<\/strong>: \u00bbZ Ntag213 je dostop do na\u0161e poslovne stavbe la\u017eji kot kdaj koli prej. Je varen, enostaven za uporabo in ni mi ve\u010d treba skrbeti za izgubljene klju\u010de.\u201d<\/li>\n<li><strong>Sarah T., lastnica hotela<\/strong>: \u00bbUvedli smo Ntag213 za na\u0161 sistem hotelskih klju\u010dev in ob\u010dutno izbolj\u0161ali zadovoljstvo gostov. Je hiter, varen in zelo priro\u010den.\u00ab<\/li>\n<\/ul>\n<hr \/>\n<h2>pogosta vpra\u0161anja<\/h2>\n<h3>V1: Ali lahko sam programiram obesek za klju\u010de Ntag213?<\/h3>\n<p>Da, obesek za klju\u010de Ntag213 lahko programirate z uporabo zdru\u017eljivih bralnikov NFC in programske opreme. To olaj\u0161a integracijo foba z va\u0161imi obstoje\u010dimi sistemi.<\/p>\n<h3>V2: Kako dolgo zdr\u017ei baterija obeska za klju\u010de Ntag213?<\/h3>\n<p>Obesek za klju\u010de Ntag213 ne potrebuje baterije, saj deluje z uporabo <strong>pasivna tehnologija RFID<\/strong>, ki v neposredni bli\u017eini \u010drpa energijo iz bralnika NFC.<\/p>\n<h3>V3: Kak\u0161en je obseg branja obeska za klju\u010de Ntag213 NFC?<\/h3>\n<p>Obi\u010dajno obmo\u010dje branja je do 100 mm, odvisno od dejavnikov, kot je <strong>zasnova antene \u010ditalnika<\/strong> in poljska jakost.<\/p>\n<hr \/>\n<h2>Zaklju\u010dek: Zakaj izbrati obesek za klju\u010de Ntag213 NFC?<\/h2>\n<p>The <strong>Ntag213 NFC obesek za klju\u010de<\/strong> ponuja idealno kombinacijo varnosti, zanesljivosti in udobja uporabnika. Njegovo <strong>brezkontaktna tehnologija<\/strong>, <strong>kompaktna oblika<\/strong>, in <strong>ve\u010dnamenska vsestranskost<\/strong> naj bo odli\u010dna izbira za sodobne sisteme za nadzor dostopa, pla\u010dila in identifikacijo. Ne glede na to, ali ste podjetje, ki \u017eeli izbolj\u0161ati svojo varnostno infrastrukturo, ali potro\u0161nik, ki i\u0161\u010de priro\u010dno in varno re\u0161itev za va\u0161e potrebe osebnega dostopa, je Ntag213 pametna nalo\u017eba.<\/p>\n<p>Zavarujte si dostop \u0161e danes z <strong>Ntag213 NFC obesek za klju\u010de<\/strong>\u2014prihodnost brezsti\u010dne varnosti je tu.<\/p>","protected":false},"excerpt":{"rendered":"<p><strong>Ntag213 NFC obesek za klju\u010de<\/strong> ponuja idealno kombinacijo varnosti, zanesljivosti in udobja uporabnika. Njegovo <strong>brezkontaktna tehnologija<\/strong>, <strong>kompaktna oblika<\/strong>, in <strong>ve\u010dnamenska vsestranskost<\/strong> naj bo popolna izbira za sodobne sisteme za nadzor dostopa, pla\u010dila in identifikacijo.<\/p>","protected":false},"featured_media":2845,"template":"","meta":{"_kad_post_transparent":"default","_kad_post_title":"","_kad_post_layout":"default","_kad_post_sidebar_id":"","_kad_post_content_style":"default","_kad_post_vertical_padding":"default","_kad_post_feature":"","_kad_post_feature_position":"","_kad_post_header":false,"_kad_post_footer":false,"_kad_post_classname":""},"product_brand":[],"product_cat":[54],"product_tag":[348,346,349,344,345,343],"class_list":{"0":"post-2850","1":"product","2":"type-product","3":"status-publish","4":"has-post-thumbnail","6":"product_cat-hot-selling-rfid-tags","7":"product_tag-nfc-key-fobs-ntag213","8":"product_tag-nfc-key-tag","9":"product_tag-nfc-key-tags","10":"product_tag-nfc-keychain","11":"product_tag-rfid-fob","12":"product_tag-rfid-keyfobs","14":"first","15":"instock","16":"shipping-taxable","17":"product-type-simple","18":"entry","19":"content-bg","20":"loop-entry"},"_links":{"self":[{"href":"https:\/\/rfid-laundry-tag.com\/sl\/wp-json\/wp\/v2\/product\/2850","targetHints":{"allow":["GET"]}}],"collection":[{"href":"https:\/\/rfid-laundry-tag.com\/sl\/wp-json\/wp\/v2\/product"}],"about":[{"href":"https:\/\/rfid-laundry-tag.com\/sl\/wp-json\/wp\/v2\/types\/product"}],"version-history":[{"count":2,"href":"https:\/\/rfid-laundry-tag.com\/sl\/wp-json\/wp\/v2\/product\/2850\/revisions"}],"predecessor-version":[{"id":2852,"href":"https:\/\/rfid-laundry-tag.com\/sl\/wp-json\/wp\/v2\/product\/2850\/revisions\/2852"}],"wp:featuredmedia":[{"embeddable":true,"href":"https:\/\/rfid-laundry-tag.com\/sl\/wp-json\/wp\/v2\/media\/2845"}],"wp:attachment":[{"href":"https:\/\/rfid-laundry-tag.com\/sl\/wp-json\/wp\/v2\/media?parent=2850"}],"wp:term":[{"taxonomy":"product_brand","embeddable":true,"href":"https:\/\/rfid-laundry-tag.com\/sl\/wp-json\/wp\/v2\/product_brand?post=2850"},{"taxonomy":"product_cat","embeddable":true,"href":"https:\/\/rfid-laundry-tag.com\/sl\/wp-json\/wp\/v2\/product_cat?post=2850"},{"taxonomy":"product_tag","embeddable":true,"href":"https:\/\/rfid-laundry-tag.com\/sl\/wp-json\/wp\/v2\/product_tag?post=2850"}],"curies":[{"name":"delovni list","href":"https:\/\/api.w.org\/{rel}","templated":true}]}}