{"id":2843,"date":"2024-11-05T12:37:22","date_gmt":"2024-11-05T12:37:22","guid":{"rendered":"https:\/\/rfid-laundry-tag.com\/?post_type=product&#038;p=2843"},"modified":"2024-11-05T12:37:24","modified_gmt":"2024-11-05T12:37:24","slug":"rfid-keyfobs-mifare-s50-1k","status":"publish","type":"product","link":"https:\/\/rfid-laundry-tag.com\/sl\/rfid-keyfobs-mifare-s50-1k\/","title":{"rendered":"RFID obeski za klju\u010de Mifare S50 1K"},"content":{"rendered":"<h2>RFID obeski za klju\u010de Mifare S50 1K<\/h2>\n<p><span class=\"AnswerParser_TextContainer__z_Iiv\" data-testid=\"youchat-text\">Vsestranski <strong>RFID obesek za klju\u010de<\/strong> predstavlja popolno me\u0161anico udobja in varnosti za sodobne sisteme za nadzor dostopa. Te kompaktne naprave, ki so na voljo pri frekvencah 13,56MHz in 125KHz, nudijo zanesljivo identifikacijo in brezhibno upravljanje dostopa za razli\u010dne aplikacije.<\/span><\/p>\n<p>NXP<sup>\u00ae<\/sup>\u00a0je razvil MIFARE<sup>\u00ae<\/sup>\u00a0MF1ICS50 za uporabo v brezkontaktni pametni kartici v skladu z ISO\/IEC 14443 Type-A.<\/p>\n<p>MIFARE MF1ICS50 IC se uporablja v aplikacijah, kot je izdajanje vozovnic za javni prevoz, kjer so ve\u010dja mesta sprejela MIFARE kot svojo izbrano re\u0161itev za e-vozovnice.<\/p>\n<p>Inteligentna funkcija za prepre\u010devanje trkov omogo\u010da isto\u010dasno upravljanje ve\u010d kot ene kartice na polju. Algoritem za prepre\u010devanje trkov izbere vsako kartico posebej in zagotovi, da je izvedba transakcije z izbrano kartico izvedena pravilno brez po\u0161kodb podatkov zaradi drugih kartic na terenu.<\/p>\n<p>MF1ICS50 je zasnovan za preprosto integracijo in udobje za uporabnike. Kar bi lahko omogo\u010dilo obdelavo celotnih transakcij izdajanja vozovnic v manj kot 100 ms. Tako se uporabnik kartice MF1ICS50 ni prisiljen ustaviti pri \u010ditalniku, kar omogo\u010da visoko prepustnost pri izhodih in kraj\u0161i \u010das vkrcanja na avtobuse. Kartica, ki temelji na produktu MIFARE, lahko ostane v denarnici tudi med transakcijo, tudi \u010de so v njej kovanci.<\/p>\n<h3>Zna\u010dilnosti \u010dipa Mifare S50 1K<\/h3>\n<div id=\"featuresXsp\" class=\"features-list\">\n<div class=\"features-xsp\">\n<div class=\"collapse-mobile ste-list\">\n<h3>MIFARE, RF vmesnik (ISO\/IEC 14443 A)<\/h3>\n<ul class=\"boxes\">\n<li>Brezkontaktni prenos podatkov in dobava energije (brez baterije)<\/li>\n<li>Delovna razdalja: do 100 mm (odvisno od geometrije antene)<\/li>\n<li>Delovna frekvenca: 13,56 MHz<\/li>\n<li>Prenos podatkov: 106 kbit\/s<\/li>\n<li>Celovitost podatkov: 16-bitni CRC, pariteta, bitno kodiranje, \u0161tetje bitov<\/li>\n<li>Proti tr\u010denju<\/li>\n<li>Tipi\u010dna transakcija izdajanja vozovnic: &lt; 100 ms (vklju\u010dno z upravljanjem varnostne kopije)<\/li>\n<\/ul>\n<\/div>\n<div class=\"collapse-mobile ste-list\">\n<h3>EEPROM<\/h3>\n<ul class=\"boxes\">\n<li>1 kB \u2013 4 kB, organizirano v 16 sektorjih s 4 bloki po 16 bajtov (en blok je sestavljen iz 16 bajtov)<\/li>\n<li>Uporabni\u0161ko nastavljivi pogoji dostopa za vsak pomnilni\u0161ki blok<\/li>\n<li>Hramba podatkov 10 let<\/li>\n<li>Zapi\u0161ite vzdr\u017eljivost 100.000 \u2013 200.000 ciklov<\/li>\n<\/ul>\n<\/div>\n<div class=\"collapse-mobile ste-list\">\n<h3>Varnost<\/h3>\n<ul class=\"boxes\">\n<li>Vzajemna triprehodna avtentikacija (ISO\/IEC DIS 9798-2)<\/li>\n<li>Posamezni nabor dveh klju\u010dev na sektor (na aplikacijo) za podporo ve\u010d aplikacij s hierarhijo klju\u010dev<\/li>\n<li>Edinstvena serijska \u0161tevilka za vsako napravo<\/li>\n<\/ul>\n<\/div>\n<div class=\"collapse-mobile ste-list\">\n<h3>Mo\u017enosti dostave<\/h3>\n<ul class=\"boxes\">\n<li>Umri na oblatu<\/li>\n<li>Udarjena matrica na rezini<\/li>\n<li>Modul brezkontaktne kartice MOA4 ali MOA2<\/li>\n<\/ul>\n<\/div>\n<\/div>\n<\/div>\n<h2 class=\"AnswerParser_AnswerParserH2__SIHnF\">Pregled izdelka in tehni\u010dne specifikacije<\/h2>\n<p><span class=\"AnswerParser_TextContainer__z_Iiv\" data-testid=\"youchat-text\">Zna\u010dilnosti na\u0161ih obeskov za klju\u010de RFID:<\/span><\/p>\n<ul class=\"AnswerParser_AnswerParserUnorderedList__P_1FW\">\n<li class=\"AnswerParser_ListItem__XqLOV\" translate=\"yes\">Mo\u017enosti dvojne frekvence: 13,56MHz<\/li>\n<li class=\"AnswerParser_ListItem__XqLOV\" translate=\"yes\">Trpe\u017ena konstrukcija iz ABS ali usnja<\/li>\n<li class=\"AnswerParser_ListItem__XqLOV\" translate=\"yes\">Zdru\u017eljiv z glavnimi sistemi za nadzor dostopa<\/li>\n<li class=\"AnswerParser_ListItem__XqLOV\" translate=\"yes\">Programabilni UID<\/li>\n<li class=\"AnswerParser_ListItem__XqLOV\" translate=\"yes\">Vodoodporen dizajn<\/li>\n<li class=\"AnswerParser_ListItem__XqLOV\" translate=\"yes\">Za\u0161\u010dita pred blokiranjem signala<\/li>\n<\/ul>\n<h2 class=\"AnswerParser_AnswerParserH2__SIHnF\">Napredne varnostne funkcije<\/h2>\n<p><span class=\"AnswerParser_TextContainer__z_Iiv\" data-testid=\"youchat-text\">Varnost je najpomembnej\u0161a pri na\u0161i zasnovi obeska za klju\u010de:<\/span><\/p>\n<ul class=\"AnswerParser_AnswerParserUnorderedList__P_1FW\">\n<li class=\"AnswerParser_ListItem__XqLOV\" translate=\"yes\"><strong>Tehnologija proti kloniranju<\/strong>: Prepre\u010duje nepoobla\u0161\u010deno podvajanje<\/li>\n<li class=\"AnswerParser_ListItem__XqLOV\" translate=\"yes\"><strong>\u0160ifrirana komunikacija<\/strong>: Varen prenos podatkov<\/li>\n<li class=\"AnswerParser_ListItem__XqLOV\" translate=\"yes\"><strong>Enoli\u010dni identifikator<\/strong>: Vsak obesek za klju\u010de ima poseben UID<\/li>\n<li class=\"AnswerParser_ListItem__XqLOV\" translate=\"yes\"><strong>Za\u0161\u010dita signala<\/strong>: Na voljo je izbirna tehnologija Faradayeve kletke<\/li>\n<\/ul>\n<h2 class=\"AnswerParser_AnswerParserH2__SIHnF\">Aplikacije in primeri uporabe<\/h2>\n<p><span class=\"AnswerParser_TextContainer__z_Iiv\" data-testid=\"youchat-text\">Ti vsestranski <strong>RFID obeski za klju\u010de Mifare S50 1K<\/strong> odlikovati se v:<\/span><\/p>\n<ul class=\"AnswerParser_AnswerParserUnorderedList__P_1FW\">\n<li class=\"AnswerParser_ListItem__XqLOV\" translate=\"yes\">Sistemi za nadzor dostopa do vrat<\/li>\n<li class=\"AnswerParser_ListItem__XqLOV\" translate=\"yes\">Dostop do hotelske sobe<\/li>\n<li class=\"AnswerParser_ListItem__XqLOV\" translate=\"yes\">Vstop v vozilo brez klju\u010da<\/li>\n<li class=\"AnswerParser_ListItem__XqLOV\" translate=\"yes\">Spremljanje delovnega \u010dasa<\/li>\n<li class=\"AnswerParser_ListItem__XqLOV\" translate=\"yes\">Pla\u010dilni sistemi<\/li>\n<li class=\"AnswerParser_ListItem__XqLOV\" translate=\"yes\">Upravljanje \u010dlanstva v klubu\/SPA<\/li>\n<li class=\"AnswerParser_ListItem__XqLOV\" translate=\"yes\">Kontrola dostopa do parkiri\u0161\u010da<\/li>\n<\/ul>\n<h2 class=\"AnswerParser_AnswerParserH2__SIHnF\">Dizajn in vzdr\u017eljivost<\/h2>\n<p><span class=\"AnswerParser_TextContainer__z_Iiv\" data-testid=\"youchat-text\">Na\u0161i obeski za klju\u010de so zasnovani za dolgo \u017eivljenjsko dobo:<\/span><\/p>\n<ul class=\"AnswerParser_AnswerParserUnorderedList__P_1FW\">\n<li class=\"AnswerParser_ListItem__XqLOV\" translate=\"yes\">ABS ohi\u0161je odporno na udarce<\/li>\n<li class=\"AnswerParser_ListItem__XqLOV\" translate=\"yes\">Izbira vrhunskega usnja<\/li>\n<li class=\"AnswerParser_ListItem__XqLOV\" translate=\"yes\">Oja\u010dan nastavek za obesek za klju\u010de<\/li>\n<li class=\"AnswerParser_ListItem__XqLOV\" translate=\"yes\">Konstrukcija, odporna na vremenske vplive<\/li>\n<li class=\"AnswerParser_ListItem__XqLOV\" translate=\"yes\">Na voljo v ve\u010d barvah<\/li>\n<\/ul>\n<h2 class=\"AnswerParser_AnswerParserH2__SIHnF\">Tabela tehni\u010dnih specifikacij<\/h2>\n<div class=\"AnswerParser_TableContainer__Erb6v\" data-testid=\"table-container\">\n<table>\n<thead>\n<tr>\n<th style=\"text-align: left;\">Funkcija<\/th>\n<th style=\"text-align: left;\">Specifikacija<\/th>\n<\/tr>\n<\/thead>\n<tbody>\n<tr>\n<td>Mo\u017enosti frekvence<\/td>\n<td>13,56 MHz<\/td>\n<\/tr>\n<tr>\n<td>Preberi obseg<\/td>\n<td>Do 5 cm<\/td>\n<\/tr>\n<tr>\n<td>Spomin<\/td>\n<td>1K (Mifare S50)<\/td>\n<\/tr>\n<tr>\n<td>Material<\/td>\n<td>ABS ali usnje<\/td>\n<\/tr>\n<tr>\n<td>Velikost<\/td>\n<td>40 mm x 30 mm x 6 mm<\/td>\n<\/tr>\n<tr>\n<td>Delovna temperatura<\/td>\n<td>-20\u00b0C do +70\u00b0C<\/td>\n<\/tr>\n<\/tbody>\n<\/table>\n<\/div>\n<h2 class=\"AnswerParser_AnswerParserH2__SIHnF\">Mo\u017enosti prilagajanja<\/h2>\n<p><span class=\"AnswerParser_TextContainer__z_Iiv\" data-testid=\"youchat-text\">Nudimo obse\u017eno prilagajanje:<\/span><\/p>\n<ul class=\"AnswerParser_AnswerParserUnorderedList__P_1FW\">\n<li class=\"AnswerParser_ListItem__XqLOV\" translate=\"yes\">Tisk logotipa<\/li>\n<li class=\"AnswerParser_ListItem__XqLOV\" translate=\"yes\">Barve po meri<\/li>\n<li class=\"AnswerParser_ListItem__XqLOV\" translate=\"yes\">Kodiranje serijske \u0161tevilke<\/li>\n<li class=\"AnswerParser_ListItem__XqLOV\" translate=\"yes\">Posebna embala\u017ea<\/li>\n<li class=\"AnswerParser_ListItem__XqLOV\" translate=\"yes\">Na voljo velike koli\u010dine<\/li>\n<\/ul>\n<h3 class=\"AnswerParser_AnswerParserH3__Mpe4s\">Klju\u010dne prednosti:<\/h3>\n<ol class=\"AnswerParser_AnswerParserOrderedList__kl_2Y\">\n<li class=\"AnswerParser_ListItem__XqLOV\" translate=\"yes\"><strong>Udobje<\/strong>: Enostaven za prena\u0161anje in uporabo<\/li>\n<li class=\"AnswerParser_ListItem__XqLOV\" translate=\"yes\"><strong>Vzdr\u017eljivost<\/strong>: Ustvarjen za dolgotrajno delovanje<\/li>\n<li class=\"AnswerParser_ListItem__XqLOV\" translate=\"yes\"><strong>Vsestranskost<\/strong>: Ve\u010d aplikacij<\/li>\n<li class=\"AnswerParser_ListItem__XqLOV\" translate=\"yes\"><strong>Varnost<\/strong>: Napredno \u0161ifriranje<\/li>\n<li class=\"AnswerParser_ListItem__XqLOV\" translate=\"yes\"><strong>Prilagajanje<\/strong>: Prilagodljive mo\u017enosti<\/li>\n<\/ol>\n<blockquote><p><span class=\"AnswerParser_TextContainer__z_Iiv\" data-testid=\"youchat-text\">&quot;Na\u0161i obeski za klju\u010de RFID zagotavljajo popolno ravnovesje med varnostjo in udobjem za sodobne potrebe nadzora dostopa.&quot;<\/span><\/p><\/blockquote>\n<h2 class=\"AnswerParser_AnswerParserH2__SIHnF\">Namestitev in nastavitev<\/h2>\n<p><span class=\"AnswerParser_TextContainer__z_Iiv\" data-testid=\"youchat-text\">Preprost postopek izvedbe:<\/span><\/p>\n<ol class=\"AnswerParser_AnswerParserOrderedList__kl_2Y\">\n<li class=\"AnswerParser_ListItem__XqLOV\" translate=\"yes\">Izberite vrsto frekvence<\/li>\n<li class=\"AnswerParser_ListItem__XqLOV\" translate=\"yes\">Edinstveni identifikatorji programa<\/li>\n<li class=\"AnswerParser_ListItem__XqLOV\" translate=\"yes\">Registrirajte se v sistem za nadzor dostopa<\/li>\n<li class=\"AnswerParser_ListItem__XqLOV\" translate=\"yes\">Preizkusite funkcionalnost<\/li>\n<li class=\"AnswerParser_ListItem__XqLOV\" translate=\"yes\">Razmesti uporabnikom<\/li>\n<\/ol>\n<h2 class=\"AnswerParser_AnswerParserH2__SIHnF\">Informacije o naro\u010danju<\/h2>\n<ul class=\"AnswerParser_AnswerParserUnorderedList__P_1FW\">\n<li class=\"AnswerParser_ListItem__XqLOV\" translate=\"yes\">Minimalno naro\u010dilo: 200 kosov<\/li>\n<li class=\"AnswerParser_ListItem__XqLOV\" translate=\"yes\">Mo\u017enost mno\u017ei\u010dnih popustov<\/li>\n<li class=\"AnswerParser_ListItem__XqLOV\" translate=\"yes\">Vzor\u010dna naro\u010dila dobrodo\u0161la<\/li>\n<li class=\"AnswerParser_ListItem__XqLOV\" translate=\"yes\">Hitri dobavni roki<\/li>\n<li class=\"AnswerParser_ListItem__XqLOV\" translate=\"yes\">Vklju\u010dena tehni\u010dna podpora<\/li>\n<\/ul>\n<p><span class=\"AnswerParser_TextContainer__z_Iiv\" data-testid=\"youchat-text\">Pi\u0161ite nam \u0161e danes za ceno in pogovor o tem, kako lahko na\u0161i obeski za klju\u010de RFID izbolj\u0161ajo va\u0161 sistem za nadzor dostopa. Re\u0161itve po meri in koli\u010dinske cene so na voljo na zahtevo.<\/span><\/p>","protected":false},"excerpt":{"rendered":"<p>RFID obeski za klju\u010de Mifare S50 1K , na\u0161 <strong>RFID obeski za klju\u010de<\/strong> ponujajo dvofrekven\u010dne mo\u017enosti (13,56MHz\/125KHz), trpe\u017eno zasnovo, UID, ki ga je mogo\u010de programirati, in napredne varnostne funkcije, kot sta prepre\u010devanje kloniranja in \u0161ifrirana komunikacija.<\/p>","protected":false},"featured_media":2844,"template":"","meta":{"_kad_post_transparent":"default","_kad_post_title":"","_kad_post_layout":"default","_kad_post_sidebar_id":"","_kad_post_content_style":"default","_kad_post_vertical_padding":"default","_kad_post_feature":"","_kad_post_feature_position":"","_kad_post_header":false,"_kad_post_footer":false,"_kad_post_classname":""},"product_brand":[],"product_cat":[54],"product_tag":[347,346,344,345,343],"class_list":{"0":"post-2843","1":"product","2":"type-product","3":"status-publish","4":"has-post-thumbnail","6":"product_cat-hot-selling-rfid-tags","7":"product_tag-mifare-key-fobs","8":"product_tag-nfc-key-tag","9":"product_tag-nfc-keychain","10":"product_tag-rfid-fob","11":"product_tag-rfid-keyfobs","13":"first","14":"instock","15":"shipping-taxable","16":"product-type-simple","17":"entry","18":"content-bg","19":"loop-entry"},"_links":{"self":[{"href":"https:\/\/rfid-laundry-tag.com\/sl\/wp-json\/wp\/v2\/product\/2843","targetHints":{"allow":["GET"]}}],"collection":[{"href":"https:\/\/rfid-laundry-tag.com\/sl\/wp-json\/wp\/v2\/product"}],"about":[{"href":"https:\/\/rfid-laundry-tag.com\/sl\/wp-json\/wp\/v2\/types\/product"}],"version-history":[{"count":2,"href":"https:\/\/rfid-laundry-tag.com\/sl\/wp-json\/wp\/v2\/product\/2843\/revisions"}],"predecessor-version":[{"id":2849,"href":"https:\/\/rfid-laundry-tag.com\/sl\/wp-json\/wp\/v2\/product\/2843\/revisions\/2849"}],"wp:featuredmedia":[{"embeddable":true,"href":"https:\/\/rfid-laundry-tag.com\/sl\/wp-json\/wp\/v2\/media\/2844"}],"wp:attachment":[{"href":"https:\/\/rfid-laundry-tag.com\/sl\/wp-json\/wp\/v2\/media?parent=2843"}],"wp:term":[{"taxonomy":"product_brand","embeddable":true,"href":"https:\/\/rfid-laundry-tag.com\/sl\/wp-json\/wp\/v2\/product_brand?post=2843"},{"taxonomy":"product_cat","embeddable":true,"href":"https:\/\/rfid-laundry-tag.com\/sl\/wp-json\/wp\/v2\/product_cat?post=2843"},{"taxonomy":"product_tag","embeddable":true,"href":"https:\/\/rfid-laundry-tag.com\/sl\/wp-json\/wp\/v2\/product_tag?post=2843"}],"curies":[{"name":"delovni list","href":"https:\/\/api.w.org\/{rel}","templated":true}]}}