{"id":2830,"date":"2024-11-04T15:27:11","date_gmt":"2024-11-04T15:27:11","guid":{"rendered":"https:\/\/rfid-laundry-tag.com\/?post_type=product&#038;p=2830"},"modified":"2024-11-04T15:36:34","modified_gmt":"2024-11-04T15:36:34","slug":"washable-laundry-rfid-tags-manufacturer","status":"publish","type":"product","link":"https:\/\/rfid-laundry-tag.com\/sl\/washable-laundry-rfid-tags-manufacturer\/","title":{"rendered":"Proizvajalec oznak RFID za pranje perila"},"content":{"rendered":"<div>\n<div class=\"auto-hide-last-sibling-br paragraph_1252f paragraph-element\">\n<h1 class=\"AnswerParser_AnswerParserH1__6UNv6\">Proizvajalec oznak RFID za pranje perila<\/h1>\n<h1 class=\"AnswerParser_AnswerParserH1__6UNv6\">RFID oznake za pranje perila<\/h1>\n<table width=\"637\">\n<tbody>\n<tr>\n<td width=\"328\">Ime predmeta:<\/td>\n<td width=\"309\">RFID oznake za pranje perila<\/td>\n<\/tr>\n<tr>\n<td width=\"328\">Standard RFID:<\/td>\n<td width=\"309\">ISO\/IEC 18000-6 TypeC (EPC Gen2)<\/td>\n<\/tr>\n<tr>\n<td width=\"328\">Velikost in te\u017ea:<\/td>\n<td width=\"309\">70\u00d715 mm, 0,6g<\/td>\n<\/tr>\n<tr>\n<td width=\"328\">Vrsta \u010dipa:<\/td>\n<td width=\"309\">Impinj Monza 4QT,NXP U KODA 8\uff0cNXP U KODA 9<\/td>\n<\/tr>\n<tr>\n<td width=\"328\">Pomnilnik EPC:<\/td>\n<td width=\"309\">128 bitov<\/td>\n<\/tr>\n<tr>\n<td width=\"328\">Uporabni\u0161ki pomnilnik:<\/td>\n<td width=\"309\">512 bitov<\/td>\n<\/tr>\n<tr>\n<td width=\"328\">Razpon branja (2W ERP FCC):<\/td>\n<td width=\"309\">8m<\/td>\n<\/tr>\n<tr>\n<td width=\"328\">Razpon branja (2W ERP ETSI):<\/td>\n<td width=\"309\">8m<\/td>\n<\/tr>\n<tr>\n<td width=\"328\">Ozna\u010devanje:<\/td>\n<td width=\"309\">\u0160ivanje, lepilo za vro\u010de \u017eigosanje<\/td>\n<\/tr>\n<tr>\n<td width=\"328\">Predvidena \u017eivljenjska doba:<\/td>\n<td width=\"309\">200 ciklov pranja ali 3 leta, kar nastopi prej<\/td>\n<\/tr>\n<tr>\n<td width=\"328\">Metoda pranja:<\/td>\n<td width=\"309\">Pralnica, kemi\u010dna \u010distilnica<\/td>\n<\/tr>\n<tr>\n<td width=\"328\">Pritisk vode:<\/td>\n<td width=\"309\">60 barov<\/td>\n<\/tr>\n<tr>\n<td width=\"328\">Vodoodpornost:<\/td>\n<td width=\"309\">Vodoodporen<\/td>\n<\/tr>\n<tr>\n<td width=\"328\">Kemi\u010dna odpornost:<\/td>\n<td width=\"309\">Detergent, meh\u010dalec, belilo (kisik\/klor), alkalije<\/td>\n<\/tr>\n<tr>\n<td width=\"328\">Predhodno su\u0161enje v me\u0161alniku:<\/td>\n<td width=\"309\">125 \u00baC 15-20 minut<\/td>\n<\/tr>\n<tr>\n<td width=\"328\">Temperatura sterilizacije:<\/td>\n<td width=\"309\">135\u00b0C 15-20 minut<\/td>\n<\/tr>\n<tr>\n<td width=\"328\">Temperatura pranja:<\/td>\n<td width=\"309\">90\u00b0C, do 15 min.<\/td>\n<\/tr>\n<tr>\n<td width=\"328\">Vla\u017enost\/temperatura - delovanje:<\/td>\n<td width=\"309\">-20 do 110 \u00b0C, 8 do 95%RH<\/td>\n<\/tr>\n<tr>\n<td width=\"328\">Vla\u017enost\/temperatura-skladi\u0161\u010denje:<\/td>\n<td width=\"309\">-40 do 110 \u00b0C, 8 do 95%RH<\/td>\n<\/tr>\n<\/tbody>\n<\/table>\n<\/div>\n<div class=\"auto-hide-last-sibling-br paragraph_1252f paragraph-element\"><\/div>\n<\/div>\n<div class=\"auto-hide-last-sibling-br paragraph_1252f paragraph-element\">\n<div data-spm-anchor-id=\"a2700.details.0.i57.23b419c7xXORP0\"><span class=\"AnswerParser_TextContainer__z_Iiv\" data-testid=\"youchat-text\"><strong>RFID oznake za pranje perila<\/strong>\u00a0revolucionirajo na\u010din, kako te organizacije spremljajo in upravljajo svoje perilo, uniforme in druga obla\u010dila. Kot vodilni proizvajalec teh inovativnih oznak nudimo visokokakovostne, trajne in zanesljive re\u0161itve, ki pove\u010dujejo operativno u\u010dinkovitost in zmanj\u0161ujejo stro\u0161ke.<\/span><span class=\"AnswerParser_TextContainer__z_Iiv\" data-testid=\"youchat-text\">Na\u0161\u00a0<strong>nepremo\u010dljive pralne oznake za perilo RFID<\/strong> so zasnovani tako, da prenesejo te\u017eke procese industrijskega pranja perila in zagotavljajo, da va\u0161i sistemi za sledenje in upravljanje ostanejo u\u010dinkoviti tudi po ve\u010d ciklih pranja. Z \u017eivljenjsko dobo do 200 pranj ali treh let so te etikete pametna nalo\u017eba za vsako pranje perila.<\/span><\/div>\n<\/div>\n<div data-spm-anchor-id=\"a2700.details.0.i57.23b419c7xXORP0\"><\/div>\n<div class=\"auto-hide-last-sibling-br paragraph_1252f paragraph-element\">\n<h2 class=\"AnswerParser_AnswerParserH2__SIHnF\">Oris izdelka<\/h2>\n<h3 class=\"AnswerParser_AnswerParserH3__Mpe4s\">1. Kaj so oznake RFID za pralno perilo?<\/h3>\n<p><span class=\"AnswerParser_TextContainer__z_Iiv\" data-testid=\"youchat-text\">Oznake RFID za pralno perilo so specializirane oznake, namenjene sledenju tekstila v pralnicah. Uporabljajo tehnologijo RFID za prenos podatkov do bralnikov RFID, kar omogo\u010da avtomatizirano sledenje in upravljanje kosov perila. Te oznake so bistvenega pomena za industrije, ki zahtevajo natan\u010den nadzor zalog in u\u010dinkovito upravljanje obla\u010dil.<\/span><\/p>\n<h3 class=\"AnswerParser_AnswerParserH3__Mpe4s\">2. Klju\u010dne lastnosti na\u0161ih oznak RFID za pralno perilo<\/h3>\n<p><span class=\"AnswerParser_TextContainer__z_Iiv\" data-testid=\"youchat-text\">Na\u0161e oznake za perilo RFID imajo ve\u010d funkcij, zaradi katerih so idealne za razli\u010dne namene pranja perila. Izdelani so iz trpe\u017enih materialov, ki so odporni na visoke temperature in mo\u010dne kemikalije, kar zagotavlja dolgo \u017eivljenjsko dobo in zanesljivost. Oznake so zasnovane tudi za pri\u0161ivanje ali lepljenje na obla\u010dila, kar zagotavlja prilagodljivost pri njihovi uporabi.<\/span><\/p>\n<h3 class=\"AnswerParser_AnswerParserH3__Mpe4s\">3. Prednosti uporabe oznak RFID za pralno perilo<\/h3>\n<p><span class=\"AnswerParser_TextContainer__z_Iiv\" data-testid=\"youchat-text\">Uvedba RFID oznak za perilo v va\u0161e dejavnosti lahko privede do pomembnih koristi, vklju\u010dno z izbolj\u0161ano natan\u010dnostjo inventarja, zmanj\u0161animi stro\u0161ki dela in ve\u010djo varnostjo. Z avtomatizacijo postopka sledenja lahko podjetja poenostavijo svoje upravljanje pralnic in se osredoto\u010dijo na zagotavljanje bolj\u0161ih storitev svojim strankam.<\/span><\/p>\n<h3 class=\"AnswerParser_AnswerParserH3__Mpe4s\">4. Tehni\u010dne specifikacije<\/h3>\n<p><span class=\"AnswerParser_TextContainer__z_Iiv\" data-testid=\"youchat-text\">Na\u0161e vodoodporne pralne RFID oznake za perilo izpolnjujejo standard ISO\/IEC 18000-6 Type C (EPC Gen2). Tukaj je nekaj klju\u010dnih specifikacij:<\/span><\/p>\n<ul class=\"AnswerParser_AnswerParserUnorderedList__P_1FW\">\n<li class=\"AnswerParser_ListItem__XqLOV\" translate=\"yes\"><strong>Velikost in te\u017ea<\/strong>: 70\u00d715 mm, 0,6g<\/li>\n<li class=\"AnswerParser_ListItem__XqLOV\" translate=\"yes\"><strong>Vrsta \u010dipa<\/strong>: Impinj Monza 4QT, NXP U KODA 8, NXP U KODA 9<\/li>\n<li class=\"AnswerParser_ListItem__XqLOV\" translate=\"yes\"><strong>EPC pomnilnik<\/strong>: 128 bitov<\/li>\n<li class=\"AnswerParser_ListItem__XqLOV\" translate=\"yes\"><strong>Uporabni\u0161ki pomnilnik<\/strong>: 512 bitov<\/li>\n<li class=\"AnswerParser_ListItem__XqLOV\" translate=\"yes\"><strong>Preberi obseg<\/strong>: Do 8 metrov<\/li>\n<li class=\"AnswerParser_ListItem__XqLOV\" translate=\"yes\"><strong>Ocenjena \u017eivljenjska doba<\/strong>: 200 ciklov pranja ali 3 leta<\/li>\n<\/ul>\n<h3 class=\"AnswerParser_AnswerParserH3__Mpe4s\">5. Navodila za uporabo<\/h3>\n<p><span class=\"AnswerParser_TextContainer__z_Iiv\" data-testid=\"youchat-text\">Da zagotovite optimalno delovanje oznak RFID za pralno perilo, upo\u0161tevajte ta navodila za uporabo:<\/span><\/p>\n<ul class=\"AnswerParser_AnswerParserUnorderedList__P_1FW\">\n<li class=\"AnswerParser_ListItem__XqLOV\" translate=\"yes\"><strong>Ozna\u010devanje<\/strong>: Oznake lahko v\u0161ijete v obla\u010dila ali pritrdite z lepilom za vro\u010de \u017eigosanje.<\/li>\n<li class=\"AnswerParser_ListItem__XqLOV\" translate=\"yes\"><strong>Pranje<\/strong>: Primerno za postopke pranja in kemi\u010dnega \u010di\u0161\u010denja.<\/li>\n<li class=\"AnswerParser_ListItem__XqLOV\" translate=\"yes\"><strong>Vodoodpornost<\/strong>: Zasnovan tako, da vzdr\u017ei pritiske odsesavanja vode do 60 barov.<\/li>\n<\/ul>\n<h3 class=\"AnswerParser_AnswerParserH3__Mpe4s\">6. Vpliv na okolje<\/h3>\n<p><span class=\"AnswerParser_TextContainer__z_Iiv\" data-testid=\"youchat-text\">Na\u0161e RFID oznake za perilo so zasnovane z mislijo na trajnost. Narejeni so iz materialov, ki so odporni na obi\u010dajne kemikalije za pranje perila, kar zmanj\u0161uje potrebo po pogostih menjavah. To ne le zmanj\u0161a koli\u010dino odpadkov, ampak tudi prispeva k bolj trajnostnemu delovanju pralnice.<\/span><\/p>\n<h3 class=\"AnswerParser_AnswerParserH3__Mpe4s\">7. Mnenja strank<\/h3>\n<p><span class=\"AnswerParser_TextContainer__z_Iiv\" data-testid=\"youchat-text\">Na\u0161e stranke nenehno hvalijo na\u0161e pralne oznake za perilo RFID zaradi njihove vzdr\u017eljivosti in u\u010dinkovitosti. Mnogi so poro\u010dali o pomembnih izbolj\u0161avah v svojih procesih upravljanja s perilom, pri \u010demer so navedli zmanj\u0161ane izgube in ve\u010djo u\u010dinkovitost. Ena od na\u0161ih strank je povedala:<\/span><\/p>\n<blockquote><p><span class=\"AnswerParser_TextContainer__z_Iiv\" data-testid=\"youchat-text\">\u00bbOdkar smo za\u010deli uporabljati te oznake RFID, se je natan\u010dnost na\u0161ega inventarja dramati\u010dno izbolj\u0161ala. Zdaj lahko z lahkoto sledimo vsakemu obla\u010dilu!\u00ab<\/span><\/p><\/blockquote>\n<h3 class=\"AnswerParser_AnswerParserH3__Mpe4s\">8. Pogosta vpra\u0161anja<\/h3>\n<p><span class=\"AnswerParser_TextContainer__z_Iiv\" data-testid=\"youchat-text\"><strong>V: Kako dolgo trajajo oznake za perilo RFID?<\/strong><br \/>\nO: Na\u0161e oznake so zasnovane tako, da zdr\u017eijo do 200 ciklov pranja ali tri leta, kar nastopi prej.<\/span><\/p>\n<p><span class=\"AnswerParser_TextContainer__z_Iiv\" data-testid=\"youchat-text\"><strong>V: Ali lahko te oznake prenesejo visoke temperature?<\/strong><br \/>\nO: Da, na\u0161e oznake za perilo RFID lahko prenesejo visoke temperature med pranjem in su\u0161enjem.<\/span><\/p>\n<p><span class=\"AnswerParser_TextContainer__z_Iiv\" data-testid=\"youchat-text\"><strong>V: Kako naro\u010dim te oznake?<\/strong><br \/>\nO: Prosimo, izpolnite spodnji obrazec za povpra\u0161evanje in nam sporo\u010dite, kak\u0161no vrsto bralnika RFID ali nastavitev antene potrebujete.<\/span><\/p>\n<h3 class=\"AnswerParser_AnswerParserH3__Mpe4s\">9. Sorodni izdelki<\/h3>\n<p><span class=\"AnswerParser_TextContainer__z_Iiv\" data-testid=\"youchat-text\">Poleg na\u0161ih pralnih RFID oznak za perilo ponujamo vrsto sorodnih izdelkov, vklju\u010dno z RFID \u010ditalniki in antenami, ki dopolnjujejo va\u0161 sistem za upravljanje perila. Na\u0161e re\u0161itve so zasnovane tako, da brezhibno delujejo skupaj in vam zagotavljajo celovit sistem sledenja in upravljanja.<\/span><\/p>\n<h3 class=\"AnswerParser_AnswerParserH3__Mpe4s\">10. Kontaktirajte nas<\/h3>\n<p><span class=\"AnswerParser_TextContainer__z_Iiv\" data-testid=\"youchat-text\">Za ve\u010d informacij o na\u0161ih oznakah RFID za pralno perilo ali za razpravo o va\u0161ih posebnih potrebah vas prosimo\u00a0<strong>kontaktirajte nas<\/strong>. Na\u0161a ekipa vam je pripravljena pomagati pri iskanju najbolj\u0161ih re\u0161itev za va\u0161e pralnice.<\/span><\/p>\n<hr \/>\n<p><span class=\"AnswerParser_TextContainer__z_Iiv\" data-testid=\"youchat-text\">Z izbiro na\u0161ega\u00a0<strong>RFID oznake za pranje perila<\/strong>, vlagate v re\u0161itev, ki ne samo izbolj\u0161a va\u0161o operativno u\u010dinkovitost, temve\u010d tudi prispeva k bolj trajnostni prihodnosti. Z na\u0161o zavezanostjo kakovosti in zadovoljstvu strank nam lahko zaupate, da bomo zagotovili najbolj\u0161e re\u0161itve RFID za va\u0161e potrebe po upravljanju perila. Ne oklevajte in se obrnite na nas in odkrijte, kako lahko na\u0161i izdelki spremenijo va\u0161e pralnice \u017ee danes!<\/span><\/p>\n<p>&nbsp;<\/p>\n<\/div>\n<div class=\"auto-hide-last-sibling-br paragraph_1252f paragraph-element\"><\/div>","protected":false},"excerpt":{"rendered":"<p>Odkrijte na\u0161e <strong>Pralne oznake za perilo RFID<\/strong>! Popoln za sledenje perila in uniform, vzdr\u017eljiv, nepremo\u010dljiv in zasnovan za brezhibno upravljanje perila.<\/p>","protected":false},"featured_media":2825,"template":"","meta":{"_kad_post_transparent":"default","_kad_post_title":"","_kad_post_layout":"default","_kad_post_sidebar_id":"","_kad_post_content_style":"default","_kad_post_vertical_padding":"default","_kad_post_feature":"","_kad_post_feature_position":"","_kad_post_header":false,"_kad_post_footer":false,"_kad_post_classname":""},"product_brand":[],"product_cat":[16],"product_tag":[340,31,65,30,341],"class_list":{"0":"post-2830","1":"product","2":"type-product","3":"status-publish","4":"has-post-thumbnail","6":"product_cat-uhf-rfid-laundry-tags","7":"product_tag-rfid-chips","8":"product_tag-rfid-tag-for-linen-laundry","9":"product_tag-textile-rfid-laundry-tags","10":"product_tag-uhf-rfid-laundry-tag","11":"product_tag-washable-laundry-rfid-tags-manufacturer","13":"first","14":"instock","15":"featured","16":"shipping-taxable","17":"product-type-simple","18":"entry","19":"content-bg","20":"loop-entry"},"_links":{"self":[{"href":"https:\/\/rfid-laundry-tag.com\/sl\/wp-json\/wp\/v2\/product\/2830","targetHints":{"allow":["GET"]}}],"collection":[{"href":"https:\/\/rfid-laundry-tag.com\/sl\/wp-json\/wp\/v2\/product"}],"about":[{"href":"https:\/\/rfid-laundry-tag.com\/sl\/wp-json\/wp\/v2\/types\/product"}],"version-history":[{"count":2,"href":"https:\/\/rfid-laundry-tag.com\/sl\/wp-json\/wp\/v2\/product\/2830\/revisions"}],"predecessor-version":[{"id":2832,"href":"https:\/\/rfid-laundry-tag.com\/sl\/wp-json\/wp\/v2\/product\/2830\/revisions\/2832"}],"wp:featuredmedia":[{"embeddable":true,"href":"https:\/\/rfid-laundry-tag.com\/sl\/wp-json\/wp\/v2\/media\/2825"}],"wp:attachment":[{"href":"https:\/\/rfid-laundry-tag.com\/sl\/wp-json\/wp\/v2\/media?parent=2830"}],"wp:term":[{"taxonomy":"product_brand","embeddable":true,"href":"https:\/\/rfid-laundry-tag.com\/sl\/wp-json\/wp\/v2\/product_brand?post=2830"},{"taxonomy":"product_cat","embeddable":true,"href":"https:\/\/rfid-laundry-tag.com\/sl\/wp-json\/wp\/v2\/product_cat?post=2830"},{"taxonomy":"product_tag","embeddable":true,"href":"https:\/\/rfid-laundry-tag.com\/sl\/wp-json\/wp\/v2\/product_tag?post=2830"}],"curies":[{"name":"delovni list","href":"https:\/\/api.w.org\/{rel}","templated":true}]}}