{"id":283,"date":"2024-06-26T10:23:21","date_gmt":"2024-06-26T10:23:21","guid":{"rendered":"https:\/\/rfid-laundry-tag.com\/?post_type=product&#038;p=283"},"modified":"2024-07-16T16:23:55","modified_gmt":"2024-07-16T16:23:55","slug":"uhf-rfid-inlay","status":"publish","type":"product","link":"https:\/\/rfid-laundry-tag.com\/sl\/uhf-rfid-inlay\/","title":{"rendered":"UHF RFID vlo\u017eek"},"content":{"rendered":"<div class=\"J_module\">\n<div class=\"ife-detail-decorate-table\">\n<table class=\"has-title is-zebra all magic-13\">\n<tbody>\n<tr>\n<td colspan=\"2\" rowspan=\"1\">\n<div class=\"magic-23\">\n<div class=\"magic-15\" data-spm-anchor-id=\"a2700.pc-decorate.0.i151.408c3333ouNNMP\"><span class=\"magic-24\" style=\"color: #2196ed;\"><b class=\"magic-25\" data-spm-anchor-id=\"a2700.pc-decorate.0.i28.5f51333385WVJq\">Mehanske specifikacije<\/b><\/span><\/div>\n<\/div>\n<\/td>\n<\/tr>\n<tr>\n<td colspan=\"1\" rowspan=\"1\">\n<div class=\"magic-28\">Osnovni material<\/div>\n<\/td>\n<td colspan=\"1\" rowspan=\"1\">\n<div class=\"magic-29\">PET<\/div>\n<\/td>\n<\/tr>\n<tr>\n<td colspan=\"1\" rowspan=\"1\">\n<div class=\"magic-28\">Material obloge<\/div>\n<\/td>\n<td colspan=\"1\" rowspan=\"1\">\n<div class=\"magic-29\">80g premazan papir<\/div>\n<\/td>\n<\/tr>\n<tr>\n<td colspan=\"1\" rowspan=\"1\">\n<div class=\"magic-28\">Spodnji material<\/div>\n<\/td>\n<td colspan=\"1\" rowspan=\"1\">\n<div class=\"magic-29\">Papir za sprostitev<\/div>\n<\/td>\n<\/tr>\n<tr>\n<td colspan=\"1\" rowspan=\"1\">\n<div class=\"magic-28\">Koli\u010dina<\/div>\n<\/td>\n<td colspan=\"1\" rowspan=\"1\">\n<div class=\"magic-29\">2500PCS\/Roll (Lahko prilagodite)<\/div>\n<\/td>\n<\/tr>\n<tr>\n<td colspan=\"1\" rowspan=\"1\">\n<div class=\"magic-28\">Notranji premer koluta<\/div>\n<\/td>\n<td colspan=\"1\" rowspan=\"1\">\n<div class=\"magic-29\">76,2 mm<\/div>\n<\/td>\n<\/tr>\n<tr>\n<td colspan=\"1\" rowspan=\"1\">\n<div class=\"magic-28\">Dimenzije oznake<\/div>\n<\/td>\n<td colspan=\"1\" rowspan=\"1\">\n<div class=\"magic-29\">98 * 15 mm<\/div>\n<\/td>\n<\/tr>\n<tr>\n<td colspan=\"1\" rowspan=\"1\">\n<div class=\"magic-28\">Dimenzije antene<\/div>\n<\/td>\n<td colspan=\"1\" rowspan=\"1\">\n<div class=\"magic-29\">95 * 8 mm<\/div>\n<\/td>\n<\/tr>\n<tr>\n<td colspan=\"2\" rowspan=\"1\">\n<div class=\"magic-23\">\n<div class=\"magic-15\" data-spm-anchor-id=\"a2700.pc-decorate.0.i158.408c3333ouNNMP\"><span class=\"magic-24\" style=\"color: #2196ed;\"><b data-spm-anchor-id=\"a2700.pc-decorate.0.i11.562b3333nh3oh1\">Elektri\u010dna specifikacija<\/b><\/span><\/div>\n<\/div>\n<\/td>\n<\/tr>\n<tr>\n<td colspan=\"1\" rowspan=\"1\">\n<div class=\"magic-28\">Protokol zra\u010dnega vmesnika<\/div>\n<\/td>\n<td colspan=\"1\" rowspan=\"1\">\n<div class=\"magic-29\">EPC Global Class1 Gen2 ISO18000-6C<\/div>\n<\/td>\n<\/tr>\n<tr>\n<td colspan=\"1\" rowspan=\"1\">\n<div class=\"magic-28\">Pogostost<\/div>\n<\/td>\n<td colspan=\"1\" rowspan=\"1\">\n<div class=\"magic-29\">Globalno 860-960MHz<\/div>\n<\/td>\n<\/tr>\n<tr>\n<td colspan=\"1\" rowspan=\"1\">\n<div class=\"magic-28\">Vrsta IC<\/div>\n<\/td>\n<td colspan=\"1\" rowspan=\"1\">\n<div class=\"magic-29\">Serija NXP UCODE (preverite parametre \u010dipa)<\/div>\n<\/td>\n<\/tr>\n<tr>\n<td colspan=\"1\" rowspan=\"1\">\n<div class=\"magic-28\">lC \u017eivljenje<\/div>\n<\/td>\n<td colspan=\"1\" rowspan=\"1\">\n<div class=\"magic-29\">100.000-krat<\/div>\n<\/td>\n<\/tr>\n<tr>\n<td colspan=\"1\" rowspan=\"1\">\n<div class=\"magic-28\">Hramba podatkov<\/div>\n<\/td>\n<td colspan=\"1\" rowspan=\"1\">\n<div class=\"magic-29\">10 let<\/div>\n<\/td>\n<\/tr>\n<tr>\n<td colspan=\"1\" rowspan=\"1\">\n<div class=\"magic-28\">Aplikacijska povr\u0161ina<\/div>\n<\/td>\n<td colspan=\"1\" rowspan=\"1\">\n<div class=\"magic-29\">Nekovinska povr\u0161ina<\/div>\n<\/td>\n<\/tr>\n<tr>\n<td colspan=\"1\" rowspan=\"1\">\n<div class=\"magic-28\">Bralno obmo\u010dje<\/div>\n<\/td>\n<td colspan=\"1\" rowspan=\"1\">\n<div class=\"magic-29\">Pribli\u017eno 12 m (ameri\u0161ki standard, ro\u010dni 1 W)<\/div>\n<\/td>\n<\/tr>\n<tr>\n<td colspan=\"2\" rowspan=\"1\">\n<div class=\"magic-23\">\n<div class=\"magic-15\" data-spm-anchor-id=\"a2700.pc-decorate.0.i165.408c3333ouNNMP\"><span class=\"magic-24\" style=\"color: #2196ed;\"><b data-spm-anchor-id=\"a2700.pc-decorate.0.i24.42813333eBT2Nf\">Odpornost na okolje<\/b><\/span><\/div>\n<\/div>\n<\/td>\n<\/tr>\n<tr>\n<td colspan=\"1\" rowspan=\"1\">\n<div class=\"magic-28\">Delovna temperatura<\/div>\n<\/td>\n<td colspan=\"1\" rowspan=\"1\">\n<div class=\"magic-29\">-20\u2103~80\u2103<\/div>\n<\/td>\n<\/tr>\n<tr>\n<td colspan=\"1\" rowspan=\"1\">\n<div class=\"magic-28\">Temperatura shranjevanja<\/div>\n<\/td>\n<td colspan=\"1\" rowspan=\"1\">\n<div class=\"magic-29\">-20\u00b0C~100\u00b0C<\/div>\n<\/td>\n<\/tr>\n<tr>\n<td colspan=\"1\" rowspan=\"1\">\n<div class=\"magic-28\">Vla\u017enost pri shranjevanju<\/div>\n<\/td>\n<td colspan=\"1\" rowspan=\"1\">\n<div class=\"magic-29\">20~90 % Relativna vla\u017enost<\/div>\n<\/td>\n<\/tr>\n<tr>\n<td colspan=\"1\" rowspan=\"1\">\n<div class=\"magic-28\">Rok trajanja<\/div>\n<\/td>\n<td colspan=\"1\" rowspan=\"1\">\n<div class=\"magic-29\">20 \u00b0C\uff5e30 \u00b0C, 40\uff5e60% sorazmerna vla\u017enost, ve\u010d kot 2 leti;<\/div>\n<\/td>\n<\/tr>\n<\/tbody>\n<\/table>\n<\/div>\n<\/div>\n<div class=\"J_module\">\n<div class=\"ife-detail-decorate-table\">\n<table class=\"has-title is-zebra all magic-13\">\n<tbody>\n<tr>\n<td colspan=\"5\" rowspan=\"1\">\n<div class=\"magic-23\">\n<div class=\"magic-15\" data-spm-anchor-id=\"a2700.pc-decorate.0.i50.42813333eBT2Nf\"><b><span class=\"magic-24\" style=\"color: #2196ed;\">Parameter \u010dipa:\u00a0<\/span><span class=\"magic-24\" style=\"color: #2196ed;\">NXP UCODE<\/span><span class=\"magic-8\" style=\"color: #2196ed;\"><span class=\"magic-24\" data-spm-anchor-id=\"a2700.pc-decorate.0.i51.27d333338zw2ok\">Serija Chip<\/span><\/span><\/b><\/div>\n<\/div>\n<\/td>\n<\/tr>\n<tr>\n<td colspan=\"1\" rowspan=\"1\">\n<div class=\"magic-34\">\n<div class=\"magic-15\">Parameter \u010dipa<\/div>\n<\/div>\n<\/td>\n<td colspan=\"1\" rowspan=\"1\">\n<div class=\"magic-30\">\n<div class=\"magic-15\" data-spm-anchor-id=\"a2700.pc-decorate.0.i11.4fe73333sMMc4J\">UCODE8<\/div>\n<\/div>\n<\/td>\n<td colspan=\"1\" rowspan=\"1\">\n<div class=\"magic-31\">\n<div class=\"magic-15\" data-spm-anchor-id=\"a2700.pc-decorate.0.i12.4fe73333sMMc4J\">UCODE 9<\/div>\n<\/div>\n<\/td>\n<td colspan=\"1\" rowspan=\"1\">\n<div class=\"magic-32\">\n<div class=\"magic-15\" data-spm-anchor-id=\"0.0.0.i9.20624f05xIYcLw\">UCODE 9xe<\/div>\n<\/div>\n<\/td>\n<td colspan=\"1\" rowspan=\"1\">\n<div class=\"magic-32\">\n<div class=\"magic-15\" data-spm-anchor-id=\"0.0.0.i11.20624f05xIYcLw\">UCODE 9xm<\/div>\n<\/div>\n<\/td>\n<\/tr>\n<tr>\n<td colspan=\"1\" rowspan=\"1\">\n<div class=\"magic-34\">\n<div class=\"magic-15\">EPC<\/div>\n<\/div>\n<\/td>\n<td colspan=\"1\" rowspan=\"1\">\n<div class=\"magic-30\">\n<div class=\"magic-15\">128 bitov<\/div>\n<\/div>\n<\/td>\n<td colspan=\"1\" rowspan=\"1\">\n<div class=\"magic-31\">\n<div class=\"magic-15\">96 bitov<\/div>\n<\/div>\n<\/td>\n<td colspan=\"1\" rowspan=\"1\">\n<div class=\"magic-32\">\n<div class=\"magic-15\">128 bitov<\/div>\n<\/div>\n<\/td>\n<td colspan=\"1\" rowspan=\"1\">\n<div class=\"magic-32\">\n<div class=\"magic-15\" data-spm-anchor-id=\"a2700.pc-decorate.0.i22.4fe73333sMMc4J\">Najve\u010d 496 bitov<\/div>\n<\/div>\n<\/td>\n<\/tr>\n<tr>\n<td colspan=\"1\" rowspan=\"1\">\n<div class=\"magic-34\">\n<div class=\"magic-15\">TID<\/div>\n<\/div>\n<\/td>\n<td colspan=\"1\" rowspan=\"1\">\n<div class=\"magic-30\">\n<div class=\"magic-15\">96 bitov<\/div>\n<\/div>\n<\/td>\n<td colspan=\"1\" rowspan=\"1\">\n<div class=\"magic-31\">\n<div class=\"magic-15\">96 bitov<\/div>\n<\/div>\n<\/td>\n<td colspan=\"1\" rowspan=\"1\">\n<div class=\"magic-32\">\n<div class=\"magic-15\">96 bitov<\/div>\n<\/div>\n<\/td>\n<td colspan=\"1\" rowspan=\"1\">\n<div class=\"magic-32\">\n<div class=\"magic-15\">96 bitov<\/div>\n<\/div>\n<\/td>\n<\/tr>\n<tr>\n<td colspan=\"1\" rowspan=\"1\">\n<div class=\"magic-34\">\n<div class=\"magic-15\">Uporabni\u0161ko obmo\u010dje<\/div>\n<\/div>\n<\/td>\n<td colspan=\"1\" rowspan=\"1\">\n<div class=\"magic-30\">\n<div class=\"magic-15\">0<\/div>\n<\/div>\n<\/td>\n<td colspan=\"1\" rowspan=\"1\">\n<div class=\"magic-31\">\n<div class=\"magic-15\" data-spm-anchor-id=\"a2700.pc-decorate.0.i18.4fe73333sMMc4J\">0<\/div>\n<\/div>\n<\/td>\n<td colspan=\"1\" rowspan=\"1\">\n<div class=\"magic-32\">\n<div class=\"magic-15\" data-spm-anchor-id=\"a2700.pc-decorate.0.i20.4fe73333sMMc4J\">0<\/div>\n<\/div>\n<\/td>\n<td colspan=\"1\" rowspan=\"1\">\n<div class=\"magic-32\">\n<div class=\"magic-15\" data-spm-anchor-id=\"a2700.pc-decorate.0.i21.4fe73333sMMc4J\">Najve\u010d 752 bitov<\/div>\n<\/div>\n<\/td>\n<\/tr>\n<\/tbody>\n<\/table>\n<\/div>\n<div><\/div>\n<div class=\"auto-hide-last-sibling-br paragraph_9dc5f paragraph-element\">Oznake z mokrimi vlo\u017eki UHF RFID so vsestransko orodje z aplikacijami v \u0161tevilnih sektorjih, vklju\u010dno z:<\/div>\n<ol class=\"auto-hide-last-sibling-br\">\n<li>\n<div class=\"auto-hide-last-sibling-br paragraph_9dc5f paragraph-element\">Sistemi za upravljanje zalog: ti vlo\u017eki, vdelani v nalepke iz PET ali termi\u010dnega papirja, lahko ozna\u010dijo sredstva za zagotavljanje sledenja in upravljanja v realnem \u010dasu.<\/div>\n<\/li>\n<li>\n<div class=\"auto-hide-last-sibling-br paragraph_9dc5f paragraph-element\">Upravljanje dobavne verige: S skenerji RFID te oznake, pritrjene na sredstva, zagotavljajo sledenje blaga v celotni dobavni verigi v realnem \u010dasu, od proizvodnje do distribucije do maloprodaje, s \u010dimer se pove\u010da preglednost in operativna u\u010dinkovitost.<\/div>\n<\/li>\n<li>\n<div class=\"auto-hide-last-sibling-br paragraph_9dc5f paragraph-element\">Sledenje sredstvi: primerni za panoge, kot so gradbeni\u0161tvo, proizvodnja in logistika, omogo\u010dajo sledenje sredstvi, kot so oprema, vozila in orodja, optimizirajo vire in zmanj\u0161ajo izgubo.<\/div>\n<\/li>\n<li>\n<div class=\"auto-hide-last-sibling-br paragraph_9dc5f paragraph-element\">Maloprodaja: te oznake, pritrjene na embala\u017eo, omogo\u010dajo \u010ditalcem RFID v skladi\u0161\u010dih takoj\u0161en zajem podatkov o vsakem artiklu. Integrirane s sistemom za upravljanje zalog lahko te oznake pomagajo izbolj\u0161ati to\u010dnost zalog, zmanj\u0161ajo razmere, ko ni na zalogi, in izbolj\u0161ajo nakupovalno izku\u0161njo za stranke.<\/div>\n<\/li>\n<li>\n<div class=\"auto-hide-last-sibling-br paragraph_9dc5f paragraph-element\">Nadzor dostopa: Te oznake so idealne za zagotavljanje varnega dostopa v zgradbah, na parkiri\u0161\u010dih, prireditvah in v razli\u010dnih nastavitvah ter prispevajo k u\u010dinkovitemu in varnemu sistemu upravljanja dostopa.<\/div>\n<\/li>\n<li>\n<div class=\"auto-hide-last-sibling-br paragraph_9dc5f paragraph-element\">Medicina in zdravstvena oskrba: Te oznake se pomembno uporabljajo tudi pri sledenju medicinske opreme, kartotek bolnikov in zdravil v bolni\u0161nicah in zdravstvenih ustanovah, kar vodi do izbolj\u0161ane oskrbe bolnikov in vrhunskega upravljanja bolni\u0161nic.<\/div>\n<\/li>\n<\/ol>\n<div class=\"auto-hide-last-sibling-br paragraph_9dc5f paragraph-element\">\u010ce povzamemo, mokri vlo\u017eki UHF RFID prina\u0161ajo izbolj\u0161ano operativno u\u010dinkovitost, natan\u010dnost in varnost v razli\u010dnih panogah in okoljih.<\/div>\n<\/div>","protected":false},"excerpt":{"rendered":"<div class=\"auto-hide-last-sibling-br paragraph_9dc5f paragraph-element\">UHF RFID vlo\u017eki so vrsta oznake RFID, ki deluje v ultravisokofrekven\u010dnem spektru. Obi\u010dajno so sestavljeni iz dveh delov:<\/div>\n<ol class=\"auto-hide-last-sibling-br\">\n<li>Integrirano vezje (znano tudi kot \u010dip), kjer so shranjeni podatki.<\/li>\n<li>Antena, ki se uporablja za prenos teh podatkov do bralnika RFID.<\/li>\n<\/ol>","protected":false},"featured_media":284,"template":"","meta":{"_kad_post_transparent":"default","_kad_post_title":"","_kad_post_layout":"default","_kad_post_sidebar_id":"","_kad_post_content_style":"default","_kad_post_vertical_padding":"default","_kad_post_feature":"","_kad_post_feature_position":"","_kad_post_header":false,"_kad_post_footer":false,"_kad_post_classname":""},"product_brand":[],"product_cat":[54,189],"product_tag":[108,109],"class_list":{"0":"post-283","1":"product","2":"type-product","3":"status-publish","4":"has-post-thumbnail","6":"product_cat-hot-selling-rfid-tags","7":"product_cat-rfid-inlay","8":"product_tag-rfid-inlay","9":"product_tag-uhf-rfid-inlay","11":"first","12":"instock","13":"shipping-taxable","14":"product-type-simple","15":"entry","16":"content-bg","17":"loop-entry"},"_links":{"self":[{"href":"https:\/\/rfid-laundry-tag.com\/sl\/wp-json\/wp\/v2\/product\/283","targetHints":{"allow":["GET"]}}],"collection":[{"href":"https:\/\/rfid-laundry-tag.com\/sl\/wp-json\/wp\/v2\/product"}],"about":[{"href":"https:\/\/rfid-laundry-tag.com\/sl\/wp-json\/wp\/v2\/types\/product"}],"version-history":[{"count":1,"href":"https:\/\/rfid-laundry-tag.com\/sl\/wp-json\/wp\/v2\/product\/283\/revisions"}],"predecessor-version":[{"id":720,"href":"https:\/\/rfid-laundry-tag.com\/sl\/wp-json\/wp\/v2\/product\/283\/revisions\/720"}],"wp:featuredmedia":[{"embeddable":true,"href":"https:\/\/rfid-laundry-tag.com\/sl\/wp-json\/wp\/v2\/media\/284"}],"wp:attachment":[{"href":"https:\/\/rfid-laundry-tag.com\/sl\/wp-json\/wp\/v2\/media?parent=283"}],"wp:term":[{"taxonomy":"product_brand","embeddable":true,"href":"https:\/\/rfid-laundry-tag.com\/sl\/wp-json\/wp\/v2\/product_brand?post=283"},{"taxonomy":"product_cat","embeddable":true,"href":"https:\/\/rfid-laundry-tag.com\/sl\/wp-json\/wp\/v2\/product_cat?post=283"},{"taxonomy":"product_tag","embeddable":true,"href":"https:\/\/rfid-laundry-tag.com\/sl\/wp-json\/wp\/v2\/product_tag?post=283"}],"curies":[{"name":"delovni list","href":"https:\/\/api.w.org\/{rel}","templated":true}]}}