{"id":2822,"date":"2024-11-04T14:49:24","date_gmt":"2024-11-04T14:49:24","guid":{"rendered":"https:\/\/rfid-laundry-tag.com\/?post_type=product&#038;p=2822"},"modified":"2024-11-04T15:12:28","modified_gmt":"2024-11-04T15:12:28","slug":"waterproof-washable-rfid-laundry-tag","status":"publish","type":"product","link":"https:\/\/rfid-laundry-tag.com\/sl\/waterproof-washable-rfid-laundry-tag\/","title":{"rendered":"Vodoodporna pralna oznaka za perilo RFID"},"content":{"rendered":"<div>\n<div class=\"auto-hide-last-sibling-br paragraph_1252f paragraph-element\">\n<h2>Vodoodporna pralna oznaka za perilo RFID<\/h2>\n<table width=\"637\">\n<tbody>\n<tr>\n<td width=\"328\">Ime predmeta:<\/td>\n<td width=\"309\">Vodoodporna pralna oznaka za perilo RFID<\/td>\n<\/tr>\n<tr>\n<td width=\"328\">Standard RFID:<\/td>\n<td width=\"309\">ISO\/IEC 18000-6 TypeC (EPC Gen2)<\/td>\n<\/tr>\n<tr>\n<td width=\"328\">Velikost in te\u017ea:<\/td>\n<td width=\"309\">70\u00d715 mm, 0,6g<\/td>\n<\/tr>\n<tr>\n<td width=\"328\">Vrsta \u010dipa:<\/td>\n<td width=\"309\">Impinj Monza 4QT,NXP U KODA 8\uff0cNXP U KODA 9<\/td>\n<\/tr>\n<tr>\n<td width=\"328\">Pomnilnik EPC:<\/td>\n<td width=\"309\">128 bitov<\/td>\n<\/tr>\n<tr>\n<td width=\"328\">Uporabni\u0161ki pomnilnik:<\/td>\n<td width=\"309\">512 bitov<\/td>\n<\/tr>\n<tr>\n<td width=\"328\">Razpon branja (2W ERP FCC):<\/td>\n<td width=\"309\">8m<\/td>\n<\/tr>\n<tr>\n<td width=\"328\">Razpon branja (2W ERP ETSI):<\/td>\n<td width=\"309\">8m<\/td>\n<\/tr>\n<tr>\n<td width=\"328\">Ozna\u010devanje:<\/td>\n<td width=\"309\">\u0160ivanje, lepilo za vro\u010de \u017eigosanje<\/td>\n<\/tr>\n<tr>\n<td width=\"328\">Predvidena \u017eivljenjska doba:<\/td>\n<td width=\"309\">200 ciklov pranja ali 3 leta, kar nastopi prej<\/td>\n<\/tr>\n<tr>\n<td width=\"328\">Metoda pranja:<\/td>\n<td width=\"309\">Pralnica, kemi\u010dna \u010distilnica<\/td>\n<\/tr>\n<tr>\n<td width=\"328\">Pritisk vode:<\/td>\n<td width=\"309\">60 barov<\/td>\n<\/tr>\n<tr>\n<td width=\"328\">Vodoodpornost:<\/td>\n<td width=\"309\">Vodoodporen<\/td>\n<\/tr>\n<tr>\n<td width=\"328\">Kemi\u010dna odpornost:<\/td>\n<td width=\"309\">Detergent, meh\u010dalec, belilo (kisik\/klor), alkalije<\/td>\n<\/tr>\n<tr>\n<td width=\"328\">Predhodno su\u0161enje v me\u0161alniku:<\/td>\n<td width=\"309\">125 \u00baC 15-20 minut<\/td>\n<\/tr>\n<tr>\n<td width=\"328\">Temperatura sterilizacije:<\/td>\n<td width=\"309\">135\u00b0C 15-20 minut<\/td>\n<\/tr>\n<tr>\n<td width=\"328\">Temperatura pranja:<\/td>\n<td width=\"309\">90\u00b0C, do 15 min.<\/td>\n<\/tr>\n<tr>\n<td width=\"328\">Vla\u017enost\/temperatura - delovanje:<\/td>\n<td width=\"309\">-20 do 110 \u00b0C, 8 do 95%RH<\/td>\n<\/tr>\n<tr>\n<td width=\"328\">Vla\u017enost\/temperatura-skladi\u0161\u010denje:<\/td>\n<td width=\"309\">-40 do 110 \u00b0C, 8 do 95%RH<\/td>\n<\/tr>\n<\/tbody>\n<\/table>\n<\/div>\n<div class=\"auto-hide-last-sibling-br paragraph_1252f paragraph-element\"><\/div>\n<\/div>\n<div class=\"auto-hide-last-sibling-br paragraph_1252f paragraph-element\">\n<div data-spm-anchor-id=\"a2700.details.0.i57.23b419c7xXORP0\"><span data-spm-anchor-id=\"a2700.details.0.i75.23b419c7xXORP0\"><b>funkcija:<\/b><br \/>\n1) UHF tehnologija za branje ve\u010d sto oznak hkrati.<br \/>\n2) Razdalja za branje ve\u010d kot 8 \u010devljev.<br \/>\n3) Nova mehanska zasnova za izbolj\u0161ano delovanje ravnega perila.<br \/>\n4) Primerno za visokotla\u010dne sesalnike do 60 barov.<br \/>\n5) Primerno za sterilizacijo v avtoklavu.<br \/>\n6) Majhen, mehak, prilagodljiv material, idealen za tekstil, perilo, obla\u010dila in dodatke.<\/span><\/div>\n<\/div>\n<div data-spm-anchor-id=\"a2700.details.0.i57.23b419c7xXORP0\"><\/div>\n<div data-spm-anchor-id=\"a2700.details.0.i57.23b419c7xXORP0\"><span class=\"AnswerParser_TextContainer__z_Iiv\" data-testid=\"youchat-text\">The\u00a0<strong>Vodoodporna pralna oznaka za perilo RFID<\/strong>\u00a0je revolucionarna re\u0161itev, zasnovana za poenostavitev sledenja in upravljanja obla\u010dil, perila in uniform. Te oznake ne le pove\u010dujejo operativno u\u010dinkovitost, temve\u010d zagotavljajo tudi znatne prihranke stro\u0161kov in izbolj\u0161an nadzor zalog. S svojo vzdr\u017eljivo in pralno zasnovo so idealne za cikle pranja pri visokih temperaturah, zaradi \u010desar so pametna nalo\u017eba za vsako pralnico.<\/span><\/p>\n<h2 class=\"AnswerParser_AnswerParserH2__SIHnF\">Zakaj izbrati vodotesne pralne oznake za perilo RFID?<\/h2>\n<p><span class=\"AnswerParser_TextContainer__z_Iiv\" data-testid=\"youchat-text\">Prednosti uporabe\u00a0<strong>RFID oznake za perilo<\/strong>\u00a0so \u0161tevilni. Omogo\u010dajo avtomatizirano sledenje kosov perila, kar zmanj\u0161a ro\u010dno delo in minimizira napake. Ta tehnologija omogo\u010da upravljanje zalog v realnem \u010dasu in zagotavlja, da je vsako obla\u010dilo obra\u010dunano. Poleg tega vodotesne in pralne lastnosti teh oznak zagotavljajo dolgo \u017eivljenjsko dobo in zanesljivost tudi v najzahtevnej\u0161ih okoljih pranja perila. Z vlaganjem v\u00a0<strong>RFID oznake za perilo<\/strong>, lahko podjetja izbolj\u0161ajo svojo operativno u\u010dinkovitost, izbolj\u0161ajo zadovoljstvo strank in na koncu pove\u010dajo donosnost.<\/span><\/div>\n<h3 class=\"wp-block-heading\">Namestitev<\/h3>\n<p><strong>Ozna\u010devanje \u0161ivov<\/strong>: Za v\u0161ivanje v rob tekstila. Etiketo za perilo pri\u0161ijte stran od pregibnih linij.<br \/>\n<strong>Toplotno tesnjenje<\/strong>: Za toplotno tesnjenje neposredno na tekstil pri +200\u00b0C (392\u00b0F), za 12~14s.<br \/>\n<strong>V vre\u010dki<\/strong>: za \u0161ivanje kot standardna etiketa za nego. Etiketo za perilo pri\u0161ijte stran od pregibnih linij.<\/p>\n<div class=\"auto-hide-last-sibling-br paragraph_1252f paragraph-element\">\n<div><\/div>\n<p style=\"font-weight: 400;\"><span style=\"font-style: inherit; font-weight: inherit;\" data-spm-anchor-id=\"a2700.details.0.i52.7e74253fSAfL7T\">kako <\/span><b><strong style=\"font-style: inherit;\">MO\u010cNO<\/strong><\/b><span style=\"font-style: inherit; font-weight: inherit;\"> so?<\/span><\/p>\n<p><b><strong>\u2460<\/strong><\/b>.Ali se \u010dipi RFID pod visokimi temperaturami po\u0161kodujejo?<span style=\"font-style: inherit; font-weight: inherit;\"> \u2013<\/span><b><strong>\u2714 Na\u0161a RFID oznaka za tekstilno perilo je zasnovana za uporabo pri 200 \u00b0C<\/strong><\/b><span style=\"font-style: inherit; font-weight: inherit;\">.<\/span><\/p>\n<p style=\"font-weight: 400;\"><b><strong>\u2461<\/strong><\/b>Kolikokrat lahko operemo etikete, ki so pritrjene na uniformne tekstilne izdelke? <b><strong>\u2013\u2714Na\u0161o oznako RFID za tekstilno perilo je mogo\u010de oprati ve\u010d kot 200-krat zajam\u010deno 2 leti po po\u0161iljanju.<\/strong><\/b><\/p>\n<p style=\"font-weight: 400;\"><b><strong>\u2462<\/strong><\/b>Bomo porabili presti\u017ene uniforme tekstilne izdelke, nadaljevali delo v primeru zme\u010dkanine odkru\u0161kov? <b><strong>\u2013\u2714Na\u0161o tekstilno etiketo za perilo smo zasnovali tako, da zdr\u017ei 60 barov pritiska v procesu stiskanja va\u0161ih tekstilnih izdelkov.<\/strong><\/b><\/p>\n<p style=\"font-weight: 400;\"><b><strong>\u2463<\/strong><\/b>Kam namestite oznake za perilo RFID na tkanine za uniforme? <b><strong>\u2013 \u2714RFID tekstilne oznake za perilo se namestijo glede na razpolo\u017eljivost uniform.<\/strong><\/b><\/p>\n<h3 class=\"AnswerParser_AnswerParserH3__Mpe4s\">Zna\u010dilnosti vodoodpornih pralnih RFID oznak za perilo<\/h3>\n<p><span class=\"AnswerParser_TextContainer__z_Iiv\" data-testid=\"youchat-text\">The\u00a0<strong>Vodoodporna pralna oznaka za perilo RFID<\/strong>\u00a0je zasnovan z ve\u010d klju\u010dnimi funkcijami, zaradi katerih je bistveno orodje za upravljanje perila. Te oznake so izdelane iz trpe\u017enih materialov, ki prenesejo visoke temperature in te\u017eke pogoje pranja. Opremljeni so s tehnologijo UHF RFID, ki omogo\u010da doseg od\u010ditavanja do 6 metrov, kar je idealno za sledenje ve\u010d predmetov hkrati.<\/span><span class=\"AnswerParser_TextContainer__z_Iiv\" data-testid=\"youchat-text\">Poleg tega so te oznake lahke, tehtajo le 0,6 grama, in so na voljo v kompaktni velikosti 70 \u00d7 15 mm, zaradi \u010desar jih je enostavno pritrditi na razli\u010dne tekstilije brez dodajanja mase. Oznake je mogo\u010de v\u0161iti v obla\u010dila ali pritrditi z lepilom, kar zagotavlja prilagodljivost pri uporabi.<\/span><\/p>\n<h3 class=\"AnswerParser_AnswerParserH3__Mpe4s\">Tehni\u010dne specifikacije<\/h3>\n<p><span class=\"AnswerParser_TextContainer__z_Iiv\" data-testid=\"youchat-text\">Razumevanje tehni\u010dnih specifikacij\u00a0<strong>RFID oznaka za perilo<\/strong>\u00a0je klju\u010dnega pomena za podjetja, ki \u017eelijo uvesti to tehnologijo. Oznake so skladne s standardom ISO\/IEC 18000-6 Type C (EPC Gen2), kar zagotavlja zdru\u017eljivost s \u0161iroko paleto \u010ditalnikov RFID.<\/span><\/p>\n<ul class=\"AnswerParser_AnswerParserUnorderedList__P_1FW\">\n<li class=\"AnswerParser_ListItem__XqLOV\" translate=\"yes\"><strong>Vrsta \u010dipa<\/strong>: Impinj Monza 4QT, NXP U KODA 8, NXP U KODA 9<\/li>\n<li class=\"AnswerParser_ListItem__XqLOV\" translate=\"yes\"><strong>EPC pomnilnik<\/strong>: 128 bitov<\/li>\n<li class=\"AnswerParser_ListItem__XqLOV\" translate=\"yes\"><strong>Uporabni\u0161ki pomnilnik<\/strong>: 512 bitov<\/li>\n<li class=\"AnswerParser_ListItem__XqLOV\" translate=\"yes\"><strong>Cikli pranja<\/strong>: Zasnovan za ve\u010d kot 200 ciklov pranja brez izgube funkcionalnosti.<\/li>\n<\/ul>\n<p><span class=\"AnswerParser_TextContainer__z_Iiv\" data-testid=\"youchat-text\">Te specifikacije poudarjajo vzdr\u017eljivost in zanesljivost oznake, zaradi \u010desar je primerna za razli\u010dne namene pranja perila.<\/span><\/p>\n<h3 class=\"AnswerParser_AnswerParserH3__Mpe4s\">Prednosti uporabe RFID oznak za perilo<\/h3>\n<p><span class=\"AnswerParser_TextContainer__z_Iiv\" data-testid=\"youchat-text\">Izvedba\u00a0<strong>RFID oznake za perilo<\/strong>\u00a0ponuja \u0161tevilne ugodnosti za podjetja. Prvi\u010d, znatno zmanj\u0161ajo \u010das, porabljen za upravljanje zalog. Z avtomatiziranim sledenjem lahko osebje hitro poi\u0161\u010de in upravlja perilo, kar vodi k ve\u010dji produktivnosti.<\/span><span class=\"AnswerParser_TextContainer__z_Iiv\" data-testid=\"youchat-text\">Drugi\u010d, te oznake pove\u010dujejo varnost s prepre\u010devanjem izgube in kraje obla\u010dil. Mo\u017enost sledenja vsakemu artiklu v realnem \u010dasu zagotavlja, da lahko podjetja vzdr\u017eujejo natan\u010dne evidence svojih zalog. Nazadnje lahko podatki, zbrani iz sistemov RFID, zagotovijo dragocene vpoglede v delovanje pralnic, kar podjetjem pomaga optimizirati njihove procese in zmanj\u0161ati stro\u0161ke.<\/span><\/p>\n<h3 class=\"AnswerParser_AnswerParserH3__Mpe4s\">Vpliv na okolje<\/h3>\n<p><span class=\"AnswerParser_TextContainer__z_Iiv\" data-testid=\"youchat-text\">The\u00a0<strong>Vodoodporna pralna oznaka za perilo RFID<\/strong>\u00a0ni koristen samo za podjetja, ampak tudi za okolje. Z zmanj\u0161anjem potrebe po ro\u010dnem sledenju in minimiziranjem napak te oznake prispevajo k u\u010dinkovitej\u0161emu pranju perila, kar lahko povzro\u010di manj\u0161o porabo vode in energije.<\/span><span class=\"AnswerParser_TextContainer__z_Iiv\" data-testid=\"youchat-text\">Poleg tega vzdr\u017eljivost teh oznak pomeni, da jih ni treba pogosto menjavati, kar zmanj\u0161uje koli\u010dino odpadkov. Podjetja se lahko odlo\u010dijo tudi za implementacijo sistemov RFID, ki so zdru\u017eljivi z okolju prijaznimi praksami, kar \u0161e dodatno pove\u010da njihova prizadevanja za trajnost.<\/span><\/p>\n<h3 class=\"AnswerParser_AnswerParserH3__Mpe4s\">Navodila za uporabo<\/h3>\n<p><span class=\"AnswerParser_TextContainer__z_Iiv\" data-testid=\"youchat-text\">Da bi pove\u010dali u\u010dinkovitost\u00a0<strong>RFID oznake za perilo<\/strong>, je pravilna uporaba nujna. Tukaj je nekaj klju\u010dnih korakov za izvedbo:<\/span><\/p>\n<ol class=\"AnswerParser_AnswerParserOrderedList__kl_2Y\">\n<li class=\"AnswerParser_ListItem__XqLOV\" translate=\"yes\"><span class=\"AnswerParser_TextContainer__z_Iiv\" data-testid=\"youchat-text\"><strong>Ozna\u010devanje<\/strong>: RFID oznake pritrdite na obla\u010dila ali perilo s \u0161ivanjem ali lepilom. Prepri\u010dajte se, da so oznake varno pritrjene, da prenesejo pranje.<\/span><\/li>\n<li class=\"AnswerParser_ListItem__XqLOV\" translate=\"yes\"><span class=\"AnswerParser_TextContainer__z_Iiv\" data-testid=\"youchat-text\"><strong>Skeniranje<\/strong>: Uporabite \u010ditalnik RFID za skeniranje oznak med postopkom pranja. To je mogo\u010de storiti na razli\u010dnih to\u010dkah, vklju\u010dno z oddajo, pranjem in prevzemom.<\/span><\/li>\n<li class=\"AnswerParser_ListItem__XqLOV\" translate=\"yes\"><span class=\"AnswerParser_TextContainer__z_Iiv\" data-testid=\"youchat-text\"><strong>Upravljanje podatkov<\/strong>: Uporabite programsko opremo RFID za upravljanje in analizo podatkov, zbranih iz oznak. To bo pomagalo pri sledenju ravni inventarja in prepoznavanju morebitnih neskladij.<\/span><\/li>\n<\/ol>\n<h3 class=\"AnswerParser_AnswerParserH3__Mpe4s\">Mnenja strank<\/h3>\n<p><span class=\"AnswerParser_TextContainer__z_Iiv\" data-testid=\"youchat-text\">Povratne informacije strank so pomemben vidik razumevanja u\u010dinkovitosti\u00a0<strong>RFID oznake za perilo<\/strong>. \u0160tevilni uporabniki so poro\u010dali o znatnih izbolj\u0161avah pri pranju perila po uvedbi teh oznak.<\/span><span class=\"AnswerParser_TextContainer__z_Iiv\" data-testid=\"youchat-text\">Vodja hotela je na primer ugotovil: \u00bbOdkar smo za\u010deli uporabljati oznake za perilo RFID, je na\u0161e upravljanje zalog postalo brezhibno. Svojemu perilu in uniformam lahko sledimo brez truda, kar nam je prihranilo \u010das in denar.\u00ab<\/span><span class=\"AnswerParser_TextContainer__z_Iiv\" data-testid=\"youchat-text\">Druga stranka iz zdravstvene ustanove je omenila: \u00bbTrajnost teh oznak je impresivna. Brez kakr\u0161nih koli te\u017eav prenesejo ve\u010d ciklov pranja, kar zagotavlja skladnost z na\u0161imi strogimi higienskimi standardi.\u00ab<\/span><\/p>\n<h3 class=\"AnswerParser_AnswerParserH3__Mpe4s\">Sorodni izdelki<\/h3>\n<p><span class=\"AnswerParser_TextContainer__z_Iiv\" data-testid=\"youchat-text\">Poleg tega\u00a0<strong>Vodoodporna pralna oznaka za perilo RFID<\/strong>, obstaja ve\u010d povezanih izdelkov, ki lahko izbolj\u0161ajo sisteme za upravljanje pranja perila. Ti vklju\u010dujejo:<\/span><\/p>\n<ul class=\"AnswerParser_AnswerParserUnorderedList__P_1FW\">\n<li class=\"AnswerParser_ListItem__XqLOV\" translate=\"yes\"><strong>RFID nalepke<\/strong>: Idealno za manj\u0161e predmete ali posebne namene.<\/li>\n<li class=\"AnswerParser_ListItem__XqLOV\" translate=\"yes\"><strong>RFID nalepke<\/strong>: Vsestranski in enostaven za nana\u0161anje na razli\u010dne povr\u0161ine.<\/li>\n<li class=\"AnswerParser_ListItem__XqLOV\" translate=\"yes\"><strong>\u010citalniki RFID<\/strong>: bistveno za u\u010dinkovito skeniranje in upravljanje ozna\u010denih predmetov.<\/li>\n<\/ul>\n<h3 class=\"AnswerParser_AnswerParserH3__Mpe4s\">\u00a0Pogosto zastavljena vpra\u0161anja (FAQ)<\/h3>\n<p><span class=\"AnswerParser_TextContainer__z_Iiv\" data-testid=\"youchat-text\"><strong>V: Kako dolgo trajajo oznake za perilo RFID?<\/strong><br \/>\nA: Na\u0161\u00a0<strong>RFID oznake za perilo<\/strong>\u00a0so zasnovane tako, da prenesejo ve\u010d kot 200 ciklov pranja, kar zagotavlja dolgotrajno delovanje.<\/span><\/p>\n<p><span class=\"AnswerParser_TextContainer__z_Iiv\" data-testid=\"youchat-text\"><strong>V: Ali se te oznake lahko uporabljajo pri pranju pri visoki temperaturi?<\/strong><br \/>\nO: Da, te oznake so posebej zasnovane, da prenesejo visoke temperature, zaradi \u010desar so primerne za uporabo v industrijskih pralnicah.<\/span><\/p>\n<p><span class=\"AnswerParser_TextContainer__z_Iiv\" data-testid=\"youchat-text\"><strong>V: Kako naro\u010dim oznake za perilo RFID?<\/strong><br \/>\nO: \u010ce \u017eelite oddati naro\u010dilo ali se pozanimati o mo\u017enostih prilagajanja, izpolnite kontaktni obrazec na na\u0161i spletni strani in na\u0161a ekipa vam bo nemudoma pomagala.<\/span><\/p>\n<h3 class=\"AnswerParser_AnswerParserH3__Mpe4s\">Zaklju\u010dek<\/h3>\n<p><span class=\"AnswerParser_TextContainer__z_Iiv\" data-testid=\"youchat-text\">The\u00a0<strong>Vodoodporna pralna oznaka za perilo RFID<\/strong>\u00a0je sprememba iger za podjetja, ki \u017eelijo izbolj\u0161ati svoje procese upravljanja pralnic. S svojo vzdr\u017eljivo zasnovo, napredno tehnologijo in \u0161tevilnimi prednostmi je nalo\u017eba, ki se obrestuje z u\u010dinkovitostjo in prihrankom stro\u0161kov.<\/span><span class=\"AnswerParser_TextContainer__z_Iiv\" data-testid=\"youchat-text\">S sprejetjem tehnologije RFID lahko podjetja poenostavijo svoje poslovanje, izbolj\u0161ajo to\u010dnost inventarja in na koncu zagotovijo bolj\u0161e storitve svojim strankam. Ne zamudite prilo\u017enosti, da spremenite svoje upravljanje pranja perila \u2013<strong>kontaktirajte nas<\/strong>\u00a0danes, \u010de \u017eelite izvedeti ve\u010d o na\u0161ih re\u0161itvah RFID in kako lahko koristijo va\u0161i organizaciji.<\/span><\/p>\n<p>&nbsp;<\/p>\n<\/div>\n<div class=\"auto-hide-last-sibling-br paragraph_1252f paragraph-element\"><\/div>","protected":false},"excerpt":{"rendered":"<p><strong>Vodoodporna pralna oznaka za perilo RFID<\/strong>\u00a0je sprememba iger za podjetja, ki \u017eelijo izbolj\u0161ati svoje procese upravljanja pralnic. S svojo vzdr\u017eljivo zasnovo, napredno tehnologijo in \u0161tevilnimi prednostmi je nalo\u017eba, ki se obrestuje z u\u010dinkovitostjo in prihrankom stro\u0161kov.<\/p>","protected":false},"featured_media":2827,"template":"","meta":{"_kad_post_transparent":"default","_kad_post_title":"","_kad_post_layout":"default","_kad_post_sidebar_id":"","_kad_post_content_style":"default","_kad_post_vertical_padding":"default","_kad_post_feature":"","_kad_post_feature_position":"","_kad_post_header":false,"_kad_post_footer":false,"_kad_post_classname":""},"product_brand":[],"product_cat":[16],"product_tag":[340,31,65,30,325],"class_list":{"0":"post-2822","1":"product","2":"type-product","3":"status-publish","4":"has-post-thumbnail","6":"product_cat-uhf-rfid-laundry-tags","7":"product_tag-rfid-chips","8":"product_tag-rfid-tag-for-linen-laundry","9":"product_tag-textile-rfid-laundry-tags","10":"product_tag-uhf-rfid-laundry-tag","11":"product_tag-washable-rfid-laundry-tag","13":"first","14":"instock","15":"featured","16":"shipping-taxable","17":"product-type-simple","18":"entry","19":"content-bg","20":"loop-entry"},"_links":{"self":[{"href":"https:\/\/rfid-laundry-tag.com\/sl\/wp-json\/wp\/v2\/product\/2822","targetHints":{"allow":["GET"]}}],"collection":[{"href":"https:\/\/rfid-laundry-tag.com\/sl\/wp-json\/wp\/v2\/product"}],"about":[{"href":"https:\/\/rfid-laundry-tag.com\/sl\/wp-json\/wp\/v2\/types\/product"}],"version-history":[{"count":2,"href":"https:\/\/rfid-laundry-tag.com\/sl\/wp-json\/wp\/v2\/product\/2822\/revisions"}],"predecessor-version":[{"id":2829,"href":"https:\/\/rfid-laundry-tag.com\/sl\/wp-json\/wp\/v2\/product\/2822\/revisions\/2829"}],"wp:featuredmedia":[{"embeddable":true,"href":"https:\/\/rfid-laundry-tag.com\/sl\/wp-json\/wp\/v2\/media\/2827"}],"wp:attachment":[{"href":"https:\/\/rfid-laundry-tag.com\/sl\/wp-json\/wp\/v2\/media?parent=2822"}],"wp:term":[{"taxonomy":"product_brand","embeddable":true,"href":"https:\/\/rfid-laundry-tag.com\/sl\/wp-json\/wp\/v2\/product_brand?post=2822"},{"taxonomy":"product_cat","embeddable":true,"href":"https:\/\/rfid-laundry-tag.com\/sl\/wp-json\/wp\/v2\/product_cat?post=2822"},{"taxonomy":"product_tag","embeddable":true,"href":"https:\/\/rfid-laundry-tag.com\/sl\/wp-json\/wp\/v2\/product_tag?post=2822"}],"curies":[{"name":"delovni list","href":"https:\/\/api.w.org\/{rel}","templated":true}]}}