{"id":2792,"date":"2024-10-29T11:28:05","date_gmt":"2024-10-29T11:28:05","guid":{"rendered":"https:\/\/rfid-laundry-tag.com\/?post_type=product&#038;p=2792"},"modified":"2024-10-29T13:03:05","modified_gmt":"2024-10-29T13:03:05","slug":"fdx-b-134-2khz-rfid-animal-id-glass-tag-syringe-transponder","status":"publish","type":"product","link":"https:\/\/rfid-laundry-tag.com\/sl\/fdx-b-134-2khz-rfid-animal-id-glass-tag-syringe-transponder\/","title":{"rendered":"FDX-B 134,2 kHz RFID ID \u017eivali Transponder steklene oznake za brizgo"},"content":{"rendered":"<h2>FDX-B 134,2 kHz RFID ID \u017eivali Transponder steklene oznake za brizgo<\/h2>\n<p><span class=\"AnswerParser_TextContainer__z_Iiv\" data-testid=\"youchat-text\"><strong>FDX-B 134,2 kHz RFID ID \u017eivali Transponder steklene oznake brizge<\/strong>\u00a0je vrhunska re\u0161itev za identifikacijo in upravljanje \u017eivali. Ta steklena oznaka RFID, zasnovana posebej za hi\u0161ne ljubljen\u010dke in \u017eivino, zagotavlja natan\u010dno sledenje in identifikacijo, zaradi \u010desar je bistveno orodje za veterinarje, rejce in lastnike hi\u0161nih ljubljen\u010dkov. S svojimi robustnimi funkcijami in zanesljivim delovanjem je ta izdelek vreden nalo\u017ebe za vsakogar, ki se ukvarja z nego in upravljanjem \u017eivali.<\/span><\/p>\n<h2 class=\"AnswerParser_AnswerParserH2__SIHnF\">Zakaj izbrati stekleno oznako FDX-B 134,2 kHz RFID za identifikacijo \u017eivali?<\/h2>\n<p><span class=\"AnswerParser_TextContainer__z_Iiv\" data-testid=\"youchat-text\">Steklena oznaka FDX-B RFID ni le preprosto identifikacijsko orodje; ponuja \u0161tevilne prednosti, ki izbolj\u0161ujejo upravljanje \u017eivali. Njegovo\u00a0<strong>biosteklo<\/strong>\u00a0konstrukcija zagotavlja vzdr\u017eljivost in biokompatibilnost, zaradi \u010desar je varna za implantacijo. Oznaka deluje s frekvenco\u00a0<strong>134,2 kHz<\/strong>, ki je skladen z mednarodnimi standardi (ISO11784\/785, ISO14443A), kar zagotavlja zanesljivo delovanje v razli\u010dnih aplikacijah. Poleg tega je\u00a0<strong>100% sterilizacija medicinske kakovosti<\/strong>\u00a0zagotavlja, da je oznaka varna za uporabo pri \u017eivalih, kar zmanj\u0161uje tveganje oku\u017ebe ali zapletov po implantaciji.<\/span><\/p>\n<h3 class=\"AnswerParser_AnswerParserH3__Mpe4s\">Oris izdelka<\/h3>\n<h4 class=\"AnswerParser_AnswerParserH4__ghxg8\">1. Lastnosti izdelka<\/h4>\n<p><span class=\"AnswerParser_TextContainer__z_Iiv\" data-testid=\"youchat-text\">Steklena oznaka FDX-B RFID je na voljo v razli\u010dnih velikostih, vklju\u010dno z\u00a0<strong>1,25*7 mm<\/strong>,\u00a0<strong>1,4*8 mm<\/strong>,\u00a0<strong>2*8 mm<\/strong>,\u00a0<strong>2*12 mm<\/strong>, in\u00a0<strong>3*15 mm<\/strong>. Ta serija omogo\u010da prilagodljivost pri uporabi, saj skrbi za razli\u010dne velikosti \u017eivali, od majhnih hi\u0161nih ljubljen\u010dkov do ve\u010dje \u017eivine. Oznaka je\u00a0<strong>protibakterijsko, protialergijsko in proti zavrnitvi<\/strong>\u00a0Lastnosti zagotavljajo, da je varen za vse vrste \u017eivali, lastnikom hi\u0161nih ljubljen\u010dkov in veterinarjem pa zagotavlja brezskrbnost.<\/span><\/p>\n<h4 class=\"AnswerParser_AnswerParserH4__ghxg8\">2. Tehni\u010dne specifikacije<\/h4>\n<table class=\"hight-light-first-column all magic-18\">\n<tbody>\n<tr>\n<td colspan=\"1\" rowspan=\"1\">\n<div class=\"magic-19\">Postavka<\/div>\n<\/td>\n<td colspan=\"1\" rowspan=\"1\">\n<div class=\"magic-20\">RFID steklena oznaka<\/div>\n<\/td>\n<\/tr>\n<tr>\n<td colspan=\"1\" rowspan=\"1\">\n<div class=\"magic-19\">Material<\/div>\n<\/td>\n<td colspan=\"1\" rowspan=\"1\">\n<div class=\"magic-20\">Biosteklo<\/div>\n<\/td>\n<\/tr>\n<tr>\n<td colspan=\"1\" rowspan=\"1\">\n<div class=\"magic-19\">Dobavljiva velikost<\/div>\n<\/td>\n<td colspan=\"1\" rowspan=\"1\">\n<div class=\"magic-20\">1,25 * 7 mm, 1,4 * 8 mm, 2 * 8 mm, 2 * 12 mm, 3 * 15 mm itd.<\/div>\n<\/td>\n<\/tr>\n<tr>\n<td colspan=\"1\" rowspan=\"1\">\n<div class=\"magic-19\">Delovna frekvenca<\/div>\n<\/td>\n<td colspan=\"1\" rowspan=\"1\">\n<div class=\"magic-20\" data-spm-anchor-id=\"a2700.details.0.i46.2ffc6c8dJHsoYV\">134,2 kHz, 125 kHz, 13,56 MHz<\/div>\n<\/td>\n<\/tr>\n<tr>\n<td colspan=\"1\" rowspan=\"1\">\n<div class=\"magic-19\">Protocal<\/div>\n<\/td>\n<td colspan=\"1\" rowspan=\"1\">\n<div class=\"magic-20\">ISO11784\/785, IS014443A<\/div>\n<\/td>\n<\/tr>\n<tr>\n<td colspan=\"1\" rowspan=\"1\">\n<div class=\"magic-19\">Artcraft<\/div>\n<\/td>\n<td colspan=\"1\" rowspan=\"1\">\n<div class=\"magic-20\">Programiranje ID \u0161tevilk<\/div>\n<\/td>\n<\/tr>\n<tr>\n<td colspan=\"1\" rowspan=\"1\">\n<div class=\"magic-19\">Sterilizacija<\/div>\n<\/td>\n<td colspan=\"1\" rowspan=\"1\">\n<div class=\"magic-20\">100% Medicinska sterilizacija<\/div>\n<\/td>\n<\/tr>\n<tr>\n<td colspan=\"1\" rowspan=\"1\">\n<div class=\"magic-19\">Funkcija \u010dipa<\/div>\n<\/td>\n<td colspan=\"1\" rowspan=\"1\">\n<div class=\"magic-20\">Protibakterijsko, protialergijsko, proti zavra\u010danju<\/div>\n<\/td>\n<\/tr>\n<tr>\n<td colspan=\"1\" rowspan=\"1\">\n<div class=\"magic-19\">Aplikacija<\/div>\n<\/td>\n<td colspan=\"1\" rowspan=\"1\">\n<div class=\"magic-20\" data-spm-anchor-id=\"a2700.details.0.i45.2ffc6c8dJHsoYV\">Upravljanje hi\u0161nih \u017eivali itd<\/div>\n<\/td>\n<\/tr>\n<\/tbody>\n<\/table>\n<p><span class=\"AnswerParser_TextContainer__z_Iiv\" data-testid=\"youchat-text\">Te specifikacije poudarjajo vsestranskost in zanesljivost oznake, zaradi \u010desar je primerna za razli\u010dne potrebe identifikacije \u017eivali.<\/span><\/p>\n<h4 class=\"AnswerParser_AnswerParserH4__ghxg8\">3. Navodila za uporabo<\/h4>\n<p><span class=\"AnswerParser_TextContainer__z_Iiv\" data-testid=\"youchat-text\">Steklena oznaka FDX-B RFID je zasnovana za enostavno vsaditev z uporabo posebne brizge. Postopek je preprost:<\/span><\/p>\n<ol class=\"AnswerParser_AnswerParserOrderedList__kl_2Y\">\n<li class=\"AnswerParser_ListItem__XqLOV\" translate=\"yes\"><strong>Pripravite brizgo<\/strong>\u00a0z RFID stekleno oznako.<\/li>\n<li class=\"AnswerParser_ListItem__XqLOV\" translate=\"yes\"><strong>Poi\u0161\u010dite mesto implantacije<\/strong>\u00a0na \u017eivali, obi\u010dajno med lopaticami.<\/li>\n<li class=\"AnswerParser_ListItem__XqLOV\" translate=\"yes\"><strong>Vbrizgajte oznako<\/strong>\u00a0z uporabo brizge in se prepri\u010dajte, da je name\u0161\u010dena pod ko\u017eo.<\/li>\n<\/ol>\n<p><span class=\"AnswerParser_TextContainer__z_Iiv\" data-testid=\"youchat-text\">Ta preprost postopek omogo\u010da hitro in u\u010dinkovito ozna\u010devanje \u017eivali, kar zmanj\u0161a stres tako za \u017eival kot za vodnika.<\/span><\/p>\n<h4 class=\"AnswerParser_AnswerParserH4__ghxg8\">4. Vpliv na okolje<\/h4>\n<p><span class=\"AnswerParser_TextContainer__z_Iiv\" data-testid=\"youchat-text\">Steklena oznaka FDX-B RFID je zasnovana z mislijo na trajnost. Biosteklo je okolju prijazno in ga je mogo\u010de varno odstraniti brez \u0161kode za ekosistem. Poleg tega se proizvodni proces dr\u017ei strogih okoljskih standardov, kar zagotavlja minimalno koli\u010dino odpadkov in porabo energije.<\/span><\/p>\n<h4 class=\"AnswerParser_AnswerParserH4__ghxg8\">5. Mnenja strank<\/h4>\n<p><span class=\"AnswerParser_TextContainer__z_Iiv\" data-testid=\"youchat-text\">Kupci so pohvalili stekleno oznako FDX-B RFID zaradi njene zanesljivosti in enostavne uporabe. \u0160tevilni veterinarji poro\u010dajo, da so oznake bistveno izbolj\u0161ale njihovo sposobnost sledenja in vodenja \u017eivali, kar vodi do bolj\u0161ih zdravstvenih rezultatov. Lastniki hi\u0161nih ljubljen\u010dkov cenijo brezskrbnost, ki jo prina\u0161a vedenje, da je njihove ljubljen\u010dke mogo\u010de zlahka prepoznati, \u010de se izgubijo.<\/span><\/p>\n<h4 class=\"AnswerParser_AnswerParserH4__ghxg8\">6. Pogosta vpra\u0161anja<\/h4>\n<p><span class=\"AnswerParser_TextContainer__z_Iiv\" data-testid=\"youchat-text\"><strong>V: Kako dolgo traja nalepka RFID po implantaciji?<\/strong><br \/>\nO: Steklena oznaka FDX-B RFID je zasnovana tako, da traja vse \u017eivljenje \u017eivali in zagotavlja trajno identifikacijo.<\/span><span class=\"AnswerParser_TextContainer__z_Iiv\" data-testid=\"youchat-text\"><strong>V: Ali je postopek implantacije bole\u010d za \u017eival?<\/strong><br \/>\nO: Postopek vsaditve je hiter in minimalno invaziven ter povzro\u010da le rahlo nelagodje, podobno kot pri cepljenju.<\/span><span class=\"AnswerParser_TextContainer__z_Iiv\" data-testid=\"youchat-text\"><strong>V: Ali je oznako mogo\u010de prebrati na daljavo?<\/strong><br \/>\nO: Da, oznako je mogo\u010de prebrati z razdalje nekaj centimetrov, odvisno od uporabljenega \u010ditalnika.<\/span><\/p>\n<h4 class=\"AnswerParser_AnswerParserH4__ghxg8\">7. Sorodni izdelki<\/h4>\n<p><span class=\"AnswerParser_TextContainer__z_Iiv\" data-testid=\"youchat-text\">Poleg steklene oznake FDX-B RFID ponujamo vrsto sorodnih izdelkov, vklju\u010dno z \u010ditalci RFID in programskimi re\u0161itvami za upravljanje \u017eivali. Ti izdelki lahko izbolj\u0161ajo va\u0161e zmo\u017enosti sledenja in poenostavijo va\u0161e operacije.<\/span><\/p>\n<h4 class=\"AnswerParser_AnswerParserH4__ghxg8\">8. Zagotavljanje kakovosti<\/h4>\n<p><span class=\"AnswerParser_TextContainer__z_Iiv\" data-testid=\"youchat-text\">Steklena oznaka FDX-B RFID je izdelana v skladu s strogimi ukrepi nadzora kakovosti, kar zagotavlja dosledno kakovost in zmogljivost. Akreditiran je po razli\u010dnih mednarodnih standardih, vklju\u010dno z ISO 9001, ISO 14001 in ISO 45001, kar zagotavlja zanesljivost in varnost.<\/span><\/p>\n<h4 class=\"AnswerParser_AnswerParserH4__ghxg8\">9. Zaklju\u010dek<\/h4>\n<p><span class=\"AnswerParser_TextContainer__z_Iiv\" data-testid=\"youchat-text\">Vlaganje v\u00a0<strong>FDX-B 134,2 kHz RFID ID \u017eivali Transponder steklene oznake brizge<\/strong>\u00a0je pametna izbira za vse, ki se ukvarjajo z nego \u017eivali. Zaradi naprednih funkcij, enostavne uporabe in zavezanosti k varnosti je neprecenljivo orodje za u\u010dinkovito upravljanje \u017eivali. Ne glede na to, ali ste veterinar, vzreditelj ali lastnik hi\u0161nih ljubljen\u010dkov, bo ta steklena oznaka RFID izbolj\u0161ala va\u0161o sposobnost sledenja in u\u010dinkovitega prepoznavanja \u017eivali.<\/span><\/p>\n<h4 class=\"AnswerParser_AnswerParserH4__ghxg8\">10. Poziv k akciji<\/h4>\n<p><span class=\"AnswerParser_TextContainer__z_Iiv\" data-testid=\"youchat-text\">Ste pripravljeni izbolj\u0161ati svoje prakse upravljanja \u017eivali?\u00a0<strong>Pi\u0161ite nam \u0161e danes<\/strong>\u00a0\u010de \u017eelite izvedeti ve\u010d o stekleni oznaki FDX-B RFID in raziskati na\u0161 nabor re\u0161itev RFID. Izpolnite na\u0161 obrazec za povpra\u0161evanje za brezpla\u010den vzorec ali se pogovorite o svojih posebnih potrebah z na\u0161imi strokovnjaki!<\/span><\/p>","protected":false},"excerpt":{"rendered":"<p>FDX-B 134,2kHz RFID Animal ID Glass Tag brizgalni transponder je vrhunska re\u0161itev za identifikacijo in upravljanje \u017eivali.<\/p>","protected":false},"featured_media":2793,"template":"","meta":{"_kad_post_transparent":"default","_kad_post_title":"","_kad_post_layout":"default","_kad_post_sidebar_id":"","_kad_post_content_style":"default","_kad_post_vertical_padding":"default","_kad_post_feature":"","_kad_post_feature_position":"","_kad_post_header":false,"_kad_post_footer":false,"_kad_post_classname":""},"product_brand":[],"product_cat":[54],"product_tag":[327,330,329,328],"class_list":{"0":"post-2792","1":"product","2":"type-product","3":"status-publish","4":"has-post-thumbnail","6":"product_cat-hot-selling-rfid-tags","7":"product_tag-fdx-b-134-2khz-rfid-animal-tag","8":"product_tag-rfid-animal-id-glass-tag-syringe","9":"product_tag-rfid-glass-tag-syringe-animal-microchip","10":"product_tag-rfid-pet-microchip-implant-capsule","12":"first","13":"instock","14":"shipping-taxable","15":"product-type-simple","16":"entry","17":"content-bg","18":"loop-entry"},"_links":{"self":[{"href":"https:\/\/rfid-laundry-tag.com\/sl\/wp-json\/wp\/v2\/product\/2792","targetHints":{"allow":["GET"]}}],"collection":[{"href":"https:\/\/rfid-laundry-tag.com\/sl\/wp-json\/wp\/v2\/product"}],"about":[{"href":"https:\/\/rfid-laundry-tag.com\/sl\/wp-json\/wp\/v2\/types\/product"}],"version-history":[{"count":2,"href":"https:\/\/rfid-laundry-tag.com\/sl\/wp-json\/wp\/v2\/product\/2792\/revisions"}],"predecessor-version":[{"id":2797,"href":"https:\/\/rfid-laundry-tag.com\/sl\/wp-json\/wp\/v2\/product\/2792\/revisions\/2797"}],"wp:featuredmedia":[{"embeddable":true,"href":"https:\/\/rfid-laundry-tag.com\/sl\/wp-json\/wp\/v2\/media\/2793"}],"wp:attachment":[{"href":"https:\/\/rfid-laundry-tag.com\/sl\/wp-json\/wp\/v2\/media?parent=2792"}],"wp:term":[{"taxonomy":"product_brand","embeddable":true,"href":"https:\/\/rfid-laundry-tag.com\/sl\/wp-json\/wp\/v2\/product_brand?post=2792"},{"taxonomy":"product_cat","embeddable":true,"href":"https:\/\/rfid-laundry-tag.com\/sl\/wp-json\/wp\/v2\/product_cat?post=2792"},{"taxonomy":"product_tag","embeddable":true,"href":"https:\/\/rfid-laundry-tag.com\/sl\/wp-json\/wp\/v2\/product_tag?post=2792"}],"curies":[{"name":"delovni list","href":"https:\/\/api.w.org\/{rel}","templated":true}]}}