{"id":2790,"date":"2024-10-29T10:34:39","date_gmt":"2024-10-29T10:34:39","guid":{"rendered":"https:\/\/rfid-laundry-tag.com\/?post_type=product&#038;p=2790"},"modified":"2024-10-29T10:49:45","modified_gmt":"2024-10-29T10:49:45","slug":"rfid-pet-microchip-implant-capsule","status":"publish","type":"product","link":"https:\/\/rfid-laundry-tag.com\/sl\/rfid-pet-microchip-implant-capsule\/","title":{"rendered":"Kapsula z mikro\u010dipom RFID za hi\u0161ne ljubljen\u010dke"},"content":{"rendered":"<p><span class=\"AnswerParser_TextContainer__z_Iiv\" data-testid=\"youchat-text\"><strong>Kapsula z mikro\u010dipom RFID za hi\u0161ne ljubljen\u010dke<\/strong>\u00a0ponuja zanesljivo in u\u010dinkovito re\u0161itev za lastnike hi\u0161nih ljubljen\u010dkov, ki \u017eelijo spremljati svoje \u017eivali. Ta inovativni izdelek je zasnovan tako, da zagotavlja trajno identifikacijsko metodo, ki je hkrati varna in u\u010dinkovita. S svojo napredno tehnologijo in medicinskimi materiali je ta mikro\u010dip obvezna oprema za odgovorno lastni\u0161tvo hi\u0161nih ljubljen\u010dkov.<\/span><\/p>\n<h2 class=\"AnswerParser_AnswerParserH2__SIHnF\">Zakaj izbrati kapsulo za vsadek mikro\u010dipa za hi\u0161ne ljubljen\u010dke RFID?<\/h2>\n<p><span class=\"AnswerParser_TextContainer__z_Iiv\" data-testid=\"youchat-text\">RFID mikro\u010dipna implantacijska kapsula za hi\u0161ne ljubljen\u010dke ni le izdelek; to je zavezanost varnosti va\u0161ega ljubljen\u010dka. Z vsaditvijo tega mikro\u010dipa zagotovite, da bo va\u0161ega hi\u0161nega ljubljen\u010dka zlahka prepoznati, \u010de se kdaj izgubi. Mikro\u010dip je majhen, trpe\u017een in izdelan iz\u00a0<strong>biosteklo<\/strong>, zaradi \u010desar je varen za implantacijo. Z razli\u010dnimi velikostmi, ki so na voljo, vklju\u010dno z\u00a0<strong>1,25*7 mm<\/strong>,\u00a0<strong>2*12 mm<\/strong>, in \u0161e ve\u010d, lahko se uporablja za hi\u0161ne ljubljen\u010dke vseh velikosti, od majhnih rib do velikih psov.<\/span><\/p>\n<h3 class=\"AnswerParser_AnswerParserH3__Mpe4s\">Klju\u010dne prednosti:<\/h3>\n<ul class=\"AnswerParser_AnswerParserUnorderedList__P_1FW\">\n<li class=\"AnswerParser_ListItem__XqLOV\" translate=\"yes\"><strong>Trajna identifikacija<\/strong>: Za razliko od ovratnic ali oznak mikro\u010dipa ni mogo\u010de izgubiti ali odstraniti.<\/li>\n<li class=\"AnswerParser_ListItem__XqLOV\" translate=\"yes\"><strong>Medicinska sterilizacija<\/strong>: Vsaka kapsula je podvr\u017eena\u00a0<strong>100% sterilizacija medicinske kakovosti<\/strong>, ki zagotavlja varnost med implantacijo.<\/li>\n<li class=\"AnswerParser_ListItem__XqLOV\" translate=\"yes\"><strong>Protibakterijske in protialergijske lastnosti<\/strong>: \u010cip je zasnovan za zmanj\u0161anje tveganja oku\u017ebe in alergijskih reakcij.<\/li>\n<\/ul>\n<h2 class=\"AnswerParser_AnswerParserH2__SIHnF\">Lastnosti izdelka<\/h2>\n<h3 class=\"AnswerParser_AnswerParserH3__Mpe4s\">1. Napredna tehnologija<\/h3>\n<p><span class=\"AnswerParser_TextContainer__z_Iiv\" data-testid=\"youchat-text\">RFID mikro\u010dipna implantacijska kapsula za hi\u0161ne ljubljen\u010dke deluje s frekvenco\u00a0<strong>134,2 KHz<\/strong>, v skladu z\u00a0<strong>ISO11784\/785<\/strong>\u00a0in\u00a0<strong>ISO14443A<\/strong>\u00a0protokoli. To zagotavlja zdru\u017eljivost z razli\u010dnimi \u010ditalci RFID, kar olaj\u0161a skeniranje in pridobivanje podatkov o va\u0161em ljubljen\u010dku.<\/span><\/p>\n<h3 class=\"AnswerParser_AnswerParserH3__Mpe4s\">2. Vzdr\u017eljiv in varen material<\/h3>\n<p><span class=\"AnswerParser_TextContainer__z_Iiv\" data-testid=\"youchat-text\">Zgrajena iz\u00a0<strong>biosteklo<\/strong>, je mikro\u010dip zasnovan tako, da vzdr\u017ei te\u017eke pogoje \u017eivljenja \u017eivali. The\u00a0<strong>parilenski premaz<\/strong>\u00a0prepre\u010duje migracijo po implantaciji in zagotavlja, da \u010dip ostane varno na mestu.<\/span><\/p>\n<h3 class=\"AnswerParser_AnswerParserH3__Mpe4s\">3. Mo\u017enosti velikosti<\/h3>\n<p><span class=\"AnswerParser_TextContainer__z_Iiv\" data-testid=\"youchat-text\">Kapsula za vsadek z mikro\u010dipom za hi\u0161ne ljubljen\u010dke RFID je na voljo v ve\u010d velikostih in je namenjena razli\u010dnim \u017eivalim:<\/span><\/p>\n<ul class=\"AnswerParser_AnswerParserUnorderedList__P_1FW\">\n<li class=\"AnswerParser_ListItem__XqLOV\" translate=\"yes\"><strong>1,25*7 mm<\/strong>: Idealno za majhne hi\u0161ne ljubljen\u010dke, kot so ribe in mi\u0161i.<\/li>\n<li class=\"AnswerParser_ListItem__XqLOV\" translate=\"yes\"><strong>2*12 mm<\/strong>: Obi\u010dajno se uporablja za pse, ma\u010dke in ve\u010dje \u017eivali.<\/li>\n<\/ul>\n<h3 class=\"AnswerParser_AnswerParserH3__Mpe4s\">4. Enostavna implantacija<\/h3>\n<p><span class=\"AnswerParser_TextContainer__z_Iiv\" data-testid=\"youchat-text\">Mikro\u010dip je mogo\u010de preprosto vsaditi z brizgo, zaradi \u010desar je postopek hiter in nebole\u010d za va\u0161ega ljubljen\u010dka. The\u00a0<strong>injektor<\/strong>\u00a0je zasnovan za natan\u010dnost, ki zagotavlja, da je \u010dip pravilno name\u0161\u010den.<\/span><\/p>\n<h3 class=\"AnswerParser_AnswerParserH3__Mpe4s\">5. Programabilna ID \u0161tevilka<\/h3>\n<p><span class=\"AnswerParser_TextContainer__z_Iiv\" data-testid=\"youchat-text\">Vsak mikro\u010dip ima edinstveno identifikacijsko \u0161tevilko, ki jo lahko programirate tako, da se pove\u017ee s podatki o va\u0161em ljubljen\u010dku, vklju\u010dno z zdravstveno zgodovino in podatki o lastniku. Ta funkcija pove\u010da mo\u017enosti za uspe\u0161no zdru\u017eitev, \u010de va\u0161 ljubljen\u010dek izgine.<\/span><\/p>\n<h2 class=\"AnswerParser_AnswerParserH2__SIHnF\">Vpliv na okolje<\/h2>\n<p><span class=\"AnswerParser_TextContainer__z_Iiv\" data-testid=\"youchat-text\">Kapsula za vsadek mikro\u010dipa za hi\u0161ne ljubljen\u010dke RFID je zasnovana z mislijo na trajnost. Uporabljeni materiali so okolju prijazni, proizvodni proces pa je strog\u00a0<strong>ISO 9001<\/strong>\u00a0in\u00a0<strong>ISO 14001<\/strong>\u00a0standardi. Ta zaveza kakovosti in trajnosti zagotavlja, da sprejemate odgovorno izbiro za svojega ljubljen\u010dka in planet.<\/span><\/p>\n<h2 class=\"AnswerParser_AnswerParserH2__SIHnF\">Mnenja strank<\/h2>\n<p><span class=\"AnswerParser_TextContainer__z_Iiv\" data-testid=\"youchat-text\">\u0160tevilni lastniki hi\u0161nih ljubljen\u010dkov so po vsaditvi RFID mikro\u010dipne kapsule za hi\u0161ne ljubljen\u010dke svojim hi\u0161nim ljubljen\u010dkom na\u0161li du\u0161evni mir. Tukaj je nekaj pri\u010devanj:<\/span><\/p>\n<ul class=\"AnswerParser_AnswerParserUnorderedList__P_1FW\">\n<li class=\"AnswerParser_ListItem__XqLOV\" translate=\"yes\"><strong>Sara T.<\/strong>: \u00bbSkrbelo me je, da bi se moja ma\u010dka izgubila, zdaj pa se po\u010dutim veliko bolje, ko vem, da ima mikro\u010dip. To je majhna cena za njeno varnost!\u00ab<\/li>\n<li class=\"AnswerParser_ListItem__XqLOV\" translate=\"yes\"><strong>John D.<\/strong>: \u00bbPostopek implantacije je bil hiter in enostaven. Zelo priporo\u010dam ta izdelek vsem lastnikom hi\u0161nih ljubljen\u010dkov.\u201d<\/li>\n<\/ul>\n<h2 class=\"AnswerParser_AnswerParserH2__SIHnF\">pogosta vpra\u0161anja<\/h2>\n<h3 class=\"AnswerParser_AnswerParserH3__Mpe4s\">Kako deluje RFID mikro\u010dip za hi\u0161ne ljubljen\u010dke?<\/h3>\n<p><span class=\"AnswerParser_TextContainer__z_Iiv\" data-testid=\"youchat-text\">Mikro\u010dip uporablja radiofrekven\u010dno identifikacijsko tehnologijo za prenos edinstvene identifikacijske \u0161tevilke va\u0161ega ljubljen\u010dka na skener. Te podatke je nato mogo\u010de povezati z va\u0161imi kontaktnimi podatki.<\/span><\/p>\n<h3 class=\"AnswerParser_AnswerParserH3__Mpe4s\">Ali je postopek implantacije bole\u010d za mojega ljubljen\u010dka?<\/h3>\n<p><span class=\"AnswerParser_TextContainer__z_Iiv\" data-testid=\"youchat-text\">Implantacija je podobna rutinskemu cepljenju in je na splo\u0161no hitra in nebole\u010da. Ve\u010dina hi\u0161nih ljubljen\u010dkov do\u017eivlja minimalno nelagodje.<\/span><\/p>\n<h3 class=\"AnswerParser_AnswerParserH3__Mpe4s\">Ali je mikro\u010dip mogo\u010de odstraniti?<\/h3>\n<p><span class=\"AnswerParser_TextContainer__z_Iiv\" data-testid=\"youchat-text\">Ne, RFID mikro\u010dip za hi\u0161ne ljubljen\u010dke je zasnovan kot stalna oblika identifikacije. Po implantaciji ga ni mogo\u010de odstraniti.<\/span><\/p>\n<h3 class=\"AnswerParser_AnswerParserH3__Mpe4s\">Kaj pa, \u010de se moj ljubljen\u010dek izgubi?<\/h3>\n<p><span class=\"AnswerParser_TextContainer__z_Iiv\" data-testid=\"youchat-text\">\u010ce je va\u0161 hi\u0161ni ljubljen\u010dek najden in skeniran, bo edinstvena ID \u0161tevilka omogo\u010dila dostop do va\u0161ih kontaktnih podatkov, kar bo omogo\u010dilo hitro ponovno sre\u010danje.<\/span><\/p>\n<h2 class=\"AnswerParser_AnswerParserH2__SIHnF\">Zaklju\u010dek<\/h2>\n<p><span class=\"AnswerParser_TextContainer__z_Iiv\" data-testid=\"youchat-text\">Vlaganje v\u00a0<strong>Kapsula z mikro\u010dipom RFID za hi\u0161ne ljubljen\u010dke<\/strong>\u00a0je proaktiven korak k zagotavljanju varnosti in dobrega po\u010dutja va\u0161ega ljubljen\u010dka. S svojo napredno tehnologijo, trpe\u017enimi materiali in preprosto uporabo je ta mikro\u010dip bistveno orodje za odgovorno lastni\u0161tvo hi\u0161nih ljubljen\u010dkov. Ne \u010dakajte, da bo prepozno \u2013 s to zanesljivo re\u0161itvijo za identifikacijo zagotovite prihodnost svojega ljubljen\u010dka \u0161e danes.<\/span><span class=\"AnswerParser_TextContainer__z_Iiv\" data-testid=\"youchat-text\">Za ve\u010d informacij ali oddajo naro\u010dila izpolnite obrazec za povpra\u0161evanje. Va\u0161 ljubljen\u010dek si zaslu\u017ei najbolj\u0161e!<\/span><\/p>","protected":false},"excerpt":{"rendered":"<p>Kapsula za vsadek mikro\u010dipa za hi\u0161ne ljubljen\u010dke RFID ponuja zanesljivo, humano identifikacijo \u017eivali s trajno zasnovo iz biostekla, ki zagotavlja varnost in natan\u010dnost za razli\u010dne vrste.<\/p>","protected":false},"featured_media":2787,"template":"","meta":{"_kad_post_transparent":"default","_kad_post_title":"","_kad_post_layout":"default","_kad_post_sidebar_id":"","_kad_post_content_style":"default","_kad_post_vertical_padding":"default","_kad_post_feature":"","_kad_post_feature_position":"","_kad_post_header":false,"_kad_post_footer":false,"_kad_post_classname":""},"product_brand":[],"product_cat":[54],"product_tag":[327,326,329,328],"class_list":{"0":"post-2790","1":"product","2":"type-product","3":"status-publish","4":"has-post-thumbnail","6":"product_cat-hot-selling-rfid-tags","7":"product_tag-fdx-b-134-2khz-rfid-animal-tag","8":"product_tag-rfid-animal-id-glass-tag","9":"product_tag-rfid-glass-tag-syringe-animal-microchip","10":"product_tag-rfid-pet-microchip-implant-capsule","12":"first","13":"instock","14":"shipping-taxable","15":"product-type-simple","16":"entry","17":"content-bg","18":"loop-entry"},"_links":{"self":[{"href":"https:\/\/rfid-laundry-tag.com\/sl\/wp-json\/wp\/v2\/product\/2790","targetHints":{"allow":["GET"]}}],"collection":[{"href":"https:\/\/rfid-laundry-tag.com\/sl\/wp-json\/wp\/v2\/product"}],"about":[{"href":"https:\/\/rfid-laundry-tag.com\/sl\/wp-json\/wp\/v2\/types\/product"}],"version-history":[{"count":1,"href":"https:\/\/rfid-laundry-tag.com\/sl\/wp-json\/wp\/v2\/product\/2790\/revisions"}],"predecessor-version":[{"id":2791,"href":"https:\/\/rfid-laundry-tag.com\/sl\/wp-json\/wp\/v2\/product\/2790\/revisions\/2791"}],"wp:featuredmedia":[{"embeddable":true,"href":"https:\/\/rfid-laundry-tag.com\/sl\/wp-json\/wp\/v2\/media\/2787"}],"wp:attachment":[{"href":"https:\/\/rfid-laundry-tag.com\/sl\/wp-json\/wp\/v2\/media?parent=2790"}],"wp:term":[{"taxonomy":"product_brand","embeddable":true,"href":"https:\/\/rfid-laundry-tag.com\/sl\/wp-json\/wp\/v2\/product_brand?post=2790"},{"taxonomy":"product_cat","embeddable":true,"href":"https:\/\/rfid-laundry-tag.com\/sl\/wp-json\/wp\/v2\/product_cat?post=2790"},{"taxonomy":"product_tag","embeddable":true,"href":"https:\/\/rfid-laundry-tag.com\/sl\/wp-json\/wp\/v2\/product_tag?post=2790"}],"curies":[{"name":"delovni list","href":"https:\/\/api.w.org\/{rel}","templated":true}]}}