{"id":2784,"date":"2024-10-29T10:04:23","date_gmt":"2024-10-29T10:04:23","guid":{"rendered":"https:\/\/rfid-laundry-tag.com\/?post_type=product&#038;p=2784"},"modified":"2024-10-29T10:32:07","modified_gmt":"2024-10-29T10:32:07","slug":"134-2khz-tube-rfid-glass-tag","status":"publish","type":"product","link":"https:\/\/rfid-laundry-tag.com\/sl\/134-2khz-tube-rfid-glass-tag\/","title":{"rendered":"134,2 KHz cevna RFID steklena oznaka"},"content":{"rendered":"<p><span class=\"AnswerParser_TextContainer__z_Iiv\" data-testid=\"youchat-text\"><strong>134,2 KHz cevna RFID steklena oznaka<\/strong>\u00a0je inovativna in zanesljiva re\u0161itev za identifikacijo in upravljanje \u017eivali. Ta steklena oznaka RFID, zasnovana posebej za izpolnjevanje standardov ISO, zagotavlja izjemno raven natan\u010dnosti in vzdr\u017eljivosti, zaradi \u010desar je idealna izbira za lastnike hi\u0161nih ljubljen\u010dkov, veterinarje in skrbnike \u017eivine. Ta izdelek s svojo kompaktno velikostjo in naprednimi funkcijami zagotavlja u\u010dinkovito sledenje in identifikacijo \u017eivali ter izbolj\u0161uje prakse upravljanja v razli\u010dnih aplikacijah.<\/span><\/p>\n<h2 class=\"AnswerParser_AnswerParserH2__SIHnF\">Prednosti 134,2 KHz cevi RFID steklene oznake<\/h2>\n<p><span class=\"AnswerParser_TextContainer__z_Iiv\" data-testid=\"youchat-text\">Nalo\u017eba v 134,2 KHz cevno RFID stekleno oznako ponuja \u0161tevilne prednosti. Zagotavlja brezhibno identifikacijsko metodo, ki ni samo u\u010dinkovita, ampak tudi humana. Oznaka je narejena iz biostekla, kar zagotavlja, da je varna za \u017eivalsko implantacijo. Njegov medicinski postopek sterilizacije zagotavlja, da je vsaka oznaka brez kontaminantov, kar zmanj\u0161uje tveganje oku\u017eb. Poleg tega protibakterijske in protialergijske lastnosti oznake zagotavljajo, da se \u017eivalim po implantaciji udobno po\u010dutijo.<\/span><span class=\"AnswerParser_TextContainer__z_Iiv\" data-testid=\"youchat-text\">Ta steklena oznaka RFID je na voljo v razli\u010dnih velikostih (1.25<em>7 mm, 1,4<\/em>8 mm, 2<em>8 mm, 2<\/em>12 mm in 3 * 15 mm), za razli\u010dne \u017eivalske vrste in velikosti. Deluje pri delovni frekvenci 134,2 KHz, zaradi \u010desar je primeren za \u0161iroko paleto aplikacij, od vodenja hi\u0161nih ljubljen\u010dkov do sledenja \u017eivini.<\/span><\/p>\n<h2 class=\"AnswerParser_AnswerParserH2__SIHnF\">Oris izdelka<\/h2>\n<h3 class=\"AnswerParser_AnswerParserH3__Mpe4s\">1. Kaj je steklena oznaka RFID?<\/h3>\n<p><span class=\"AnswerParser_TextContainer__z_Iiv\" data-testid=\"youchat-text\">Steklene oznake RFID, znane tudi kot oznake kapsul RFID, so majhni transponderji, zasnovani predvsem za identifikacijo \u017eivali. Uporabljajo tehnologijo radiofrekven\u010dne identifikacije (RFID), ki omogo\u010da natan\u010dno sledenje in vodenje \u017eivali. 134,2 KHz cevna RFID steklena oznaka je posebej zasnovana za izpolnjevanje protokolov ISO11784\/785 in ISO14443A, kar zagotavlja zdru\u017eljivost z razli\u010dnimi sistemi RFID.<\/span><\/p>\n<h3 class=\"AnswerParser_AnswerParserH3__Mpe4s\">2. Klju\u010dne zna\u010dilnosti steklene oznake RFID 134,2 KHz<\/h3>\n<ul class=\"AnswerParser_AnswerParserUnorderedList__P_1FW\">\n<li class=\"AnswerParser_ListItem__XqLOV\" translate=\"yes\"><strong>Material<\/strong>: Steklena oznaka RFID je narejena iz biostekla, trpe\u017enega in biokompatibilnega materiala, ki zagotavlja varnost in dobro po\u010dutje vsajenih \u017eivali.<\/li>\n<li class=\"AnswerParser_ListItem__XqLOV\" translate=\"yes\"><strong>Dobavljive velikosti<\/strong>: Oznaka je na voljo v ve\u010d velikostih, vklju\u010dno z 1,25<em>7 mm (idealno za male hi\u0161ne ljubljen\u010dke), 2<\/em>12 mm (obi\u010dajno se uporablja za pse in ma\u010dke) in druge velikosti, primerne za razli\u010dne vrste.<\/li>\n<li class=\"AnswerParser_ListItem__XqLOV\" translate=\"yes\"><strong>Delovna frekvenca<\/strong>: Ta oznaka deluje pri frekvenci 134,2 KHz in je zasnovana za zanesljivo delovanje v razli\u010dnih okoljih.<\/li>\n<\/ul>\n<h3 class=\"AnswerParser_AnswerParserH3__Mpe4s\">3. Tehni\u010dne specifikacije<\/h3>\n<div class=\"AnswerParser_TableContainer__Erb6v\" data-testid=\"table-container\">\n<table>\n<thead>\n<tr>\n<th style=\"text-align: left;\">Specifikacija<\/th>\n<th style=\"text-align: left;\">Podrobnosti<\/th>\n<\/tr>\n<\/thead>\n<tbody>\n<tr>\n<td><strong>Material<\/strong><\/td>\n<td>Biosteklo<\/td>\n<\/tr>\n<tr>\n<td><strong>Razpolo\u017eljive velikosti<\/strong><\/td>\n<td>1.25<em>7 mm, 1,4<\/em>8 mm, 2<em>8 mm, 2<\/em>12mm, 3*15mm<\/td>\n<\/tr>\n<tr>\n<td><strong>Delovna frekvenca<\/strong><\/td>\n<td>134,2 kHz, 125 kHz, 13,56 MHz<\/td>\n<\/tr>\n<tr>\n<td><strong>Protokol<\/strong><\/td>\n<td>ISO11784\/785, ISO14443A<\/td>\n<\/tr>\n<tr>\n<td><strong>Sterilizacija<\/strong><\/td>\n<td>100% Medicinska sterilizacija<\/td>\n<\/tr>\n<tr>\n<td><strong>Lastnosti \u010dipa<\/strong><\/td>\n<td>Protibakterijsko, protialergijsko, proti zavra\u010danju<\/td>\n<\/tr>\n<\/tbody>\n<\/table>\n<\/div>\n<h3 class=\"AnswerParser_AnswerParserH3__Mpe4s\">4. Navodila za uporabo<\/h3>\n<p><span class=\"AnswerParser_TextContainer__z_Iiv\" data-testid=\"youchat-text\">Namestitev 134,2 KHz cevi RFID steklene oznake je enostavna. Lahko se enostavno vsadi z brizgo, zaradi \u010desar je hiter in nebole\u010d postopek za \u017eivali. Oznako je treba namestiti podko\u017eno, tako da ostane varno na mestu, hkrati pa zagotavlja zanesljivo identifikacijo.<\/span><\/p>\n<h3 class=\"AnswerParser_AnswerParserH3__Mpe4s\">5. Vpliv na okolje<\/h3>\n<p><span class=\"AnswerParser_TextContainer__z_Iiv\" data-testid=\"youchat-text\">Steklena oznaka RFID je zasnovana z minimalnim vplivom na okolje. Biosteklo je mogo\u010de reciklirati, proizvodni proces pa upo\u0161teva stroge okoljske standarde. Poleg tega so oznake izdelane v skladu s certifikatoma ISO 9001 in ISO 14001, kar zagotavlja trajnostno prakso v celotnem proizvodnem procesu.<\/span><\/p>\n<h3 class=\"AnswerParser_AnswerParserH3__Mpe4s\">6. Mnenja strank<\/h3>\n<p><span class=\"AnswerParser_TextContainer__z_Iiv\" data-testid=\"youchat-text\">Kupci so pohvalili 134,2 KHz cevno RFID stekleno oznako zaradi njene zanesljivosti in enostavne uporabe. \u0160tevilni veterinarji ga priporo\u010dajo za identifikacijo hi\u0161nih ljubljen\u010dkov, pri \u010demer ugotavljajo njegovo udobje za \u017eivali in natan\u010dnost pri sledenju. Upravljavci \u017eivine prav tako cenijo njegovo vzdr\u017eljivost in brezskrbnost, ki jo zagotavlja pri upravljanju svojih \u010dred.<\/span><\/p>\n<h3 class=\"AnswerParser_AnswerParserH3__Mpe4s\">7. Pogosta vpra\u0161anja<\/h3>\n<p><span class=\"AnswerParser_TextContainer__z_Iiv\" data-testid=\"youchat-text\"><strong>V: Kako dolgo traja steklena oznaka RFID?<\/strong><br \/>\nO: Steklena oznaka RFID je zasnovana za dolgotrajno uporabo, ki pogosto traja vse \u017eivljenje \u017eivali, \u010de je pravilno vstavljena.<\/span><\/p>\n<p><span class=\"AnswerParser_TextContainer__z_Iiv\" data-testid=\"youchat-text\"><strong>V: Ali je oznaka varna za vse \u017eivali?<\/strong><br \/>\nO: Da, material iz biostekla in medicinski postopki sterilizacije zagotavljajo, da je varen za vse vrste \u017eivali, vklju\u010dno s hi\u0161nimi ljubljen\u010dki in \u017eivino.<\/span><\/p>\n<p><span class=\"AnswerParser_TextContainer__z_Iiv\" data-testid=\"youchat-text\"><strong>V: Ali je oznako mogo\u010de prebrati na daljavo?<\/strong><br \/>\nO: Da, obseg branja se lahko razlikuje glede na uporabljeni \u010ditalnik, vendar obi\u010dajno omogo\u010da u\u010dinkovito skeniranje brez neposrednega stika.<\/span><\/p>\n<h3 class=\"AnswerParser_AnswerParserH3__Mpe4s\">8. Sorodni izdelki<\/h3>\n<p><span class=\"AnswerParser_TextContainer__z_Iiv\" data-testid=\"youchat-text\">Razi\u0161\u010dite na\u0161o ponudbo sorodnih izdelkov, vklju\u010dno z RFID nalepkami, RFID nalepkami in drugimi re\u0161itvami za ozna\u010devanje RFID, ki dopolnjujejo 134,2 KHz Tube RFID Glass Tag. Ti izdelki lahko izbolj\u0161ajo va\u0161e identifikacijske sisteme in poenostavijo postopke upravljanja z \u017eivalmi.<\/span><\/p>\n<h3 class=\"AnswerParser_AnswerParserH3__Mpe4s\">9. Zaklju\u010dek<\/h3>\n<p><span class=\"AnswerParser_TextContainer__z_Iiv\" data-testid=\"youchat-text\">The\u00a0<strong>134,2 KHz cevna RFID steklena oznaka<\/strong>\u00a0ponuja vrhunsko re\u0161itev za identifikacijo in upravljanje \u017eivali. S svojo robustno zasnovo, u\u010dinkovitim delovanjem in humano uporabo je zanesljivo orodje za lastnike hi\u0161nih ljubljen\u010dkov in skrbnike \u017eivine. Investirajte v prihodnost sledenja in upravljanja \u017eivali s to vrhunsko re\u0161itvijo RFID.<\/span><\/p>","protected":false},"excerpt":{"rendered":"<p>134,2 KHz cevna RFID steklena oznaka ponuja zanesljivo, humano identifikacijo \u017eivali s trpe\u017eno zasnovo iz biostekla, ki zagotavlja varnost in natan\u010dnost za razli\u010dne vrste.<\/p>","protected":false},"featured_media":2785,"template":"","meta":{"_kad_post_transparent":"default","_kad_post_title":"","_kad_post_layout":"default","_kad_post_sidebar_id":"","_kad_post_content_style":"default","_kad_post_vertical_padding":"default","_kad_post_feature":"","_kad_post_feature_position":"","_kad_post_header":false,"_kad_post_footer":false,"_kad_post_classname":""},"product_brand":[],"product_cat":[54],"product_tag":[327,326,328],"class_list":{"0":"post-2784","1":"product","2":"type-product","3":"status-publish","4":"has-post-thumbnail","6":"product_cat-hot-selling-rfid-tags","7":"product_tag-fdx-b-134-2khz-rfid-animal-tag","8":"product_tag-rfid-animal-id-glass-tag","9":"product_tag-rfid-pet-microchip-implant-capsule","11":"first","12":"instock","13":"shipping-taxable","14":"product-type-simple","15":"entry","16":"content-bg","17":"loop-entry"},"_links":{"self":[{"href":"https:\/\/rfid-laundry-tag.com\/sl\/wp-json\/wp\/v2\/product\/2784","targetHints":{"allow":["GET"]}}],"collection":[{"href":"https:\/\/rfid-laundry-tag.com\/sl\/wp-json\/wp\/v2\/product"}],"about":[{"href":"https:\/\/rfid-laundry-tag.com\/sl\/wp-json\/wp\/v2\/types\/product"}],"version-history":[{"count":1,"href":"https:\/\/rfid-laundry-tag.com\/sl\/wp-json\/wp\/v2\/product\/2784\/revisions"}],"predecessor-version":[{"id":2789,"href":"https:\/\/rfid-laundry-tag.com\/sl\/wp-json\/wp\/v2\/product\/2784\/revisions\/2789"}],"wp:featuredmedia":[{"embeddable":true,"href":"https:\/\/rfid-laundry-tag.com\/sl\/wp-json\/wp\/v2\/media\/2785"}],"wp:attachment":[{"href":"https:\/\/rfid-laundry-tag.com\/sl\/wp-json\/wp\/v2\/media?parent=2784"}],"wp:term":[{"taxonomy":"product_brand","embeddable":true,"href":"https:\/\/rfid-laundry-tag.com\/sl\/wp-json\/wp\/v2\/product_brand?post=2784"},{"taxonomy":"product_cat","embeddable":true,"href":"https:\/\/rfid-laundry-tag.com\/sl\/wp-json\/wp\/v2\/product_cat?post=2784"},{"taxonomy":"product_tag","embeddable":true,"href":"https:\/\/rfid-laundry-tag.com\/sl\/wp-json\/wp\/v2\/product_tag?post=2784"}],"curies":[{"name":"delovni list","href":"https:\/\/api.w.org\/{rel}","templated":true}]}}