{"id":2775,"date":"2024-10-24T16:17:52","date_gmt":"2024-10-24T16:17:52","guid":{"rendered":"https:\/\/rfid-laundry-tag.com\/?post_type=product&#038;p=2775"},"modified":"2024-10-29T09:32:48","modified_gmt":"2024-10-29T09:32:48","slug":"waterproof-washable-uhf-textile-rfid-laundry-tag-with-hole","status":"publish","type":"product","link":"https:\/\/rfid-laundry-tag.com\/sl\/waterproof-washable-uhf-textile-rfid-laundry-tag-with-hole\/","title":{"rendered":"Vodoodporna pralna UHF tekstilna oznaka za perilo RFID z luknjo"},"content":{"rendered":"<h1><strong>Vodoodporna pralna UHF tekstilna oznaka za perilo RFID z luknjo<\/strong><\/h1>\n<p><strong>Vodoodporna pralna UHF tekstilna oznaka za perilo RFID z luknjo,<\/strong>revolucionaren izdelek, prilagojen za izbolj\u0161anje sledenja in upravljanja kosov perila. Ta oznaka RFID, zasnovana za vzdr\u017eljivost in enostavnost uporabe, je klju\u010dnega pomena za ohranjanje u\u010dinkovitosti delovanja v razli\u010dnih okoljih, od industrijskih pralnic do bolni\u0161nic in hotelov. Berite naprej, \u010de \u017eelite odkriti \u0161tevilne prednosti vklju\u010ditve teh oznak v va\u0161e pralnice.<\/p>\n<table class=\"all magic-7\">\n<tbody>\n<tr>\n<td colspan=\"1\" rowspan=\"1\">\n<div class=\"magic-8\" data-spm-anchor-id=\"a2700.details.0.i41.3a7a13dayRHcNe\">Standard RFID:<\/div>\n<\/td>\n<td colspan=\"1\" rowspan=\"1\">\n<div class=\"magic-9\">ISO\/IEC 18000-6 TypeC (EPC Gen2)<\/div>\n<\/td>\n<\/tr>\n<tr>\n<td colspan=\"1\" rowspan=\"1\">\n<div class=\"magic-8\">Velikost in te\u017ea:<\/div>\n<\/td>\n<td colspan=\"1\" rowspan=\"1\">\n<div class=\"magic-9\">70\u00d715 mm, 0,7g<\/div>\n<\/td>\n<\/tr>\n<tr>\n<td colspan=\"1\" rowspan=\"1\">\n<div class=\"magic-8\">Vrsta \u010dipa:<\/div>\n<\/td>\n<td colspan=\"1\" rowspan=\"1\">\n<div class=\"magic-9\">NXP Ucode 9<\/div>\n<\/td>\n<\/tr>\n<tr>\n<td colspan=\"1\" rowspan=\"1\">\n<div class=\"magic-8\">Pomnilnik EPC:<\/div>\n<\/td>\n<td colspan=\"1\" rowspan=\"1\">\n<div class=\"magic-9\">128 bitov<\/div>\n<\/td>\n<\/tr>\n<tr>\n<td colspan=\"1\" rowspan=\"1\">\n<div class=\"magic-8\">Uporabni\u0161ki pomnilnik:<\/div>\n<\/td>\n<td colspan=\"1\" rowspan=\"1\">\n<div class=\"magic-9\">96 bitov<\/div>\n<\/td>\n<\/tr>\n<tr>\n<td colspan=\"1\" rowspan=\"1\">\n<div class=\"magic-8\">Obseg branja (fiksni bralnik):<\/div>\n<\/td>\n<td colspan=\"1\" rowspan=\"1\">\n<div class=\"magic-9\">10m<\/div>\n<\/td>\n<\/tr>\n<tr>\n<td colspan=\"1\" rowspan=\"1\">\n<div class=\"magic-8\">Obseg branja (ro\u010dni bralnik):<\/div>\n<\/td>\n<td colspan=\"1\" rowspan=\"1\">\n<div class=\"magic-9\">8m<\/div>\n<\/td>\n<\/tr>\n<tr>\n<td colspan=\"1\" rowspan=\"1\">\n<div class=\"magic-8\">Ozna\u010devanje:<\/div>\n<\/td>\n<td colspan=\"1\" rowspan=\"1\">\n<div class=\"magic-9\">\u0160ivanje, toplotno varjenje<\/div>\n<\/td>\n<\/tr>\n<tr>\n<td colspan=\"1\" rowspan=\"1\">\n<div class=\"magic-8\">Predvidena \u017eivljenjska doba:<\/div>\n<\/td>\n<td colspan=\"1\" rowspan=\"1\">\n<div class=\"magic-9\">200 ciklov pranja ali 3 leta, kar nastopi prej<\/div>\n<\/td>\n<\/tr>\n<tr>\n<td colspan=\"1\" rowspan=\"1\">\n<div class=\"magic-8\">Metoda pranja:<\/div>\n<\/td>\n<td colspan=\"1\" rowspan=\"1\">\n<div class=\"magic-9\">Pralnica, kemi\u010dna \u010distilnica<\/div>\n<\/td>\n<\/tr>\n<tr>\n<td colspan=\"1\" rowspan=\"1\">\n<div class=\"magic-8\">Pritisk vode:<\/div>\n<\/td>\n<td colspan=\"1\" rowspan=\"1\">\n<div class=\"magic-9\">60 barov<\/div>\n<\/td>\n<\/tr>\n<tr>\n<td colspan=\"1\" rowspan=\"1\">\n<div class=\"magic-8\">Vodoodpornost:<\/div>\n<\/td>\n<td colspan=\"1\" rowspan=\"1\">\n<div class=\"magic-9\">Vodoodporen<\/div>\n<\/td>\n<\/tr>\n<tr>\n<td colspan=\"1\" rowspan=\"1\">\n<div class=\"magic-8\">Kemi\u010dna odpornost:<\/div>\n<\/td>\n<td colspan=\"1\" rowspan=\"1\">\n<div class=\"magic-9\">Detergent, meh\u010dalec, belilo (kisik\/klor), alkalije<\/div>\n<\/td>\n<\/tr>\n<tr>\n<td colspan=\"1\" rowspan=\"1\">\n<div class=\"magic-8\">Predhodno su\u0161enje v me\u0161alniku:<\/div>\n<\/td>\n<td colspan=\"1\" rowspan=\"1\">\n<div class=\"magic-9\">125 \u00baC 15-20 minut<\/div>\n<\/td>\n<\/tr>\n<tr>\n<td colspan=\"1\" rowspan=\"1\">\n<div class=\"magic-8\" data-spm-anchor-id=\"a2700.details.0.i43.3a7a13dayRHcNe\">Temperatura sterilizacije:<\/div>\n<\/td>\n<td colspan=\"1\" rowspan=\"1\">\n<div class=\"magic-9\">135\u00b0C 15-20 minut<\/div>\n<\/td>\n<\/tr>\n<tr>\n<td colspan=\"1\" rowspan=\"1\">\n<div class=\"magic-8\">Temperatura pranja:<\/div>\n<\/td>\n<td colspan=\"1\" rowspan=\"1\">\n<div class=\"magic-9\">90\u00b0C, do 15 min.<\/div>\n<\/td>\n<\/tr>\n<tr>\n<td colspan=\"1\" rowspan=\"1\">\n<div class=\"magic-8\">Vla\u017enost\/temperatura - delovanje:<\/div>\n<\/td>\n<td colspan=\"1\" rowspan=\"1\">\n<div class=\"magic-9\" data-spm-anchor-id=\"a2700.details.0.i42.3a7a13dayRHcNe\">-20 do 110 \u00b0C, 8 do 95%RH<\/div>\n<\/td>\n<\/tr>\n<tr>\n<td colspan=\"1\" rowspan=\"1\">\n<div class=\"magic-8\">Vla\u017enost\/temperatura-skladi\u0161\u010denje:<\/div>\n<\/td>\n<td colspan=\"1\" rowspan=\"1\">\n<div class=\"magic-9\">-40 do 110 \u00b0C, 8 do 95%RH<\/div>\n<\/td>\n<\/tr>\n<\/tbody>\n<\/table>\n<h3>Zakaj izbrati nepremo\u010dljive pralne UHF tekstilne RFID oznake za perilo?<\/h3>\n<p>Vlaganje v oznake za pranje perila RFID ponuja \u0161tevilne prednosti, ki podjetjem omogo\u010dajo racionalizacijo njihovih procesov. Tukaj je nekaj prepri\u010dljivih razlogov, da razmislite o\u00a0<strong>RFID oznaka za perilo<\/strong>\u00a0za va\u0161e pranje perila:<\/p>\n<ul>\n<li><strong>Izbolj\u0161ano sledenje in upravljanje:<\/strong>\u00a0Poslovite se od izgubljenih ali zalo\u017eenih predmetov. Tehnologija UHF zagotavlja natan\u010dno sledenje vsakemu obla\u010dilu ali perilu, kar zmanj\u0161a ro\u010dne napake in izbolj\u0161a upravljanje zalog.<\/li>\n<li><strong>Vzdr\u017eljivost in zanesljivost:<\/strong>\u00a0Te oznake RFID so izdelane tako, da prenesejo stroge pogoje pranja perila, lahko prenesejo visoke temperature in ve\u010d ciklov pranja (do 200), zaradi \u010desar so idealna re\u0161itev za komercialne in industrijske pralnice.<\/li>\n<li><strong>Vsestranskost v uporabi:<\/strong>\u00a0Z mo\u017enostjo \u0161ivanja ali toplotnega varjenja na razli\u010dne tekstilije, ti\u00a0<strong>pralne oznake RFID<\/strong>\u00a0so kot nala\u0161\u010d za hotele, bolni\u0161nice in druge objekte, ki zahtevajo strogo ravnanje s perilom.<\/li>\n<\/ul>\n<h3>Klju\u010dne zna\u010dilnosti vodoodporne pralne UHF tekstilne oznake za perilo RFID<\/h3>\n<h4>1. Napredna tehnologija RFID<\/h4>\n<p>Na\u0161\u00a0<strong>RFID oznake za perilo<\/strong>\u00a0so skladni z ISO\/IEC 18000-6 Type C (EPC Gen2), kar zagotavlja, da izpolnjujejo industrijske standarde za zmogljivost in zanesljivost. Integracija vrhunske tehnologije UHF omogo\u010da hiter prenos podatkov in u\u010dinkovite procese sledenja.<\/p>\n<h4>2. Velikost in te\u017ea<\/h4>\n<p>Z dimenzijami\u00a0<strong>70\u00d715 mm<\/strong>\u00a0in lahek dizajn le\u00a0<strong>0,7 g<\/strong>, je te oznake enostavno vklju\u010diti v katero koli obla\u010dilo, ne da bi dodali koli\u010dino ali neudobje. Kompaktna velikost omogo\u010da brezhibno integracijo v razli\u010dne tekstilije, bodisi za\u00a0<strong>uniforme, perilo ali drugo perilo<\/strong>.<\/p>\n<h4>3. Visoko bralno obmo\u010dje<\/h4>\n<p>The\u00a0<strong>obseg branja<\/strong>\u00a0je klju\u010dni dejavnik za u\u010dinkovite sisteme RFID. Na\u0161e oznake lahko dose\u017eejo a\u00a0<strong>razdalja branja do 10 metrov s fiksnimi \u010ditalniki<\/strong>\u00a0in\u00a0<strong>8 metrov z ro\u010dnimi \u010ditalniki<\/strong>. Ta raz\u0161irjeni obseg optimizira postopek sledenja, kar omogo\u010da u\u010dinkovito preverjanje zalog in upravljanje poteka dela v \u017eivahnih okoljih pralnic.<\/p>\n<h4>4. Vzdr\u017eljiv v te\u017ekih pogojih<\/h4>\n<p>Ti so zasnovani za vzdr\u017eljivost\u00a0<strong>vodotesne oznake RFID<\/strong>\u00a0lahko prenese stroge postopke \u010di\u0161\u010denja, vklju\u010dno z:<\/p>\n<ul>\n<li><strong>Temperatura pranja:<\/strong>\u00a0Do\u00a0<strong>90\u00b0C<\/strong>\u00a015 minut, kar zagotavlja temeljito \u010di\u0161\u010denje.<\/li>\n<li><strong>Temperatura sterilizacije:<\/strong>\u00a0Sposoben prenesti postopke sterilizacije pri\u00a0<strong>135\u00b0C<\/strong>\u00a015-20 minut, zaradi \u010desar so primerni za medicinska okolja.<\/li>\n<li><strong>Kemi\u010dna odpornost:<\/strong>\u00a0Odporen na obi\u010dajne kemikalije za pranje perila, kot so detergenti, meh\u010dalci in belila, kar zagotavlja dolgo \u017eivljenjsko dobo in dosledno delovanje.<\/li>\n<\/ul>\n<h4>5. Okoljski vidiki<\/h4>\n<p>Te oznake so zasnovane tako, da vzdr\u017eijo\u00a0<strong>visoki pritiski \u010drpanja vode<\/strong>\u00a0od do\u00a0<strong>60 barov<\/strong>, ki zagotavljajo, da ostanejo funkcionalni tudi v najzahtevnej\u0161ih pogojih pranja. Uporabljeni materiali so okolju prijazni, kar dodatno pove\u010duje njihovo vrednost.<\/p>\n<h4>6. Navodila za \u017eivljenjsko dobo in uporabo<\/h4>\n<p>Z ocenjeno \u017eivljenjsko dobo\u00a0<strong>200 ciklov pranja ali 3 leta<\/strong>\u00a0(kar nastopi prej), so na\u0161e oznake za perilo RFID izdelane tako, da trajajo. Brezhibno lahko preidejo iz okolja pralnice v okolje kemi\u010dnega \u010di\u0161\u010denja, zaradi \u010desar so vsestranski za razli\u010dne operativne potrebe.<\/p>\n<h3>Sorodni izdelki<\/h3>\n<p>Za dopolnitev na\u0161ega\u00a0<strong>nepremo\u010dljive pralne UHF tekstilne oznake za perilo RFID<\/strong>, razmislite o raziskovanju teh povezanih izdelkov:<\/p>\n<ul>\n<li><strong>\u010citalniki RFID:<\/strong>\u00a0Bistvena orodja za u\u010dinkovito branje in sledenje oznakam RFID v va\u0161i dejavnosti.<\/li>\n<li><strong>Potreb\u0161\u010dine za ozna\u010devanje:<\/strong>\u00a0Mo\u017enosti \u0161ivanja, toplotnega varjenja ali pritrjevanja oznak RFID na razli\u010dne tekstilije.<\/li>\n<li><strong>Programske re\u0161itve:<\/strong>\u00a0Programska oprema za upravljanje RFID za sledenje zalogam in izbolj\u0161anje va\u0161ega sistema za upravljanje perila.<\/li>\n<\/ul>\n<h3>Vpliv na okolje in koristi za industrijo<\/h3>\n<ol>\n<li><strong>Zmanj\u0161ana koli\u010dina odpadkov:<\/strong>\u00a0Z u\u010dinkovitim sledenjem posteljnini in obla\u010dilom te oznake pomagajo zmanj\u0161ati koli\u010dino odpadkov zaradi izgubljenih ali zalo\u017eenih predmetov, kar prispeva k bolj trajnostnim praksam v industriji pranja perila.<\/li>\n<li><strong>Optimizirano upravljanje virov:<\/strong>\u00a0U\u010dinkovito sledenje vodi do optimiziranih postopkov pranja perila, kar zagotavlja, da se vsa posteljnina in obla\u010dila ohranjajo na najvi\u0161ji ravni, kar na koncu podalj\u0161a njihovo \u017eivljenjsko dobo in zmanj\u0161a stro\u0161ke zamenjave.<\/li>\n<li><strong>Izbolj\u0161ano zadovoljstvo strank:<\/strong>\u00a0U\u010dinkovito upravljanje zalog pomeni, da stranke prejmejo svoje perilo pravo\u010dasno in organizirano, kar vodi k bolj\u0161im uporabni\u0161kim izku\u0161njam v panogah, kot sta gostinstvo in zdravstvo.<\/li>\n<\/ol>\n<h3>Mnenja in izku\u0161nje strank<\/h3>\n<p>Na\u0161e stranke so poro\u010dale o znatnih izbolj\u0161avah pri pranju perila po uvedbi na\u0161ih nepremo\u010dljivih pralnih UHF tekstilnih RFID oznak za perilo. Tukaj je nekaj pri\u010devanj:<\/p>\n<ul>\n<li><strong>\u00bbOdkar smo za\u010deli uporabljati te oznake za perilo RFID, smo drasti\u010dno zmanj\u0161ali \u010das, porabljen za iskanje izgubljenih predmetov. Na\u0161a u\u010dinkovitost se je izbolj\u0161ala in na\u0161e osebje se lahko osredoto\u010di na zagotavljanje kakovostnih storitev,\u00ab<\/strong>\u00a0pravi Linda, vodja lokalnega hotela.<\/li>\n<li><strong>\u00bbTrajnost teh oznak je bila impresivna. Prenesejo na\u0161e stroge cikle pranja in \u0161e vedno delujejo brezhibno. Zelo jih priporo\u010dam za vsako komercialno pralnico perila,\u00ab<\/strong>\u00a0pravi Mark, operativni vodja v industrijski pralnici.<\/li>\n<\/ul>\n<h3>Pogosto zastavljena vpra\u0161anja (FAQ)<\/h3>\n<h4>1. Kak\u0161no je obmo\u010dje delovne temperature za te oznake RFID?<\/h4>\n<p>Oznake RFID lahko delujejo v temperaturnem obmo\u010dju od\u00a0<strong>-20 do 110\u00b0C<\/strong>\u00a0in tolerirati\u00a0<strong>8 do 95% relativne vla\u017enosti<\/strong>, kar zagotavlja, da lahko delujejo v razli\u010dnih okoljih.<\/p>\n<h4>2. Kako naj RFID oznake za perilo pritrdim na obla\u010dila?<\/h4>\n<p>Oznake lahko pritrdite z\u00a0<strong>\u0161ivanje ali toplotno varjenje<\/strong>, ki zagotavlja prilagodljivost glede na va\u0161e operativne potrebe in vrste obla\u010dil.<\/p>\n<h4>3. Ali se lahko te oznake uporabljajo za kemi\u010dno \u010di\u0161\u010denje?<\/h4>\n<p>Da, te oznake RFID so dovolj vsestranske za uporabo v obeh\u00a0<strong>nastavitve pranja in kemi\u010dnega \u010di\u0161\u010denja<\/strong>.<\/p>\n<h4>4. Kako \u010dim bolj podalj\u0161am \u017eivljenjsko dobo svojih oznak za perilo RFID?<\/h4>\n<p>Da zagotovite dolgo \u017eivljenjsko dobo, upo\u0161tevajte prilo\u017eena navodila za pranje in su\u0161enje ter se izogibajte izpostavljenosti ekstremnim kemikalijam razen standardnih detergentov in meh\u010dalcev.<\/p>\n<h3>Zaklju\u010dek: Preoblikujte svoje upravljanje perila s tehnologijo RFID<\/h3>\n<p>The\u00a0<strong>Vodoodporna pralna UHF tekstilna oznaka za perilo RFID z luknjo<\/strong>\u00a0je ve\u010d kot le pripomo\u010dek za pranje perila; je bistveno orodje za sodobno\u00a0<strong>upravljanje pralnice<\/strong>. Z nalo\u017ebo v trajne, zanesljive in za uporabo preproste oznake lahko poenostavite delovanje, zmanj\u0161ate izgube in pove\u010date splo\u0161no u\u010dinkovitost storitev pranja perila.<\/p>","protected":false},"excerpt":{"rendered":"<p>Vodoodporna pralna UHF tekstilna oznaka za perilo RFID z luknjo, zasnovana za vzdr\u017eljivost in u\u010dinkovito sledenje v industrijskih aplikacijah za pranje perila.<\/p>","protected":false},"featured_media":2776,"template":"","meta":{"_kad_post_transparent":"default","_kad_post_title":"","_kad_post_layout":"default","_kad_post_sidebar_id":"","_kad_post_content_style":"default","_kad_post_vertical_padding":"default","_kad_post_feature":"","_kad_post_feature_position":"","_kad_post_header":false,"_kad_post_footer":false,"_kad_post_classname":""},"product_brand":[],"product_cat":[19],"product_tag":[324,65,30,325],"class_list":{"0":"post-2775","1":"product","2":"type-product","3":"status-publish","4":"has-post-thumbnail","6":"product_cat-textile-rfid-laundry-tag","7":"product_tag-rfid-laundry-tag","8":"product_tag-textile-rfid-laundry-tags","9":"product_tag-uhf-rfid-laundry-tag","10":"product_tag-washable-rfid-laundry-tag","12":"first","13":"instock","14":"featured","15":"shipping-taxable","16":"product-type-simple","17":"entry","18":"content-bg","19":"loop-entry"},"_links":{"self":[{"href":"https:\/\/rfid-laundry-tag.com\/sl\/wp-json\/wp\/v2\/product\/2775","targetHints":{"allow":["GET"]}}],"collection":[{"href":"https:\/\/rfid-laundry-tag.com\/sl\/wp-json\/wp\/v2\/product"}],"about":[{"href":"https:\/\/rfid-laundry-tag.com\/sl\/wp-json\/wp\/v2\/types\/product"}],"version-history":[{"count":3,"href":"https:\/\/rfid-laundry-tag.com\/sl\/wp-json\/wp\/v2\/product\/2775\/revisions"}],"predecessor-version":[{"id":2782,"href":"https:\/\/rfid-laundry-tag.com\/sl\/wp-json\/wp\/v2\/product\/2775\/revisions\/2782"}],"wp:featuredmedia":[{"embeddable":true,"href":"https:\/\/rfid-laundry-tag.com\/sl\/wp-json\/wp\/v2\/media\/2776"}],"wp:attachment":[{"href":"https:\/\/rfid-laundry-tag.com\/sl\/wp-json\/wp\/v2\/media?parent=2775"}],"wp:term":[{"taxonomy":"product_brand","embeddable":true,"href":"https:\/\/rfid-laundry-tag.com\/sl\/wp-json\/wp\/v2\/product_brand?post=2775"},{"taxonomy":"product_cat","embeddable":true,"href":"https:\/\/rfid-laundry-tag.com\/sl\/wp-json\/wp\/v2\/product_cat?post=2775"},{"taxonomy":"product_tag","embeddable":true,"href":"https:\/\/rfid-laundry-tag.com\/sl\/wp-json\/wp\/v2\/product_tag?post=2775"}],"curies":[{"name":"delovni list","href":"https:\/\/api.w.org\/{rel}","templated":true}]}}