{"id":277,"date":"2024-06-26T08:06:00","date_gmt":"2024-06-26T08:06:00","guid":{"rendered":"https:\/\/rfid-laundry-tag.com\/?post_type=product&#038;p=277"},"modified":"2024-06-26T08:06:01","modified_gmt":"2024-06-26T08:06:01","slug":"on-metal-uhf-rfid-sticker","status":"publish","type":"product","link":"https:\/\/rfid-laundry-tag.com\/sl\/on-metal-uhf-rfid-sticker\/","title":{"rendered":"Na kovinski UHF RFID nalepki"},"content":{"rendered":"<table style=\"border-collapse: collapse; width: 370.82pt;\" border=\"0\" width=\"618\" cellspacing=\"0\" cellpadding=\"0\">\n<tbody>\n<tr style=\"height: 17.40pt;\">\n<td class=\"et2\" style=\"height: 17.40pt; width: 127.80pt;\" width=\"213\" height=\"29\">Ime izdelka<\/td>\n<td class=\"et3\" style=\"width: 243.00pt;\" width=\"405\">Na kovinski UHF RFID nalepki<\/td>\n<\/tr>\n<tr style=\"height: 41.00pt;\">\n<td class=\"et4\" style=\"height: 41.00pt; width: 127.80pt;\" width=\"213\" height=\"68\">Material<\/td>\n<td class=\"et5\" style=\"width: 243.00pt;\" width=\"405\">Premazan papir + EFVA pena<\/td>\n<\/tr>\n<tr style=\"height: 25.00pt;\">\n<td class=\"et4\" style=\"height: 25.00pt; width: 127.80pt;\" width=\"213\" height=\"41\">Velikost<\/td>\n<td class=\"et5\" style=\"width: 243.00pt;\" width=\"405\">90*25*1,2 mm, 60*25*1,2 mm, 70*30 itd<\/td>\n<\/tr>\n<tr style=\"height: 17.40pt;\">\n<td class=\"et4\" style=\"height: 17.40pt; width: 127.80pt;\" width=\"213\" height=\"29\">\u010dip<\/td>\n<td class=\"et5\" style=\"width: 243.00pt;\" width=\"405\">Monza R6, U9 itd<\/td>\n<\/tr>\n<tr style=\"height: 40.00pt;\">\n<td class=\"et4\" style=\"height: 40.00pt; width: 127.80pt;\" width=\"213\" height=\"66\">Protokol<\/td>\n<td class=\"et5\" style=\"width: 243.00pt;\" width=\"405\">ISO\/IEC18000-6C<\/td>\n<\/tr>\n<tr style=\"height: 17.40pt;\">\n<td class=\"et4\" style=\"height: 17.40pt; width: 127.80pt;\" width=\"213\" height=\"29\">Pogostost<\/td>\n<td class=\"et5\" style=\"width: 243.00pt;\" width=\"405\">902-928MHz<\/td>\n<\/tr>\n<tr style=\"height: 63.00pt;\">\n<td class=\"et4\" style=\"height: 63.00pt; width: 127.80pt;\" width=\"213\" height=\"105\">Personalizacija<\/td>\n<td class=\"et5\" style=\"width: 243.00pt;\" width=\"405\">Tiskanje logotipa, kodiranje<\/td>\n<\/tr>\n<tr style=\"height: 60.00pt;\">\n<td class=\"et6\" style=\"height: 60.00pt; width: 127.80pt;\" width=\"213\" height=\"100\">Aplikacija<\/td>\n<td class=\"et7\" style=\"width: 243.00pt;\" width=\"405\">skladi\u0161\u010dna polica, sredstva IT\/kovinski zabojnik\/sledenje opremi in napravam<\/td>\n<\/tr>\n<\/tbody>\n<\/table>\n<p>&nbsp;<\/p>\n<p>Te nalepke so veliko la\u017eje, bolj prilagodljive, jih je mogo\u010de natisniti in vsestranske kot ve\u010dina trdih kovinskih oznak RFID, zato ponujajo vse te funkcije po precej ni\u017eji ceni. S temi protikovinskimi oznakami RFID ste prepri\u010dani o u\u010dinkovitosti in cenovni dostopnosti brez kompromisov glede delovanja.<\/p>\n<div class=\"auto-hide-last-sibling-br paragraph_9dc5f paragraph-element\">RFID oznaka za tiskanje na kovino ponuja \u0161tevilne pomembne funkcije, zaradi katerih je idealna izbira za razli\u010dne aplikacije:<\/div>\n<ol class=\"auto-hide-last-sibling-br\">\n<li>\n<div class=\"auto-hide-last-sibling-br paragraph_9dc5f paragraph-element\">Popolna zmogljivost RFID na kovinskih povr\u0161inah: oznaka je posebej zasnovana za zagotavljanje optimalne u\u010dinkovitosti, ko je pritrjena na kovinske entitete.<\/div>\n<\/li>\n<li>\n<div class=\"auto-hide-last-sibling-br paragraph_9dc5f paragraph-element\">Ultra-majhna in ultra-tanka: z debelino samo 1 mm je oznaka RFID neverjetno kompaktna, zaradi \u010desar je idealna za tiskanje s termi\u010dnim prenosom.<\/div>\n<\/li>\n<li>\n<div class=\"auto-hide-last-sibling-br paragraph_9dc5f paragraph-element\">Prilagodljivost: Oznaka je zasnovana tako, da je prilagodljiva, kar pomeni, da se lahko brez te\u017eav prilagodi ukrivljenim povr\u0161inam.<\/div>\n<\/li>\n<li>\n<div class=\"auto-hide-last-sibling-br paragraph_9dc5f paragraph-element\">Dolg razpon branja: Ko je oznaka pritrjena na kovinsko povr\u0161ino, se pona\u0161a z impresivnim razponom branja do 8 metrov, kar ponuja odli\u010dno sledljivost.<\/div>\n<\/li>\n<li>\n<div class=\"auto-hide-last-sibling-br paragraph_9dc5f paragraph-element\">Frekven\u010dna podpora: Oznaka podpira frekvence FCC (Zvezna komisija za komunikacije) in ETSI (Evropski in\u0161titut za telekomunikacijske standarde), zaradi \u010desar je prilagodljiva za uporabo v razli\u010dnih regijah.<\/div>\n<\/li>\n<li>\n<div class=\"auto-hide-last-sibling-br paragraph_9dc5f paragraph-element\">Vrhunska za\u0161\u010dita: z oznako IP68 je oznaka RFID neprepustna za prah in lahko vzdr\u017ei potopitev v vodo, zaradi \u010desar je odli\u010dna izbira za te\u017eka okolja ali aplikacije, kjer je potrebna odpornost na te\u017eke pogoje.<\/div>\n<\/li>\n<\/ol>\n<div class=\"auto-hide-last-sibling-br paragraph_9dc5f paragraph-element\">Te lastnosti skupaj naredijo RFID oznako za tiskanje na kovino mo\u010dno in vsestransko orodje za sledenje in upravljanje sredstev na kovinskih povr\u0161inah.<\/div>","protected":false},"excerpt":{"rendered":"<div class=\"auto-hide-last-sibling-br paragraph_9dc5f paragraph-element\">Izjemno tanka in upogljiva antimetalna UHF nalepka meri manj kot 1,2 mm v debelino. Te nalepke ponujajo zanesljivo re\u0161itev za tiskanje oznak sredstev RFID na kraju samem, zato jih je mogo\u010de preprosto natisniti in kodirati s tiskalnikom RFID, kot sta SATO CL4NX ali Toshiba SX-5. Ta vrsta nalepke RFID je mehka in prilagodljiva, zaradi \u010desar je popolnoma primeren za ravne ali minimalno ukrivljene kovinske povr\u0161ine. Ne glede na to, ali gre za sredstvo IT, medicinsko napravo, kovinsko cev ali kovinsko posodo, je ta oznaka idealna. Zdru\u017euje visoko zmogljivost in stro\u0161kovno u\u010dinkovitost v enem paketu.<\/div>","protected":false},"featured_media":278,"template":"","meta":{"_kad_post_transparent":"default","_kad_post_title":"","_kad_post_layout":"default","_kad_post_sidebar_id":"","_kad_post_content_style":"default","_kad_post_vertical_padding":"default","_kad_post_feature":"","_kad_post_feature_position":"","_kad_post_header":false,"_kad_post_footer":false,"_kad_post_classname":""},"product_brand":[],"product_cat":[54],"product_tag":[105],"class_list":{"0":"post-277","1":"product","2":"type-product","3":"status-publish","4":"has-post-thumbnail","6":"product_cat-hot-selling-rfid-tags","7":"product_tag-on-metal-uhf-rfid-sticker","9":"first","10":"instock","11":"shipping-taxable","12":"product-type-simple","13":"entry","14":"content-bg","15":"loop-entry"},"_links":{"self":[{"href":"https:\/\/rfid-laundry-tag.com\/sl\/wp-json\/wp\/v2\/product\/277","targetHints":{"allow":["GET"]}}],"collection":[{"href":"https:\/\/rfid-laundry-tag.com\/sl\/wp-json\/wp\/v2\/product"}],"about":[{"href":"https:\/\/rfid-laundry-tag.com\/sl\/wp-json\/wp\/v2\/types\/product"}],"version-history":[{"count":0,"href":"https:\/\/rfid-laundry-tag.com\/sl\/wp-json\/wp\/v2\/product\/277\/revisions"}],"wp:featuredmedia":[{"embeddable":true,"href":"https:\/\/rfid-laundry-tag.com\/sl\/wp-json\/wp\/v2\/media\/278"}],"wp:attachment":[{"href":"https:\/\/rfid-laundry-tag.com\/sl\/wp-json\/wp\/v2\/media?parent=277"}],"wp:term":[{"taxonomy":"product_brand","embeddable":true,"href":"https:\/\/rfid-laundry-tag.com\/sl\/wp-json\/wp\/v2\/product_brand?post=277"},{"taxonomy":"product_cat","embeddable":true,"href":"https:\/\/rfid-laundry-tag.com\/sl\/wp-json\/wp\/v2\/product_cat?post=277"},{"taxonomy":"product_tag","embeddable":true,"href":"https:\/\/rfid-laundry-tag.com\/sl\/wp-json\/wp\/v2\/product_tag?post=277"}],"curies":[{"name":"delovni list","href":"https:\/\/api.w.org\/{rel}","templated":true}]}}