{"id":2761,"date":"2024-10-21T16:41:28","date_gmt":"2024-10-21T16:41:28","guid":{"rendered":"https:\/\/rfid-laundry-tag.com\/?post_type=product&#038;p=2761"},"modified":"2024-10-21T16:54:52","modified_gmt":"2024-10-21T16:54:52","slug":"iso15693-i-code-slix-patrol-nfc-tag","status":"publish","type":"product","link":"https:\/\/rfid-laundry-tag.com\/sl\/iso15693-i-code-slix-patrol-nfc-tag\/","title":{"rendered":"ISO15693 I CODE SLIX Patrol NFC Tag"},"content":{"rendered":"<h1>ISO15693 I CODE SLIX Patrol NFC Tag<\/h1>\n<p>The\u00a0<strong>ICODE SLI X Patrol NFC Tag<\/strong>\u00a0je zasnovan za tiste, ki zahtevajo zanesljivost in zmogljivost v zahtevnih okoljih. To napredno\u00a0<strong>NFC oznaka<\/strong>\u00a0je kot nala\u0161\u010d za patruljiranje, saj omogo\u010da brezhibno komunikacijo z napravami, ki podpirajo NFC. Zgrajen tako, da vzdr\u017ei preizkus \u010dasa in te\u017ekih pogojev, ponuja neverjetno\u00a0<strong>IP65<\/strong>\u00a0oceno, ki zagotavlja, da ostane funkcionalen tudi, ko je izpostavljen vlagi in prahu. S svojimi mo\u017enostmi prilagajanja in visoko vzdr\u017eljivostjo je ICODE SLI X bistveno orodje za varnostno osebje, sledenje sredstev in razli\u010dne industrijske aplikacije.<\/p>\n<h2 class=\"AnswerParser_AnswerParserH2__SIHnF\">Lastnosti in prednosti oznake ICODE SLI X NFC<\/h2>\n<ul class=\"AnswerParser_AnswerParserUnorderedList__P_1FW\">\n<li class=\"AnswerParser_ListItem__XqLOV\" translate=\"yes\"><strong>Vzdr\u017eljiva konstrukcija<\/strong>: Izdelano iz\u00a0<strong>ABS<\/strong>\u00a0materiala, je ICODE SLI X odporen na fizi\u010dne po\u0161kodbe in okoljske dejavnike.<\/li>\n<li class=\"AnswerParser_ListItem__XqLOV\" translate=\"yes\"><strong>Vsestranske velikosti<\/strong>: Na voljo v\u00a0<strong>25 mm, 30 mm in 52 mm<\/strong>\u00a0mo\u017enosti premera, lahko to oznako prilagodite posebnim potrebam uporabe.<\/li>\n<li class=\"AnswerParser_ListItem__XqLOV\" translate=\"yes\"><strong>Visoka zmogljivost<\/strong>: Deluje pri\u00a0<strong>13,56 MHz<\/strong>, oznaka zagotavlja vrhunsko zmogljivost pri prenosu podatkov, kar omogo\u010da hitro in zanesljivo komunikacijo.<\/li>\n<\/ul>\n<table class=\"all magic-8\">\n<tbody>\n<tr>\n<td colspan=\"1\" rowspan=\"1\">\n<div class=\"magic-9\" data-spm-anchor-id=\"a2700.details.0.i71.50be21afmO5Aid\">\u010dip<\/div>\n<\/td>\n<td colspan=\"1\" rowspan=\"1\">\n<div class=\"magic-10\">ICODE SLI X (prilagojeno)<\/div>\n<\/td>\n<\/tr>\n<tr>\n<td colspan=\"1\" rowspan=\"1\">\n<div class=\"magic-9\">Dimenzije<\/div>\n<\/td>\n<td colspan=\"1\" rowspan=\"1\">\n<div class=\"magic-10\" data-spm-anchor-id=\"a2700.details.0.i73.50be21afmO5Aid\">Premer 25 mm, 30 mm, 52 mm (prilagojeno)<\/div>\n<\/td>\n<\/tr>\n<tr>\n<td colspan=\"1\" rowspan=\"1\">\n<div class=\"magic-9\">Debelina<\/div>\n<\/td>\n<td colspan=\"1\" rowspan=\"1\">\n<div class=\"magic-10\">3 mm, velikost luknje: premer 5 mm<\/div>\n<\/td>\n<\/tr>\n<tr>\n<td colspan=\"1\" rowspan=\"1\">\n<div class=\"magic-9\">Material<\/div>\n<\/td>\n<td colspan=\"1\" rowspan=\"1\">\n<div class=\"magic-10\">ABS<\/div>\n<\/td>\n<\/tr>\n<tr>\n<td colspan=\"1\" rowspan=\"1\">\n<div class=\"magic-9\">IP ocena<\/div>\n<\/td>\n<td colspan=\"1\" rowspan=\"1\">\n<div class=\"magic-10\">IP 65<\/div>\n<\/td>\n<\/tr>\n<tr>\n<td colspan=\"1\" rowspan=\"1\">\n<div class=\"magic-9\">Aplikacija Temp<\/div>\n<\/td>\n<td colspan=\"1\" rowspan=\"1\">\n<div class=\"magic-10\">-40~80\u00b0<\/div>\n<\/td>\n<\/tr>\n<tr>\n<td colspan=\"1\" rowspan=\"1\">\n<div class=\"magic-9\">Delovna temp<\/div>\n<\/td>\n<td colspan=\"1\" rowspan=\"1\">\n<div class=\"magic-10\" data-spm-anchor-id=\"a2700.details.0.i72.50be21afmO5Aid\">-40~70\u00b0C<\/div>\n<\/td>\n<\/tr>\n<tr>\n<td colspan=\"1\" rowspan=\"1\">\n<div class=\"magic-9\">Spomin<\/div>\n<\/td>\n<td colspan=\"1\" rowspan=\"1\">\n<div class=\"magic-10\">1K bitov (odvisno od \u010dipa)<\/div>\n<\/td>\n<\/tr>\n<tr>\n<td colspan=\"1\" rowspan=\"1\">\n<div class=\"magic-9\">Frekven\u010dno obmo\u010dje z najbolj\u0161o zmogljivostjo<\/div>\n<\/td>\n<td colspan=\"1\" rowspan=\"1\">\n<div class=\"magic-10\">13,56 MHz<\/div>\n<\/td>\n<\/tr>\n<tr>\n<td colspan=\"1\" rowspan=\"1\">\n<div class=\"magic-9\">IC \u017divljenje<\/div>\n<\/td>\n<td colspan=\"1\" rowspan=\"1\">\n<div class=\"magic-10\">Vzdr\u017eljivost pisanja 100.000 ciklov hrambe datuma<\/div>\n<\/td>\n<\/tr>\n<\/tbody>\n<\/table>\n<p>&nbsp;<\/p>\n<h3 class=\"AnswerParser_AnswerParserH3__Mpe4s\">1. Zdru\u017eljivost in funkcionalnost oznak NFC<\/h3>\n<p><span class=\"AnswerParser_TextContainer__z_Iiv\" data-testid=\"youchat-text\">The\u00a0<strong>Oznaka ICODE SLI X NFC<\/strong>\u00a0je zdru\u017eljiv s \u0161iroko paleto\u00a0<strong>Naprave, ki podpirajo NFC<\/strong>, vklju\u010dno s pametnimi telefoni in tablicami. Ta zdru\u017eljivost omogo\u010da uporabnikom enostavno\u00a0<strong>preberi NFC<\/strong>\u00a0oznake, ki uporabljajo svoje naprave, ne glede na to, ali uporabljajo\u00a0<strong>iPhone<\/strong>\u00a0ali an\u00a0<strong>Android<\/strong>\u00a0telefon. Integracija\u00a0<strong>NFC tehnologija<\/strong>\u00a0pomeni, da se lahko uporabniki s svojimi napravami hitro dotaknejo oznake za takoj\u0161en dostop do podatkov, zaradi \u010desar je idealen za vizitke, sisteme varnega vnosa ali izmenjavo informacij.<\/span><span class=\"AnswerParser_TextContainer__z_Iiv\" data-testid=\"youchat-text\">Oznaka je zasnovana za uporabo v razli\u010dnih aplikacijah, kar podjetjem omogo\u010da racionalizacijo poslovanja in izbolj\u0161anje komunikacije. Ne glede na to, ali ga uporabljate kot del\u00a0<strong>patruljni sistem<\/strong>\u00a0ali za sledenje sredstev, ICODE SLI X zagotavlja zanesljivo re\u0161itev, ki se lahko izka\u017ee za neprecenljivo pri vsakodnevnih operacijah.<\/span><\/p>\n<h3 class=\"AnswerParser_AnswerParserH3__Mpe4s\">2. Zmogljivost kovinske oznake NFC<\/h3>\n<p><span class=\"AnswerParser_TextContainer__z_Iiv\" data-testid=\"youchat-text\">Ena od izstopajo\u010dih lastnosti ICODE SLI X je njegova sposobnost u\u010dinkovitega delovanja kot\u00a0<strong>kovinsko oznako NFC<\/strong>. Tradicionalne oznake NFC imajo pogosto te\u017eave s kovinskimi povr\u0161inami zaradi motenj, vendar ta oznaka uporablja napredne\u00a0<strong>anti-metal tehnologija<\/strong>\u00a0za zagotovitev zanesljivega delovanja. To pomeni, da ga lahko varno pritrdite na kovinske povr\u0161ine brez izgube funkcionalnosti, zaradi \u010desar je popoln za industrijske nastavitve ali varnostne kontrolne to\u010dke.<\/span><span class=\"AnswerParser_TextContainer__z_Iiv\" data-testid=\"youchat-text\">Ko je pritrjen na kovino, ICODE SLI X ohranja mo\u010dno povezavo z napravami NFC, kar omogo\u010da brezhiben prenos podatkov brez potrebe po dodatni opremi. Ta funkcija je \u0161e posebej koristna za podjetja, ki jo \u017eelijo implementirati\u00a0<strong>brezkontaktne re\u0161itve<\/strong>\u00a0v te\u017ekih okoljih.<\/span><\/p>\n<h3 class=\"AnswerParser_AnswerParserH3__Mpe4s\">3. Mo\u017enosti prilagajanja za razli\u010dne aplikacije<\/h3>\n<p><span class=\"AnswerParser_TextContainer__z_Iiv\" data-testid=\"youchat-text\">Prilagajanje je klju\u010dno, ko gre za implementacijo tehnologije NFC v razli\u010dnih panogah. ICODE SLI X je mogo\u010de prilagoditi posebnim zahtevam, vklju\u010dno z velikostjo in kapaciteto pomnilnika. Z mo\u017enostmi za\u00a0<strong>25 mm, 30 mm in 52 mm<\/strong>\u00a0premera, lahko podjetja izberejo popolno velikost za svoje potrebe.<\/span><span class=\"AnswerParser_TextContainer__z_Iiv\" data-testid=\"youchat-text\">Poleg tega je mogo\u010de prilagoditi kapaciteto pomnilnika, kar omogo\u010da razli\u010dne potrebe po shranjevanju podatkov. Ali potrebujete preprosto\u00a0<strong>NFC nalepka<\/strong>\u00a0za vizitko ali bolj zapleteno re\u0161itev za sledenje premo\u017eenja, lahko ICODE SLI X prilagodite tako, da zagotovi pravo funkcionalnost.<\/span><\/p>\n<h3 class=\"AnswerParser_AnswerParserH3__Mpe4s\">4. Okolju odporna zasnova<\/h3>\n<p><span class=\"AnswerParser_TextContainer__z_Iiv\" data-testid=\"youchat-text\">Z an\u00a0<strong>IP65<\/strong>\u00a0ICODE SLI X je zasnovan tako, da prenese izpostavljenost prahu in vlagi, zaradi \u010desar je primeren za zunanjo in industrijsko uporabo. Oznaka lahko deluje pri temperaturah od\u00a0<strong>-40\u00b0C do 80\u00b0C<\/strong>, ki zagotavlja dosledno delovanje v ekstremnih pogojih.<\/span><span class=\"AnswerParser_TextContainer__z_Iiv\" data-testid=\"youchat-text\">Ta robustnost pomeni, da se lahko podjetja zanesejo na ICODE SLI X\u00a0<strong>dolgotrajna uporaba<\/strong>, kar zmanj\u0161a potrebo po pogostih zamenjavah in kon\u010dno prihrani stro\u0161ke. Trajnost oznake zagotavlja, da lahko pre\u017eivi v najte\u017ejih okoljih, zaradi \u010desar je pametna nalo\u017eba za vsako operacijo.<\/span><\/p>\n<h3 class=\"AnswerParser_AnswerParserH3__Mpe4s\">5. Enostavna namestitev in uporaba<\/h3>\n<p><span class=\"AnswerParser_TextContainer__z_Iiv\" data-testid=\"youchat-text\">Namestitev ICODE SLI X je enostavna, zahvaljujo\u010d njegovi zasnovi z a\u00a0<strong>luknja za vijak<\/strong>\u00a0za varno pritrditev. Ne glede na to, ali se ga odlo\u010dite prilepiti z\u00a0<strong>lepilo NFC<\/strong>\u00a0pritrdite ali privijte na mesto, je postopek namestitve preprost in u\u010dinkovit.<\/span><span class=\"AnswerParser_TextContainer__z_Iiv\" data-testid=\"youchat-text\">Ko je oznaka name\u0161\u010dena, je uporaba oznake enako enostavna. Uporabniki lahko preprosto\u00a0<strong>tapnite oznako<\/strong>\u00a0z njihovimi\u00a0<strong>Telefon, ki podpira NFC<\/strong>\u00a0za dostop do informacij ali izvajanje ukazov. Zaradi te enostavne uporabe je ICODE SLI X idealna izbira za podjetja, ki \u017eelijo implementirati\u00a0<strong>brez\u017ei\u010dno komunikacijo<\/strong>\u00a0brez zapletenosti tradicionalnih sistemov.<\/span><\/p>\n<h3 class=\"AnswerParser_AnswerParserH3__Mpe4s\">6. Pogosta vpra\u0161anja o oznaki ICODE SLI X NFC<\/h3>\n<p><span class=\"AnswerParser_TextContainer__z_Iiv\" data-testid=\"youchat-text\"><strong>V: Ali se ICODE SLI X lahko uporablja za brezsti\u010dno pla\u010devanje?<\/strong><br \/>\nO: \u010ceprav je ICODE SLI X zasnovan za prenos podatkov in komunikacijo, ga je mogo\u010de integrirati v sisteme, ki podpirajo brezsti\u010dno pla\u010devanje, vendar sam po sebi ni naprava za obdelavo pla\u010dil.<\/span><\/p>\n<p><span class=\"AnswerParser_TextContainer__z_Iiv\" data-testid=\"youchat-text\"><strong>V: Ali je ICODE SLI X vodotesen?<\/strong><br \/>\nO: ICODE SLI X ima oceno IP65, zaradi \u010desar je odporen na prah in brizge vode, ni pa popolnoma vodotesen. Primeren je za zunanjo uporabo v razli\u010dnih vremenskih razmerah.<\/span><\/p>\n<p><span class=\"AnswerParser_TextContainer__z_Iiv\" data-testid=\"youchat-text\"><strong>V: Kako dolgo zdr\u017ei baterija?<\/strong><br \/>\nO: Oznake NFC, kot je ICODE SLI X, nimajo baterije; ob dotiku \u010drpajo energijo iz naprave, ki podpira NFC, kar zagotavlja dolgotrajno delovanje z minimalnim vzdr\u017eevanjem.<\/span><\/p>","protected":false},"excerpt":{"rendered":"<p>The <strong>ICODE SLI X Patrol NFC Tag<\/strong> izstopa kot zanesljiva in vsestranska re\u0161itev RFID na delovnem mestu in patrulji za potrebe komunikacije na kovini.<\/p>","protected":false},"featured_media":2763,"template":"","meta":{"_kad_post_transparent":"default","_kad_post_title":"","_kad_post_layout":"default","_kad_post_sidebar_id":"","_kad_post_content_style":"default","_kad_post_vertical_padding":"default","_kad_post_feature":"","_kad_post_feature_position":"","_kad_post_header":false,"_kad_post_footer":false,"_kad_post_classname":""},"product_brand":[],"product_cat":[54],"product_tag":[133,320,321],"class_list":{"0":"post-2761","1":"product","2":"type-product","3":"status-publish","4":"has-post-thumbnail","6":"product_cat-hot-selling-rfid-tags","7":"product_tag-i-code-slix-nfc-tag","8":"product_tag-iso15693-nfc-tag","9":"product_tag-patrol-nfc-tag","11":"first","12":"instock","13":"shipping-taxable","14":"product-type-simple","15":"entry","16":"content-bg","17":"loop-entry"},"_links":{"self":[{"href":"https:\/\/rfid-laundry-tag.com\/sl\/wp-json\/wp\/v2\/product\/2761","targetHints":{"allow":["GET"]}}],"collection":[{"href":"https:\/\/rfid-laundry-tag.com\/sl\/wp-json\/wp\/v2\/product"}],"about":[{"href":"https:\/\/rfid-laundry-tag.com\/sl\/wp-json\/wp\/v2\/types\/product"}],"version-history":[{"count":1,"href":"https:\/\/rfid-laundry-tag.com\/sl\/wp-json\/wp\/v2\/product\/2761\/revisions"}],"predecessor-version":[{"id":2765,"href":"https:\/\/rfid-laundry-tag.com\/sl\/wp-json\/wp\/v2\/product\/2761\/revisions\/2765"}],"wp:featuredmedia":[{"embeddable":true,"href":"https:\/\/rfid-laundry-tag.com\/sl\/wp-json\/wp\/v2\/media\/2763"}],"wp:attachment":[{"href":"https:\/\/rfid-laundry-tag.com\/sl\/wp-json\/wp\/v2\/media?parent=2761"}],"wp:term":[{"taxonomy":"product_brand","embeddable":true,"href":"https:\/\/rfid-laundry-tag.com\/sl\/wp-json\/wp\/v2\/product_brand?post=2761"},{"taxonomy":"product_cat","embeddable":true,"href":"https:\/\/rfid-laundry-tag.com\/sl\/wp-json\/wp\/v2\/product_cat?post=2761"},{"taxonomy":"product_tag","embeddable":true,"href":"https:\/\/rfid-laundry-tag.com\/sl\/wp-json\/wp\/v2\/product_tag?post=2761"}],"curies":[{"name":"delovni list","href":"https:\/\/api.w.org\/{rel}","templated":true}]}}