{"id":2742,"date":"2024-10-11T16:12:50","date_gmt":"2024-10-11T16:12:50","guid":{"rendered":"https:\/\/rfid-laundry-tag.com\/?post_type=product&#038;p=2742"},"modified":"2024-10-29T14:33:03","modified_gmt":"2024-10-29T14:33:03","slug":"epoxy-menu-nfc-tags","status":"publish","type":"product","link":"https:\/\/rfid-laundry-tag.com\/sl\/epoxy-menu-nfc-tags\/","title":{"rendered":"Epoxy Menu NFC oznake"},"content":{"rendered":"<p><span class=\"AnswerParser_TextContainer__z_Iiv\" data-testid=\"youchat-text\"><strong>Epoxy Menu NFC oznake<\/strong>\u00a0izkoristite najsodobnej\u0161o tehnologijo NFC in kode QR, da spremenite interakcijo gostov z meniji. Te inovativne oznake strankam omogo\u010dajo hitro brskanje in naro\u010danje neposredno iz svojih pametnih telefonov, s \u010dimer izbolj\u0161ajo svojo izku\u0161njo obedovanja, hkrati pa racionalizirajo delovanje restavracij, kavarn in barov. S prilagodljivim dizajnom in robustnimi funkcijami so te oznake obvezna oprema vsake sodobne ustanove.<\/span><\/p>\n<h2 class=\"AnswerParser_AnswerParserH2__SIHnF\">Oris izdelka<\/h2>\n<h3 class=\"AnswerParser_AnswerParserH3__Mpe4s\">1. Kaj so Epoxy Menu NFC oznake?<\/h3>\n<p><span class=\"AnswerParser_TextContainer__z_Iiv\" data-testid=\"youchat-text\">Oznake Epoxy Menu NFC so napredna digitalna orodja, zasnovana za la\u017eji dostop do menijev in naro\u010danje. Te oznake so narejene iz trpe\u017enih materialov, kot je PVC, in opremljene s \u010dipi NFC, zato jih je mogo\u010de prilagoditi z logotipi, serijskimi \u0161tevilkami in celo dinami\u010dnimi kodami QR. Njihova epoksi lepilna povr\u0161ina zagotavlja dolgo \u017eivljenjsko dobo in odpornost, zaradi \u010desar so primerni za razli\u010dna okolja.<\/span><\/p>\n<h3 class=\"AnswerParser_AnswerParserH3__Mpe4s\">2. Klju\u010dne zna\u010dilnosti Epoxy Menu NFC oznak<\/h3>\n<ul class=\"AnswerParser_AnswerParserUnorderedList__P_1FW\">\n<li class=\"AnswerParser_ListItem__XqLOV\" translate=\"yes\"><strong>Vzdr\u017eljivost<\/strong>: Povr\u0161ina iz epoksidne smole zagotavlja izjemno za\u0161\u010dito pred oljem, vodo, praskami in UV \u017earki, kar zagotavlja, da oznake ostanejo funkcionalne in vizualno privla\u010dne skozi \u010das.<\/li>\n<li class=\"AnswerParser_ListItem__XqLOV\" translate=\"yes\"><strong>Vsestranskost<\/strong>: Z velikostmi, ki so na voljo v okroglih (\u042460 mm, \u042475 mm, \u0424100 mm) in kvadratnih (80 x 80 mm), je te oznake mogo\u010de prilagoditi tako, da ustrezajo kateri koli estetski obliki ali zahtevi blagovne znamke.<\/li>\n<li class=\"AnswerParser_ListItem__XqLOV\" translate=\"yes\"><strong>Zdru\u017eljivost<\/strong>: Plast proti kovinam omogo\u010da, da te oznake u\u010dinkovito delujejo na kovinskih in nekovinskih povr\u0161inah, zaradi \u010desar so idealne za razli\u010dne aplikacije.<\/li>\n<\/ul>\n<h3 class=\"AnswerParser_AnswerParserH3__Mpe4s\">3. Tehni\u010dne specifikacije<\/h3>\n<table class=\"has-title all magic-15\">\n<tbody>\n<tr>\n<td colspan=\"1\" rowspan=\"1\">\n<div class=\"magic-16\" data-spm-anchor-id=\"a2700.details.0.i39.7beebf0eKrXqHT\"><span class=\"magic-17\">Postavka<\/span><\/div>\n<\/td>\n<td colspan=\"1\" rowspan=\"1\">\n<div class=\"magic-18\"><span class=\"magic-17\">Epoxy Menu NFC oznake <\/span><\/div>\n<\/td>\n<\/tr>\n<tr>\n<td colspan=\"1\" rowspan=\"1\">\n<div class=\"magic-16\"><span class=\"magic-17\">Posebne lastnosti<\/span><\/div>\n<\/td>\n<td colspan=\"1\" rowspan=\"1\">\n<div class=\"magic-18\"><span class=\"magic-17\">Vodoodporen\/odporen na vremenske vplive<\/span><\/div>\n<\/td>\n<\/tr>\n<tr>\n<td colspan=\"1\" rowspan=\"1\">\n<div class=\"magic-16\"><span class=\"magic-17\">Komunikacijski vmesnik<\/span><\/div>\n<\/td>\n<td colspan=\"1\" rowspan=\"1\">\n<div class=\"magic-18\"><span class=\"magic-17\">NFC<\/span><\/div>\n<\/td>\n<\/tr>\n<tr>\n<td colspan=\"1\" rowspan=\"1\">\n<div class=\"magic-16\"><span class=\"magic-17\">Pogostost<\/span><\/div>\n<\/td>\n<td colspan=\"1\" rowspan=\"1\">\n<div class=\"magic-18\"><span class=\"magic-17\">13,56 MHz<\/span><\/div>\n<\/td>\n<\/tr>\n<tr>\n<td colspan=\"1\" rowspan=\"1\">\n<div class=\"magic-16\"><span class=\"magic-17\">Material<\/span><\/div>\n<\/td>\n<td colspan=\"1\" rowspan=\"1\">\n<div class=\"magic-18\">Epoxy + PET\/PVC + NFC vlo\u017eek + Anti-metal sloj + 3M lepilo<\/div>\n<\/td>\n<\/tr>\n<tr>\n<td colspan=\"1\" rowspan=\"1\">\n<div class=\"magic-16\">Velikost<\/div>\n<\/td>\n<td colspan=\"1\" rowspan=\"1\">\n<div class=\"magic-18\">Okrogle: \u042460mm, \u042475mm, \u0424100mm; Kvadrat: 80x80 mm ali po meri<\/div>\n<\/td>\n<\/tr>\n<tr>\n<td colspan=\"1\" rowspan=\"1\">\n<div class=\"magic-16\"><span class=\"magic-17\">Protokol<\/span><\/div>\n<\/td>\n<td colspan=\"1\" rowspan=\"1\">\n<div class=\"magic-18\"><span class=\"magic-17\">ISO 14443A<\/span><\/div>\n<\/td>\n<\/tr>\n<tr>\n<td colspan=\"1\" rowspan=\"1\">\n<div class=\"magic-16\"><span class=\"magic-17\">\u010dip<\/span><\/div>\n<\/td>\n<td colspan=\"1\" rowspan=\"1\">\n<div class=\"magic-18\">NTAG213, NTAG215, NTAG216 (na voljo tudi drugi \u010dipi)<\/div>\n<\/td>\n<\/tr>\n<tr>\n<td colspan=\"1\" rowspan=\"1\">\n<div class=\"magic-16\"><span class=\"magic-17\">Spomin<\/span><\/div>\n<\/td>\n<td colspan=\"1\" rowspan=\"1\">\n<div class=\"magic-18\"><span class=\"magic-17\">144 bajtov, 504 bajtov, 888 bajtov itd<\/span><\/div>\n<\/td>\n<\/tr>\n<tr>\n<td colspan=\"1\" rowspan=\"1\">\n<div class=\"magic-16\"><span class=\"magic-17\">Razdalja branja<\/span><\/div>\n<\/td>\n<td colspan=\"1\" rowspan=\"1\">\n<div class=\"magic-18\"><span class=\"magic-17\">3-15 cm je odvisno od bralnika in velikosti oznake<\/span><\/div>\n<\/td>\n<\/tr>\n<tr>\n<td colspan=\"1\" rowspan=\"1\">\n<div class=\"magic-16\"><span class=\"magic-17\">Tiskanje<\/span><\/div>\n<\/td>\n<td colspan=\"1\" rowspan=\"1\">\n<div class=\"magic-18\"><span class=\"magic-17\">Tisk CMYK 4C\/Offsetting\/Sitotisk<\/span><\/div>\n<\/td>\n<\/tr>\n<tr>\n<td colspan=\"1\" rowspan=\"1\">\n<div class=\"magic-16\"><span class=\"magic-17\">Obrt<\/span><\/div>\n<\/td>\n<td colspan=\"1\" rowspan=\"1\">\n<div class=\"magic-18\"><span class=\"magic-17\">Laserska koda\\UV \u010drnilo\\Serijska \u0161tevilka\\Vtiskovanje\\Termalno tiskanje<\/span><\/div>\n<\/td>\n<\/tr>\n<tr>\n<td colspan=\"1\" rowspan=\"1\">\n<div class=\"magic-16\"><span class=\"magic-17\">Povr\u0161ina<\/span><\/div>\n<\/td>\n<td colspan=\"1\" rowspan=\"1\">\n<div class=\"magic-18\"><span class=\"magic-17\">Sijajni \/ mat \/ matiran \/ prozoren<\/span><\/div>\n<\/td>\n<\/tr>\n<tr>\n<td colspan=\"1\" rowspan=\"1\">\n<div class=\"magic-16\"><span class=\"magic-17\">funkcija<\/span><\/div>\n<\/td>\n<td colspan=\"1\" rowspan=\"1\">\n<div class=\"magic-18\"><span class=\"magic-17\" data-spm-anchor-id=\"a2700.details.0.i40.7beebf0eKrXqHT\">Dru\u017ebeni mediji NFC, upravljanje logistike, upravljanje sredstev, upravljanje dobavne verige, upravljanje vozil, nadzor proizvodnje, upravljanje skladi\u0161\u010da, upravljanje izdelkov, preverjanje izdelkov, sledenje sredstev, sledenje ravnanju s prtljago, upravljanje zalog, pla\u010dilo, zapestnice itd. Laminacija, zanesljivo, gladko tiskalno povr\u0161ino.<\/span><\/div>\n<\/td>\n<\/tr>\n<tr>\n<td colspan=\"1\" rowspan=\"1\">\n<div class=\"magic-16\"><span class=\"magic-17\">Te\u017ea kartice standardne velikosti<\/span><\/div>\n<\/td>\n<td colspan=\"1\" rowspan=\"1\">\n<div class=\"magic-18\"><span class=\"magic-17\">120*120*4 mm 0,058 KG\/KOS\u00a0 \u00a0<\/span><\/p>\n<div data-spm-anchor-id=\"a2700.pc-decorate.0.i47.51c0333312LtHT\"><span class=\"magic-17\">Vsak paket nalepk s prozorno vre\u010dko Opp,\u00a0\u00a0<\/span><\/div>\n<div data-spm-anchor-id=\"a2700.pc-decorate.0.i114.51c0333312LtHT\"><span class=\"magic-17\">320 kosov\/risanka<\/span><\/div>\n<\/div>\n<\/td>\n<\/tr>\n<\/tbody>\n<\/table>\n<h3 class=\"AnswerParser_AnswerParserH3__Mpe4s\">4. Mo\u017enosti prilagajanja<\/h3>\n<p><span class=\"AnswerParser_TextContainer__z_Iiv\" data-testid=\"youchat-text\">Ena od izjemnih lastnosti oznak Epoxy Menu NFC je njihova zmo\u017enost prilagajanja. Podjetja lahko vtisnejo svoje logotipe, edinstvene identifikatorje in celo dinami\u010dne kode QR, ki se povezujejo na dolo\u010dene promocije ali menije. Ta stopnja personalizacije ne samo pove\u010da prepoznavnost blagovne znamke, ampak tudi pritegne stranke na edinstven na\u010din.<\/span><\/p>\n<h3 class=\"AnswerParser_AnswerParserH3__Mpe4s\">5. Aplikacije v gostinstvu<\/h3>\n<p><span class=\"AnswerParser_TextContainer__z_Iiv\" data-testid=\"youchat-text\">Epoxy Menu NFC oznake so popolne za razli\u010dne aplikacije, vklju\u010dno z:<\/span><\/p>\n<ul class=\"AnswerParser_AnswerParserUnorderedList__P_1FW\">\n<li class=\"AnswerParser_ListItem__XqLOV\" translate=\"yes\"><strong>Digitalni meniji<\/strong>: Gostje lahko do menija dostopajo tako, da se s pametnim telefonom preprosto dotaknejo oznake ali skenirajo kodo QR, kar zmanj\u0161a potrebo po fizi\u010dnih menijih.<\/li>\n<li class=\"AnswerParser_ListItem__XqLOV\" translate=\"yes\"><strong>Hitra blagajna<\/strong>: Poenostavite postopek pla\u010dila z integracijo pla\u010dilnih povezav neposredno v oznake NFC.<\/li>\n<li class=\"AnswerParser_ListItem__XqLOV\" translate=\"yes\"><strong>Povezave do dru\u017ebenih medijev<\/strong>: Spodbudite stranke, da delijo svoje izku\u0161nje s povezavami na strani dru\u017ebenih medijev ali platforme za pregledovanje.<\/li>\n<\/ul>\n<h3 class=\"AnswerParser_AnswerParserH3__Mpe4s\">6. Vpliv na okolje<\/h3>\n<p><span class=\"AnswerParser_TextContainer__z_Iiv\" data-testid=\"youchat-text\">Uporaba Epoxy Menu NFC oznak lahko znatno zmanj\u0161a koli\u010dino papirnih odpadkov, povezanih s tradicionalnimi meniji. Z odlo\u010ditvijo za digitalne re\u0161itve podjetja prispevajo k okoljski trajnosti, hkrati pa pove\u010dujejo udobje za stranke.<\/span><\/p>\n<h3 class=\"AnswerParser_AnswerParserH3__Mpe4s\">7. Mnenja strank in povratne informacije<\/h3>\n<p><span class=\"AnswerParser_TextContainer__z_Iiv\" data-testid=\"youchat-text\">Kupci so pohvalili\u00a0<strong>Epoxy Menu NFC oznake<\/strong>\u00a0zaradi njihove vzdr\u017eljivosti in enostavne uporabe. Mnogi so ugotovili, da so oznake izbolj\u0161ale njihovo izku\u0161njo obedovanja, saj so omogo\u010dile hiter dostop do menijev in skraj\u0161ale \u010dakalne dobe. Kot pomembna prednost je bila poudarjena tudi mo\u017enost posodabljanja elementov menija v realnem \u010dasu.<\/span><\/p>\n<h3 class=\"AnswerParser_AnswerParserH3__Mpe4s\">8. Pogosta vpra\u0161anja<\/h3>\n<p><span class=\"AnswerParser_TextContainer__z_Iiv\" data-testid=\"youchat-text\"><strong>V: Kako namestim oznake Epoxy Menu NFC?<\/strong><br \/>\nO: Preprosto odlepite hrbtno stran 3M lepila in prilepite oznako na \u010disto, suho povr\u0161ino. Prepri\u010dajte se, da je name\u0161\u010den tako, da lahko stranke zlahka dostopajo do njega.<\/span><span class=\"AnswerParser_TextContainer__z_Iiv\" data-testid=\"youchat-text\"><strong>V: Ali lahko posodobim podatke o oznakah NFC?<\/strong><br \/>\nO: Da! Informacije je mogo\u010de kadar koli posodobiti, kar vam omogo\u010da, da ohranite posodobljen meni brez potrebe po novih oznakah.<\/span><span class=\"AnswerParser_TextContainer__z_Iiv\" data-testid=\"youchat-text\"><strong>V: Kak\u0161na je najmanj\u0161a koli\u010dina naro\u010dila?<\/strong><br \/>\nO: Najmanj\u0161a koli\u010dina naro\u010dila je 100 kosov, ugodnej\u0161a cena pa je na voljo za naro\u010dila 500 kosov ali ve\u010d.<\/span><\/p>\n<h3 class=\"AnswerParser_AnswerParserH3__Mpe4s\">9. Zakaj izbrati Epoxy Menu NFC oznake?<\/h3>\n<p><span class=\"AnswerParser_TextContainer__z_Iiv\" data-testid=\"youchat-text\">Vlaganje v\u00a0<strong>Epoxy Menu NFC oznake<\/strong>\u00a0pomeni vlaganje v prihodnost, kjer je izku\u0161nja strank na prvem mestu. Te oznake ne le pove\u010dujejo operativno u\u010dinkovitost, ampak tudi dajejo sodoben pridih tradicionalnim jedilnim izku\u0161njam. S svojimi robustnimi lastnostmi in prilagodljivimi mo\u017enostmi so bistveno orodje za vsako ustanovo, ki \u017eeli ostati vodilna na konkuren\u010dnem gostinskem trgu.<\/span><\/p>\n<h3 class=\"AnswerParser_AnswerParserH3__Mpe4s\">10. Za\u010dnite danes!<\/h3>\n<p><span class=\"AnswerParser_TextContainer__z_Iiv\" data-testid=\"youchat-text\">Ste pripravljeni izbolj\u0161ati svojo kulinari\u010dno izku\u0161njo?\u00a0<strong>Pi\u0161ite nam \u0161e danes<\/strong>\u00a0da zahtevate brezpla\u010den vzorec zaloge na\u0161ih oznak Epoxy Menu NFC in se sami prepri\u010date o razliki. Z na\u0161o predanostjo kakovosti in zadovoljstvu strank smo tukaj, da vam pomagamo na vsakem koraku.<\/span><\/p>","protected":false},"excerpt":{"rendered":"<p>Prenovite jedilnico z Epoxy Menu NFC oznakami! Omogo\u010dite hiter dostop do jedilnika in naro\u010danje prek pametnih telefonov, s \u010dimer izbolj\u0161ate izku\u0161njo gostov in optimizirate delovanje restavracije.<\/p>","protected":false},"featured_media":2800,"template":"","meta":{"_kad_post_transparent":"default","_kad_post_title":"","_kad_post_layout":"default","_kad_post_sidebar_id":"","_kad_post_content_style":"default","_kad_post_vertical_padding":"default","_kad_post_feature":"","_kad_post_feature_position":"","_kad_post_header":false,"_kad_post_footer":false,"_kad_post_classname":""},"product_brand":[],"product_cat":[54],"product_tag":[277,333,217,332,331],"class_list":{"0":"post-2742","1":"product","2":"type-product","3":"status-publish","4":"has-post-thumbnail","6":"product_cat-hot-selling-rfid-tags","7":"product_tag-menu-nfc-tags","8":"product_tag-nfc-epoxy-sticker","9":"product_tag-nfc-tags","10":"product_tag-restaurant-desk-nfc-menu-tag","11":"product_tag-table-nfc-tags","13":"first","14":"instock","15":"shipping-taxable","16":"product-type-simple","17":"entry","18":"content-bg","19":"loop-entry"},"_links":{"self":[{"href":"https:\/\/rfid-laundry-tag.com\/sl\/wp-json\/wp\/v2\/product\/2742","targetHints":{"allow":["GET"]}}],"collection":[{"href":"https:\/\/rfid-laundry-tag.com\/sl\/wp-json\/wp\/v2\/product"}],"about":[{"href":"https:\/\/rfid-laundry-tag.com\/sl\/wp-json\/wp\/v2\/types\/product"}],"version-history":[{"count":1,"href":"https:\/\/rfid-laundry-tag.com\/sl\/wp-json\/wp\/v2\/product\/2742\/revisions"}],"predecessor-version":[{"id":2801,"href":"https:\/\/rfid-laundry-tag.com\/sl\/wp-json\/wp\/v2\/product\/2742\/revisions\/2801"}],"wp:featuredmedia":[{"embeddable":true,"href":"https:\/\/rfid-laundry-tag.com\/sl\/wp-json\/wp\/v2\/media\/2800"}],"wp:attachment":[{"href":"https:\/\/rfid-laundry-tag.com\/sl\/wp-json\/wp\/v2\/media?parent=2742"}],"wp:term":[{"taxonomy":"product_brand","embeddable":true,"href":"https:\/\/rfid-laundry-tag.com\/sl\/wp-json\/wp\/v2\/product_brand?post=2742"},{"taxonomy":"product_cat","embeddable":true,"href":"https:\/\/rfid-laundry-tag.com\/sl\/wp-json\/wp\/v2\/product_cat?post=2742"},{"taxonomy":"product_tag","embeddable":true,"href":"https:\/\/rfid-laundry-tag.com\/sl\/wp-json\/wp\/v2\/product_tag?post=2742"}],"curies":[{"name":"delovni list","href":"https:\/\/api.w.org\/{rel}","templated":true}]}}