{"id":2714,"date":"2024-09-28T14:57:16","date_gmt":"2024-09-28T14:57:16","guid":{"rendered":"https:\/\/rfid-laundry-tag.com\/?post_type=product&#038;p=2714"},"modified":"2024-09-28T15:13:47","modified_gmt":"2024-09-28T15:13:47","slug":"custom-laundry-rfid-tag","status":"publish","type":"product","link":"https:\/\/rfid-laundry-tag.com\/sl\/custom-laundry-rfid-tag\/","title":{"rendered":"Oznaka RFID za perilo po meri"},"content":{"rendered":"<div>\n<div class=\"auto-hide-last-sibling-br paragraph_1252f paragraph-element\">\n<table width=\"637\">\n<tbody>\n<tr>\n<td width=\"328\">Ime predmeta:<\/td>\n<td width=\"309\"><strong>Oznaka RFID za perilo po meri<\/strong><\/td>\n<\/tr>\n<tr>\n<td width=\"328\">Standard RFID:<\/td>\n<td width=\"309\">ISO\/IEC 18000-6 TypeC (EPC Gen2)<\/td>\n<\/tr>\n<tr>\n<td width=\"328\">Velikost in te\u017ea:<\/td>\n<td width=\"309\">70\u00d715 mm, 0,6g<\/td>\n<\/tr>\n<tr>\n<td width=\"328\">Vrsta \u010dipa:<\/td>\n<td width=\"309\">Impinj Monza 4QT,NXP U KODA 8\uff0cNXP U KODA 9<\/td>\n<\/tr>\n<tr>\n<td width=\"328\">Pomnilnik EPC:<\/td>\n<td width=\"309\">128 bitov<\/td>\n<\/tr>\n<tr>\n<td width=\"328\">Uporabni\u0161ki pomnilnik:<\/td>\n<td width=\"309\">512 bitov<\/td>\n<\/tr>\n<tr>\n<td width=\"328\">Razpon branja (2W ERP FCC):<\/td>\n<td width=\"309\">8m<\/td>\n<\/tr>\n<tr>\n<td width=\"328\">Razpon branja (2W ERP ETSI):<\/td>\n<td width=\"309\">8m<\/td>\n<\/tr>\n<tr>\n<td width=\"328\">Ozna\u010devanje:<\/td>\n<td width=\"309\">\u0160ivanje, lepilo za vro\u010de \u017eigosanje<\/td>\n<\/tr>\n<tr>\n<td width=\"328\">Predvidena \u017eivljenjska doba:<\/td>\n<td width=\"309\">200 ciklov pranja ali 3 leta, kar nastopi prej<\/td>\n<\/tr>\n<tr>\n<td width=\"328\">Metoda pranja:<\/td>\n<td width=\"309\">Pralnica, kemi\u010dna \u010distilnica<\/td>\n<\/tr>\n<tr>\n<td width=\"328\">Pritisk vode:<\/td>\n<td width=\"309\">60 barov<\/td>\n<\/tr>\n<tr>\n<td width=\"328\">Vodoodpornost:<\/td>\n<td width=\"309\">Vodoodporen<\/td>\n<\/tr>\n<tr>\n<td width=\"328\">Kemi\u010dna odpornost:<\/td>\n<td width=\"309\">Detergent, meh\u010dalec, belilo (kisik\/klor), alkalije<\/td>\n<\/tr>\n<tr>\n<td width=\"328\">Predhodno su\u0161enje v me\u0161alniku:<\/td>\n<td width=\"309\">125 \u00baC 15-20 minut<\/td>\n<\/tr>\n<tr>\n<td width=\"328\">Temperatura sterilizacije:<\/td>\n<td width=\"309\">135\u00b0C 15-20 minut<\/td>\n<\/tr>\n<tr>\n<td width=\"328\">Temperatura pranja:<\/td>\n<td width=\"309\">90\u00b0C, do 15 min.<\/td>\n<\/tr>\n<tr>\n<td width=\"328\">Vla\u017enost\/temperatura - delovanje:<\/td>\n<td width=\"309\">-20 do 110 \u00b0C, 8 do 95%RH<\/td>\n<\/tr>\n<tr>\n<td width=\"328\">Vla\u017enost\/temperatura-skladi\u0161\u010denje:<\/td>\n<td width=\"309\">-40 do 110 \u00b0C, 8 do 95%RH<\/td>\n<\/tr>\n<\/tbody>\n<\/table>\n<\/div>\n<\/div>\n<div class=\"auto-hide-last-sibling-br paragraph_1252f paragraph-element\">\n<h2 class=\"AnswerParser_AnswerParserH2__SIHnF\">Zakaj izbrati oznako RFID za perilo po meri?<\/h2>\n<p><span class=\"AnswerParser_TextContainer__z_Iiv\" data-testid=\"youchat-text\">Vlaganje v a\u00a0<strong>RFID oznaka perila po meri<\/strong>\u00a0izbolj\u0161a operativno u\u010dinkovitost, zmanj\u0161a izgube in izbolj\u0161a nadzor zalog. Z avtomatizacijo postopka sledenja lahko podjetja prihranijo \u010das in vire, hkrati pa zagotovijo natan\u010dno evidenco tekstilnih izdelkov. Zaradi vzdr\u017eljivosti in kemi\u010dne odpornosti so te oznake idealne za razli\u010dna okolja pranja perila, uporabnikom pa zagotavljajo brezskrbnost.<\/span><\/p>\n<h2 class=\"AnswerParser_AnswerParserH2__SIHnF\">Zna\u010dilnosti oznake RFID za perilo po meri<\/h2>\n<h3 class=\"AnswerParser_AnswerParserH3__Mpe4s\">1. Vzdr\u017eljiva in pralna oblika<\/h3>\n<p><span class=\"AnswerParser_TextContainer__z_Iiv\" data-testid=\"youchat-text\">The\u00a0<strong>RFID oznaka perila po meri<\/strong>\u00a0je posebej zasnovan tako, da prenese obremenitve komercialnega pranja. Z velikostjo 70 \u00d7 15 mm in te\u017eo le 0,6 g je lahek, a dovolj robusten, da zdr\u017ei do 200 ciklov pranja ali tri leta uporabe. Ta oznaka je izdelana iz vodoodpornih in kemi\u010dno odpornih materialov, zato lahko pre\u017eivi v te\u017ekih okoljih, vklju\u010dno z izpostavljenostjo detergentom, meh\u010dalcem in belilom.<\/span><\/p>\n<h3 class=\"AnswerParser_AnswerParserH3__Mpe4s\">2. Napredna tehnologija RFID<\/h3>\n<p><span class=\"AnswerParser_TextContainer__z_Iiv\" data-testid=\"youchat-text\">Deluje po standardu ISO\/IEC 18000-6 Type C (EPC Gen2), to\u00a0<strong>RFID oznaka za perilo<\/strong>\u00a0ima impresiven razpon branja 8 metrov, kar olaj\u0161a sledenje perilu brez neposrednega vidnega polja. Napredni tipi \u010dipov, vklju\u010dno z Impinj Monza 4QT in NXP U CODE 8\/9, omogo\u010dajo u\u010dinkovit prenos podatkov in zanesljivo delovanje tudi v zahtevnih pogojih.<\/span><\/p>\n<h3 class=\"AnswerParser_AnswerParserH3__Mpe4s\">3. Vsestranske mo\u017enosti ozna\u010devanja<\/h3>\n<p><span class=\"AnswerParser_TextContainer__z_Iiv\" data-testid=\"youchat-text\">The\u00a0<strong>RFID oznaka perila po meri<\/strong>\u00a0ponuja prilagodljive re\u0161itve za ozna\u010devanje, vklju\u010dno z lepilnimi metodami \u0161ivanja in vro\u010dega \u017eigosanja. Ta vsestranskost omogo\u010da enostavno integracijo v razli\u010dne tekstilne izdelke, kar zagotavlja, da oznake ostanejo varno pritrjene v celotnem \u017eivljenjskem ciklu.<\/span><\/p>\n<h3 class=\"AnswerParser_AnswerParserH3__Mpe4s\">4. Kemi\u010dna in temperaturna odpornost<\/h3>\n<p><span class=\"AnswerParser_TextContainer__z_Iiv\" data-testid=\"youchat-text\">Zasnovan tako, da prenese visoke temperature\u00a0<strong>RFID oznaka<\/strong>\u00a0lahko prenese temperature pranja do 90\u00b0C za 15 minut in sterilizacijo pri 135\u00b0C za 15-20 minut. S tlakom odvzema vode 60 barov so te oznake zasnovane za te\u017eka okolja pranja, zaradi \u010desar so primerne za uporabo v industrijskih pralnicah.<\/span><\/p>\n<h3 class=\"AnswerParser_AnswerParserH3__Mpe4s\">5. Izbolj\u0161ano upravljanje zalog<\/h3>\n<p><span class=\"AnswerParser_TextContainer__z_Iiv\" data-testid=\"youchat-text\">Uporaba\u00a0<strong>RFID sledenje perilu<\/strong>\u00a0tehnologija omogo\u010da podjetjem, da poenostavijo svoje pralnice perila. Oznake omogo\u010dajo u\u010dinkovito upravljanje zalog, pomagajo prepre\u010devati izgube in zagotavljajo, da so vsi artikli evidentirani. Ta raven sledenja je bistvena za zdravstvene ustanove, hotele in druge organizacije z velikimi koli\u010dinami perila.<\/span><\/p>\n<h3 class=\"AnswerParser_AnswerParserH3__Mpe4s\">6. Vpliv na okolje<\/h3>\n<p><span class=\"AnswerParser_TextContainer__z_Iiv\" data-testid=\"youchat-text\">The\u00a0<strong>RFID oznaka perila po meri<\/strong>\u00a0ni samo vzdr\u017eljiv, ampak tudi okolju prijazen. Z zmanj\u0161anjem potrebe po ro\u010dnem sledenju in zmanj\u0161anjem izgub tekstila te oznake prispevajo k bolj trajnostnim praksam pranja perila. Uvedba tehnologije RFID lahko zmanj\u0161a koli\u010dino odpadkov in izbolj\u0161a prizadevanja za recikliranje.<\/span><\/div>\n<div><\/div>\n<div>\n<h2 class=\"AnswerParser_AnswerParserH2__SIHnF\">Navodila za uporabo<\/h2>\n<ol class=\"AnswerParser_AnswerParserOrderedList__kl_2Y\">\n<li class=\"AnswerParser_ListItem__XqLOV\" translate=\"yes\"><strong>Ozna\u010devanje<\/strong>: Izberite \u017eeleni na\u010din ozna\u010devanja (\u0161ivanje ali vro\u010de \u017eigosanje), da varno pritrdite oznako RFID na va\u0161e obla\u010dilo ali perilo.<\/li>\n<li class=\"AnswerParser_ListItem__XqLOV\" translate=\"yes\"><strong>Pranje<\/strong>: Sledite navodilom za pranje in zagotovite, da je oznaka izpostavljena priporo\u010denim temperaturam in kemi\u010dnim nastavitvam.<\/li>\n<li class=\"AnswerParser_ListItem__XqLOV\" translate=\"yes\"><strong>Sledenje<\/strong>: Uporabite \u010ditalnik RFID za u\u010dinkovito sledenje in upravljanje inventarja va\u0161ega perila, s \u010dimer zagotovite natan\u010dne zapise in zmanj\u0161ate izgube.<\/li>\n<\/ol>\n<h2 class=\"AnswerParser_AnswerParserH2__SIHnF\">Mnenja strank<\/h2>\n<p><span class=\"AnswerParser_TextContainer__z_Iiv\" data-testid=\"youchat-text\">\u00bbUporaba\u00a0<strong>RFID oznaka perila po meri<\/strong>\u00a0je preoblikovala na\u0161e pralnice perila. Svojemu perilu lahko brezhibno sledimo in opazili smo znatno zmanj\u0161anje izgub.\u00ab \u2013 Sarah, vodja hotela<\/span><span class=\"AnswerParser_TextContainer__z_Iiv\" data-testid=\"youchat-text\">\u00bbTa re\u0161itev RFID je vzdr\u017eljiva in brez kakr\u0161nih koli te\u017eav prenese na\u0161e industrijske procese pranja perila. Toplo priporo\u010dam!\u201d \u2013 Mark, operativni direktor<\/span><\/p>\n<h2 class=\"AnswerParser_AnswerParserH2__SIHnF\">Pogosto zastavljena vpra\u0161anja (FAQ)<\/h2>\n<p><span class=\"AnswerParser_TextContainer__z_Iiv\" data-testid=\"youchat-text\"><strong>V: Kako dolgo traja oznaka RFID?<\/strong><br \/>\nO: The\u00a0<strong>RFID oznaka perila po meri<\/strong>\u00a0je zasnovan tako, da zdr\u017ei do 200 ciklov pranja ali tri leta, kar nastopi prej.<\/span><\/div>\n<div><span class=\"AnswerParser_TextContainer__z_Iiv\" data-testid=\"youchat-text\"><strong>V: Ali lahko oznaka prenese visoke temperature?<\/strong><br \/>\nO: Da, oznaka je zasnovana tako, da prenese temperature pranja do 90 \u00b0C in temperature sterilizacije 135 \u00b0C.<\/span><\/div>\n<div><span class=\"AnswerParser_TextContainer__z_Iiv\" data-testid=\"youchat-text\"><strong>V: Kako pritrdim oznako RFID na tekstil?<\/strong><br \/>\nO: Oznako lahko v\u0161ijete v blago ali pritrdite z lepilom za vro\u010de \u017eigosanje, odvisno od va\u0161ih \u017eelja.<\/span><\/div>\n<div><span class=\"AnswerParser_TextContainer__z_Iiv\" data-testid=\"youchat-text\"><strong>V: Ali je oznaka RFID vodotesna?<\/strong><br \/>\nO: Da, oznaka je vodotesna in lahko prenese izpostavljenost razli\u010dnim kemikalijam in pogojem pranja.<\/span><\/p>\n<h3 class=\"AnswerParser_AnswerParserH3__Mpe4s\">Sorodni izdelki<\/h3>\n<ul class=\"AnswerParser_AnswerParserUnorderedList__P_1FW\">\n<li class=\"AnswerParser_ListItem__XqLOV\" translate=\"yes\"><strong>Oznake za perilo RFID<\/strong>: Idealno za sledenje perila v hotelih in zdravstvenih ustanovah.<\/li>\n<li class=\"AnswerParser_ListItem__XqLOV\" translate=\"yes\"><strong>Pralne oznake RFID<\/strong>: Popoln za obla\u010dila, ki zahtevajo pogosto pranje in sledenje.<\/li>\n<li class=\"AnswerParser_ListItem__XqLOV\" translate=\"yes\"><strong>Re\u0161itve za industrijsko pranje perila<\/strong>: Prilagojene re\u0161itve RFID za pranje velikih koli\u010din perila.<\/li>\n<\/ul>\n<\/div>\n<div data-spm-anchor-id=\"a2700.details.0.i57.23b419c7xXORP0\">\n<div class=\"auto-hide-last-sibling-br paragraph_1252f paragraph-element\"><\/div>\n<\/div>\n<div class=\"auto-hide-last-sibling-br paragraph_1252f paragraph-element\"><\/div>","protected":false},"excerpt":{"rendered":"<p>Varno ozna\u010dite svoja obla\u010dila s trajnim <strong>RFID oznake za perilo<\/strong>, zasnovan za visoke temperature, vodoodporen in idealen za u\u010dinkovito sledenje perilu.<\/p>","protected":false},"featured_media":2715,"template":"","meta":{"_kad_post_transparent":"default","_kad_post_title":"","_kad_post_layout":"default","_kad_post_sidebar_id":"","_kad_post_content_style":"default","_kad_post_vertical_padding":"default","_kad_post_feature":"","_kad_post_feature_position":"","_kad_post_header":false,"_kad_post_footer":false,"_kad_post_classname":""},"product_brand":[],"product_cat":[19],"product_tag":[315,297,31,30],"class_list":{"0":"post-2714","1":"product","2":"type-product","3":"status-publish","4":"has-post-thumbnail","6":"product_cat-textile-rfid-laundry-tag","7":"product_tag-custom-laundry-rfid-tag","8":"product_tag-rfid-chips-for-uniform","9":"product_tag-rfid-tag-for-linen-laundry","10":"product_tag-uhf-rfid-laundry-tag","12":"first","13":"instock","14":"featured","15":"shipping-taxable","16":"product-type-simple","17":"entry","18":"content-bg","19":"loop-entry"},"_links":{"self":[{"href":"https:\/\/rfid-laundry-tag.com\/sl\/wp-json\/wp\/v2\/product\/2714","targetHints":{"allow":["GET"]}}],"collection":[{"href":"https:\/\/rfid-laundry-tag.com\/sl\/wp-json\/wp\/v2\/product"}],"about":[{"href":"https:\/\/rfid-laundry-tag.com\/sl\/wp-json\/wp\/v2\/types\/product"}],"version-history":[{"count":1,"href":"https:\/\/rfid-laundry-tag.com\/sl\/wp-json\/wp\/v2\/product\/2714\/revisions"}],"predecessor-version":[{"id":2716,"href":"https:\/\/rfid-laundry-tag.com\/sl\/wp-json\/wp\/v2\/product\/2714\/revisions\/2716"}],"wp:featuredmedia":[{"embeddable":true,"href":"https:\/\/rfid-laundry-tag.com\/sl\/wp-json\/wp\/v2\/media\/2715"}],"wp:attachment":[{"href":"https:\/\/rfid-laundry-tag.com\/sl\/wp-json\/wp\/v2\/media?parent=2714"}],"wp:term":[{"taxonomy":"product_brand","embeddable":true,"href":"https:\/\/rfid-laundry-tag.com\/sl\/wp-json\/wp\/v2\/product_brand?post=2714"},{"taxonomy":"product_cat","embeddable":true,"href":"https:\/\/rfid-laundry-tag.com\/sl\/wp-json\/wp\/v2\/product_cat?post=2714"},{"taxonomy":"product_tag","embeddable":true,"href":"https:\/\/rfid-laundry-tag.com\/sl\/wp-json\/wp\/v2\/product_tag?post=2714"}],"curies":[{"name":"delovni list","href":"https:\/\/api.w.org\/{rel}","templated":true}]}}