{"id":2689,"date":"2024-09-26T09:32:20","date_gmt":"2024-09-26T09:32:20","guid":{"rendered":"https:\/\/rfid-laundry-tag.com\/?post_type=product&#038;p=2689"},"modified":"2024-09-26T14:30:31","modified_gmt":"2024-09-26T14:30:31","slug":"rfid-nfc-mifare-desfire-inlay","status":"publish","type":"product","link":"https:\/\/rfid-laundry-tag.com\/sl\/rfid-nfc-mifare-desfire-inlay\/","title":{"rendered":"RFID NFC MIFARE Desfire INLAY"},"content":{"rendered":"<h1>RFID NFC MIFARE Desfire INLAY<\/h1>\n<p>The<strong> RFID NFC MIFARE Desfire INLAY<\/strong>\u00a0je napredna re\u0161itev, zasnovana za aplikacije, ki zahtevajo robustno varnost in izjemno zmogljivost. Z vgrajenim \u010dipom RFID in prilagodljivimi funkcijami ta vlo\u017eek ponuja brezhibno izku\u0161njo za razli\u010dne uporabe \u2013 od nadzora dostopa do pla\u010dilnih sistemov. Ne glede na to, ali ste podjetje, ki \u017eeli nadgraditi svoje identifikacijske metode, ali posameznik, ki i\u0161\u010de varne transakcije, so vlo\u017eki MIFARE DESFire prepri\u010dljiva izbira.<\/p>\n<h3>Funkcije MIFARE_DESFIRE EV2 2K\/4k\/8K<\/h3>\n<div id=\"featuresXsp\" class=\"features-list toggle-opacity in\">\n<div class=\"features-xsp\">\n<div class=\"collapse-mobile ste-list\">\n<h3>RF vmesnik: ISO\/IEC 14443 tip A<\/h3>\n<ul class=\"boxes\">\n<li>Brezkontaktni vmesnik, skladen z ISO\/IEC 14443-2\/3 A<\/li>\n<li>Nizek Hmin, ki omogo\u010da delovno razdaljo do 100 mm (odvisno od mo\u010di, ki jo zagotavlja PCD in geometrija antene)<\/li>\n<li>Hiter prenos podatkov: 106 kbit\/s, 212 kbit\/s, 424 kbit\/s, 848 kbit\/s<\/li>\n<li>7 bajtov edinstvenega identifikatorja (mo\u017enost za naklju\u010dni ID)<\/li>\n<li>Uporablja prenosni protokol ISO\/IEC 14443-4<\/li>\n<li>Nastavljiv FSCI za podporo velikosti okvirja do 128 bajtov (novo)<\/li>\n<\/ul>\n<\/div>\n<div class=\"collapse-mobile ste-list\">\n<h3>Nehlapni pomnilnik<\/h3>\n<ul class=\"boxes\">\n<li>2 kB, 4 kB, 8 kB, 16 kB ali 32 kB NV<\/li>\n<li>Hramba podatkov 25 let<\/li>\n<li>Napi\u0161ite tipi\u010dno vzdr\u017eljivost 500 000 ciklov<\/li>\n<li>Hitri programski cikli (brisanje\/pisanje)<\/li>\n<\/ul>\n<\/div>\n<div class=\"collapse-mobile ste-list\">\n<h3>Organizacija NV-pomnilnika<\/h3>\n<ul class=\"boxes\">\n<li>Prilagodljiv datote\u010dni sistem: uporabnik lahko poljubno definira strukture aplikacij na PICC<\/li>\n<li>Skoraj brez omejitev glede \u0161tevila aplikacij na PICC (novo)<\/li>\n<li>Do 32 datotek v vsaki aplikaciji (na voljo je 6 vrst datotek: standardna podatkovna datoteka, varnostno kopirana podatkovna datoteka, vrednostna datoteka, datoteka linearnega zapisa, datoteka cikli\u010dnega zapisa in datoteka MAC transakcije)<\/li>\n<li>Velikost datoteke je dolo\u010dena med ustvarjanjem (ne za transakcijsko datoteko MAC)<\/li>\n<\/ul>\n<\/div>\n<\/div>\n<\/div>\n<h2>Klju\u010dne prednosti RFID NFC MIFARE Desfire INLAY<\/h2>\n<p>MIFARE DESFire <a href=\"https:\/\/rfid-laundry-tag.com\/sl\/rfid-inlay\/\">RFID vlo\u017eki<\/a> niso le oznake; predstavljajo korak v prihodnost, kjer sobivajo u\u010dinkovitost, fleksibilnost in varnost. Te vlo\u017eke je mogo\u010de prilagoditi va\u0161im posebnim potrebam in prikazati va\u0161o blagovno znamko ter hkrati zagotoviti izbolj\u0161ano funkcionalnost. Vsestranskost platforme MIFARE DESFire omogo\u010da aplikacije, ki segajo od brezsti\u010dnih pla\u010dil do varnih sistemov za nadzor dostopa.<\/p>\n<h3>Zna\u010dilnosti vlo\u017eka MIFARE DESFire RFID<\/h3>\n<p>MIFARE DESFire <a href=\"https:\/\/rfid-laundry-tag.com\/sl\/rfid-inlay\/\">RFID vlo\u017eek<\/a> ponuja \u0161tevilne funkcije, zaradi katerih je bistveno orodje v sodobnih aplikacijah RFID. To vklju\u010duje zdru\u017eljivost z napravami, ki podpirajo NFC, ve\u010d podatkovnih zmogljivosti (do 32k) in varne standarde \u0161ifriranja, ki \u0161\u010ditijo uporabni\u0161ke podatke.<\/p>\n<h3>Mo\u010d tehnologije MIFARE DESFire<\/h3>\n<p>Tehnologija MIFARE DESFire je v ospredju industrije RFID, znana po svoji u\u010dinkovitosti pri prenosu podatkov in varnosti. Platforma je v skladu z varnostnim certifikatom Common Criteria EAL5+, zaradi \u010desar je zanesljiva za ob\u010dutljive aplikacije, kot so ban\u010dne kartice in elektronski potni listi.<\/p>\n<h3>Vsestranske uporabe vlo\u017ekov RFID<\/h3>\n<p>Mo\u017enosti prilagajanja za MIFARE DESFire <a href=\"https:\/\/rfid-laundry-tag.com\/sl\/rfid-inlay\/\">RFID vlo\u017eki<\/a> so ogromni. Od storitev pametnega mesta do programov zvestobe in brezgotovinskih pla\u010dilnih re\u0161itev so funkcionalnosti prilagojene zahtevam sodobne tehnologije.<\/p>\n<h3>Mo\u017enosti prilagajanja za va\u0161e podjetje<\/h3>\n<p>Z MIFARE DESFire <a href=\"https:\/\/rfid-laundry-tag.com\/sl\/rfid-inlay\/\">RFID vlo\u017eki<\/a>, lahko prilagodite vse, od oblike in velikosti do natisnjenih logotipov in serijskih \u0161tevilk. Ta prilagodljivost pove\u010duje prepoznavnost blagovne znamke in zagotavlja edinstveno uporabni\u0161ko izku\u0161njo, prilagojeno posebnim poslovnim potrebam.<\/p>\n<h3>Izbolj\u0161ane varnostne funkcije<\/h3>\n<p>Varnostni ukrepi, vgrajeni v vlo\u017eke RFID MIFARE DESFire, so neprimerljivi. Z vzajemno tristopenjsko avtentikacijo in \u0161ifriranjem AES za prenos podatkov so uporabniki lahko prepri\u010dani, da njihovi podatki ostanejo zasebni in varni.<\/p>\n<h3>Okolju prijazni vidiki<\/h3>\n<p>Ker tehnologija RFID vklju\u010duje trajnost, je mogo\u010de vlo\u017eke MIFARE DESFire izdelati z okolju prijaznimi materiali. Ta vidik ne le zmanj\u0161a vpliv na okolje, temve\u010d tudi uskladi va\u0161e podjetje s sodobnimi potro\u0161ni\u0161kimi vrednotami.<\/p>\n<h3>Kratek pregled tehni\u010dnih specifikacij<\/h3>\n<div>\n<div class=\"overflow-x-auto custom-scrollbar custom-scrollbar-wide mb-2\">\n<table class=\"w-fit !mb-2 !max-w-none\">\n<thead>\n<tr>\n<th style=\"text-align: left;\"><strong>Specifikacija<\/strong><\/th>\n<th style=\"text-align: left;\"><strong>Opis<\/strong><\/th>\n<\/tr>\n<\/thead>\n<tbody>\n<tr>\n<td><strong>RF vmesnik<\/strong><\/td>\n<td>ISO\/IEC 14443 tip A<\/td>\n<\/tr>\n<tr>\n<td><strong>Delovna razdalja<\/strong><\/td>\n<td>Do 100 mm<\/td>\n<\/tr>\n<tr>\n<td><strong>Stopnje prenosa podatkov<\/strong><\/td>\n<td>106 kbit\/s do 848 kbit\/s<\/td>\n<\/tr>\n<tr>\n<td><strong>Mo\u017enosti pomnilnika<\/strong><\/td>\n<td>2k, 4k, 8k, 16k ali 32k NV<\/td>\n<\/tr>\n<tr>\n<td><strong>Enoli\u010dni identifikator<\/strong><\/td>\n<td>7 bajtov z mo\u017enostjo naklju\u010dnega ID-ja<\/td>\n<\/tr>\n<tr>\n<td><strong>Varnostni certifikat<\/strong><\/td>\n<td>Skupni kriteriji EAL5+<\/td>\n<\/tr>\n<\/tbody>\n<\/table>\n<\/div>\n<\/div>\n<h3>Pri\u010devanja strank<\/h3>\n<p>Stranke iz razli\u010dnih sektorjev so pohvalile vlo\u017eke MIFARE DESFire zaradi njihove u\u010dinkovitosti in zanesljivosti. Povratne informacije poudarjajo enostavnost integracije, u\u010dinkovitost delovanja in splo\u0161no zadovoljstvo z varnostnimi funkcijami.<\/p>\n<h3>Pogosto zastavljena vpra\u0161anja (FAQ)<\/h3>\n<p><strong>Kak\u0161na je najve\u010dja velikost pomnilnika za vlo\u017eke MIFARE DESFire?<\/strong><\/p>\n<ul>\n<li style=\"list-style-type: none;\">\n<ul>\n<li>Najve\u010dja razpolo\u017eljiva velikost pomnilnika je 32k.<\/li>\n<\/ul>\n<\/li>\n<\/ul>\n<p><strong>Ali so ti vlo\u017eki zdru\u017eljivi z obstoje\u010dimi bralniki NFC?<\/strong><\/p>\n<ul>\n<li style=\"list-style-type: none;\">\n<ul>\n<li>Da, popolnoma so zdru\u017eljivi z obstoje\u010do infrastrukturo bralnikov NFC.<\/li>\n<\/ul>\n<\/li>\n<\/ul>\n<p><strong>Ali lahko prilagodim nastavitve prenosa podatkov?<\/strong><\/p>\n<ul>\n<li style=\"list-style-type: none;\">\n<ul>\n<li>Da, velikost okvirja lahko konfigurirate tako, da ustreza va\u0161im potrebam aplikacije.<\/li>\n<\/ul>\n<\/li>\n<\/ul>\n<h3>Kon\u010dne misli o vlo\u017ekih RFID MIFARE DESFire<\/h3>\n<p>MIFARE DESFire RFID Inlay utele\u0161a popolno zlitje varnosti, zmogljivosti in vsestranskosti. Z mo\u017enostmi prilagajanja, visokimi varnostnimi standardi in vrsto aplikacij je nalo\u017eba v to tehnologijo pametna izbira za podjetja in posameznike.<\/p>\n<p>Odklenite naslednjo raven varnosti in u\u010dinkovitosti z\u00a0<strong>RFID vlo\u017eki MIFARE DESFire<\/strong>.\u00a0<strong>Kontaktirajte nas<\/strong>\u00a0danes, da razi\u0161\u010demo, kako lahko na\u0161e re\u0161itve izpolnijo va\u0161e potrebe in nadgradijo va\u0161e poslovne zmogljivosti. Ne glede na to, ali \u017eelite izbolj\u0161ati nadzor dostopa, optimizirati pla\u010dilne sisteme ali integrirati pametno re\u0161itev za sledenje, je tehnologija MIFARE DESFire va\u0161 klju\u010d do varne prihodnosti.<\/p>","protected":false},"excerpt":{"rendered":"<p>Odkrijte RFID NFC MIFARE Desfire INLAY\u2014varne, vsestranske in prilagodljive re\u0161itve za nadzor dostopa in pla\u010dila, ki zagotavljajo ve\u010djo u\u010dinkovitost in varnost.<\/p>","protected":false},"featured_media":2673,"template":"","meta":{"_kad_post_transparent":"default","_kad_post_title":"","_kad_post_layout":"default","_kad_post_sidebar_id":"","_kad_post_content_style":"default","_kad_post_vertical_padding":"default","_kad_post_feature":"","_kad_post_feature_position":"","_kad_post_header":false,"_kad_post_footer":false,"_kad_post_classname":""},"product_brand":[],"product_cat":[189],"product_tag":[313,111,108],"class_list":{"0":"post-2689","1":"product","2":"type-product","3":"status-publish","4":"has-post-thumbnail","6":"product_cat-rfid-inlay","7":"product_tag-mifare-desfire-inlay","8":"product_tag-nfc-inlay","9":"product_tag-rfid-inlay","11":"first","12":"instock","13":"shipping-taxable","14":"product-type-simple","15":"entry","16":"content-bg","17":"loop-entry"},"_links":{"self":[{"href":"https:\/\/rfid-laundry-tag.com\/sl\/wp-json\/wp\/v2\/product\/2689","targetHints":{"allow":["GET"]}}],"collection":[{"href":"https:\/\/rfid-laundry-tag.com\/sl\/wp-json\/wp\/v2\/product"}],"about":[{"href":"https:\/\/rfid-laundry-tag.com\/sl\/wp-json\/wp\/v2\/types\/product"}],"version-history":[{"count":2,"href":"https:\/\/rfid-laundry-tag.com\/sl\/wp-json\/wp\/v2\/product\/2689\/revisions"}],"predecessor-version":[{"id":2693,"href":"https:\/\/rfid-laundry-tag.com\/sl\/wp-json\/wp\/v2\/product\/2689\/revisions\/2693"}],"wp:featuredmedia":[{"embeddable":true,"href":"https:\/\/rfid-laundry-tag.com\/sl\/wp-json\/wp\/v2\/media\/2673"}],"wp:attachment":[{"href":"https:\/\/rfid-laundry-tag.com\/sl\/wp-json\/wp\/v2\/media?parent=2689"}],"wp:term":[{"taxonomy":"product_brand","embeddable":true,"href":"https:\/\/rfid-laundry-tag.com\/sl\/wp-json\/wp\/v2\/product_brand?post=2689"},{"taxonomy":"product_cat","embeddable":true,"href":"https:\/\/rfid-laundry-tag.com\/sl\/wp-json\/wp\/v2\/product_cat?post=2689"},{"taxonomy":"product_tag","embeddable":true,"href":"https:\/\/rfid-laundry-tag.com\/sl\/wp-json\/wp\/v2\/product_tag?post=2689"}],"curies":[{"name":"delovni list","href":"https:\/\/api.w.org\/{rel}","templated":true}]}}