{"id":268,"date":"2024-06-21T15:32:44","date_gmt":"2024-06-21T15:32:44","guid":{"rendered":"https:\/\/rfid-laundry-tag.com\/?post_type=product&#038;p=268"},"modified":"2024-06-28T10:04:38","modified_gmt":"2024-06-28T10:04:38","slug":"uhf-rfid-label-alien-h9","status":"publish","type":"product","link":"https:\/\/rfid-laundry-tag.com\/sl\/uhf-rfid-label-alien-h9\/","title":{"rendered":"UHF RFID oznaka Alien H9"},"content":{"rendered":"<h2>UHF RFID oznaka Alien H9<\/h2>\n<p><span style=\"font-family: inherit; font-size: 24px; font-weight: bold;\">Nalepka UHF RFID za sledenje zalog<\/span><\/p>\n<div class=\"J_module\">\n<div class=\"ife-detail-decorate-table\">\n<table class=\"all magic-10\">\n<tbody>\n<tr>\n<td colspan=\"1\" rowspan=\"1\">\n<div class=\"magic-11\">\u010dip<\/div>\n<\/td>\n<td colspan=\"1\" rowspan=\"1\">\n<div class=\"magic-12\">Alien H9<\/div>\n<\/td>\n<\/tr>\n<tr>\n<td colspan=\"1\" rowspan=\"1\">\n<div class=\"magic-11\">Pogostost<\/div>\n<\/td>\n<td colspan=\"1\" rowspan=\"1\">\n<div class=\"magic-12\">860 ~ 960 MHz<\/div>\n<\/td>\n<\/tr>\n<tr>\n<td colspan=\"1\" rowspan=\"1\">\n<div class=\"magic-11\">Material<\/div>\n<\/td>\n<td colspan=\"1\" rowspan=\"1\">\n<div class=\"magic-12\">Premazan papir\/PET\/Sinteti\u010dni papir\/Termo papir\/prilagajanje<\/div>\n<\/td>\n<\/tr>\n<tr>\n<td colspan=\"1\" rowspan=\"1\">\n<div class=\"magic-11\">Delovni na\u010din<\/div>\n<\/td>\n<td colspan=\"1\" rowspan=\"1\">\n<div class=\"magic-12\">Pasivno<\/div>\n<\/td>\n<\/tr>\n<tr>\n<td colspan=\"1\" rowspan=\"1\">\n<div class=\"magic-11\">IC \u017divljenje<\/div>\n<\/td>\n<td colspan=\"1\" rowspan=\"1\">\n<div class=\"magic-12\">100.000 programskih ciklov, 10 let hrambe podatkov<\/div>\n<\/td>\n<\/tr>\n<tr>\n<td colspan=\"1\" rowspan=\"1\">\n<div class=\"magic-11\">Delovna temperatura\/vla\u017enost<\/div>\n<\/td>\n<td colspan=\"1\" rowspan=\"1\">\n<div class=\"magic-12\">-25~50\u2103\/20%~80% RH<\/div>\n<\/td>\n<\/tr>\n<tr>\n<td colspan=\"1\" rowspan=\"1\">\n<div class=\"magic-11\">Temperatura\/vla\u017enost skladi\u0161\u010denja<\/div>\n<\/td>\n<td colspan=\"1\" rowspan=\"1\">\n<div class=\"magic-12\">+23\u00b0C\u00b15\u00b0C\/ 50%\u00b110% RH (brez kondenzacije).<\/div>\n<\/td>\n<\/tr>\n<tr>\n<td colspan=\"1\" rowspan=\"1\">\n<div class=\"magic-11\">Antena<\/div>\n<\/td>\n<td colspan=\"1\" rowspan=\"1\">\n<div class=\"magic-12\">Jedkanje aluminija, 94,8*8,1 mm<\/div>\n<\/td>\n<\/tr>\n<tr>\n<td colspan=\"1\" rowspan=\"1\">\n<div class=\"magic-11\">Mokri vlo\u017eek\/velikost etikete<\/div>\n<\/td>\n<td colspan=\"1\" rowspan=\"1\">\n<div class=\"magic-12\">98 * 15 mm ali prilagoditev<\/div>\n<\/td>\n<\/tr>\n<tr>\n<td colspan=\"1\" rowspan=\"1\">\n<div class=\"magic-11\">Tiskanje<\/div>\n<\/td>\n<td colspan=\"1\" rowspan=\"1\">\n<div class=\"magic-12\">Barvno tiskanje, logotip, \u010drtna koda, QR koda itd<\/div>\n<\/td>\n<\/tr>\n<tr>\n<td colspan=\"1\" rowspan=\"1\">\n<div class=\"magic-11\">Vzorec<\/div>\n<\/td>\n<td colspan=\"1\" rowspan=\"1\">\n<div class=\"magic-12\">Vzorec je brezpla\u010den za va\u0161 preizkus kakovosti<\/div>\n<\/td>\n<\/tr>\n<tr>\n<td colspan=\"1\" rowspan=\"1\">\n<div class=\"magic-11\">Protokol<\/div>\n<\/td>\n<td colspan=\"1\" rowspan=\"1\">\n<div class=\"magic-12\">ISO\/IEC 18000-6C EPC Class1 Gen2<\/div>\n<\/td>\n<\/tr>\n<tr>\n<td colspan=\"1\" rowspan=\"1\">\n<div class=\"magic-11\">Pakiranje<\/div>\n<\/td>\n<td colspan=\"1\" rowspan=\"1\">\n<div class=\"magic-12\">1000-5000 kosov\/zvitek, 4 zvitki\/karton<\/div>\n<\/td>\n<\/tr>\n<tr>\n<td colspan=\"1\" rowspan=\"1\">\n<div class=\"magic-11\">Kraj izvora<\/div>\n<\/td>\n<td colspan=\"1\" rowspan=\"1\">\n<div class=\"magic-12\">Chengdu, Kitajska<\/div>\n<\/td>\n<\/tr>\n<tr>\n<td colspan=\"1\" rowspan=\"4\">\n<div class=\"magic-11\">Uporaba\/Re\u0161itev<\/div>\n<\/td>\n<td colspan=\"1\" rowspan=\"1\">\n<div class=\"magic-12\">Varen nadzor vstopa\/brezgotovinsko pla\u010dilo \u010clanstvo in programi zvestobe<\/div>\n<\/td>\n<\/tr>\n<tr>\n<td colspan=\"1\" rowspan=\"1\">\n<div class=\"magic-12\" data-spm-anchor-id=\"a2700.details.0.i80.59c943e8HVzkHD\">Dostop do dogodkov in blagovna znamka\/dru\u017ebeni mediji\/prodaja na drobno<\/div>\n<\/td>\n<\/tr>\n<tr>\n<td colspan=\"1\" rowspan=\"1\">\n<div class=\"magic-12\">Okolje\/Igre in igra\u010de Lokacija\/Elektronika\/Sejmi<\/div>\n<\/td>\n<\/tr>\n<tr>\n<td colspan=\"1\" rowspan=\"1\">\n<div class=\"magic-12\">Dogodki\/Zahteva za klic\/Vizitke<\/div>\n<\/td>\n<\/tr>\n<\/tbody>\n<\/table>\n<p>&nbsp;<\/p>\n<\/div>\n<\/div>\n<div class=\"J_module\">\n<div><\/div>\n<div class=\"auto-hide-last-sibling-br paragraph_9dc5f paragraph-element\">UHF RFID nalepke (ultra visokofrekven\u010dne radiofrekven\u010dne identifikacijske nalepke) so resni\u010dno vsestransko orodje z obse\u017eno uporabo v razli\u010dnih sektorjih.<\/div>\n<div class=\"auto-hide-last-sibling-br paragraph_9dc5f paragraph-element\">Identifikacija: Te nalepke lahko enostavno shranijo osebne podatke, kar je uporabno v scenarijih preverjanja identitete, zaradi \u010desar je zanesljiva izbira za razli\u010dne ustanove, ki zahtevajo varne in u\u010dinkovite metode identifikacije.<\/div>\n<div><\/div>\n<div class=\"auto-hide-last-sibling-br paragraph_9dc5f paragraph-element\">Prodaja vstopnic za javni prevoz in dogodke: nalepke UHF RFID se obi\u010dajno uporabljajo v avtomatiziranih sistemih za prodajo vstopnic, kot so \u017eetoni za podzemno \u017eeleznico ali avtobus, ter pri prodaji vstopnic za dogodke, kjer omogo\u010dajo hiter in u\u010dinkovit vstop.<\/div>\n<div><\/div>\n<div class=\"auto-hide-last-sibling-br paragraph_9dc5f paragraph-element\">Elektronsko cestninjenje: uporaba nalepk UHF RFID tukaj omogo\u010da hitro pla\u010dilo cestnine, ne da bi se morala vozila ustavljati, kar bistveno zmanj\u0161a promet in pove\u010da udobje za uporabnike.<\/div>\n<div><\/div>\n<div class=\"auto-hide-last-sibling-br paragraph_9dc5f paragraph-element\">Upravljanje sredstev: Oznake je mogo\u010de pritrditi na sredstva, kar omogo\u010da sledenje v realnem \u010dasu, lokacijo in posodabljanje informacij, izbolj\u0161anje upravljanja zalog in zmanj\u0161anje izgube ali kraje.<\/div>\n<div><\/div>\n<div class=\"auto-hide-last-sibling-br paragraph_9dc5f paragraph-element\">Knji\u017enice in izposoje: Uporabljajo se za sledenje knjigam ali drugim predmetom, ki gredo v knji\u017enico in iz nje, zaradi \u010desar je postopek izposoje in vra\u010dila u\u010dinkovitej\u0161i. Uporabljajo se lahko tudi v najemni\u0161kih storitvah za bolj\u0161e upravljanje z najetimi predmeti.<\/div>\n<div><\/div>\n<div class=\"auto-hide-last-sibling-br paragraph_9dc5f paragraph-element\">Sistem zvestobe: nalepke UHF RFID se lahko uporabljajo na karticah zvestobe ali nagradnih karticah za podjetja, kar izbolj\u0161a zadr\u017eevanje strank in zagotavlja odli\u010dno uporabni\u0161ko izku\u0161njo.<\/div>\n<div><\/div>\n<div class=\"auto-hide-last-sibling-br paragraph_9dc5f paragraph-element\">Upravljanje nadzora dostopa: Na mestih, kjer je potreben varen dostop, kot so pisarne, stanovanjski prostori ali dolo\u010dena javna obmo\u010dja, se lahko te oznake uporabljajo za u\u010dinkovit nadzor dostopa in dodajo dodatno raven varnosti.<\/div>\n<div><\/div>\n<div class=\"auto-hide-last-sibling-br paragraph_9dc5f paragraph-element\">Poleg tega lahko na\u0161e storitve programiranja in kodiranja po meri ustrezajo posebnim potrebam stranke, zaradi \u010desar so nalepke UHF RFID zelo stro\u0161kovno u\u010dinkovita in priro\u010dna re\u0161itev za \u0161tevilna podjetja in storitve.<\/div>\n<div><\/div>\n<\/div>\n<div><\/div>\n<div><strong>Zakaj izbrati NAS?<\/strong><\/div>\n<div><\/div>\n<div>Smo vodilni ponudnik tehnologije RFID z ve\u010d kot 11-letnimi izku\u0161njami, ki prina\u0161a napredno u\u010dinkovitost, zanesljivost in natan\u010dnost v globalne dobavne verige strank z vodilnimi izdelki, re\u0161itvami in tehnologijami v industriji. Kot proizvajalec na globalni ravni strankam ponujamo platformo temeljnih tehnologij, vklju\u010dno z nadzorom dostopa, ozna\u010devanjem \u017eivali, komunikacijo bli\u017enjega polja (NFC), razli\u010dnimi bralniki RFID in re\u0161itvami. Na\u0161e re\u0161itve vklju\u010dujejo visoko konfigurabilna aplikacijska ogrodja in elegantne uporabni\u0161ke vmesnike z napredno analitiko, ki omogo\u010dajo poslovno inteligenco od konca do konca in preglednost podatkov v ve\u010d panogah.<\/div>","protected":false},"excerpt":{"rendered":"<p>Oznaka UHF RFID se lahko \u0161iroko uporablja pri identifikaciji, javnem prevozu, elektronskem cestninjenju vstopnic za dogodke, upravljanju sredstev, knji\u017enicah in izposoji, sistemu zvestobe in upravljanju nadzora dostopa itd. Ponujamo storitve programiranja in kodiranja, ki natan\u010dno ustrezajo zahtevam programiranja ali kodiranja strank.<\/p>","protected":false},"featured_media":270,"template":"","meta":{"_kad_post_transparent":"default","_kad_post_title":"","_kad_post_layout":"default","_kad_post_sidebar_id":"","_kad_post_content_style":"default","_kad_post_vertical_padding":"default","_kad_post_feature":"","_kad_post_feature_position":"","_kad_post_header":false,"_kad_post_footer":false,"_kad_post_classname":""},"product_brand":[],"product_cat":[54],"product_tag":[102,100,98],"class_list":{"0":"post-268","1":"product","2":"type-product","3":"status-publish","4":"has-post-thumbnail","6":"product_cat-hot-selling-rfid-tags","7":"product_tag-paper-uhf-rfid-sticker","8":"product_tag-rfid-label","9":"product_tag-uhf-rfid-label","11":"first","12":"instock","13":"shipping-taxable","14":"product-type-simple","15":"entry","16":"content-bg","17":"loop-entry"},"_links":{"self":[{"href":"https:\/\/rfid-laundry-tag.com\/sl\/wp-json\/wp\/v2\/product\/268","targetHints":{"allow":["GET"]}}],"collection":[{"href":"https:\/\/rfid-laundry-tag.com\/sl\/wp-json\/wp\/v2\/product"}],"about":[{"href":"https:\/\/rfid-laundry-tag.com\/sl\/wp-json\/wp\/v2\/types\/product"}],"version-history":[{"count":0,"href":"https:\/\/rfid-laundry-tag.com\/sl\/wp-json\/wp\/v2\/product\/268\/revisions"}],"wp:featuredmedia":[{"embeddable":true,"href":"https:\/\/rfid-laundry-tag.com\/sl\/wp-json\/wp\/v2\/media\/270"}],"wp:attachment":[{"href":"https:\/\/rfid-laundry-tag.com\/sl\/wp-json\/wp\/v2\/media?parent=268"}],"wp:term":[{"taxonomy":"product_brand","embeddable":true,"href":"https:\/\/rfid-laundry-tag.com\/sl\/wp-json\/wp\/v2\/product_brand?post=268"},{"taxonomy":"product_cat","embeddable":true,"href":"https:\/\/rfid-laundry-tag.com\/sl\/wp-json\/wp\/v2\/product_cat?post=268"},{"taxonomy":"product_tag","embeddable":true,"href":"https:\/\/rfid-laundry-tag.com\/sl\/wp-json\/wp\/v2\/product_tag?post=268"}],"curies":[{"name":"delovni list","href":"https:\/\/api.w.org\/{rel}","templated":true}]}}