{"id":2641,"date":"2024-09-22T15:06:11","date_gmt":"2024-09-22T15:06:11","guid":{"rendered":"https:\/\/rfid-laundry-tag.com\/?post_type=product&#038;p=2641"},"modified":"2024-09-22T15:36:05","modified_gmt":"2024-09-22T15:36:05","slug":"on-heavy-duty-nfc-tag-for-patrol","status":"publish","type":"product","link":"https:\/\/rfid-laundry-tag.com\/sl\/on-heavy-duty-nfc-tag-for-patrol\/","title":{"rendered":"On Heavy Duty NFC Tag for Patrol"},"content":{"rendered":"<p>U\u010dinkovito upravljanje patrulj je klju\u010dnega pomena za varnost in u\u010dinkovito delovanje v razli\u010dnih panogah, kot so zgradbe, tovarne in skladi\u0161\u010da. The\u00a0<strong>On Heavy Duty NFC Tag for Patrol<\/strong>\u00a0je zasnovan tako, da dvigne procese spremljanja patruljnega osebja, zagotavlja celovite evidence in neprimerljivo odgovornost. Ta inovativna tehnologija ne le poenostavlja sledenje patruljam, ampak tudi ustvarja okolje, ki spodbuja varnost in u\u010dinkovitost delovanja.<\/p>\n<h2>\u00a0Uvod v oznake NFC v te\u017ekih razmerah<\/h2>\n<p>V okolju, ki nenehno zahteva odgovornost in natan\u010dnost, je\u00a0<strong>Na te\u017ekih oznakah NFC<\/strong>\u00a0zagotoviti zanesljivo re\u0161itev za upravljanje patruljiranja. Te oznake omogo\u010dajo mened\u017eerjem in vodjem, da spremljajo patruljne dejavnosti, kar zagotavlja, da se vsak korak natan\u010dno spremlja in bele\u017ei. Z uporabo\u00a0<strong>kovinski NFC<\/strong>\u00a0tehnologije so te oznake zasnovane za oprijem na povr\u0161ine v najzahtevnej\u0161ih okoljih.<\/p>\n<p>The\u00a0<strong>NFC oznaka<\/strong>\u00a0slu\u017ei \u0161tevilnim industrijam in pomaga premostiti vrzel med ro\u010dnimi sistemi sledenja in avtomatiziranimi, u\u010dinkovitimi procesi spremljanja. Z integracijo tako napredne tehnologije v va\u0161e varnostne operacije lahko pri\u010dakujete neprimerljivo raven storitev in u\u010dinkovitosti.<\/p>\n<h2>Klju\u010dne lastnosti oznak NFC<\/h2>\n<p><strong>Na te\u017ekih oznakah NFC<\/strong>\u00a0sestavljajo ve\u010d klju\u010dnih lastnosti, zaradi katerih izstopajo na trgu:<\/p>\n<ul>\n<li><strong>Vzdr\u017eljiva konstrukcija:<\/strong>\u00a0Te oznake, zasnovane za uporabo v te\u017ekih pogojih, lahko prenesejo te\u017eke pogoje in so zasnovane za pritrditev na katero koli kovinsko povr\u0161ino. Njihova robustna oblika je odporna na obrabo in zagotavlja dolgotrajno delovanje.<\/li>\n<li><strong>Napredna tehnologija NTAG:<\/strong>\u00a0Vklju\u010ditev\u00a0<strong>ntag213<\/strong>\u00a0\u010dip zagotavlja hiter prenos podatkov in u\u010dinkovito delovanje. S pomnilni\u0161ko kapaciteto 180 bajtov je oznaka sposobna shraniti potrebne podatke za u\u010dinkovito sledenje.<\/li>\n<li><strong>Zdru\u017eljivost s kovinskimi povr\u0161inami:<\/strong>\u00a0The\u00a0<strong>proti kovinam<\/strong>\u00a0funkcija omogo\u010da, da te oznake u\u010dinkovito delujejo, ko so name\u0161\u010dene na katero koli kovinsko povr\u0161ino, kar zagotavlja zanesljivost v razli\u010dnih delovnih okoljih.<\/li>\n<\/ul>\n<h2>Prednosti uporabe oznak NFC v patruljiranju<\/h2>\n<p>Izvajanje\u00a0<strong>NFC<\/strong>\u00a0tehnologija v patruljiranju prina\u0161a \u0161tevilne prednosti:<\/p>\n<ul>\n<li><strong>Sledenje v realnem \u010dasu:<\/strong>\u00a0Vodje lahko opazujejo poti in \u010das patrulj v realnem \u010dasu, kar znatno pomaga pri izbolj\u0161anju varnostnih protokolov in zagotavljanju, da je vsaka patrulja opravljena po na\u010drtu.<\/li>\n<li><strong>U\u010dinkovito vodenje evidence:<\/strong>\u00a0The\u00a0<strong>NFC oznaka<\/strong>\u00a0omogo\u010da enostavno bele\u017eenje dejavnosti patruljiranja, kar pomaga zmanj\u0161ati \u010dlove\u0161ke napake in poenostaviti administrativne naloge, povezane s poro\u010danjem.<\/li>\n<\/ul>\n<p>Vlaganje v\u00a0<strong>NFC na kovini<\/strong>\u00a0oznake pomenijo bolj\u0161e upravljanje virov in izbolj\u0161ane varnostne odzivne ukrepe.<\/p>\n<h2>Kako namestiti oznake NFC<\/h2>\n<p>Namestitev\u00a0<strong>Na te\u017ekih oznakah NFC<\/strong>\u00a0je preprosta. Takole:<\/p>\n<ol>\n<li><strong>Priprava povr\u0161ine:<\/strong>\u00a0Prepri\u010dajte se, da je izbrana kovinska povr\u0161ina \u010dista in brez prahu ali vlage, da dose\u017eete mo\u010dan oprijem lepila.<\/li>\n<li><strong>Pozicioniranje oznake:<\/strong>\u00a0Dolo\u010dite optimalno lokacijo za oznako. Uporabite a\u00a0<strong>luknja za vijak<\/strong>\u00a0\u010de je potrebno za trajnej\u0161o re\u0161itev, ali uporabite lepilno podlago za enostavno nana\u0161anje.<\/li>\n<li><strong>Testiranje oznake:<\/strong>\u00a0Po uporabi preverite obseg od\u010ditavanja in funkcionalnost, da zagotovite pravilno delovanje.<\/li>\n<\/ol>\n<p>Pravilna namestitev bo zagotovila dolgo \u017eivljenjsko dobo in izbolj\u0161ala u\u010dinkovitost va\u0161ega sistema za upravljanje patruljiranja.<\/p>\n<p><img fetchpriority=\"high\" decoding=\"async\" class=\"alignnone wp-image-2646\" src=\"https:\/\/rfid-laundry-tag.com\/wp-content\/uploads\/2024\/09\/7_H17fee47b9eae43d5a80c5a2bc6771f13t-300x300.jpg\" alt=\"NFC TAGS\" width=\"489\" height=\"489\" srcset=\"https:\/\/rfid-laundry-tag.com\/wp-content\/uploads\/2024\/09\/7_H17fee47b9eae43d5a80c5a2bc6771f13t-300x300.jpg 300w, https:\/\/rfid-laundry-tag.com\/wp-content\/uploads\/2024\/09\/7_H17fee47b9eae43d5a80c5a2bc6771f13t-150x150.jpg 150w, https:\/\/rfid-laundry-tag.com\/wp-content\/uploads\/2024\/09\/7_H17fee47b9eae43d5a80c5a2bc6771f13t-768x768.jpg 768w, https:\/\/rfid-laundry-tag.com\/wp-content\/uploads\/2024\/09\/7_H17fee47b9eae43d5a80c5a2bc6771f13t-12x12.jpg 12w, https:\/\/rfid-laundry-tag.com\/wp-content\/uploads\/2024\/09\/7_H17fee47b9eae43d5a80c5a2bc6771f13t-600x600.jpg 600w, https:\/\/rfid-laundry-tag.com\/wp-content\/uploads\/2024\/09\/7_H17fee47b9eae43d5a80c5a2bc6771f13t-100x100.jpg 100w, https:\/\/rfid-laundry-tag.com\/wp-content\/uploads\/2024\/09\/7_H17fee47b9eae43d5a80c5a2bc6771f13t.jpg 1000w\" sizes=\"(max-width: 489px) 100vw, 489px\" \/><\/p>\n<h2>Tehni\u010dne specifikacije za te\u017eke NFC oznake<\/h2>\n<p>Spodaj so pomembne tehni\u010dne specifikacije za\u00a0<strong>Na te\u017ekih oznakah NFC<\/strong>:<\/p>\n<div>\n<div class=\"overflow-x-auto custom-scrollbar custom-scrollbar-wide mb-2\">\n<table class=\"w-fit !mb-2 !max-w-none\">\n<thead>\n<tr>\n<th style=\"text-align: left;\">Funkcija<\/th>\n<th style=\"text-align: left;\">Specifikacija<\/th>\n<\/tr>\n<\/thead>\n<tbody>\n<tr>\n<td>Velikost<\/td>\n<td>25 mm, 30 mm<\/td>\n<\/tr>\n<tr>\n<td>\u010dip<\/td>\n<td>NTAG213<\/td>\n<\/tr>\n<tr>\n<td>Pogostost<\/td>\n<td>13,56 MHz<\/td>\n<\/tr>\n<tr>\n<td>Protokol<\/td>\n<td>ISO\/IEC 14443A<\/td>\n<\/tr>\n<tr>\n<td>Spomin<\/td>\n<td>180 bajtov<\/td>\n<\/tr>\n<tr>\n<td>Delovna temperatura<\/td>\n<td>-20 do 65 stopinj C<\/td>\n<\/tr>\n<tr>\n<td>\u010cas izvedbe<\/td>\n<td>7 delovnih dni<\/td>\n<\/tr>\n<tr>\n<td>Hramba podatkov<\/td>\n<td>\u226510 let<\/td>\n<\/tr>\n<tr>\n<td>Bralno obmo\u010dje<\/td>\n<td>0-10 cm<\/td>\n<\/tr>\n<\/tbody>\n<\/table>\n<\/div>\n<\/div>\n<p>Razumevanje teh specifikacij uporabnikom pomaga pri dolo\u010danju najbolj\u0161e oznake za njihove specifi\u010dne potrebe.<\/p>\n<h2>Vpliv oznak NFC na okolje<\/h2>\n<p>Vpliv uporabe na okolje\u00a0<strong>NFC tehnologija<\/strong>\u00a0je vse ve\u010dja skrb. Na sre\u010do so te oznake oblikovane z mislijo na trajnostne prakse:<\/p>\n<ul>\n<li><strong>Uporabljeni materiali:<\/strong>\u00a0Materiali, uporabljeni pri izdelavi\u00a0<strong>kovinski NFC<\/strong>\u00a0oznake so izbrane zaradi njihove dolgo\u017eivosti in mo\u017enosti recikliranja.<\/li>\n<li><strong>Zmanj\u0161ana koli\u010dina odpadkov:<\/strong>\u00a0Z odpravo potrebe po papirnatih dnevnikih in ro\u010dnem vodenju evidenc lahko organizacije znatno zmanj\u0161ajo svoj odtis papirnih odpadkov.<\/li>\n<\/ul>\n<p>Objemanje\u00a0<strong>NFC oznake<\/strong>\u00a0ne le pove\u010duje varnost, ampak je tudi usklajena z okolju prijaznimi operativnimi praksami.<\/p>\n<h3>Izku\u0161nje in ocene strank<\/h3>\n<p>Realne aplikacije za\u00a0<strong>NFC oznaka<\/strong>\u00a0lahko vpliva na odlo\u010ditve o nakupu. Tukaj se poglobimo v pri\u010devanja in izku\u0161nje strank.<\/p>\n<h2>Pogosta vpra\u0161anja o te\u017ekih oznakah NFC<\/h2>\n<p><strong>V: Ali je mogo\u010de te oznake NFC uporabljati v zelo vro\u010dih ali hladnih razmerah?<\/strong><br \/>\nO: Da, obmo\u010dje delovne temperature od -20 do 65 stopinj C jih naredi primerne za razli\u010dna okolja.<\/p>\n<p><strong>V: Kako dolgo trajajo podatki na oznaki?<\/strong><br \/>\nO: Obdobje hrambe podatkov je najmanj 10 let, kar zagotavlja dolgoro\u010dno zanesljivost.<\/p>\n<p>\u010ce imate ve\u010d vpra\u0161anj, se obrnite na nas za pojasnila.<\/p>\n<p>Skratka,\u00a0<strong>On Heavy Duty NFC Tags for Patrol<\/strong>\u00a0so nepogre\u0161ljivo orodje za sodobne organizacije, ki \u017eelijo izbolj\u0161ati svoje varnostne in upravljavske prakse. S svojo napredno tehnologijo, vzdr\u017eljivostjo in prilagodljivostjo te oznake zagotavljajo znatne operativne izbolj\u0161ave.<\/p>","protected":false},"excerpt":{"rendered":"<p>Izbolj\u0161ajte u\u010dinkovitost patruljiranja z na\u0161o oznako NFC On Heavy Duty, zasnovano za kovinske povr\u0161ine. Trpe\u017een, zanesljiv in popoln za poenostavljeno upravljanje varnosti.<\/p>","protected":false},"featured_media":2642,"template":"","meta":{"_kad_post_transparent":"default","_kad_post_title":"","_kad_post_layout":"default","_kad_post_sidebar_id":"","_kad_post_content_style":"default","_kad_post_vertical_padding":"default","_kad_post_feature":"","_kad_post_feature_position":"","_kad_post_header":false,"_kad_post_footer":false,"_kad_post_classname":""},"product_brand":[],"product_cat":[54],"product_tag":[305,216,290],"class_list":{"0":"post-2641","1":"product","2":"type-product","3":"status-publish","4":"has-post-thumbnail","6":"product_cat-hot-selling-rfid-tags","7":"product_tag-heavy-duty-nfc-tags","8":"product_tag-nfc-patrol-tag","9":"product_tag-nfc-tag","11":"first","12":"instock","13":"shipping-taxable","14":"product-type-simple","15":"entry","16":"content-bg","17":"loop-entry"},"_links":{"self":[{"href":"https:\/\/rfid-laundry-tag.com\/sl\/wp-json\/wp\/v2\/product\/2641","targetHints":{"allow":["GET"]}}],"collection":[{"href":"https:\/\/rfid-laundry-tag.com\/sl\/wp-json\/wp\/v2\/product"}],"about":[{"href":"https:\/\/rfid-laundry-tag.com\/sl\/wp-json\/wp\/v2\/types\/product"}],"version-history":[{"count":1,"href":"https:\/\/rfid-laundry-tag.com\/sl\/wp-json\/wp\/v2\/product\/2641\/revisions"}],"predecessor-version":[{"id":2647,"href":"https:\/\/rfid-laundry-tag.com\/sl\/wp-json\/wp\/v2\/product\/2641\/revisions\/2647"}],"wp:featuredmedia":[{"embeddable":true,"href":"https:\/\/rfid-laundry-tag.com\/sl\/wp-json\/wp\/v2\/media\/2642"}],"wp:attachment":[{"href":"https:\/\/rfid-laundry-tag.com\/sl\/wp-json\/wp\/v2\/media?parent=2641"}],"wp:term":[{"taxonomy":"product_brand","embeddable":true,"href":"https:\/\/rfid-laundry-tag.com\/sl\/wp-json\/wp\/v2\/product_brand?post=2641"},{"taxonomy":"product_cat","embeddable":true,"href":"https:\/\/rfid-laundry-tag.com\/sl\/wp-json\/wp\/v2\/product_cat?post=2641"},{"taxonomy":"product_tag","embeddable":true,"href":"https:\/\/rfid-laundry-tag.com\/sl\/wp-json\/wp\/v2\/product_tag?post=2641"}],"curies":[{"name":"delovni list","href":"https:\/\/api.w.org\/{rel}","templated":true}]}}