{"id":2638,"date":"2024-09-22T14:53:50","date_gmt":"2024-09-22T14:53:50","guid":{"rendered":"https:\/\/rfid-laundry-tag.com\/?post_type=product&#038;p=2638"},"modified":"2024-09-22T14:53:51","modified_gmt":"2024-09-22T14:53:51","slug":"on-metal-nfc-screw-tag-for-checkpoint-security","status":"publish","type":"product","link":"https:\/\/rfid-laundry-tag.com\/sl\/on-metal-nfc-screw-tag-for-checkpoint-security\/","title":{"rendered":"Kovinska oznaka vijaka NFC za varnost kontrolne to\u010dke"},"content":{"rendered":"<p><strong>Kovinska oznaka vijaka NFC za varnost kontrolne to\u010dke:<\/strong>\u00a0Zagotovite robustno varnost kontrolne to\u010dke z na\u0161o trpe\u017eno kovinsko oznako za vijake NFC. Izdelan z NTAG213 za zanesljiv prenos podatkov na kovinskih povr\u0161inah, se neopazno integrira v va\u0161e varnostne protokole, zagotavlja hiter dostop in sledenje v realnem \u010dasu za ve\u010djo varnost in u\u010dinkovitost.<\/p>\n<h2>Zna\u010dilnosti kovinske oznake za vijake NFC<\/h2>\n<p>The\u00a0<strong>Kovinska NFC oznaka za vijake<\/strong>\u00a0je zasnovan z ve\u010d pomembnimi funkcijami, zaradi katerih je vsestranska re\u0161itev:<\/p>\n<ul>\n<li><strong>Vzdr\u017eljivost<\/strong>: Konstruirano z an\u00a0<strong>ABS lupina<\/strong>\u00a0ki lahko prenese te\u017eka okolja, je ta oznaka odporna na prah, vodo in kemi\u010dno korozijo, kar zagotavlja\u00a0<strong>IP67<\/strong>\u00a0stopnjo za\u0161\u010dite.<\/li>\n<li><strong>Visoka zmogljivost<\/strong>: Oznaka zaposluje\u00a0<strong>NTAG213<\/strong>\u00a0tehnologija za omogo\u010danje hitrih hitrosti branja s hitrostjo prenosa podatkov do\u00a0<strong>106 kbit\/s<\/strong>, kar omogo\u010da u\u010dinkovito delovanje v prometnih okoljih.<\/li>\n<li><strong>Tehnologija proti kovinam<\/strong>: The\u00a0<strong>proti kovinam<\/strong>\u00a0funkcija zagotavlja, da oznaka deluje u\u010dinkovito, tudi \u010de je pritrjena na kovinske povr\u0161ine, ki bi obi\u010dajno motile signale NFC.<\/li>\n<\/ul>\n<p>Zaradi teh funkcij je kovinska oznaka NFC Screw Tag idealna za aplikacije v logistiki, nadzoru prisotnosti in drugih panogah, kjer sta vzdr\u017eljivost in zmogljivost najpomembnej\u0161i.<\/p>\n<h2>Tehni\u010dne specifikacije<\/h2>\n<div>\n<div class=\"overflow-x-auto custom-scrollbar custom-scrollbar-wide mb-2\">\n<table class=\"w-fit !mb-2 !max-w-none\">\n<thead>\n<tr>\n<th>Specifikacija<\/th>\n<th>Podrobnosti<\/th>\n<\/tr>\n<\/thead>\n<tbody>\n<tr>\n<td><strong>\u010dip<\/strong><\/td>\n<td>NTAG213<\/td>\n<\/tr>\n<tr>\n<td><strong>Spomin<\/strong><\/td>\n<td>144\/504\/888\/1K bajtov<\/td>\n<\/tr>\n<tr>\n<td><strong>Protokol<\/strong><\/td>\n<td>ISO 14443A<\/td>\n<\/tr>\n<tr>\n<td><strong>Pogostost<\/strong><\/td>\n<td>13,56 MHz<\/td>\n<\/tr>\n<tr>\n<td><strong>Barvne mo\u017enosti<\/strong><\/td>\n<td>\u010crna, bela, rumena<\/td>\n<\/tr>\n<tr>\n<td><strong>Premer<\/strong><\/td>\n<td>25\/30\/35\/40\/52 mm (na voljo velikosti po meri)<\/td>\n<\/tr>\n<tr>\n<td><strong>Debelina<\/strong><\/td>\n<td>5 mm<\/td>\n<\/tr>\n<tr>\n<td><strong>Te\u017ea<\/strong><\/td>\n<td>3 g<\/td>\n<\/tr>\n<tr>\n<td><strong>Delovna temp<\/strong><\/td>\n<td>-25\u00b0C do 70\u00b0C<\/td>\n<\/tr>\n<tr>\n<td><strong>Izbrisljivost<\/strong><\/td>\n<td>&gt; 100.000 izbrisov<\/td>\n<\/tr>\n<tr>\n<td><strong>Razdalja branja<\/strong><\/td>\n<td>2-20 cm (odvisno od okolja)<\/td>\n<\/tr>\n<\/tbody>\n<\/table>\n<\/div>\n<\/div>\n<p>Oboro\u017eena s temi zmo\u017enostmi je On-Metal NFC Screw Tag mo\u010dno orodje za razli\u010dne\u00a0<strong>NFC aplikacije<\/strong>.<\/p>\n<h2>Aplikacije v razli\u010dnih panogah<\/h2>\n<p>Vsestranskost oznake On-Metal NFC Screw Tag omogo\u010da uporabo v ve\u010d sektorjih:<\/p>\n<ul>\n<li><strong>Nadzor dostopa<\/strong>: Enostavno upravljajte vstopne to\u010dke na varnih lokacijah s pripenjanjem\u00a0<strong>NFC oznake<\/strong>\u00a0do vrat ali vrat. Oznake je mogo\u010de povezati z uporabni\u0161kimi profili za brezhibno preverjanje pristnosti.<\/li>\n<li><strong>Logistika in upravljanje zalog<\/strong>: Poenostavite sledenje blaga z namestitvijo oznak na kovinske zabojnike. Vzdr\u017eljivost teh oznak zagotavlja, da prenesejo te\u017eke zahteve proizvodnje in po\u0161iljanja.<\/li>\n<li><strong>Javni prevoz<\/strong>: Izbolj\u0161ajte uporabni\u0161ko izku\u0161njo z uporabo oznak On-Metal NFC za sisteme izdajanja vozovnic, ki kolesarjem omogo\u010dajo, da preverijo svoj status ali preprosto napolnijo svoje ra\u010dune.<\/li>\n<\/ul>\n<p>Z implementacijo teh oznak lahko podjetja racionalizirajo poslovanje in znatno izbolj\u0161ajo zagotavljanje storitev.<\/p>\n<h2>Prednosti uporabe NTAG213, NTAG215 in NTAG216<\/h2>\n<p>\u010cipi NTAG213, NTAG215 in NTAG216 podjetja NXP Semiconductors ponujajo izrazite prednosti:<\/p>\n<ol>\n<li><strong>Segmentacija<\/strong>: Uporabniki lahko segmentirajo pomnilnik za ve\u010d aplikacij, zaradi \u010desar so oznake prilagodljive glede funkcionalnosti.<\/li>\n<li><strong>Varnostne funkcije<\/strong>: Opremljen z\u00a0<em><strong>Podpisi izvirnosti na podlagi ECC<\/strong><\/em>\u00a0in\u00a0<strong>za\u0161\u010dita z geslom<\/strong>, te oznake \u0161\u010ditijo podatke pred nepoobla\u0161\u010denim dostopom in zagotavljajo celovitost.<\/li>\n<li><strong>Visoka zmogljivost in zmogljivost<\/strong>: Zaradi mo\u017enosti raz\u0161irjenega pomnilnika je primeren za aplikacije, ki zahtevajo veliko prostora za shranjevanje podatkov, hkrati pa ohranja zmo\u017enosti hitrega branja.<\/li>\n<\/ol>\n<p>Te prednosti omogo\u010dajo podjetjem, da svoje re\u0161itve prilagodijo posebnim operativnim potrebam.<\/p>\n<h2>Navodila za namestitev in uporabo<\/h2>\n<p>Namestitev kovinske nalepke za vijake NFC je enostavna:<\/p>\n<ol>\n<li><strong>Izberite lokacijo<\/strong>: Izberite ravno povr\u0161ino na kovinskem predmetu, kamor boste namestili oznako. Zagotovite\u00a0<strong>povr\u0161ino<\/strong>\u00a0je \u010disto in suho.<\/li>\n<li><strong>Pritrdite z vijaki<\/strong>: Uporabite prilo\u017eene vijake\u00a0<em>luknje za vijake<\/em>\u00a0na oznaki za stalno pritrditev.<\/li>\n<li><strong>Mo\u017enost lepljenja<\/strong>: Nalepko lahko po \u017eelji pritrdite tudi z mo\u010dnim lepilom.<\/li>\n<\/ol>\n<p>Ko so oznake name\u0161\u010dene, jih je mogo\u010de preprosto skenirati z zdru\u017eljivimi napravami, ki podpirajo NFC, kar omogo\u010da takoj\u0161en dostop do informacij, shranjenih na oznaki.<\/p>\n<h2>Pogosta vpra\u0161anja o oznakah On-Metal NFC<\/h2>\n<p><strong>V: Ali lahko oznaka za vijak NFC na kovini deluje na vseh kovinskih povr\u0161inah?<\/strong><br \/>\nO: Da, zahvaljujo\u010d specializiranosti\u00a0<strong>anti-metal tehnologija<\/strong>, oznaka u\u010dinkovito deluje na razli\u010dnih kovinskih povr\u0161inah brez motenj.<\/p>\n<p><strong>V: Kako programiram ali zapi\u0161em podatke v oznako NTAG213?<\/strong><br \/>\nO: Programiranje je mogo\u010de izvesti z uporabo zdru\u017eljivih naprav, ki podpirajo NFC, z ustrezno aplikacijo. Za bolj zapletene aplikacije razmislite o uporabi namenske programske opreme za pisanje NFC.<\/p>\n<p><strong>V: Kak\u0161no je delovno temperaturno obmo\u010dje za te oznake?<\/strong><br \/>\nO: Oznake delujejo u\u010dinkovito pri temperaturah od\u00a0<strong>-25\u00b0C do 70\u00b0C<\/strong>.<\/p>\n<h2>Okoljski vidiki<\/h2>\n<p>The\u00a0<strong>Kovinska NFC oznaka za vijake<\/strong>\u00a0je zasnovan z mislijo na trajnost. Njegova robustna konstrukcija zmanj\u0161uje potrebo po zamenjavah in zmanj\u0161uje koli\u010dino odpadkov. Poleg tega je elemente, uporabljene pri izdelavi teh oznak, mogo\u010de reciklirati, \u010de so pravilno odstranjeni.<\/p>","protected":false},"excerpt":{"rendered":"<p>Izbolj\u0161ajte svoje delovanje s kovinsko oznako NFC za vijake. Vzdr\u017eljiv, vsestranski in opremljen s tehnologijo NFC za nemoten prenos podatkov na kovinskih povr\u0161inah.<\/p>","protected":false},"featured_media":2639,"template":"","meta":{"_kad_post_transparent":"default","_kad_post_title":"","_kad_post_layout":"default","_kad_post_sidebar_id":"","_kad_post_content_style":"default","_kad_post_vertical_padding":"default","_kad_post_feature":"","_kad_post_feature_position":"","_kad_post_header":false,"_kad_post_footer":false,"_kad_post_classname":""},"product_brand":[],"product_cat":[54],"product_tag":[305,216,304],"class_list":{"0":"post-2638","1":"product","2":"type-product","3":"status-publish","4":"has-post-thumbnail","6":"product_cat-hot-selling-rfid-tags","7":"product_tag-heavy-duty-nfc-tags","8":"product_tag-nfc-patrol-tag","9":"product_tag-nfc-screw-tag","11":"first","12":"instock","13":"shipping-taxable","14":"product-type-simple","15":"entry","16":"content-bg","17":"loop-entry"},"_links":{"self":[{"href":"https:\/\/rfid-laundry-tag.com\/sl\/wp-json\/wp\/v2\/product\/2638","targetHints":{"allow":["GET"]}}],"collection":[{"href":"https:\/\/rfid-laundry-tag.com\/sl\/wp-json\/wp\/v2\/product"}],"about":[{"href":"https:\/\/rfid-laundry-tag.com\/sl\/wp-json\/wp\/v2\/types\/product"}],"version-history":[{"count":1,"href":"https:\/\/rfid-laundry-tag.com\/sl\/wp-json\/wp\/v2\/product\/2638\/revisions"}],"predecessor-version":[{"id":2640,"href":"https:\/\/rfid-laundry-tag.com\/sl\/wp-json\/wp\/v2\/product\/2638\/revisions\/2640"}],"wp:featuredmedia":[{"embeddable":true,"href":"https:\/\/rfid-laundry-tag.com\/sl\/wp-json\/wp\/v2\/media\/2639"}],"wp:attachment":[{"href":"https:\/\/rfid-laundry-tag.com\/sl\/wp-json\/wp\/v2\/media?parent=2638"}],"wp:term":[{"taxonomy":"product_brand","embeddable":true,"href":"https:\/\/rfid-laundry-tag.com\/sl\/wp-json\/wp\/v2\/product_brand?post=2638"},{"taxonomy":"product_cat","embeddable":true,"href":"https:\/\/rfid-laundry-tag.com\/sl\/wp-json\/wp\/v2\/product_cat?post=2638"},{"taxonomy":"product_tag","embeddable":true,"href":"https:\/\/rfid-laundry-tag.com\/sl\/wp-json\/wp\/v2\/product_tag?post=2638"}],"curies":[{"name":"delovni list","href":"https:\/\/api.w.org\/{rel}","templated":true}]}}