{"id":2581,"date":"2024-09-19T13:02:28","date_gmt":"2024-09-19T13:02:28","guid":{"rendered":"https:\/\/rfid-laundry-tag.com\/?post_type=product&#038;p=2581"},"modified":"2024-09-19T13:40:21","modified_gmt":"2024-09-19T13:40:21","slug":"on-metal-nfc-screw-tag-ntag213","status":"publish","type":"product","link":"https:\/\/rfid-laundry-tag.com\/sl\/on-metal-nfc-screw-tag-ntag213\/","title":{"rendered":"Kovinska NFC oznaka za vijake Ntag213"},"content":{"rendered":"<p>The <strong>Kovinska NFC oznaka za vijake<\/strong> je zelo trpe\u017ena NFC oznaka, zasnovana posebej za industrijsko uporabo. Njegovo <strong>ABS ali PVC konstrukcija<\/strong> zagotavlja, da je <strong>nepremo\u010dljiva<\/strong> in <strong>odporen na vro\u010dino<\/strong>, zaradi \u010desar je primeren za zahtevna okolja, kot so visoka vla\u017enost ali ekstremne temperature.<\/p>\n<h3>Klju\u010dne zna\u010dilnosti:<\/h3>\n<ul>\n<li><strong>Vrsta \u010dipa<\/strong>: NXP NTAG213 (zdru\u017eljiv z vsemi mobilnimi napravami)<\/li>\n<li><strong>Oblika<\/strong>: Okrogla<\/li>\n<li><strong>Velikost<\/strong>: 30 mm v premeru, plus 2,5 mm debeline<\/li>\n<li><strong>Velikost antene<\/strong>: 25 mm<\/li>\n<li><strong>Skupni pomnilnik<\/strong>: 144 bajtov<\/li>\n<li><strong>Formatiran pomnilnik<\/strong>: 137 bajtov<\/li>\n<li><strong>Delovna frekvenca<\/strong>frekvenca: 13,56 MHz<\/li>\n<\/ul>\n<h3>Idealno za:<\/h3>\n<ul>\n<li>Uporaba na kovinskih povr\u0161inah brez motenj.<\/li>\n<li>Velika razdalja branja tudi v te\u017ekih industrijskih okoljih.<\/li>\n<li>Zdru\u017eljivost z vsemi napravami, ki podpirajo NFC (npr. pametni telefoni, tablice).<\/li>\n<\/ul>\n<p>Ta oznaka je tudi prilagodljiva, saj ponuja razli\u010dne vrste \u010dipov in <strong>mo\u017enosti tiskanja osebnih dokumentov<\/strong>. Lahko ga pritrdite z vijakom ali lepilom, kar zagotavlja varno pritrditev na kovinske predmete.<\/p>\n<h3 class=\"AnswerParser_AnswerParserH3__Mpe4s\">Tehni\u010dne specifikacije<\/h3>\n<div class=\"AnswerParser_TableContainer__Erb6v\" data-testid=\"table-container\">\n<table>\n<thead>\n<tr>\n<th>Funkcija<\/th>\n<th>Specifikacija<\/th>\n<\/tr>\n<\/thead>\n<tbody>\n<tr>\n<td>Premer<\/td>\n<td>30 mm<\/td>\n<\/tr>\n<tr>\n<td>Debelina<\/td>\n<td>3 mm<\/td>\n<\/tr>\n<tr>\n<td>Luknja za vijak<\/td>\n<td>3 mm<\/td>\n<\/tr>\n<tr>\n<td>Vrsta \u010dipa<\/td>\n<td>NTAG213<\/td>\n<\/tr>\n<tr>\n<td>Spomin<\/td>\n<td>144 bajtov<\/td>\n<\/tr>\n<tr>\n<td>Pogostost<\/td>\n<td>13,56 MHz (HF)<\/td>\n<\/tr>\n<\/tbody>\n<\/table>\n<\/div>\n<h2 class=\"AnswerParser_AnswerParserH2__SIHnF\">\u010cip Ntag213: vrhunska tehnologija NFC<\/h2>\n<p><span class=\"AnswerParser_TextContainer__z_Iiv\" data-testid=\"youchat-text\">V osr\u010dju na\u0161e nalepke za vijake On-Metal NFC je mo\u010dan \u010dip Ntag213, ki ponuja:<\/span><\/p>\n<ul class=\"AnswerParser_AnswerParserUnorderedList__P_1FW\">\n<li class=\"AnswerParser_ListItem__XqLOV\" translate=\"yes\">144 bajtov uporabni\u0161kega pomnilnika<\/li>\n<li class=\"AnswerParser_ListItem__XqLOV\" translate=\"yes\">Visoke hitrosti branja in pisanja<\/li>\n<li class=\"AnswerParser_ListItem__XqLOV\" translate=\"yes\">Zdru\u017eljivost z vsemi napravami, ki podpirajo NFC<\/li>\n<\/ul>\n<p><span class=\"AnswerParser_TextContainer__z_Iiv\" data-testid=\"youchat-text\">Ta napredni \u010dip zagotavlja, da se va\u0161i podatki prena\u0161ajo hitro in zanesljivo, zaradi \u010desar je popoln za \u0161iroko paleto aplikacij NFC.<\/span><\/p>\n<h2 class=\"AnswerParser_AnswerParserH2__SIHnF\">Zmogljivost na kovini: premagovanje izzivov motenj<\/h2>\n<p><span class=\"AnswerParser_TextContainer__z_Iiv\" data-testid=\"youchat-text\">Tradicionalne oznake NFC se zaradi motenj signala pogosto spopadajo s postavitvijo na kovinske povr\u0161ine. Na\u0161e kovinske oznake za vijake NFC so zasnovane posebej za:<\/span><\/p>\n<ul class=\"AnswerParser_AnswerParserUnorderedList__P_1FW\">\n<li class=\"AnswerParser_ListItem__XqLOV\" translate=\"yes\">Ohranite optimalno delovanje na kovinskih povr\u0161inah<\/li>\n<li class=\"AnswerParser_ListItem__XqLOV\" translate=\"yes\">Zagotovite dosledne obsege branja<\/li>\n<li class=\"AnswerParser_ListItem__XqLOV\" translate=\"yes\">Odpravite potrebo po distan\u010dnikih ali dodatnih lepilih<\/li>\n<\/ul>\n<p><span class=\"AnswerParser_TextContainer__z_Iiv\" data-testid=\"youchat-text\">Z uporabo napredne tehnologije proti kovinam te oznake zagotavljajo zanesljivo komunikacijo, tudi \u010de so pritrjene neposredno na kovinske predmete.<\/span><\/p>\n<h2 class=\"AnswerParser_AnswerParserH2__SIHnF\">Enostavna integracija: Zdru\u017eljivo z va\u0161o obstoje\u010do infrastrukturo NFC<\/h2>\n<p><span class=\"AnswerParser_TextContainer__z_Iiv\" data-testid=\"youchat-text\">Na\u0161e kovinske vija\u010dne oznake NFC so zasnovane za brezhibno integracijo z va\u0161im trenutnim ekosistemom NFC. To so:<\/span><\/p>\n<ul class=\"AnswerParser_AnswerParserUnorderedList__P_1FW\">\n<li class=\"AnswerParser_ListItem__XqLOV\" translate=\"yes\">Zdru\u017eljiv z vsemi standardnimi bralniki NFC<\/li>\n<li class=\"AnswerParser_ListItem__XqLOV\" translate=\"yes\">Enostavno programiranje s pametnimi telefoni, ki podpirajo NFC<\/li>\n<li class=\"AnswerParser_ListItem__XqLOV\" translate=\"yes\">Primerno za naprave Android in iOS<\/li>\n<\/ul>\n<p><span class=\"AnswerParser_TextContainer__z_Iiv\" data-testid=\"youchat-text\">Ta vsestranskost zagotavlja, da lahko implementirate te oznake brez potrebe po dragih nadgradnjah infrastrukture.<\/span><\/p>\n<h2 class=\"AnswerParser_AnswerParserH2__SIHnF\">Mo\u017enosti prilagajanja: Prilagodite svoje oznake svojim potrebam<\/h2>\n<p><span class=\"AnswerParser_TextContainer__z_Iiv\" data-testid=\"youchat-text\">Zavedamo se, da ima vsako podjetje edinstvene zahteve. Zato ponujamo vrsto mo\u017enosti prilagajanja za na\u0161e kovinske oznake vijakov NFC:<\/span><\/p>\n<ul class=\"AnswerParser_AnswerParserUnorderedList__P_1FW\">\n<li class=\"AnswerParser_ListItem__XqLOV\" translate=\"yes\">Tisk po meri z va\u0161im logotipom ali blagovno znamko<\/li>\n<li class=\"AnswerParser_ListItem__XqLOV\" translate=\"yes\">Razli\u010dne barvne mo\u017enosti, ki ustrezajo va\u0161i estetiki<\/li>\n<li class=\"AnswerParser_ListItem__XqLOV\" translate=\"yes\">Prilagojeno kodiranje z va\u0161imi posebnimi podatki<\/li>\n<\/ul>\n<p><span class=\"AnswerParser_TextContainer__z_Iiv\" data-testid=\"youchat-text\">Na\u0161a ekipa strokovnjakov vam je pripravljena pomagati ustvariti popolno re\u0161itev NFC za va\u0161e poslovne potrebe.<\/span><\/p>\n<h2 class=\"AnswerParser_AnswerParserH2__SIHnF\">Vpliv na okolje: Trajnostne re\u0161itve NFC<\/h2>\n<p><span class=\"AnswerParser_TextContainer__z_Iiv\" data-testid=\"youchat-text\">V dana\u0161njem ekolo\u0161ko ozave\u0161\u010denem svetu smo zavezani k zagotavljanju trajnostnih re\u0161itev NFC. Na\u0161e kovinske oznake vijakov NFC:<\/span><\/p>\n<ul class=\"AnswerParser_AnswerParserUnorderedList__P_1FW\">\n<li class=\"AnswerParser_ListItem__XqLOV\" translate=\"yes\">Narejeni so iz materialov, ki jih je mogo\u010de reciklirati<\/li>\n<li class=\"AnswerParser_ListItem__XqLOV\" translate=\"yes\">Imajo dolgo \u017eivljenjsko dobo, zmanj\u0161ujejo koli\u010dino odpadkov<\/li>\n<li class=\"AnswerParser_ListItem__XqLOV\" translate=\"yes\">Prispevajte k brezpapirnim sistemom in zmanj\u0161ajte splo\u0161ni vpliv na okolje<\/li>\n<\/ul>\n<p><span class=\"AnswerParser_TextContainer__z_Iiv\" data-testid=\"youchat-text\">Z izbiro na\u0161ih oznak ne vlagate le v najsodobnej\u0161o tehnologijo, ampak tudi v bolj trajnostno prihodnost.<\/span><\/p>\n<h2 class=\"AnswerParser_AnswerParserH2__SIHnF\">Stro\u0161kovno u\u010dinkovita re\u0161itev: Pove\u010dajte svoj ROI<\/h2>\n<p><span class=\"AnswerParser_TextContainer__z_Iiv\" data-testid=\"youchat-text\">Medtem ko je za\u010detni stro\u0161ek kovinskih oznak z vijaki NFC morda vi\u0161ji od tradicionalnih oznak na osnovi nalepk, nudijo znatne dolgoro\u010dne prednosti:<\/span><\/p>\n<ul class=\"AnswerParser_AnswerParserUnorderedList__P_1FW\">\n<li class=\"AnswerParser_ListItem__XqLOV\" translate=\"yes\">Zmanj\u0161ani stro\u0161ki zamenjave zaradi vrhunske vzdr\u017eljivosti<\/li>\n<li class=\"AnswerParser_ListItem__XqLOV\" translate=\"yes\">Izbolj\u0161ana u\u010dinkovitost pri sledenju in upravljanju sredstev<\/li>\n<li class=\"AnswerParser_ListItem__XqLOV\" translate=\"yes\">Potencial za poenostavljeno delovanje in prihranek stro\u0161kov<\/li>\n<\/ul>\n<p><span class=\"AnswerParser_TextContainer__z_Iiv\" data-testid=\"youchat-text\">Vlaganje v na\u0161e visokokakovostne oznake NFC lahko s\u010dasoma vodi do znatnih donosov nalo\u017ebe.<\/span><\/p>\n<h2 class=\"AnswerParser_AnswerParserH2__SIHnF\">Enostavna namestitev in navodila za uporabo<\/h2>\n<p><span class=\"AnswerParser_TextContainer__z_Iiv\" data-testid=\"youchat-text\">Za\u010detek uporabe na\u0161ih On-Metal NFC Screw Tags je preprost:<\/span><\/p>\n<ol class=\"AnswerParser_AnswerParserOrderedList__kl_2Y\">\n<li class=\"AnswerParser_ListItem__XqLOV\" translate=\"yes\">O\u010distite kovinsko povr\u0161ino, kamor boste pritrdili oznako<\/li>\n<li class=\"AnswerParser_ListItem__XqLOV\" translate=\"yes\">Uporabite 3 mm luknjo za vijak, da varno pritrdite oznako<\/li>\n<li class=\"AnswerParser_ListItem__XqLOV\" translate=\"yes\">Programirajte oznako z uporabo naprave, ki podpira NFC<\/li>\n<li class=\"AnswerParser_ListItem__XqLOV\" translate=\"yes\">Za\u010dnite uporabljati novo name\u0161\u010deno oznako NFC!<\/li>\n<\/ol>\n<p><span class=\"AnswerParser_TextContainer__z_Iiv\" data-testid=\"youchat-text\">Za podrobna navodila in vodnike za programiranje po nakupu preverite svoj nabiralnik za na\u0161 obse\u017een uporabni\u0161ki priro\u010dnik.<\/span><\/p>\n<h2 class=\"AnswerParser_AnswerParserH2__SIHnF\">Pogosto zastavljena vpra\u0161anja<\/h2>\n<p><span class=\"AnswerParser_TextContainer__z_Iiv\" data-testid=\"youchat-text\"><strong>V: Ali se lahko te oznake uporabljajo na nekovinskih povr\u0161inah?<\/strong>\u00a0<\/span><\/p>\n<p><span class=\"AnswerParser_TextContainer__z_Iiv\" data-testid=\"youchat-text\">O: Da, medtem ko so na\u0161e oznake optimizirane za kovinske povr\u0161ine, delujejo enako dobro tudi na nekovinskih materialih.<\/span><\/p>\n<p><span class=\"AnswerParser_TextContainer__z_Iiv\" data-testid=\"youchat-text\"><strong>V: Kak\u0161en je obseg branja teh oznak NFC?<\/strong>\u00a0<\/span><\/p>\n<p><span class=\"AnswerParser_TextContainer__z_Iiv\" data-testid=\"youchat-text\">O: Tipi\u010den obseg branja je do 5 cm, odvisno od uporabljene \u010ditalne naprave.<\/span><\/p>\n<p><span class=\"AnswerParser_TextContainer__z_Iiv\" data-testid=\"youchat-text\"><strong>V: Ali so te oznake vodoodporne?<\/strong>\u00a0<\/span><\/p>\n<p><span class=\"AnswerParser_TextContainer__z_Iiv\" data-testid=\"youchat-text\">O: Da, zaradi kovinske konstrukcije so zelo odporni na vodo in druge teko\u010dine.<\/span><\/p>","protected":false},"excerpt":{"rendered":"<p>The <strong>Kovinska NFC oznaka za vijake<\/strong> je zelo trpe\u017ena NFC oznaka, zasnovana posebej za industrijsko uporabo.<\/p>","protected":false},"featured_media":2582,"template":"","meta":{"_kad_post_transparent":"default","_kad_post_title":"","_kad_post_layout":"default","_kad_post_sidebar_id":"","_kad_post_content_style":"default","_kad_post_vertical_padding":"default","_kad_post_feature":"","_kad_post_feature_position":"","_kad_post_header":false,"_kad_post_footer":false,"_kad_post_classname":""},"product_brand":[],"product_cat":[54],"product_tag":[295,216,290,294],"class_list":{"0":"post-2581","1":"product","2":"type-product","3":"status-publish","4":"has-post-thumbnail","6":"product_cat-hot-selling-rfid-tags","7":"product_tag-nfc-disc-tag","8":"product_tag-nfc-patrol-tag","9":"product_tag-nfc-tag","10":"product_tag-on-metal-nfc-screw-tag","12":"first","13":"instock","14":"shipping-taxable","15":"product-type-simple","16":"entry","17":"content-bg","18":"loop-entry"},"_links":{"self":[{"href":"https:\/\/rfid-laundry-tag.com\/sl\/wp-json\/wp\/v2\/product\/2581","targetHints":{"allow":["GET"]}}],"collection":[{"href":"https:\/\/rfid-laundry-tag.com\/sl\/wp-json\/wp\/v2\/product"}],"about":[{"href":"https:\/\/rfid-laundry-tag.com\/sl\/wp-json\/wp\/v2\/types\/product"}],"version-history":[{"count":1,"href":"https:\/\/rfid-laundry-tag.com\/sl\/wp-json\/wp\/v2\/product\/2581\/revisions"}],"predecessor-version":[{"id":2586,"href":"https:\/\/rfid-laundry-tag.com\/sl\/wp-json\/wp\/v2\/product\/2581\/revisions\/2586"}],"wp:featuredmedia":[{"embeddable":true,"href":"https:\/\/rfid-laundry-tag.com\/sl\/wp-json\/wp\/v2\/media\/2582"}],"wp:attachment":[{"href":"https:\/\/rfid-laundry-tag.com\/sl\/wp-json\/wp\/v2\/media?parent=2581"}],"wp:term":[{"taxonomy":"product_brand","embeddable":true,"href":"https:\/\/rfid-laundry-tag.com\/sl\/wp-json\/wp\/v2\/product_brand?post=2581"},{"taxonomy":"product_cat","embeddable":true,"href":"https:\/\/rfid-laundry-tag.com\/sl\/wp-json\/wp\/v2\/product_cat?post=2581"},{"taxonomy":"product_tag","embeddable":true,"href":"https:\/\/rfid-laundry-tag.com\/sl\/wp-json\/wp\/v2\/product_tag?post=2581"}],"curies":[{"name":"delovni list","href":"https:\/\/api.w.org\/{rel}","templated":true}]}}