{"id":2576,"date":"2024-09-17T14:08:34","date_gmt":"2024-09-17T14:08:34","guid":{"rendered":"https:\/\/rfid-laundry-tag.com\/?post_type=product&#038;p=2576"},"modified":"2024-09-17T14:08:35","modified_gmt":"2024-09-17T14:08:35","slug":"custom-anti-metal-nfc-coin-tag","status":"publish","type":"product","link":"https:\/\/rfid-laundry-tag.com\/sl\/custom-anti-metal-nfc-coin-tag\/","title":{"rendered":"Anti-Metal NFC oznaka za kovance po meri"},"content":{"rendered":"<h3>Anti-Metal NFC oznaka za kovance po meri<\/h3>\n<h2 class=\"AnswerParser_AnswerParserH2__SIHnF\">Kaj so oznake za kovance NFC proti kovinam po meri?<\/h2>\n<p><span class=\"AnswerParser_TextContainer__z_Iiv\" data-testid=\"youchat-text\"><strong>Anti-Metal NFC oznake za kovance po meri<\/strong>\u00a0so posebej oblikovane NFC oznake, ki jih lahko vgradimo v razli\u010dne izdelke ali promocijska gradiva. Za razliko od standardnih oznak NFC so te oznake zasnovane za u\u010dinkovito delovanje na kovinskih povr\u0161inah, zaradi \u010desar so vsestranske za \u0161tevilne aplikacije. Oznake je mogo\u010de prilagoditi glede na velikost in obliko, kar podjetjem omogo\u010da ustvarjanje edinstvenih re\u0161itev, ki izbolj\u0161ajo interakcijo s strankami.<\/span><span class=\"AnswerParser_TextContainer__z_Iiv\" data-testid=\"youchat-text\">Te oznake za kovance NFC je mogo\u010de vdelati v pametne plakate, okna in celo neposredno na izdelke, kar potro\u0161nikom omogo\u010da, da se dotaknejo svojih pametnih telefonov, ki podpirajo NFC, in takoj dostopajo do ustreznih informacij ali kampanj.<\/span><\/p>\n<h2 class=\"AnswerParser_AnswerParserH2__SIHnF\">Kako deluje tehnologija NFC?<\/h2>\n<p><span class=\"AnswerParser_TextContainer__z_Iiv\" data-testid=\"youchat-text\">Tehnologija NFC omogo\u010da komunikacijo kratkega dosega med napravami. Takole deluje, ko potro\u0161nik komunicira z oznako NFC:<\/span><\/p>\n<ol class=\"AnswerParser_AnswerParserOrderedList__kl_2Y\">\n<li class=\"AnswerParser_ListItem__XqLOV\" translate=\"yes\"><strong>Tapnite Interakcija<\/strong>: Ko se potro\u0161nik s pametnim telefonom, ki podpira NFC, dotakne oznake NFC, telefon zazna enoli\u010dni identifikator oznake.<\/li>\n<li class=\"AnswerParser_ListItem__XqLOV\" translate=\"yes\"><strong>Zaznavanje URL-jev<\/strong>: Oznaka NFC vsebuje URL, ki je povezan z dolo\u010deno akcijo ali informacijo.<\/li>\n<li class=\"AnswerParser_ListItem__XqLOV\" translate=\"yes\"><strong>Izmenjava podatkov<\/strong>: pametni telefon po\u0161lje URL stre\u017eniku v oblaku, ki pridobi podatke o ogla\u0161evalski akciji, povezane s tem URL-jem.<\/li>\n<li class=\"AnswerParser_ListItem__XqLOV\" translate=\"yes\"><strong>Prikaz na pametnem telefonu<\/strong>: Pridobljene informacije o ogla\u0161evalski akciji se nato prika\u017eejo na potro\u0161nikovem pametnem telefonu, kar omogo\u010da takoj\u0161en dostop do vsebine, kot so promocijske ponudbe, podrobnosti o izdelkih ali interaktivne izku\u0161nje.<\/li>\n<\/ol>\n<p><span class=\"AnswerParser_TextContainer__z_Iiv\" data-testid=\"youchat-text\">Ta brezhibna izmenjava informacij pove\u010da anga\u017eiranost uporabnikov in poenostavi na\u010din povezovanja blagovnih znamk s svojim ob\u010dinstvom.<\/span><\/p>\n<h2 class=\"AnswerParser_AnswerParserH2__SIHnF\">Prednosti uporabe oznak za kovance NFC po meri<\/h2>\n<p><span class=\"AnswerParser_TextContainer__z_Iiv\" data-testid=\"youchat-text\">Uporaba oznak za kovance NFC po meri nudi \u0161tevilne prednosti:<\/span><\/p>\n<ul class=\"AnswerParser_AnswerParserUnorderedList__P_1FW\">\n<li class=\"AnswerParser_ListItem__XqLOV\" translate=\"yes\"><strong>Brezhibna interakcija<\/strong>: Za razliko od tr\u017eenja WiFi, NFC od potro\u0161nikov ne zahteva, da konfigurirajo svoje pametne telefone. Uporabniki lahko hitro dostopajo do informacij s preprostim dotikom, zaradi \u010desar je uporabniku prijazna izku\u0161nja.<\/li>\n<li class=\"AnswerParser_ListItem__XqLOV\" translate=\"yes\"><strong>Izbolj\u0161ano sodelovanje<\/strong>: Oznake za kovance NFC omogo\u010dajo blagovnim znamkam ustvarjanje interaktivnih in dinami\u010dnih tr\u017enih kampanj, ki pritegnejo pozornost potro\u0161nikov in spodbujajo zvestobo blagovni znamki.<\/li>\n<li class=\"AnswerParser_ListItem__XqLOV\" translate=\"yes\"><strong>Vsestranskost<\/strong>: Te oznake je mogo\u010de namestiti na razli\u010dne povr\u0161ine, vklju\u010dno s kovino, zaradi \u010desar so primerne za \u0161iroko paleto izdelkov in promocijskih materialov.<\/li>\n<\/ul>\n<p><span class=\"AnswerParser_TextContainer__z_Iiv\" data-testid=\"youchat-text\">Zaradi teh prednosti so oznake za kovance NFC mo\u010dno orodje za sodobne marketin\u0161ke strategije.<\/span><\/p>\n<h2 class=\"AnswerParser_AnswerParserH2__SIHnF\">Mo\u017enosti materiala in oblikovanja za oznake za kovance NFC<\/h2>\n<p><span class=\"AnswerParser_TextContainer__z_Iiv\" data-testid=\"youchat-text\">NFC oznake za kovance po meri so izdelane iz trpe\u017enih materialov, ki zagotavljajo dolgo \u017eivljenjsko dobo in funkcionalnost:<\/span><\/p>\n<ul class=\"AnswerParser_AnswerParserUnorderedList__P_1FW\">\n<li class=\"AnswerParser_ListItem__XqLOV\" translate=\"yes\"><strong>PVC\/PET<\/strong>: Ti materiali se pogosto uporabljajo zaradi svoje trdnosti in pro\u017enosti, zaradi \u010desar so idealni za vsakodnevno uporabo.<\/li>\n<li class=\"AnswerParser_ListItem__XqLOV\" translate=\"yes\"><strong>Anti-kovinski material<\/strong>: Edinstvena oblika proti kovinam omogo\u010da uporabo oznak NFC na kovinskih povr\u0161inah brez motenj, kar zagotavlja zanesljivo delovanje.<\/li>\n<\/ul>\n<p><span class=\"AnswerParser_TextContainer__z_Iiv\" data-testid=\"youchat-text\">Poleg tega je mogo\u010de velikost oznak za kovance NFC prilagoditi posebnim potrebam, kar zagotavlja prilagodljivost pri oblikovanju in uporabi.<\/span><\/p>\n<h2 class=\"AnswerParser_AnswerParserH2__SIHnF\">Tehnike tiskanja in ustvarjanja<\/h2>\n<p><span class=\"AnswerParser_TextContainer__z_Iiv\" data-testid=\"youchat-text\">Mo\u017enosti tiskanja in izdelave, ki so na voljo za oznake za kovance po meri NFC, vklju\u010dujejo:<\/span><\/p>\n<ul class=\"AnswerParser_AnswerParserUnorderedList__P_1FW\">\n<li class=\"AnswerParser_ListItem__XqLOV\" translate=\"yes\"><strong>CMYK ofsetni tisk\/digitalni tisk<\/strong>: Te tehnike omogo\u010dajo visokokakovostne, barvite dizajne, ki lahko vsebujejo logotipe, blagovne znamke in druge vizualne elemente.<\/li>\n<li class=\"AnswerParser_ListItem__XqLOV\" translate=\"yes\"><strong>Tehnike izdelave<\/strong>: Vsako oznako je mogo\u010de oblikovati z edinstvenimi funkcijami, kot je o\u0161tevil\u010devanje ali kodiranje, za izbolj\u0161anje funkcionalnosti in blagovne znamke.<\/li>\n<\/ul>\n<p><span class=\"AnswerParser_TextContainer__z_Iiv\" data-testid=\"youchat-text\">Te mo\u017enosti zagotavljajo, da je mogo\u010de vsako oznako za kovance NFC prilagoditi tako, da odra\u017ea identiteto blagovne znamke, hkrati pa ohranja visoke standarde kakovosti.<\/span><\/p>\n<h2 class=\"AnswerParser_AnswerParserH2__SIHnF\">Uporaba oznak za kovance NFC v tr\u017eenju<\/h2>\n<p><span class=\"AnswerParser_TextContainer__z_Iiv\" data-testid=\"youchat-text\">Oznake za kovance NFC je mogo\u010de uporabiti v razli\u010dnih marketin\u0161kih aplikacijah, vklju\u010dno z:<\/span><\/p>\n<ul class=\"AnswerParser_AnswerParserUnorderedList__P_1FW\">\n<li class=\"AnswerParser_ListItem__XqLOV\" translate=\"yes\"><strong>Pametni plakati<\/strong>: Blagovne znamke lahko vdelajo oznake kovancev NFC v plakate, da pritegnejo potro\u0161nike z interaktivno vsebino, kot so videoposnetki ali promocijske ponudbe.<\/li>\n<li class=\"AnswerParser_ListItem__XqLOV\" translate=\"yes\"><strong>Embala\u017ea izdelka<\/strong>: Z integracijo oznak NFC v embala\u017eo izdelkov lahko podjetja strankam zagotovijo enostaven dostop do informacij o izdelku, vklju\u010dno z navodili, nasveti za uporabo in posebnimi ponudbami.<\/li>\n<li class=\"AnswerParser_ListItem__XqLOV\" translate=\"yes\"><strong>Akcije dogodkov<\/strong>: NFC oznake za kovance se lahko uporabljajo na dogodkih za la\u017eji hiter dostop do informacij o dogodkih, urnikov in promocijskih materialov.<\/li>\n<\/ul>\n<p><span class=\"AnswerParser_TextContainer__z_Iiv\" data-testid=\"youchat-text\">Te aplikacije dokazujejo vsestranskost oznak za kovance NFC pri izbolj\u0161anju tr\u017eenjskih prizadevanj in anga\u017eiranosti potro\u0161nikov.<\/span><\/p>\n<h2 class=\"AnswerParser_AnswerParserH2__SIHnF\">Najmanj\u0161a koli\u010dina naro\u010dila in razpolo\u017eljivost vzorcev<\/h2>\n<p><span class=\"AnswerParser_TextContainer__z_Iiv\" data-testid=\"youchat-text\">Ko razmi\u0161ljate o oznakah kovancev NFC po meri, morate upo\u0161tevati naslednje:<\/span><\/p>\n<ul class=\"AnswerParser_AnswerParserUnorderedList__P_1FW\">\n<li class=\"AnswerParser_ListItem__XqLOV\" translate=\"yes\"><strong>Najmanj\u0161a koli\u010dina naro\u010dila (MOQ)<\/strong>: MOQ za oznake za kovance po meri NFC je\u00a0<strong>500<\/strong>\u00a0enote, ki zagotavljajo, da lahko podjetja u\u010dinkovito raz\u0161irijo svoja promocijska prizadevanja.<\/li>\n<li class=\"AnswerParser_ListItem__XqLOV\" translate=\"yes\"><strong>Razpolo\u017eljivost vzorcev<\/strong>: Brezpla\u010dni vzorci so na voljo na zahtevo, kar podjetjem omogo\u010da, da ocenijo kakovost in funkcionalnost oznak NFC, preden oddajo ve\u010dja naro\u010dila.<\/li>\n<\/ul>\n<p><span class=\"AnswerParser_TextContainer__z_Iiv\" data-testid=\"youchat-text\">Ta prilagodljivost podjetjem olaj\u0161a vklju\u010ditev tehnologije NFC v njihove tr\u017ene strategije.<\/span><\/p>\n<h2 class=\"AnswerParser_AnswerParserH2__SIHnF\">Varnostne funkcije tehnologije NFC<\/h2>\n<p><span class=\"AnswerParser_TextContainer__z_Iiv\" data-testid=\"youchat-text\">Tehnologija NFC vklju\u010duje ve\u010d varnostnih funkcij za za\u0161\u010dito podatkov in transakcij:<\/span><\/p>\n<ul class=\"AnswerParser_AnswerParserUnorderedList__P_1FW\">\n<li class=\"AnswerParser_ListItem__XqLOV\" translate=\"yes\"><strong>\u0160ifriranje<\/strong>: Podatke, izmenjane med oznako NFC in pametnim telefonom, je mogo\u010de \u0161ifrirati, kar zagotavlja, da ob\u010dutljive informacije ostanejo varne.<\/li>\n<li class=\"AnswerParser_ListItem__XqLOV\" translate=\"yes\"><strong>Odpornost proti posegom<\/strong>: \u0160tevilne oznake NFC so zasnovane tako, da so za\u0161\u010ditene pred posegi, kar zagotavlja dodatno raven varnosti za blagovne znamke in potro\u0161nike.<\/li>\n<\/ul>\n<p><span class=\"AnswerParser_TextContainer__z_Iiv\" data-testid=\"youchat-text\">Zaradi teh varnostnih funkcij je tehnologija NFC zanesljiva izbira za podjetja, ki \u017eelijo pritegniti stranke in hkrati za\u0161\u010dititi njihove podatke.<\/span><\/p>\n<h2 class=\"AnswerParser_AnswerParserH2__SIHnF\">Pogosta vpra\u0161anja o oznakah za kovance NFC proti kovinam po meri<\/h2>\n<p><span class=\"AnswerParser_TextContainer__z_Iiv\" data-testid=\"youchat-text\"><strong>V: Ali je mogo\u010de oznake za kovance NFC ponovno uporabiti?<\/strong><br \/>\nO: Oznake za kovance NFC je obi\u010dajno mogo\u010de uporabiti ve\u010dkrat, odvisno od vrste \u010dipa in tega, ali so bili programirani za shranjevanje novih podatkov.<\/span><\/p>\n<p><span class=\"AnswerParser_TextContainer__z_Iiv\" data-testid=\"youchat-text\"><strong>V: Katere naprave so zdru\u017eljive z oznakami za kovance NFC?<\/strong><br \/>\nO: Oznake za kovance NFC so zdru\u017eljive z ve\u010dino pametnih telefonov, ki podpirajo NFC, vklju\u010dno z napravami Android in telefoni iPhone.<\/span><\/p>\n<p><span class=\"AnswerParser_TextContainer__z_Iiv\" data-testid=\"youchat-text\"><strong>V: Ali so oznake za kovance NFC nepremo\u010dljive?<\/strong><br \/>\nO: \u010ceprav so oznake za kovance NFC zasnovane za vzdr\u017eljivost, se lahko njihova vodoodpornost razlikuje glede na uporabljene materiale. Bistveno je, da preverite specifikacije za podrobnosti.<\/span><\/p>","protected":false},"excerpt":{"rendered":"<p>Anti-Metal NFC oznake za kovance po meri omogo\u010dajo brezhibno sodelovanje potro\u0161nikov. Dotaknite se za takoj\u0161en dostop do informacij, kot nala\u0161\u010d za tr\u017eenje na kovinskih povr\u0161inah.<\/p>","protected":false},"featured_media":2577,"template":"","meta":{"_kad_post_transparent":"default","_kad_post_title":"","_kad_post_layout":"default","_kad_post_sidebar_id":"","_kad_post_content_style":"default","_kad_post_vertical_padding":"default","_kad_post_feature":"","_kad_post_feature_position":"","_kad_post_header":false,"_kad_post_footer":false,"_kad_post_classname":""},"product_brand":[],"product_cat":[54],"product_tag":[292,290,293],"class_list":{"0":"post-2576","1":"product","2":"type-product","3":"status-publish","4":"has-post-thumbnail","6":"product_cat-hot-selling-rfid-tags","7":"product_tag-anti-metal-nfc-coin-tag","8":"product_tag-nfc-tag","9":"product_tag-nfc-token","11":"first","12":"instock","13":"shipping-taxable","14":"product-type-simple","15":"entry","16":"content-bg","17":"loop-entry"},"_links":{"self":[{"href":"https:\/\/rfid-laundry-tag.com\/sl\/wp-json\/wp\/v2\/product\/2576","targetHints":{"allow":["GET"]}}],"collection":[{"href":"https:\/\/rfid-laundry-tag.com\/sl\/wp-json\/wp\/v2\/product"}],"about":[{"href":"https:\/\/rfid-laundry-tag.com\/sl\/wp-json\/wp\/v2\/types\/product"}],"version-history":[{"count":1,"href":"https:\/\/rfid-laundry-tag.com\/sl\/wp-json\/wp\/v2\/product\/2576\/revisions"}],"predecessor-version":[{"id":2580,"href":"https:\/\/rfid-laundry-tag.com\/sl\/wp-json\/wp\/v2\/product\/2576\/revisions\/2580"}],"wp:featuredmedia":[{"embeddable":true,"href":"https:\/\/rfid-laundry-tag.com\/sl\/wp-json\/wp\/v2\/media\/2577"}],"wp:attachment":[{"href":"https:\/\/rfid-laundry-tag.com\/sl\/wp-json\/wp\/v2\/media?parent=2576"}],"wp:term":[{"taxonomy":"product_brand","embeddable":true,"href":"https:\/\/rfid-laundry-tag.com\/sl\/wp-json\/wp\/v2\/product_brand?post=2576"},{"taxonomy":"product_cat","embeddable":true,"href":"https:\/\/rfid-laundry-tag.com\/sl\/wp-json\/wp\/v2\/product_cat?post=2576"},{"taxonomy":"product_tag","embeddable":true,"href":"https:\/\/rfid-laundry-tag.com\/sl\/wp-json\/wp\/v2\/product_tag?post=2576"}],"curies":[{"name":"delovni list","href":"https:\/\/api.w.org\/{rel}","templated":true}]}}