{"id":2571,"date":"2024-09-17T13:42:59","date_gmt":"2024-09-17T13:42:59","guid":{"rendered":"https:\/\/rfid-laundry-tag.com\/?post_type=product&#038;p=2571"},"modified":"2024-09-17T13:43:00","modified_gmt":"2024-09-17T13:43:00","slug":"custom-guard-nfc-token-on-metal","status":"publish","type":"product","link":"https:\/\/rfid-laundry-tag.com\/sl\/custom-guard-nfc-token-on-metal\/","title":{"rendered":"Custom Guard NFC \u017eeton NA KOVINI"},"content":{"rendered":"<h3>Custom Guard NFC \u017eeton NA KOVINI<\/h3>\n<h3>Klju\u010dne zna\u010dilnosti:<\/h3>\n<ul>\n<li><strong>Vrsta \u010dipa<\/strong>: NTAG213, znan po svoji veliki pomnilni\u0161ki zmogljivosti, primeren za razli\u010dne aplikacije.<\/li>\n<li><strong>Funkcionalnost na kovini<\/strong>: Opremljen z 0,2 mm debelo plastjo proti kovinam, ki omogo\u010da zanesljivo delovanje NFC na kovinskih povr\u0161inah.<\/li>\n<li><strong>Material<\/strong>: Izdelan iz gladke, \u010dvrste PVC plastike, zasnovan tako, da je odporen na vodo in posebej prilagodljiv z logotipi ali umetninami; na voljo tudi v \u010drni barvi.<\/li>\n<li><strong>Lepilo<\/strong>: Prilo\u017een je 3M 9448A robni trak, lahko akrilno lepilo, ki zagotavlja mo\u010dno vez z razli\u010dnimi povr\u0161inami; na voljo je tudi mo\u017enost brez lepila.<\/li>\n<li><strong>Mo\u017enosti velikosti<\/strong>: Na voljo v razli\u010dnih oblikah, kot so okrogle (25 mm, 30 mm, 35 mm) in kvadratne (30 mm x 30 mm), mo\u017ene so velikosti po meri.<\/li>\n<li><strong>Na\u010dini dela<\/strong>: Podpira funkcije branja in pisanja za shranjevanje in iskanje podatkov.<\/li>\n<li><strong>Preberi Razdalja<\/strong>: Mo\u017enost branja z razdalje 1\u201330 cm, odvisno od posebnih pogojev uporabe.<\/li>\n<li><strong>Mo\u017enosti obrti<\/strong>: Prilagodljivi zaklju\u010dki, vklju\u010dno s sijajnimi, mat, hologrami in mo\u017enostmi za lasersko \u0161tevil\u010denje ali kode QR.<\/li>\n<\/ul>\n<h3>Aplikacije:<\/h3>\n<ul>\n<li><strong>Nadzor dostopa<\/strong>: Idealno za spremljanje in nadzor dostopa v razli\u010dnih okoljih.<\/li>\n<li><strong>Avtomatizacija<\/strong>: Lahko se uporablja v avtomatiziranih sistemih za namene sledenja in identifikacije.<\/li>\n<li><strong>Upravljanje zalog<\/strong>: Uporabno za upravljanje zalog in inventarja s sprotno identifikacijo ozna\u010denih predmetov.<\/li>\n<li><strong>Guard Tours<\/strong>: Posebej zasnovan za uporabo v sistemih za ogled stra\u017ee, ki zagotavlja u\u010dinkovito sledenje varnostnega osebja.<\/li>\n<\/ul>\n<p>Ta tip \u017eetona NFC neopazno zdru\u017euje funkcionalnost in enostavnost uporabe, zaradi \u010desar je odli\u010dna izbira za razli\u010dne aplikacije NFC pri varnosti in upravljanju sredstev.<\/p>","protected":false},"excerpt":{"rendered":"<p>Kovinski NFC \u017eetoni so revolucionirali na\u0161 na\u010din interakcije s tehnologijo, zlasti na podro\u010dju varnosti in upravljanja sredstev.<\/p>","protected":false},"featured_media":2572,"template":"","meta":{"_kad_post_transparent":"default","_kad_post_title":"","_kad_post_layout":"default","_kad_post_sidebar_id":"","_kad_post_content_style":"default","_kad_post_vertical_padding":"default","_kad_post_feature":"","_kad_post_feature_position":"","_kad_post_header":false,"_kad_post_footer":false,"_kad_post_classname":""},"product_brand":[],"product_cat":[54],"product_tag":[],"class_list":{"0":"post-2571","1":"product","2":"type-product","3":"status-publish","4":"has-post-thumbnail","6":"product_cat-hot-selling-rfid-tags","8":"first","9":"instock","10":"shipping-taxable","11":"product-type-simple","12":"entry","13":"content-bg","14":"loop-entry"},"_links":{"self":[{"href":"https:\/\/rfid-laundry-tag.com\/sl\/wp-json\/wp\/v2\/product\/2571","targetHints":{"allow":["GET"]}}],"collection":[{"href":"https:\/\/rfid-laundry-tag.com\/sl\/wp-json\/wp\/v2\/product"}],"about":[{"href":"https:\/\/rfid-laundry-tag.com\/sl\/wp-json\/wp\/v2\/types\/product"}],"version-history":[{"count":2,"href":"https:\/\/rfid-laundry-tag.com\/sl\/wp-json\/wp\/v2\/product\/2571\/revisions"}],"predecessor-version":[{"id":2575,"href":"https:\/\/rfid-laundry-tag.com\/sl\/wp-json\/wp\/v2\/product\/2571\/revisions\/2575"}],"wp:featuredmedia":[{"embeddable":true,"href":"https:\/\/rfid-laundry-tag.com\/sl\/wp-json\/wp\/v2\/media\/2572"}],"wp:attachment":[{"href":"https:\/\/rfid-laundry-tag.com\/sl\/wp-json\/wp\/v2\/media?parent=2571"}],"wp:term":[{"taxonomy":"product_brand","embeddable":true,"href":"https:\/\/rfid-laundry-tag.com\/sl\/wp-json\/wp\/v2\/product_brand?post=2571"},{"taxonomy":"product_cat","embeddable":true,"href":"https:\/\/rfid-laundry-tag.com\/sl\/wp-json\/wp\/v2\/product_cat?post=2571"},{"taxonomy":"product_tag","embeddable":true,"href":"https:\/\/rfid-laundry-tag.com\/sl\/wp-json\/wp\/v2\/product_tag?post=2571"}],"curies":[{"name":"delovni list","href":"https:\/\/api.w.org\/{rel}","templated":true}]}}