{"id":2567,"date":"2024-09-16T05:27:07","date_gmt":"2024-09-16T05:27:07","guid":{"rendered":"https:\/\/rfid-laundry-tag.com\/?post_type=product&#038;p=2567"},"modified":"2024-09-16T05:27:07","modified_gmt":"2024-09-16T05:27:07","slug":"custom-printing-on-metal-nfc-sticker-ntag213","status":"publish","type":"product","link":"https:\/\/rfid-laundry-tag.com\/sl\/custom-printing-on-metal-nfc-sticker-ntag213\/","title":{"rendered":"Tiskanje po meri na kovinsko nalepko NFC NTAG213"},"content":{"rendered":"<p><strong>Kovinska nalepka NFC<\/strong>\u00a0opremljen z zanesljivim\u00a0<strong>NTAG213 NFC \u010dip<\/strong>. Te inovativne nalepke so zasnovane tako, da brezhibno delujejo na kovinskih povr\u0161inah in odklenejo dinami\u010den na\u010din za privabljanje strank, hitro izmenjavo informacij in izbolj\u0161anje tr\u017enih strategij. Ne glede na to, ali \u017eelite predstaviti svoj logotip, zagotoviti informacije o izdelku ali pove\u010dati interaktivnost strank, so na\u0161e kovinske nalepke NFC re\u0161itev, ki ste jo iskali.<\/p>\n<table class=\"has-title is-zebra hight-light-first-column all magic-22\">\n<tbody>\n<tr>\n<td colspan=\"1\" rowspan=\"1\">\n<div class=\"magic-23\" data-spm-anchor-id=\"a2700.details.0.i46.640212393xXGMO\">Ime izdelka<\/div>\n<\/td>\n<td colspan=\"4\" rowspan=\"1\">\n<div class=\"magic-24\">Tiskanje po meri na kovinsko nalepko NFC NTAG213<\/div>\n<\/td>\n<\/tr>\n<tr>\n<td colspan=\"1\" rowspan=\"1\">\n<div class=\"magic-23\">Delovna frekvenca<\/div>\n<\/td>\n<td colspan=\"4\" rowspan=\"1\">\n<div class=\"magic-24\">13,56 MHz<\/div>\n<\/td>\n<\/tr>\n<tr>\n<td colspan=\"1\" rowspan=\"1\">\n<div class=\"magic-23\">Protokol<\/div>\n<\/td>\n<td colspan=\"4\" rowspan=\"1\">\n<div class=\"magic-24\">\u00a0ISO14443A NFC forum vrste 2<\/div>\n<\/td>\n<\/tr>\n<tr>\n<td colspan=\"1\" rowspan=\"1\">\n<div class=\"magic-23\">Material<\/div>\n<\/td>\n<td colspan=\"4\" rowspan=\"1\">\n<div class=\"magic-27\">Papir ali beli PET ali mehki\/trdi PVC<\/div>\n<\/td>\n<\/tr>\n<tr>\n<td colspan=\"1\" rowspan=\"1\">\n<div class=\"magic-23\">IC<\/div>\n<\/td>\n<td colspan=\"4\" rowspan=\"1\">\n<div class=\"magic-27\">NXP Ntag213<\/div>\n<\/td>\n<\/tr>\n<tr>\n<td colspan=\"1\" rowspan=\"1\">\n<div class=\"magic-23\">Antena<\/div>\n<\/td>\n<td colspan=\"4\" rowspan=\"1\">\n<div class=\"magic-27\">Jedkana antena<\/div>\n<\/td>\n<\/tr>\n<tr>\n<td colspan=\"1\" rowspan=\"1\">\n<div class=\"magic-23\">Shranjevanje podatkov<\/div>\n<\/td>\n<td colspan=\"4\" rowspan=\"1\">\n<div class=\"magic-27\">20 let<\/div>\n<\/td>\n<\/tr>\n<tr>\n<td colspan=\"1\" rowspan=\"1\">\n<div class=\"magic-23\">\u017divljenjska doba \u010dipa<\/div>\n<\/td>\n<td colspan=\"4\" rowspan=\"1\">\n<div class=\"magic-27\">Zapi\u0161ite vzdr\u017eljivost nad 100.000 cikli<\/div>\n<\/td>\n<\/tr>\n<tr>\n<td colspan=\"1\" rowspan=\"1\">\n<div class=\"magic-23\">Temperatura shranjevanja<\/div>\n<\/td>\n<td colspan=\"4\" rowspan=\"1\">\n<div class=\"magic-27\">-40~+85\u00b0C<\/div>\n<\/td>\n<\/tr>\n<tr>\n<td colspan=\"1\" rowspan=\"1\">\n<div class=\"magic-23\">Delovna temperatura<\/div>\n<\/td>\n<td colspan=\"4\" rowspan=\"1\">\n<div class=\"magic-27\">-20~+75\u00b0C<\/div>\n<\/td>\n<\/tr>\n<tr>\n<td colspan=\"1\" rowspan=\"1\">\n<div class=\"magic-23\">Vla\u017enost pri shranjevanju<\/div>\n<\/td>\n<td colspan=\"4\" rowspan=\"1\">\n<div class=\"magic-27\">5%\uff5e95%<\/div>\n<\/td>\n<\/tr>\n<tr>\n<td colspan=\"1\" rowspan=\"1\">\n<div class=\"magic-23\">Na\u010din namestitve<\/div>\n<\/td>\n<td colspan=\"4\" rowspan=\"1\">\n<div class=\"magic-27\">Dr\u017eimo se predmetov, ki jih \u017eelimo identificirati<\/div>\n<\/td>\n<\/tr>\n<tr>\n<td colspan=\"1\" rowspan=\"1\">\n<div class=\"magic-23\">Delovni na\u010din<\/div>\n<\/td>\n<td colspan=\"4\" rowspan=\"1\">\n<div class=\"magic-27\">Pasivno (pasivne oznake RFID)<\/div>\n<\/td>\n<\/tr>\n<tr>\n<td colspan=\"1\" rowspan=\"1\">\n<div class=\"magic-23\">Individualizirana storitev<\/div>\n<\/td>\n<td colspan=\"4\" rowspan=\"1\">\n<div class=\"magic-27\">Predprogramirano: EPC<br \/>\nTiskanje: logotip, laserski UID, \u010drke, \u010drtna koda, QR, \u0161tevilke, slogan<\/div>\n<\/td>\n<\/tr>\n<tr>\n<td colspan=\"1\" rowspan=\"1\">\n<div class=\"magic-23\">Aplikacija<\/div>\n<\/td>\n<td colspan=\"4\" rowspan=\"1\">\n<div class=\"magic-27\">\n<div data-spm-anchor-id=\"a2700.pc-decorate.0.i167.373e3333414ktv\">Brezsti\u010dna pla\u010dila<\/div>\n<div data-spm-anchor-id=\"a2700.pc-decorate.0.i167.373e3333414ktv\">dru\u017ebeni mediji<\/div>\n<div data-spm-anchor-id=\"a2700.pc-decorate.0.i168.373e3333414ktv\">naprave sredstva mobilni telefoni, tablice, ra\u010dunalniki<\/div>\n<div data-spm-anchor-id=\"a2700.pc-decorate.0.i168.373e3333414ktv\">Logistika, Maloprodaja Moda, nakit in kozmetika<\/div>\n<div data-spm-anchor-id=\"a2700.pc-decorate.0.i168.373e3333414ktv\">Pregledi strojev in opreme<\/div>\n<div data-spm-anchor-id=\"a2700.pc-decorate.0.i168.373e3333414ktv\">Identifikacija in nadzor dostopa\u2026<\/div>\n<\/div>\n<\/td>\n<\/tr>\n<\/tbody>\n<\/table>\n<h2>Zakaj izbrati kovinske NFC nalepke Ntag213?<\/h2>\n<p>Nalo\u017eba v kovinske nalepke NFC ne le pove\u010da prepoznavnost va\u0161e blagovne znamke, ampak tudi izbolj\u0161a uporabni\u0161ko izku\u0161njo. Z uporabo an\u00a0<strong>NTAG213<\/strong>\u00a0\u010dip, lahko te nalepke u\u010dinkovito shranjujejo in prena\u0161ajo podatke. Pridejo z a\u00a0<strong>144-bajtni<\/strong>\u00a0zmogljivost shranjevanja, ki ponuja dovolj prostora za bistvene informacije, kot so URL-ji spletnih mest, kontaktni podatki ali promocijske ponudbe.<\/p>\n<h3>Klju\u010dne prednosti kovinskih nalepk NFC<\/h3>\n<ul>\n<li><strong>Vsestransko prilagajanje<\/strong>: Prilagodite vsako nalepko z logotipi, \u010drtnimi kodami ali besedilom, natisnjenim v CMYK in \u010drni barvi. Na\u0161e nalepke je mogo\u010de prilagoditi va\u0161im potrebam glede blagovne znamke.<\/li>\n<li><strong>Vzdr\u017eljivost<\/strong>: Te nalepke, izdelane tako, da prenesejo razli\u010dne okoljske pogoje, so zasnovane s feritno plastjo za izjemno u\u010dinkovitost na kovinskih povr\u0161inah.<\/li>\n<li><strong>Enostavnost uporabe<\/strong>: Preprosta in hitra interakcija \u2013 samo tapnite nalepko s svojim\u00a0<strong>iPhone<\/strong>\u00a0oz\u00a0<strong>Android<\/strong>\u00a0napravo za takoj\u0161en dostop do dolo\u010dene vsebine.<\/li>\n<\/ul>\n<h2>Razumevanje tehnologije NTAG213 NFC<\/h2>\n<p>\u010cip NTAG213 NFC je ena najbolj zanesljivih re\u0161itev v sektorju NFC, posebej izdelana za zagotavljanje zdru\u017eljivosti z napravami iOS in Android. S kapaciteto pomnilnika\u00a0<strong>144 bajtov<\/strong>, vsebuje dovolj podatkov za bistvene primere uporabe. Kar lo\u010duje NTAG213 od drugih, so njegove izbolj\u0161ane funkcije proti tr\u010denju, ki omogo\u010dajo so\u010dasno delovanje ve\u010d oznak NFC brez konfliktov.<\/p>\n<p>Ko se uporabniki s pametnim telefonom dotaknejo kovinske nalepke NFC, se takoj pove\u017eejo z \u017eeleno digitalno vsebino, ne da bi jim bilo treba prenesti kakr\u0161no koli aplikacijo. to\u00a0<strong>plug-and-play<\/strong>\u00a0funkcionalnost zmanj\u0161a ovire za interakcijo, zaradi \u010desar je idealno orodje za podjetja, ki \u017eelijo u\u010dinkovito vklju\u010diti potro\u0161nike.<\/p>\n<h2>Mo\u017enosti prilagajanja za kovinske nalepke<\/h2>\n<p>Eden najbolj privla\u010dnih vidikov kovinskih nalepk NFC je nabor razpolo\u017eljivih mo\u017enosti prilagajanja. Od oblik in velikosti do mo\u017enosti tiskanja lahko razvijete izdelek, ki odmeva s podobo va\u0161e blagovne znamke.<\/p>\n<ul>\n<li><strong>Tiskani modeli<\/strong>: Uporabite visokokakovostne tehnike tiskanja za predstavitev \u017eivahnih logotipov, elegantnih \u010drk in edinstvenih \u010drtnih kod. Izbirajte med sijo\u010dimi ali mat zaklju\u010dki, da se uskladite z estetiko va\u0161ega izdelka.<\/li>\n<li><strong>Izbira materiala<\/strong>: Na\u0161e kovinske nalepke je mogo\u010de natisniti na razli\u010dne materiale, vklju\u010dno z\u00a0<strong>PVC<\/strong>,\u00a0<strong>PET<\/strong>, oz\u00a0<strong>Papir<\/strong>, kar omogo\u010da prilagodljivost pri uporabi in uporabi.<\/li>\n<\/ul>\n<p>Ta stopnja prilagajanja zagotavlja, da va\u0161e nalepke NFC ne le dobro delujejo, temve\u010d slu\u017eijo tudi kot vizualna predstavitev va\u0161e blagovne znamke.<\/p>\n<h2>Prednosti anti-kovinskih NFC nalepk<\/h2>\n<p>Nalepke NFC, zasnovane za uporabo na kovinskih povr\u0161inah, se soo\u010dajo z edinstvenimi izzivi. Tradicionalne nalepke v tem okolju pogosto ne uspejo, vendar na\u0161e anti-kovinske nalepke NFC zagotavljajo vrhunsko re\u0161itev:<\/p>\n<ul>\n<li><strong>Feritna plast<\/strong>: Integrirana feritna plast pomaga u\u010dinkovito prepre\u010diti motnje signala, ki se obi\u010dajno pojavijo, ko nalepke nalepite na kovino, kar zagotavlja nemoten prenos podatkov.<\/li>\n<li><strong>Izbolj\u0161ana zmogljivost<\/strong>: Te nalepke ohranjajo odli\u010den doseg in stabilnost komunikacije, spodbujajo zadovoljstvo uporabnikov in zmanj\u0161ujejo frustracije.<\/li>\n<\/ul>\n<p>Z izbiro na\u0161ih protikovinskih NFC nalepk lahko svojim strankam zagotovite neprekinjeno izku\u0161njo, s \u010dimer na koncu pove\u010date u\u010dinkovitost svojih kampanj.<\/p>\n<h2>Izbira pravega lepila za va\u0161e potrebe<\/h2>\n<p>Izbira pravega lepila za va\u0161e kovinske nalepke NFC je klju\u010dnega pomena za zagotovitev dolgo\u017eivosti in vzdr\u017eljivosti. Razli\u010dne aplikacije lahko zahtevajo razli\u010dne vrste lepila:<\/p>\n<ul>\n<li><strong>Mo\u010dno vezivno lepilo<\/strong>: Za aplikacije, ki vklju\u010dujejo izpostavljenost vlagi ali spremenljivim temperaturam, je potrebno mo\u010dno lepilo.<\/li>\n<li><strong>Odstranljivo lepilo<\/strong>: \u010ce potrebujete za\u010dasen nanos, razmislite o odstranljivih lepilih, ki omogo\u010dajo enostavno prestavljanje ali odstranitev brez ostankov.<\/li>\n<\/ul>\n<p>\u010ce si vzamete \u010das za izbiro pravega lepila, lahko zagotovite dolgo \u017eivljenjsko dobo in u\u010dinkovitost svojih nalepk NFC.<\/p>\n<h2>Uporaba kovinskih nalepk NFC<\/h2>\n<p>Vsestranskost kovinskih nalepk NFC pomeni, da jih je mogo\u010de uporabiti v razli\u010dnih sektorjih. Tukaj je nekaj vidnih aplikacij:<\/p>\n<ul>\n<li><strong>Maloprodajno tr\u017eenje<\/strong>: Do takoj\u0161njih promocij, posodobitev in informacij o izdelku lahko dostopate samo s pritiskom na nalepko na zaslonu izdelka.<\/li>\n<li><strong>Vodenje dogodkov<\/strong>: vklju\u010dite nalepke NFC v vstopnice za dogodke in zna\u010dke za hiter dostop do urnikov, \u017eivljenjepisov in prilo\u017enosti za mre\u017eenje.<\/li>\n<li><strong>Sledenje sredstvi<\/strong>: Organizacije lahko uporabijo te nalepke za poenostavitev upravljanja zalog. Pritrdite jih na opremo za enostavno prepoznavanje in spremljanje stanja.<\/li>\n<\/ul>\n<p>Potencialnih aplikacij je neskon\u010dno, postavljenih na popoln na\u010din za izbolj\u0161anje uporabni\u0161ke izku\u0161nje in poslovnega sodelovanja.<\/p>\n<h2>Primerjava z drugimi oznakami NFC<\/h2>\n<p>Ko razmi\u0161ljate o izdelkih NFC, je bistveno razumeti, kako\u00a0<strong>kovinske oznake NFC<\/strong>\u00a0razlikujejo od drugih mo\u017enosti.<\/p>\n<ul>\n<li><strong>Zmogljivost<\/strong>: Za razliko od standardnih oznak NFC ponujajo kovinske nalepke vrhunsko delovanje na kovinskih povr\u0161inah zaradi svoje posebne zasnove in feritne podlage.<\/li>\n<li><strong>Zmogljivost<\/strong>: Medtem ko\u00a0<strong>NTAG215<\/strong>\u00a0ponudbe\u00a0<strong>504 bajtov<\/strong>\u00a0pomnilnika je NTAG213 ve\u010d kot dovolj za ve\u010dino aplikacij, ki potrebujejo osnovne URL povezave ali majhno besedilo, zaradi \u010desar je ekonomi\u010dna in u\u010dinkovita izbira.<\/li>\n<\/ul>\n<p>Razumevanje teh klju\u010dnih razlik pomaga podjetjem izbrati pravo re\u0161itev NFC za njihove posebne potrebe.<\/p>\n<h2>Pogosto zastavljena vpra\u0161anja<\/h2>\n<p>Tukaj je nekaj pogostih vpra\u0161anj o na\u0161ih kovinskih nalepkah NFC:<\/p>\n<ol>\n<li><strong>Katere naprave so zdru\u017eljive z nalepkami NFC?<\/strong>\n<ul>\n<li>Oba\u00a0<strong>iPhone<\/strong>\u00a0in\u00a0<strong>Android<\/strong>\u00a0Naprave podpirajo tehnologijo NFC, ki omogo\u010da \u0161iroko paleto interakcij.<\/li>\n<\/ul>\n<\/li>\n<li><strong>Koliko podatkov lahko shrani \u010dip NTAG213 NFC?<\/strong>\n<ul>\n<li>\u010cip NTAG213 ima kapaciteto shranjevanja\u00a0<strong>144 bajtov<\/strong>, primeren za kratko besedilo ali povezave.<\/li>\n<\/ul>\n<\/li>\n<li><strong>Ali je mogo\u010de nalepke natisniti z dizajnom po meri?<\/strong>\n<ul>\n<li>Vsekakor! Na\u0161e nalepke lahko prilagodite z va\u0161imi logotipi, \u010drtnimi kodami ali poljubnim tiskom po va\u0161i izbiri.<\/li>\n<\/ul>\n<\/li>\n<\/ol>","protected":false},"excerpt":{"rendered":"<p>Odkrijte vsestransko kovinsko nalepko NFC NTAG213. Prilagodite se za blagovno znamko, u\u017eivajte v vzdr\u017eljivosti in odklenite takoj\u0161njo interakcijo s pametnimi telefoni!<\/p>","protected":false},"featured_media":2568,"template":"","meta":{"_kad_post_transparent":"default","_kad_post_title":"","_kad_post_layout":"default","_kad_post_sidebar_id":"","_kad_post_content_style":"default","_kad_post_vertical_padding":"default","_kad_post_feature":"","_kad_post_feature_position":"","_kad_post_header":false,"_kad_post_footer":false,"_kad_post_classname":""},"product_brand":[],"product_cat":[54],"product_tag":[290,291,289],"class_list":{"0":"post-2567","1":"product","2":"type-product","3":"status-publish","4":"has-post-thumbnail","6":"product_cat-hot-selling-rfid-tags","7":"product_tag-nfc-tag","8":"product_tag-ntag213-nfc-label","9":"product_tag-on-metal-nfc-sticker-ntag213","11":"first","12":"instock","13":"shipping-taxable","14":"product-type-simple","15":"entry","16":"content-bg","17":"loop-entry"},"_links":{"self":[{"href":"https:\/\/rfid-laundry-tag.com\/sl\/wp-json\/wp\/v2\/product\/2567","targetHints":{"allow":["GET"]}}],"collection":[{"href":"https:\/\/rfid-laundry-tag.com\/sl\/wp-json\/wp\/v2\/product"}],"about":[{"href":"https:\/\/rfid-laundry-tag.com\/sl\/wp-json\/wp\/v2\/types\/product"}],"version-history":[{"count":2,"href":"https:\/\/rfid-laundry-tag.com\/sl\/wp-json\/wp\/v2\/product\/2567\/revisions"}],"predecessor-version":[{"id":2570,"href":"https:\/\/rfid-laundry-tag.com\/sl\/wp-json\/wp\/v2\/product\/2567\/revisions\/2570"}],"wp:featuredmedia":[{"embeddable":true,"href":"https:\/\/rfid-laundry-tag.com\/sl\/wp-json\/wp\/v2\/media\/2568"}],"wp:attachment":[{"href":"https:\/\/rfid-laundry-tag.com\/sl\/wp-json\/wp\/v2\/media?parent=2567"}],"wp:term":[{"taxonomy":"product_brand","embeddable":true,"href":"https:\/\/rfid-laundry-tag.com\/sl\/wp-json\/wp\/v2\/product_brand?post=2567"},{"taxonomy":"product_cat","embeddable":true,"href":"https:\/\/rfid-laundry-tag.com\/sl\/wp-json\/wp\/v2\/product_cat?post=2567"},{"taxonomy":"product_tag","embeddable":true,"href":"https:\/\/rfid-laundry-tag.com\/sl\/wp-json\/wp\/v2\/product_tag?post=2567"}],"curies":[{"name":"delovni list","href":"https:\/\/api.w.org\/{rel}","templated":true}]}}