{"id":2543,"date":"2024-09-15T11:34:50","date_gmt":"2024-09-15T11:34:50","guid":{"rendered":"https:\/\/rfid-laundry-tag.com\/?post_type=product&#038;p=2543"},"modified":"2024-09-15T11:53:19","modified_gmt":"2024-09-15T11:53:19","slug":"uhf-rfid-sticker-for-car","status":"publish","type":"product","link":"https:\/\/rfid-laundry-tag.com\/sl\/uhf-rfid-sticker-for-car\/","title":{"rendered":"UHF RFID nalepka za avto"},"content":{"rendered":"<div data-elementor-type=\"product-post\" data-elementor-id=\"2543\" class=\"elementor elementor-2543\" data-elementor-settings=\"{&quot;ha_cmc_init_switcher&quot;:&quot;no&quot;}\" data-elementor-post-type=\"product\">\n\t\t\t\t<div class=\"elementor-element elementor-element-71a1224 e-flex e-con-boxed e-con e-parent\" data-id=\"71a1224\" data-element_type=\"container\" data-e-type=\"container\" data-settings=\"{&quot;_ha_eqh_enable&quot;:false}\">\n\t\t\t\t\t<div class=\"e-con-inner\">\n\t\t\t\t<div class=\"elementor-element elementor-element-7f470072 elementor-widget elementor-widget-text-editor\" data-id=\"7f470072\" data-element_type=\"widget\" data-e-type=\"widget\" data-widget_type=\"text-editor.default\">\n\t\t\t\t<div class=\"elementor-widget-container\">\n\t\t\t\t\t\t\t\t\t<h2 class=\"AnswerParser_AnswerParserH2__SIHnF\"><span style=\"color: #000000;\">Kaj so UHF RFID nalepke?<\/span><\/h2><p><span style=\"color: #000000;\"><span class=\"AnswerParser_TextContainer__z_Iiv\" data-testid=\"youchat-text\"><strong>UHF RFID nalepke<\/strong>\u00a0so specializirane nalepke za identifikacijo in sledenje vozil. Te nalepke vsebujejo oznako UHF RFID, ki deluje v frekven\u010dnem obmo\u010dju\u00a0<strong>860-960 MHz<\/strong>, ki omogo\u010da komunikacijo na velike razdalje z RFID \u010ditalci. Nalepke so obi\u010dajno narejene s trpe\u017eno lepljivo podlago, zaradi \u010desar jih je enostavno nanesti na razli\u010dne povr\u0161ine, vklju\u010dno z vetrobranskimi stekli in registrskimi tablicami.<\/span><span class=\"AnswerParser_TextContainer__z_Iiv\" data-testid=\"youchat-text\">Te nalepke RFID so zasnovane tako, da prenesejo okoljske dejavnike in zagotavljajo zanesljivo delovanje v razli\u010dnih pogojih. Zaradi svoje kompaktne velikosti in lahke zasnove so idealni za uporabo na vozilih brez dodajanja nepotrebne mase.<\/span><\/span><\/p><h2 class=\"AnswerParser_AnswerParserH2__SIHnF\"><span style=\"color: #000000;\"><a href=\"https:\/\/rfid-laundry-tag.com\/sl\/hot-selling-rfid-tags\/page\/2\/\"><img fetchpriority=\"high\" decoding=\"async\" class=\"alignnone wp-image-2547 size-full\" src=\"https:\/\/rfid-laundry-tag.com\/wp-content\/uploads\/2024\/09\/OIP-C-4.jpg\" alt=\"\" width=\"474\" height=\"274\" srcset=\"https:\/\/rfid-laundry-tag.com\/wp-content\/uploads\/2024\/09\/OIP-C-4.jpg 474w, https:\/\/rfid-laundry-tag.com\/wp-content\/uploads\/2024\/09\/OIP-C-4-300x173.jpg 300w, https:\/\/rfid-laundry-tag.com\/wp-content\/uploads\/2024\/09\/OIP-C-4-18x10.jpg 18w\" sizes=\"(max-width: 474px) 100vw, 474px\" \/><\/a>Kako delujejo UHF RFID nalepke?<\/span><\/h2><p><span style=\"color: #000000;\"><span class=\"AnswerParser_TextContainer__z_Iiv\" data-testid=\"youchat-text\">UHF RFID nalepke delujejo z uporabo radiofrekven\u010dne identifikacijske tehnologije. Vsaka nalepka vsebuje edinstven identifikator, shranjen v oznaki RFID. Ko je vozilo, opremljeno z nalepko, v dosegu \u010ditalnika RFID, ta oddaja radijske valove, ki aktivirajo oznako. Oznaka nato prenese svoj edinstveni identifikator nazaj na \u010ditalnik, kar omogo\u010da samodejno identifikacijo in sledenje vozilu.<\/span><span class=\"AnswerParser_TextContainer__z_Iiv\" data-testid=\"youchat-text\">Ta postopek omogo\u010da zbiranje in spremljanje podatkov v realnem \u010dasu, kar podjetjem in posameznikom olaj\u0161a u\u010dinkovito upravljanje vozil. Zmogljivosti tehnologije UHF RFID na dolge razdalje omogo\u010dajo zaznavanje z razdalje ve\u010d metrov, kar pove\u010duje priro\u010dnost in uporabnost.<\/span><\/span><\/p><h2 class=\"AnswerParser_AnswerParserH2__SIHnF\"><span style=\"color: #000000;\">Prednosti uporabe UHF RFID nalepk za vozila<\/span><\/h2><p><span class=\"AnswerParser_TextContainer__z_Iiv\" style=\"color: #000000;\" data-testid=\"youchat-text\">Uporaba UHF RFID nalepk za vozila nudi \u0161tevilne prednosti:<\/span><\/p><ul class=\"AnswerParser_AnswerParserUnorderedList__P_1FW\"><li class=\"AnswerParser_ListItem__XqLOV\" translate=\"yes\"><span style=\"color: #000000;\"><strong>Izbolj\u0161ano sledenje<\/strong>: RFID nalepke omogo\u010dajo natan\u010dno sledenje vozil v realnem \u010dasu, kar olaj\u0161a spremljanje njihove lokacije in stanja.<\/span><\/li><li class=\"AnswerParser_ListItem__XqLOV\" translate=\"yes\"><span style=\"color: #000000;\"><strong>Izbolj\u0161an nadzor dostopa<\/strong>: Te nalepke je mogo\u010de integrirati v sisteme za nadzor dostopa, kar omogo\u010da nemoten vstop v omejena obmo\u010dja, kot so parkiri\u0161\u010da in ograjena naselja.<\/span><\/li><li class=\"AnswerParser_ListItem__XqLOV\" translate=\"yes\"><span style=\"color: #000000;\"><strong>Stro\u0161kovno u\u010dinkovita re\u0161itev<\/strong>: UHF RFID nalepke so ekonomi\u010den na\u010din za implementacijo sistemov za sledenje in upravljanje vozil, zmanj\u0161ujejo potrebo po ro\u010dnih pregledih in izbolj\u0161ujejo u\u010dinkovitost delovanja.<\/span><\/li><\/ul><p><span class=\"AnswerParser_TextContainer__z_Iiv\" style=\"color: #000000;\" data-testid=\"youchat-text\">Zaradi teh prednosti so nalepke UHF RFID pametna nalo\u017eba za podjetja in posameznike, ki \u017eelijo izbolj\u0161ati svoje procese upravljanja vozil.<\/span><\/p><p><a href=\"https:\/\/rfid-laundry-tag.com\/sl\/hot-selling-rfid-tags\/page\/2\/\"><img decoding=\"async\" class=\"alignnone size-full wp-image-2549\" src=\"https:\/\/rfid-laundry-tag.com\/wp-content\/uploads\/2024\/09\/uhf-rfid-windshield-sticker-tagS.jpg\" alt=\"UHF RFID Stickers for Cars\" width=\"1000\" height=\"437\" srcset=\"https:\/\/rfid-laundry-tag.com\/wp-content\/uploads\/2024\/09\/uhf-rfid-windshield-sticker-tagS.jpg 1000w, https:\/\/rfid-laundry-tag.com\/wp-content\/uploads\/2024\/09\/uhf-rfid-windshield-sticker-tagS-300x131.jpg 300w, https:\/\/rfid-laundry-tag.com\/wp-content\/uploads\/2024\/09\/uhf-rfid-windshield-sticker-tagS-768x336.jpg 768w, https:\/\/rfid-laundry-tag.com\/wp-content\/uploads\/2024\/09\/uhf-rfid-windshield-sticker-tagS-18x8.jpg 18w, https:\/\/rfid-laundry-tag.com\/wp-content\/uploads\/2024\/09\/uhf-rfid-windshield-sticker-tagS-600x262.jpg 600w\" sizes=\"(max-width: 1000px) 100vw, 1000px\" \/><\/a><\/p><h2 class=\"AnswerParser_AnswerParserH2__SIHnF\"><span style=\"color: #000000;\">Uporaba UHF RFID nalepk pri upravljanju vozil<\/span><\/h2><p><span class=\"AnswerParser_TextContainer__z_Iiv\" style=\"color: #000000;\" data-testid=\"youchat-text\">Nalepke UHF RFID imajo \u0161iroko paleto aplikacij pri upravljanju vozil, vklju\u010dno z:<\/span><\/p><ul class=\"AnswerParser_AnswerParserUnorderedList__P_1FW\"><li class=\"AnswerParser_ListItem__XqLOV\" translate=\"yes\"><span style=\"color: #000000;\"><strong>Upravljanje voznega parka<\/strong>: Podjetja lahko uporabljajo nalepke RFID za sledenje svojim voznim parkom, spremljanje uporabe in optimizacijo poti za ve\u010djo u\u010dinkovitost.<\/span><\/li><li class=\"AnswerParser_ListItem__XqLOV\" translate=\"yes\"><span style=\"color: #000000;\"><strong>Kontrola dostopa do parkiri\u0161\u010da<\/strong>: Nalepke RFID se lahko uporabljajo za avtomatizirane parkirne sisteme, ki omogo\u010dajo vstop in izstop vozil brez potrebe po fizi\u010dnih vstopnicah ali prepustnicah.<\/span><\/li><li class=\"AnswerParser_ListItem__XqLOV\" translate=\"yes\"><span style=\"color: #000000;\"><strong>Upravljanje zalog<\/strong>: V skladi\u0161\u010dih in logistiki nalepke RFID pomagajo pri sledenju vozil in sredstev, kar zagotavlja natan\u010dne evidence zalog in zmanj\u0161uje izgube.<\/span><\/li><\/ul><p><span class=\"AnswerParser_TextContainer__z_Iiv\" style=\"color: #000000;\" data-testid=\"youchat-text\">Te aplikacije prikazujejo vsestranskost in u\u010dinkovitost nalepk UHF RFID v razli\u010dnih scenarijih upravljanja vozil.<\/span><\/p><h2 class=\"AnswerParser_AnswerParserH2__SIHnF\"><span style=\"color: #000000;\">Tehni\u010dne specifikacije UHF RFID nalepk<\/span><\/h2><div class=\"AnswerParser_TableContainer__Erb6v\" data-testid=\"table-container\"><table><thead><tr><th style=\"text-align: left;\"><span style=\"color: #000000;\">Funkcija<\/span><\/th><th style=\"text-align: left;\"><span style=\"color: #000000;\">Specifikacija<\/span><\/th><\/tr><\/thead><tbody><tr><td style=\"text-align: left;\"><span style=\"color: #000000;\">Pogostost<\/span><\/td><td style=\"text-align: left;\"><span style=\"color: #000000;\">860-960 MHz<\/span><\/td><\/tr><tr><td><span style=\"color: #000000;\">\u010dips<\/span><\/td><td><span style=\"color: #000000;\">U koda 9, Alien H3, Alien 9 itd<\/span><\/td><\/tr><tr><td><span style=\"color: #000000;\">Lepilo<\/span><\/td><td><span style=\"color: #000000;\">Vzdr\u017eljiv, odporen na vremenske vplive<\/span><\/td><\/tr><tr><td><span style=\"color: #000000;\">Preberi obseg<\/span><\/td><td><span style=\"color: #000000;\">Do nekaj metrov<\/span><\/td><\/tr><tr><td><span style=\"color: #000000;\">Zdru\u017eljivost<\/span><\/td><td><span style=\"color: #000000;\">Deluje z UHF RFID \u010ditalci<\/span><\/td><\/tr><tr><td><span style=\"color: #000000;\">Dimenzije<\/span><\/td><td><span style=\"color: #000000;\">Na voljo prilagodljive velikosti<\/span><\/td><\/tr><\/tbody><\/table><h2 class=\"AnswerParser_AnswerParserH2__SIHnF\"><span style=\"color: #000000;\">Vpliv nalepk UHF RFID na okolje<\/span><\/h2><p><span class=\"AnswerParser_TextContainer__z_Iiv\" style=\"color: #000000;\" data-testid=\"youchat-text\">Nalepke UHF RFID so zasnovane z mislijo na trajnost. Materiale, uporabljene pri njihovi izdelavi, je pogosto mogo\u010de reciklirati, same nalepke pa so trpe\u017ene, kar zmanj\u0161uje potrebo po pogostih menjavah. Z uvedbo tehnologije RFID lahko podjetja tudi zmanj\u0161ajo papirne odpadke, povezane s tradicionalnimi metodami sledenja vozil, kar prispeva k bolj trajnostnemu delovanju.<\/span><\/p><h2 class=\"AnswerParser_AnswerParserH2__SIHnF\"><span style=\"color: #000000;\">Ocene in povratne informacije strank<\/span><\/h2><p><span style=\"color: #000000;\"><span class=\"AnswerParser_TextContainer__z_Iiv\" data-testid=\"youchat-text\">Stranke, ki so za svoja vozila uporabljale nalepke UHF RFID, so poro\u010dale o visoki ravni zadovoljstva. Mnogi cenijo enostavnost namestitve in udobje samodejnega sledenja. Uporabniki ugotavljajo, da se nalepke dobro obnesejo v razli\u010dnih vremenskih razmerah in zagotavljajo zanesljiv nadzor dostopa do parkirnih mest.<\/span><span class=\"AnswerParser_TextContainer__z_Iiv\" data-testid=\"youchat-text\">Pozitivne povratne informacije poudarjajo u\u010dinkovitost nalepk UHF RFID pri izbolj\u0161anju procesov upravljanja vozil, zaradi \u010desar so priljubljena izbira med podjetji in posamezniki.<\/span><\/span><\/p><h2 class=\"AnswerParser_AnswerParserH2__SIHnF\"><span style=\"color: #000000;\">Pogosta vpra\u0161anja o UHF RFID nalepkah za avtomobile<\/span><\/h2><p><span style=\"color: #000000;\"><span class=\"AnswerParser_TextContainer__z_Iiv\" data-testid=\"youchat-text\"><strong>V: Ali je mogo\u010de nalepke UHF RFID odstraniti in ponovno uporabiti?<\/strong><br \/>O: \u010ceprav so nalepke UHF RFID zasnovane za vzdr\u017eljivost, so obi\u010dajno namenjene aplikacijam za enkratno uporabo. \u010ce jih odstranite, lahko ogrozite njihove lepilne lastnosti.\u00a0 \u00a0 \u00a0 \u00a0 \u00a0<\/span><\/span><\/p><p><span style=\"color: #000000;\"><span class=\"AnswerParser_TextContainer__z_Iiv\" data-testid=\"youchat-text\"><strong>V: Kako dolgo trajajo nalepke UHF RFID?<\/strong><br \/>O: S pravilno namestitvijo in nego lahko nalepke UHF RFID trajajo ve\u010d let, tudi v te\u017ekih okoljskih pogojih.\u00a0<\/span><\/span><\/p><p><span style=\"color: #000000;\"><span class=\"AnswerParser_TextContainer__z_Iiv\" data-testid=\"youchat-text\"> \u00a0<\/span><span class=\"AnswerParser_TextContainer__z_Iiv\" data-testid=\"youchat-text\"><strong>V: Ali so nalepke UHF RFID nepremo\u010dljive?<\/strong><br \/>O: Da, ve\u010dina nalepk UHF RFID je zasnovanih tako, da so odporne na vremenske vplive, zaradi \u010desar so primerne za uporabo na prostem.<\/span><\/span><\/p><\/div>\t\t\t\t\t\t\t\t<\/div>\n\t\t\t\t<\/div>\n\t\t\t\t\t<\/div>\n\t\t\t\t<\/div>\n\t\t\t\t<\/div>","protected":false},"excerpt":{"rendered":"<p>Nalepke UHF RFID ponujajo zanesljivo identifikacijo vozil za nadzor dostopa in upravljanje inventarja, izbolj\u0161anje nadzora nad voznim parkom in u\u010dinkovitost parkiranja.<\/p>","protected":false},"featured_media":2544,"template":"","meta":{"_kad_post_transparent":"default","_kad_post_title":"","_kad_post_layout":"default","_kad_post_sidebar_id":"","_kad_post_content_style":"default","_kad_post_vertical_padding":"default","_kad_post_feature":"","_kad_post_feature_position":"","_kad_post_header":false,"_kad_post_footer":false,"_kad_post_classname":""},"product_brand":[],"product_cat":[54],"product_tag":[100,285,284],"class_list":{"0":"post-2543","1":"product","2":"type-product","3":"status-publish","4":"has-post-thumbnail","6":"product_cat-hot-selling-rfid-tags","7":"product_tag-rfid-label","8":"product_tag-rfid-tag","9":"product_tag-uhf-rfid-sticker","11":"first","12":"instock","13":"shipping-taxable","14":"product-type-simple","15":"entry","16":"content-bg","17":"loop-entry"},"_links":{"self":[{"href":"https:\/\/rfid-laundry-tag.com\/sl\/wp-json\/wp\/v2\/product\/2543","targetHints":{"allow":["GET"]}}],"collection":[{"href":"https:\/\/rfid-laundry-tag.com\/sl\/wp-json\/wp\/v2\/product"}],"about":[{"href":"https:\/\/rfid-laundry-tag.com\/sl\/wp-json\/wp\/v2\/types\/product"}],"version-history":[{"count":5,"href":"https:\/\/rfid-laundry-tag.com\/sl\/wp-json\/wp\/v2\/product\/2543\/revisions"}],"predecessor-version":[{"id":2558,"href":"https:\/\/rfid-laundry-tag.com\/sl\/wp-json\/wp\/v2\/product\/2543\/revisions\/2558"}],"wp:featuredmedia":[{"embeddable":true,"href":"https:\/\/rfid-laundry-tag.com\/sl\/wp-json\/wp\/v2\/media\/2544"}],"wp:attachment":[{"href":"https:\/\/rfid-laundry-tag.com\/sl\/wp-json\/wp\/v2\/media?parent=2543"}],"wp:term":[{"taxonomy":"product_brand","embeddable":true,"href":"https:\/\/rfid-laundry-tag.com\/sl\/wp-json\/wp\/v2\/product_brand?post=2543"},{"taxonomy":"product_cat","embeddable":true,"href":"https:\/\/rfid-laundry-tag.com\/sl\/wp-json\/wp\/v2\/product_cat?post=2543"},{"taxonomy":"product_tag","embeddable":true,"href":"https:\/\/rfid-laundry-tag.com\/sl\/wp-json\/wp\/v2\/product_tag?post=2543"}],"curies":[{"name":"delovni list","href":"https:\/\/api.w.org\/{rel}","templated":true}]}}