{"id":204,"date":"2024-06-18T09:26:05","date_gmt":"2024-06-18T09:26:05","guid":{"rendered":"https:\/\/rfid-laundry-tag.com\/?post_type=product&#038;p=204"},"modified":"2024-09-26T03:20:13","modified_gmt":"2024-09-26T03:20:13","slug":"textile-fabric-rfid-laundry-tags","status":"publish","type":"product","link":"https:\/\/rfid-laundry-tag.com\/sl\/textile-fabric-rfid-laundry-tags\/","title":{"rendered":"Oznake za perilo RFID iz tekstilnih tkanin"},"content":{"rendered":"<div>\n<div class=\"auto-hide-last-sibling-br paragraph_1252f paragraph-element\">\n<table width=\"637\">\n<tbody>\n<tr>\n<td width=\"328\">Ime predmeta:<\/td>\n<td width=\"309\"><strong>Oznake za perilo RFID iz tekstilnih tkanin<\/strong><\/td>\n<\/tr>\n<tr>\n<td width=\"328\">Standard RFID:<\/td>\n<td width=\"309\">ISO\/IEC 18000-6 TypeC (EPC Gen2)<\/td>\n<\/tr>\n<tr>\n<td width=\"328\">Velikost in te\u017ea:<\/td>\n<td width=\"309\">70\u00d715 mm, 0,6g<\/td>\n<\/tr>\n<tr>\n<td width=\"328\">Vrsta \u010dipa:<\/td>\n<td width=\"309\">Impinj Monza 4QT,NXP U KODA 8\uff0cNXP U KODA 9<\/td>\n<\/tr>\n<tr>\n<td width=\"328\">Pomnilnik EPC:<\/td>\n<td width=\"309\">128 bitov<\/td>\n<\/tr>\n<tr>\n<td width=\"328\">Uporabni\u0161ki pomnilnik:<\/td>\n<td width=\"309\">512 bitov<\/td>\n<\/tr>\n<tr>\n<td width=\"328\">Razpon branja (2W ERP FCC):<\/td>\n<td width=\"309\">8m<\/td>\n<\/tr>\n<tr>\n<td width=\"328\">Razpon branja (2W ERP ETSI):<\/td>\n<td width=\"309\">8m<\/td>\n<\/tr>\n<tr>\n<td width=\"328\">Ozna\u010devanje:<\/td>\n<td width=\"309\">\u0160ivanje, lepilo za vro\u010de \u017eigosanje<\/td>\n<\/tr>\n<tr>\n<td width=\"328\">Predvidena \u017eivljenjska doba:<\/td>\n<td width=\"309\">200 ciklov pranja ali 3 leta, kar nastopi prej<\/td>\n<\/tr>\n<tr>\n<td width=\"328\">Metoda pranja:<\/td>\n<td width=\"309\">Pralnica, kemi\u010dna \u010distilnica<\/td>\n<\/tr>\n<tr>\n<td width=\"328\">Pritisk vode:<\/td>\n<td width=\"309\">60 barov<\/td>\n<\/tr>\n<tr>\n<td width=\"328\">Vodoodpornost:<\/td>\n<td width=\"309\">Vodoodporen<\/td>\n<\/tr>\n<tr>\n<td width=\"328\">Kemi\u010dna odpornost:<\/td>\n<td width=\"309\">Detergent, meh\u010dalec, belilo (kisik\/klor), alkalije<\/td>\n<\/tr>\n<tr>\n<td width=\"328\">Predhodno su\u0161enje v me\u0161alniku:<\/td>\n<td width=\"309\">125 \u00baC 15-20 minut<\/td>\n<\/tr>\n<tr>\n<td width=\"328\">Temperatura sterilizacije:<\/td>\n<td width=\"309\">135\u00b0C 15-20 minut<\/td>\n<\/tr>\n<tr>\n<td width=\"328\">Temperatura pranja:<\/td>\n<td width=\"309\">90\u00b0C, do 15 min.<\/td>\n<\/tr>\n<tr>\n<td width=\"328\">Vla\u017enost\/temperatura - delovanje:<\/td>\n<td width=\"309\">-20 do 110 \u00b0C, 8 do 95%RH<\/td>\n<\/tr>\n<tr>\n<td width=\"328\">Vla\u017enost\/temperatura-skladi\u0161\u010denje:<\/td>\n<td width=\"309\">-40 do 110 \u00b0C, 8 do 95%RH<\/td>\n<\/tr>\n<\/tbody>\n<\/table>\n<\/div>\n<div class=\"auto-hide-last-sibling-br paragraph_1252f paragraph-element\"><\/div>\n<\/div>\n<div data-spm-anchor-id=\"a2700.details.0.i57.23b419c7xXORP0\">\n<div class=\"auto-hide-last-sibling-br paragraph_1252f paragraph-element\">\n<h2>Zna\u010dilnosti RFID oznak za perilo iz tekstilnih tkanin<\/h2>\n<h3>1. Vzdr\u017eljiv in pralen<\/h3>\n<p>Na\u0161\u00a0<strong>pralne oznake RFID<\/strong>\u00a0so skrbno zasnovani, da prenesejo te\u017eke pogoje pranja. Zdr\u017eijo do\u00a0<strong>200 ciklov pranja<\/strong>, odporen na visoke temperature med pranjem in su\u0161enjem. Trajni materiali in uporabljena tehnologija zagotavljajo to\u00a0<strong>oznake se lahko pri\u0161ijejo<\/strong>\u00a0v razli\u010dne predmete, vklju\u010dno s perilom in obla\u010dili, ne da bi pri tem ogrozili njihovo celovitost. Ne glede na to, ali gre za vro\u010de pranje\u00a0<strong>90\u00b0C<\/strong>\u00a0ali sterilizacija pri\u00a0<strong>135\u00b0C<\/strong>, so te oznake narejene tako, da prenesejo zahteve industrijskega pranja perila.<\/p>\n<h3>2. Brez\u0161ivna integracija s sistemi RFID<\/h3>\n<p>The\u00a0<strong>UHF RFID tehnologija<\/strong>\u00a0vdelana v oznake za perilo omogo\u010da brezhibno integracijo z obstoje\u010dimi sistemi za upravljanje pralnic. Ne glede na to, ali uporabljate\u00a0<strong>\u010ditalci RFID<\/strong>\u00a0za avtomatizirano sledenje ali njihovo vklju\u010ditev v obse\u017enej\u0161o\u00a0<strong>upravljanje zalog<\/strong>\u00a0sistem, te oznake zagotavljajo potrebno zdru\u017eljivost, potrebno za poenostavljeno delovanje. Zanesljivo obmo\u010dje branja do\u00a0<strong>8 metrov<\/strong>\u00a0zagotavlja natan\u010dno sledenje in ohranja va\u0161o zalogo perila pod nadzorom.<\/p>\n<h3>3. Izbolj\u0161ane zmogljivosti sledenja in upravljanja<\/h3>\n<p>z\u00a0<strong>RFID oznake za perilo<\/strong>, lahko sledite vsakemu kosu perila skozi vse faze pranja\u00a0<strong>postopek pranja perila<\/strong>. U\u010dinkovita identifikacija in sledenje inventarju vodita do vpogledov, ki jih je mogo\u010de ukrepati, kar izbolj\u0161uje splo\u0161ni nadzor inventarja. Lahko spremljate gibanje vsakega\u00a0<strong>tekstilni predmet<\/strong>, s \u010dimer zagotovimo, da se nemudoma vrnejo pravim osebam ali na ustrezne lokacije. Ta prepoznavnost je klju\u010dnega pomena za ohranjanje zadovoljstva strank v panogah, kot sta gostinstvo in zdravstvo.<\/p>\n<h3>4. Robustna kemi\u010dna odpornost<\/h3>\n<p>Na\u0161\u00a0<strong>oznake za perilo iz blaga<\/strong>\u00a0so izdelani tako, da prena\u0161ajo razli\u010dne kemikalije, ki se obi\u010dajno uporabljajo v industrijskih pralnicah. Lahko so odporni na detergente, meh\u010dalce in belila, vklju\u010dno z razli\u010dicami s kisikom in klorom. Ta kemi\u010dna odpornost podalj\u0161uje \u017eivljenjsko dobo oznak in zagotavlja zanesljivo delovanje tudi v najte\u017ejih okoljih pranja.<\/p>\n<h3>5. Ve\u010d mo\u017enosti ozna\u010devanja<\/h3>\n<p>Tekstilne RFID oznake za perilo ponujajo vsestranskost\u00a0<strong>mo\u017enosti ozna\u010devanja<\/strong>. Stranke lahko izbirajo med\u00a0<strong>\u0161ivanje<\/strong>\u00a0etikete neposredno v obla\u010dila ali uporabo\u00a0<strong>lepilo za vro\u010de \u017eigosanje<\/strong>\u00a0za varno pritrditev. Ta prilagodljivost omogo\u010da preprosto integracijo v obstoje\u010de tekstilne izdelke, ne da bi motili njihovo funkcijo ali videz.<\/p>\n<h3 class=\"wp-block-heading\">Namestitev RFID oznak za perilo iz tekstilnih tkanin<\/h3>\n<p><strong>Ozna\u010devanje \u0161ivov<\/strong>: Za v\u0161ivanje v rob tekstila. Etiketo za perilo pri\u0161ijte stran od pregibnih linij.<br \/>\n<strong>Toplotno tesnjenje<\/strong>: Za toplotno tesnjenje neposredno na tekstil pri +200\u00b0C (392\u00b0F), za 12~14s.<br \/>\n<strong>V vre\u010dki<\/strong>: za \u0161ivanje kot standardna etiketa za nego. Etiketo za perilo pri\u0161ijte stran od pregibnih linij.<\/p>\n<h2>Prednosti upravljanja perila RFID<\/h2>\n<h3>Izbolj\u0161ana operativna u\u010dinkovitost<\/h3>\n<p>Vklju\u010devanje\u00a0<strong>RFID oznake<\/strong>\u00a0v tvoje\u00a0<strong>upravljanje pralnice<\/strong>\u00a0procesov mo\u010dno izbolj\u0161a operativno u\u010dinkovitost. Avtomatizirani sistemi sledenja odpravljajo potrebo po delovno intenzivnih ro\u010dnih postopkih, kar zmanj\u0161uje \u010das osebja in stro\u0161ke, povezane s sledenjem artiklom. To omogo\u010da zaposlenim, da se osredoto\u010dijo na klju\u010dne naloge, ki dodajajo vrednost podjetju in pove\u010dujejo splo\u0161no produktivnost.<\/p>\n<h3>Vrhunsko sledenje sredstvi<\/h3>\n<p>S tehnologijo RFID lahko sledite vsakemu kosu perila skozi celoten \u017eivljenjski cikel, od za\u010detne obdelave do vrnitve v uporabo. Ta vrhunska zmo\u017enost sledenja premo\u017eenju pomaga prepre\u010devati izgube in zagotavlja, da so vsi predmeti obra\u010dunani, kar je \u0161e posebej pomembno v okoljih z velikim obsegom, kot so bolni\u0161nice in hoteli.<\/p>\n<h3>Skladnost z industrijskimi standardi<\/h3>\n<p>Oznake za perilo RFID so zasnovane tako, da ustrezajo strogim industrijskim standardom glede vzdr\u017eljivosti in u\u010dinkovitosti. Njihova robustna zasnova je primerna za okolja z velikimi zahtevami, zaradi \u010desar so idealni za komercialne aplikacije. Z izbiro na\u0161ih tekstilnih oznak RFID uskladite svoje pralnice z vodilnimi praksami in tako zagotovite, da bo va\u0161e podjetje ostalo konkuren\u010dno.<\/p>\n<hr \/>\n<h2>Pri\u010devanja strank<\/h2>\n<blockquote><p>\u00bbOdkar smo uvedli oznake za perilo RFID, smo bistveno zmanj\u0161ali izgubljeno perilo. Sistem sledenja je preoblikoval na\u0161e upravljanje pralnic!\u00ab \u2014\u00a0<em>Mary T., vodja objekta<\/em><\/p><\/blockquote>\n<blockquote><p>&quot;Ne le, da oznake RFID zdr\u017eijo med pranjem, ampak so tudi znatno izbolj\u0161ale na\u0161e \u010dase obtoka.&quot; \u2014\u00a0<em>John D., direktor operacij<\/em><\/p><\/blockquote>\n<hr \/>\n<h2>Pogosto zastavljena vpra\u0161anja (FAQ)<\/h2>\n<p><strong>V: Kako dolgo lahko zdr\u017eijo oznake za perilo RFID?<\/strong><br \/>\nA: Na\u0161\u00a0<strong>RFID oznake za perilo<\/strong>\u00a0imajo ocenjeno \u017eivljenjsko dobo\u00a0<strong>200 ciklov pranja ali 3 leta<\/strong>, odvisno od pogojev uporabe.<\/p>\n<p><strong>V: Ali lahko te oznake prenesejo visoke temperature?<\/strong><br \/>\nO: Da, te oznake so zasnovane tako, da prenesejo temperature pranja do\u00a0<strong>90\u00b0C<\/strong>, sterilizacija pri\u00a0<strong>135\u00b0C<\/strong>, in pogoje pred su\u0161enjem, zaradi \u010desar so popolni za industrijske pralnice.<\/p>\n<p><strong>V: Ali so oznake odporne na kemikalije?<\/strong><br \/>\nO: Vsekakor. Te oznake so odporne na obi\u010dajne kemikalije za pranje perila, vklju\u010dno z detergenti, meh\u010dalci in belili.<\/p>\n<h3>Zaklju\u010dek<\/h3>\n<div class=\"auto-hide-last-sibling-br paragraph_1252f paragraph-element\"><strong>Oznake za perilo RFID iz tekstilnih tkanin<\/strong> so posebej oblikovane oznake RFID, namenjene tekstilom, ki so podvr\u017eeni obse\u017enim industrijskim postopkom pranja, ki vklju\u010dujejo sterilizacijo in likanje.<\/div>\n<div class=\"auto-hide-last-sibling-br paragraph_1252f paragraph-element\">te <strong>Oznake za perilo RFID iz tekstilnih tkanin<\/strong> so temeljnega pomena za u\u010dinkovito identifikacijo, sledenje in upravljanje perila in tekstila. Za podjetja, ki se zana\u0161ajo na neprekinjeno kro\u017eenje \u010distega tekstila, uniform, delovnih obla\u010dil, medicinskih obla\u010dil ali \u010distilnih pripomo\u010dkov, lahko te oznake za pranje perila znatno izbolj\u0161ajo delovanje avtomatiziranih sistemov. Omogo\u010dajo hitrej\u0161e in natan\u010dnej\u0161e sledenje velikemu \u0161tevilu posameznih artiklov, s \u010dimer se pove\u010da nadzor zalog in zmanj\u0161ajo izgube. To prina\u0161a znatne prihranke \u010dasa in stro\u0161kov ter ve\u010djo produktivnost tak\u0161nih ustanov.<\/div>\n<\/div>\n<\/div>\n<div class=\"auto-hide-last-sibling-br paragraph_1252f paragraph-element\">\n<div class=\"auto-hide-last-sibling-br paragraph_1252f paragraph-element\"><strong>Tekstilna oznaka RFID<\/strong> za uniforme za pranje perila so nepogre\u0161ljivi v ne\u0161tetih panogah, saj bistveno spodbujajo u\u010dinkovito sledenje sredstev, upravljanje zalog in pove\u010dujejo splo\u0161no operativno u\u010dinkovitost. Tu je kratek vpogled v njihovo uporabo v razli\u010dnih sektorjih:<\/div>\n<div><\/div>\n<p>&nbsp;<\/p>\n<\/div>\n<div class=\"auto-hide-last-sibling-br paragraph_1252f paragraph-element\"><\/div>","protected":false},"excerpt":{"rendered":"<p>RFID oznake za perilo iz tekstilnih tkanin, izdelane z napredno tehnologijo UHF (860\u2013960 MHz), so v skladu z globalnimi standardi, kot sta EPC Class1 Gen2 in ISO 18000. Te oznake za perilo iz tekstila UHF ponujajo me\u0161anico prilagodljivosti in trdnosti, ki lahko prenese ve\u010d kot 200 pranj. ciklov in tlaka do 60 barov. Izjemna zna\u010dilnost tkaninske oznake za perilo UHF RFID je njen potencial, da omogo\u010da mno\u017ei\u010dno branje z razdalje nekaj metrov, kar slu\u017ei kot zelo u\u010dinkovit instrument za upravljanje perila.<\/p>","protected":false},"featured_media":2675,"template":"","meta":{"_kad_post_transparent":"default","_kad_post_title":"","_kad_post_layout":"default","_kad_post_sidebar_id":"","_kad_post_content_style":"default","_kad_post_vertical_padding":"default","_kad_post_feature":"","_kad_post_feature_position":"","_kad_post_header":false,"_kad_post_footer":false,"_kad_post_classname":""},"product_brand":[],"product_cat":[19],"product_tag":[297,31,65,30],"class_list":{"0":"post-204","1":"product","2":"type-product","3":"status-publish","4":"has-post-thumbnail","6":"product_cat-textile-rfid-laundry-tag","7":"product_tag-rfid-chips-for-uniform","8":"product_tag-rfid-tag-for-linen-laundry","9":"product_tag-textile-rfid-laundry-tags","10":"product_tag-uhf-rfid-laundry-tag","12":"first","13":"instock","14":"featured","15":"shipping-taxable","16":"product-type-simple","17":"entry","18":"content-bg","19":"loop-entry"},"_links":{"self":[{"href":"https:\/\/rfid-laundry-tag.com\/sl\/wp-json\/wp\/v2\/product\/204","targetHints":{"allow":["GET"]}}],"collection":[{"href":"https:\/\/rfid-laundry-tag.com\/sl\/wp-json\/wp\/v2\/product"}],"about":[{"href":"https:\/\/rfid-laundry-tag.com\/sl\/wp-json\/wp\/v2\/types\/product"}],"version-history":[{"count":3,"href":"https:\/\/rfid-laundry-tag.com\/sl\/wp-json\/wp\/v2\/product\/204\/revisions"}],"predecessor-version":[{"id":2678,"href":"https:\/\/rfid-laundry-tag.com\/sl\/wp-json\/wp\/v2\/product\/204\/revisions\/2678"}],"wp:featuredmedia":[{"embeddable":true,"href":"https:\/\/rfid-laundry-tag.com\/sl\/wp-json\/wp\/v2\/media\/2675"}],"wp:attachment":[{"href":"https:\/\/rfid-laundry-tag.com\/sl\/wp-json\/wp\/v2\/media?parent=204"}],"wp:term":[{"taxonomy":"product_brand","embeddable":true,"href":"https:\/\/rfid-laundry-tag.com\/sl\/wp-json\/wp\/v2\/product_brand?post=204"},{"taxonomy":"product_cat","embeddable":true,"href":"https:\/\/rfid-laundry-tag.com\/sl\/wp-json\/wp\/v2\/product_cat?post=204"},{"taxonomy":"product_tag","embeddable":true,"href":"https:\/\/rfid-laundry-tag.com\/sl\/wp-json\/wp\/v2\/product_tag?post=204"}],"curies":[{"name":"delovni list","href":"https:\/\/api.w.org\/{rel}","templated":true}]}}