{"id":193,"date":"2024-06-16T05:59:05","date_gmt":"2024-06-16T05:59:05","guid":{"rendered":"https:\/\/rfid-laundry-tag.com\/?post_type=product&#038;p=193"},"modified":"2024-09-23T09:29:31","modified_gmt":"2024-09-23T09:29:31","slug":"rfid-chips-in-clothing","status":"publish","type":"product","link":"https:\/\/rfid-laundry-tag.com\/sl\/rfid-chips-in-clothing\/","title":{"rendered":"RFID \u010dipi v obla\u010dilih"},"content":{"rendered":"<div class=\"J_module\">\n<div class=\"ife-detail-decorate-table\">\n<table class=\"hight-light-first-column all magic-14\">\n<tbody>\n<tr>\n<td colspan=\"1\" rowspan=\"1\">\n<div class=\"magic-15\" data-spm-anchor-id=\"a2700.details.0.i95.236a58c1ycsfva\">Ime produkcije:<\/div>\n<\/td>\n<td colspan=\"1\" rowspan=\"1\">\n<div class=\"magic-16\"><strong>RFID \u010dipi v obla\u010dilih<\/strong><\/div>\n<\/td>\n<\/tr>\n<tr>\n<td colspan=\"1\" rowspan=\"1\">\n<div class=\"magic-15\"><span class=\"magic-17\">Material:<\/span><\/div>\n<\/td>\n<td colspan=\"1\" rowspan=\"1\">\n<div class=\"magic-16\">Poliester\/sestava\/saten\/bomba\u017e\/netkano\/PET itd.<\/div>\n<\/td>\n<\/tr>\n<tr>\n<td colspan=\"1\" rowspan=\"1\">\n<div class=\"magic-15\"><span class=\"magic-17\">Velikost:<\/span><\/div>\n<\/td>\n<td colspan=\"1\" rowspan=\"1\">\n<div class=\"magic-16\"><span class=\"magic-17\">80 * 38 mm \/ 60 * 30 mm ali po meri<\/span><\/div>\n<\/td>\n<\/tr>\n<tr>\n<td colspan=\"1\" rowspan=\"1\">\n<div class=\"magic-15\"><span class=\"magic-17\">Tip:<\/span><\/div>\n<\/td>\n<td colspan=\"1\" rowspan=\"1\">\n<div class=\"magic-16\"><span class=\"magic-17\">Pasivno, RFID<\/span><\/div>\n<\/td>\n<\/tr>\n<tr>\n<td colspan=\"1\" rowspan=\"1\">\n<div class=\"magic-15\">RF protokol:<\/div>\n<\/td>\n<td colspan=\"1\" rowspan=\"1\">\n<div class=\"magic-16\">ISO 18000-6C; EPC razred 1 Gen 2<\/div>\n<\/td>\n<\/tr>\n<tr>\n<td colspan=\"1\" rowspan=\"1\">\n<div class=\"magic-15\"><span class=\"magic-17\">Pogostost:<\/span><\/div>\n<\/td>\n<td colspan=\"1\" rowspan=\"1\">\n<div class=\"magic-16\"><span class=\"magic-17\">860~960MHz<\/span><\/div>\n<\/td>\n<\/tr>\n<tr>\n<td colspan=\"1\" rowspan=\"1\">\n<div class=\"magic-15\">\u010dip<\/div>\n<\/td>\n<td colspan=\"1\" rowspan=\"1\">\n<div class=\"magic-16\">Alien Higgs, Monza 3, Monza 4D, Monza 4QT, Monza R6, Monza R6-P, Impinj M730, Impinj M750 itd.<\/div>\n<\/td>\n<\/tr>\n<tr>\n<td colspan=\"1\" rowspan=\"1\">\n<div class=\"magic-15\"><span class=\"magic-17\">Razdalja branja:<\/span><\/div>\n<\/td>\n<td colspan=\"1\" rowspan=\"1\">\n<div class=\"magic-16\"><span class=\"magic-17\">UHF: 1~10m (odvisno od \u010ditalnika in antene)<\/span><\/div>\n<\/td>\n<\/tr>\n<tr>\n<td colspan=\"1\" rowspan=\"1\">\n<div class=\"magic-15\"><span class=\"magic-17\">Fiksni na\u010din:<\/span><\/div>\n<\/td>\n<td colspan=\"1\" rowspan=\"1\">\n<div class=\"magic-16\"><span class=\"magic-17\">\u0160ivanje \/ likanje<\/span><\/div>\n<\/td>\n<\/tr>\n<tr>\n<td colspan=\"1\" rowspan=\"1\">\n<div class=\"magic-15\"><span class=\"magic-17\">Tiskanje:<\/span><\/div>\n<\/td>\n<td colspan=\"1\" rowspan=\"1\">\n<div class=\"magic-16\"><span class=\"magic-17\">Tiskanje, kodiranje, serijska \u0161tevilka, oblikovanje itd.<\/span><\/div>\n<\/td>\n<\/tr>\n<tr>\n<td colspan=\"1\" rowspan=\"1\">\n<div class=\"magic-15\"><span class=\"magic-17\">\u017divljenjska doba IC:<\/span><\/div>\n<\/td>\n<td colspan=\"1\" rowspan=\"1\">\n<div class=\"magic-16\" data-spm-anchor-id=\"a2700.details.0.i94.236a58c1ycsfva\"><span class=\"magic-17\">100.000 programskih ciklov<br \/>\n10 let hrambe podatkov<\/span><\/div>\n<\/td>\n<\/tr>\n<tr>\n<td colspan=\"1\" rowspan=\"1\">\n<div class=\"magic-15\"><span class=\"magic-17\">Razpolo\u017eljivost vzorcev:<\/span><\/div>\n<\/td>\n<td colspan=\"1\" rowspan=\"1\">\n<div class=\"magic-16\"><span class=\"magic-17\">Brezpla\u010dni vzorci so na voljo na zahtevo<\/span><\/div>\n<\/td>\n<\/tr>\n<tr>\n<td colspan=\"1\" rowspan=\"1\">\n<div class=\"magic-15\"><span class=\"magic-17\">Aplikacije:\u00a0<\/span><\/div>\n<\/td>\n<td colspan=\"1\" rowspan=\"1\">\n<div class=\"magic-16\"><span class=\"magic-17\">\u00b7 Upravljanje zalog<br \/>\n\u00b7 Dobavna veriga<br \/>\n\u00b7 Maloprodaja<\/span><\/div>\n<\/td>\n<\/tr>\n<tr>\n<td colspan=\"1\" rowspan=\"1\">\n<div class=\"magic-15\"><span class=\"magic-17\">Uporaba<\/span><\/div>\n<\/td>\n<td colspan=\"1\" rowspan=\"1\">\n<div class=\"magic-16\"><span class=\"magic-17\">Obla\u010dila, obla\u010dila, torbe, \u010devlji itd.<\/span><\/div>\n<\/td>\n<\/tr>\n<\/tbody>\n<\/table>\n<\/div>\n<\/div>\n<div class=\"J_module\">\n<div class=\"detail-decorate-json-renderer-container\">\n<div class=\"magic-1\">\n<div class=\"magic-5\">\n<div class=\"magic-6\">\n<div>\n<h2 class=\"AnswerParser_AnswerParserH2__SIHnF\">Mo\u010d tehnologije RFID pri sledenju obla\u010dil<\/h2>\n<p><span class=\"AnswerParser_TextContainer__z_Iiv\" data-testid=\"youchat-text\">Tehnologija RFID (radiofrekven\u010dna identifikacija) je revolucionirala upravljanje zalog v razli\u010dnih panogah, zdaj pa povzro\u010da valove v sektorju obla\u010dil. Na\u0161e nalepke za pranje UHF RFID izkori\u0161\u010dajo to zmogljivo tehnologijo za zagotavljanje neprimerljivih zmogljivosti sledenja va\u0161im obla\u010dilom.<\/span><span class=\"AnswerParser_TextContainer__z_Iiv\" data-testid=\"youchat-text\">Te nalepke uporabljajo radiofrekven\u010dne signale za komunikacijo z \u010ditalci RFID, kar omogo\u010da hitro in natan\u010dno identifikacijo obla\u010dil brez potrebe po skeniranju v neposredni bli\u017eini. To pomeni, da lahko brez truda sledite ve\u010d predmetom hkrati, kar bistveno zmanj\u0161a \u010das in trud, potreben za preglede inventarja.<\/span><\/div>\n<\/div>\n<div>\n<div class=\"auto-hide-last-sibling-br paragraph_1252f paragraph-element\">\n<div class=\"auto-hide-last-sibling-br paragraph_1252f paragraph-element\">\n<div class=\"auto-hide-last-sibling-br paragraph_1252f paragraph-element\">\n<div class=\"auto-hide-last-sibling-br paragraph_1252f paragraph-element\">Izstopanje v mno\u017eici in u\u010dinkovito upravljanje zalog sta klju\u010dna izziva za znamke obla\u010dil. Uvedba oznak za obla\u010dila RFID lahko re\u0161i te te\u017eave in pomaga podjetjem ne le izbolj\u0161ati podobo in vrednost svoje blagovne znamke, temve\u010d tudi pospe\u0161iti njihove operacije globalne dobavne verige.<\/div>\n<p>&nbsp;<\/p>\n<div class=\"auto-hide-last-sibling-br paragraph_1252f paragraph-element\">Na\u0161i izdelki segajo od grafi\u010dno okra\u0161enih etiket do okolju prijazne embala\u017ee, opremljene z radiofrekven\u010dno identifikacijo (RFID). Te ponudbe pove\u010dujejo privla\u010dnost obla\u010dil za potro\u0161nike in optimizirajo procese zalog in skladi\u0161\u010denja. Hkrati pove\u010dujejo varnost izdelkov in trgovcem omogo\u010dajo, da ve\u010d \u010dasa posvetijo svojim strankam.<\/div>\n<p>&nbsp;<\/p>\n<div class=\"auto-hide-last-sibling-br paragraph_1252f paragraph-element\">Na ta na\u010din oznake za obla\u010dila RFID slu\u017eijo kot orodje z dvojnim namenom \u2013 pove\u010dujejo privla\u010dnost blagovne znamke in zagotavljajo operativno u\u010dinkovitost.<\/div>\n<\/div>\n<\/div>\n<div>\n<h2 class=\"AnswerParser_AnswerParserH2__SIHnF\">Aplikacije v maloprodajni panogi in zunaj nje<\/h2>\n<p><span class=\"AnswerParser_TextContainer__z_Iiv\" data-testid=\"youchat-text\">Zaradi vsestranskosti na\u0161ih RFID nalepk za nego pri pranju so primerne za \u0161iroko paleto aplikacij:<\/span><\/p>\n<ol class=\"AnswerParser_AnswerParserOrderedList__kl_2Y\">\n<li class=\"AnswerParser_ListItem__XqLOV\" translate=\"yes\"><strong>Maloprodajne trgovine<\/strong>: Poenostavite upravljanje zalog in izbolj\u0161ajte vidnost izdelkov.<\/li>\n<li class=\"AnswerParser_ListItem__XqLOV\" translate=\"yes\"><strong>Storitve pranja perila<\/strong>: Z lahkoto sledite posameznim obla\u010dilom skozi cikle pranja.<\/li>\n<li class=\"AnswerParser_ListItem__XqLOV\" translate=\"yes\"><strong>Uniforme in delovna obla\u010dila<\/strong>: U\u010dinkovito upravljajte z velikimi koli\u010dinami podobnih predmetov.<\/li>\n<li class=\"AnswerParser_ListItem__XqLOV\" translate=\"yes\"><strong>Gostinstvo<\/strong>: Spremljajte posteljnino, brisa\u010de in uniforme osebja.<\/li>\n<li class=\"AnswerParser_ListItem__XqLOV\" translate=\"yes\"><strong>Medicinski pilingi<\/strong>: Poskrbite za pravilno \u010di\u0161\u010denje in distribucijo zdravstvenih obla\u010dil.<\/li>\n<li class=\"AnswerParser_ListItem__XqLOV\" translate=\"yes\"><strong>Izposoja kostumov<\/strong>: Poenostavite postopek odjave in vra\u010dila za najemni\u0161ka podjetja.<\/li>\n<\/ol>\n<\/div>\n<div class=\"auto-hide-last-sibling-br paragraph_1252f paragraph-element\">\n<div class=\"auto-hide-last-sibling-br paragraph_1252f paragraph-element\">\n<h2 class=\"AnswerParser_AnswerParserH2__SIHnF\">Izbolj\u0161ajte prepoznavnost svoje dobavne verige<\/h2>\n<p><span class=\"AnswerParser_TextContainer__z_Iiv\" data-testid=\"youchat-text\">Z vklju\u010ditvijo na\u0161ih RFID nalepk za nego pri pranju v va\u0161a obla\u010dila pridobite vidnost brez primere v va\u0161i dobavni verigi. Spremljajte svoja obla\u010dila od proizvodnje do prodaje in celo skozi ve\u010d ciklov pranja v industrijskih pralnicah.<\/span><span class=\"AnswerParser_TextContainer__z_Iiv\" data-testid=\"youchat-text\">Ta izbolj\u0161ana vidnost vam omogo\u010da, da:<\/span><\/p>\n<ul class=\"AnswerParser_AnswerParserUnorderedList__P_1FW\">\n<li class=\"AnswerParser_ListItem__XqLOV\" translate=\"yes\">Zmanj\u0161ajte kr\u010denje in izgubo<\/li>\n<li class=\"AnswerParser_ListItem__XqLOV\" translate=\"yes\">Izbolj\u0161ajte u\u010dinkovitost zamenjave izdelka<\/li>\n<li class=\"AnswerParser_ListItem__XqLOV\" translate=\"yes\">Optimizirajte ravni zalog<\/li>\n<li class=\"AnswerParser_ListItem__XqLOV\" translate=\"yes\">Pove\u010dajte zadovoljstvo strank z bolj\u0161o razpolo\u017eljivostjo izdelkov<\/li>\n<\/ul>\n<h2 class=\"AnswerParser_AnswerParserH2__SIHnF\">Enostavna namestitev in uporaba<\/h2>\n<p><span class=\"AnswerParser_TextContainer__z_Iiv\" data-testid=\"youchat-text\">Na\u0161e nalepke RFID za nego pri pranju so zasnovane za brezhibno integracijo v va\u0161a obla\u010dila:<\/span><\/p>\n<ol class=\"AnswerParser_AnswerParserOrderedList__kl_2Y\">\n<li class=\"AnswerParser_ListItem__XqLOV\" translate=\"yes\"><strong>Mo\u017enost \u0161ivanja<\/strong>: Tradicionalna metoda pritrditve za vzdr\u017eljivost.<\/li>\n<li class=\"AnswerParser_ListItem__XqLOV\" translate=\"yes\"><strong>Iron-On aplikacija<\/strong>: Hitra in enostavna namestitev s tehnologijo prenosa toplote.<\/li>\n<\/ol>\n<p><span class=\"AnswerParser_TextContainer__z_Iiv\" data-testid=\"youchat-text\">Obe metodi zagotavljata, da nalepka ostane varno pritrjena skozi celotno \u017eivljenjsko dobo obla\u010dila.<\/span><\/p>\n<div class=\"auto-hide-last-sibling-br paragraph_1252f paragraph-element\"><strong>Tukaj je nekaj primerov, kako so vrhunske blagovne znamke obla\u010dil uspe\u0161no implementirale oznake RFID UHF:<\/strong><\/div>\n<ol class=\"auto-hide-last-sibling-br\">\n<li>\n<div class=\"auto-hide-last-sibling-br paragraph_1252f paragraph-element\"><strong>Prada<\/strong>: Ta znana italijanska luksuzna znamka je leta 2001 sprejela oznake RFID, ki omogo\u010dajo podrobno bele\u017eenje informacij, kot so slog, velikost, barva in cena. Zanimivo je, da ko gredo potro\u0161niki v obla\u010dilih Prada skozi njihove trgovine, so na modelih v trgovini prikazane ustrezne obleke, ki posnemajo pisto visoke mode v Milanu. Ta inovativna uporaba tehnologije RFID pove\u010duje zadovoljstvo potro\u0161nikov Prade po nakupu.<\/div>\n<\/li>\n<li>\n<div class=\"auto-hide-last-sibling-br paragraph_1252f paragraph-element\"><strong>H&amp;M<\/strong>: Ta mednarodna znamka je tehnologijo RFID za\u010dela uporabljati leta 2014. Pri na\u010drtovanih 1800 trgovinah tehnologija RFID omogo\u010da samodejno sledenje kategorijam izdelkov, koli\u010dinam in porabi.<\/div>\n<\/li>\n<li>\n<div class=\"auto-hide-last-sibling-br paragraph_1252f paragraph-element\"><strong>ZARA<\/strong>: V prvi polovici leta 2016 je mati\u010dna dru\u017eba ZARA, Inditex, izjavila, da je uporaba tehnologije RFID izbolj\u0161ala upravljanje zalog in dobave za pribli\u017eno 70% njenih blagovnih znamk. Ta uvedba je povzro\u010dila pove\u010danje prodaje za 11,1% in pove\u010danje dobi\u010dka za 7,5%, kar je zna\u0161alo 1,26 milijarde evrov.<\/div>\n<\/li>\n<li>\n<div class=\"auto-hide-last-sibling-br paragraph_1252f paragraph-element\"><strong>Uniqlo<\/strong>: Leta 2017 je Uniqlo objavil svoj na\u010drt za uvedbo oznak RFID UHF v 3000 trgovinah po vsem svetu, s \u010dimer je postal prvi japonski trgovec na drobno, ki uporablja elektronske oznake po vsem svetu.<\/div>\n<\/li>\n<\/ol>\n<div class=\"auto-hide-last-sibling-br paragraph_1252f paragraph-element\">To je le nekaj vpogledov v to, kako vrhunske blagovne znamke obla\u010dil uporabljajo oznake RFID. Od leta 2019 je skoraj vsaka blagovna znamka svetovnega razreda na svoja obla\u010dila dodala oznake RFID, kar je povzro\u010dilo ve\u010d kot 20 milijard ozna\u010denih kosov obla\u010dil \u2013 \u0161tevilo, ki \u0161e naprej opazno nara\u0161\u010da. Druge pomembne blagovne znamke, ki so sprejele to tehnologijo, vklju\u010dujejo NIKE in Walmart.<\/div>\n<\/div>\n<\/div>\n<\/div>\n<h2 class=\"AnswerParser_AnswerParserH2__SIHnF\">Kontaktirajte nas za re\u0161itev po meri<\/h2>\n<p><span class=\"AnswerParser_TextContainer__z_Iiv\" data-testid=\"youchat-text\">Ste pripravljeni spremeniti svoje upravljanje obla\u010dil z na\u0161imi UHF RFID nalepkami za nego pri pranju? Tukaj smo, da vam pomagamo najti popolno re\u0161itev za va\u0161e potrebe.<\/span><\/p>\n<ul class=\"AnswerParser_AnswerParserUnorderedList__P_1FW\">\n<li class=\"AnswerParser_ListItem__XqLOV\" translate=\"yes\"><strong>Brezpla\u010dni vzorci<\/strong>: Zahtevajte brezpla\u010dne vzorce za testiranje v va\u0161em okolju.<\/li>\n<li class=\"AnswerParser_ListItem__XqLOV\" translate=\"yes\"><strong>Prilagajanje<\/strong>: Povejte nam svoje posebne zahteve za re\u0161itev po meri.<\/li>\n<li class=\"AnswerParser_ListItem__XqLOV\" translate=\"yes\"><strong>Strokovno posvetovanje<\/strong>: Na\u0161a ekipa strokovnjakov za RFID je pripravljena odgovoriti na va\u0161a vpra\u0161anja.<\/li>\n<\/ul>\n<p><span class=\"AnswerParser_TextContainer__z_Iiv\" data-testid=\"youchat-text\">Ne dovolite, da bi neu\u010dinkovito upravljanje zalog zadr\u017ealo va\u0161e poslovanje. Sprejmite prihodnost sledenja obla\u010dilom z na\u0161imi inovativnimi RFID oznakami za pranje. Izpolnite na\u0161 obrazec za povpra\u0161evanje \u0161e danes, da za\u010dnete svojo pot k pametnej\u0161emu in u\u010dinkovitej\u0161emu upravljanju obla\u010dil.<\/span><span class=\"AnswerParser_TextContainer__z_Iiv\" data-testid=\"youchat-text\">Sorodni izdelki:<\/span><\/p>\n<ul class=\"AnswerParser_AnswerParserUnorderedList__P_1FW\">\n<li class=\"AnswerParser_ListItem__XqLOV\" translate=\"yes\">RFID vise\u010de oznake za maloprodajo<\/li>\n<li class=\"AnswerParser_ListItem__XqLOV\" translate=\"yes\">Nalepke za nego, ki podpirajo NFC<\/li>\n<li class=\"AnswerParser_ListItem__XqLOV\" translate=\"yes\">Bluetooth Low Energy (BLE) sledilniki sredstev<\/li>\n<\/ul>\n<p><span class=\"AnswerParser_TextContainer__z_Iiv\" data-testid=\"youchat-text\">Izkusite mo\u010d tehnologije RFID v va\u0161em podjetju z obla\u010dili. Pi\u0161ite nam zdaj, \u010de \u017eelite izvedeti, kako lahko na\u0161e pralne oznake RFID spremenijo va\u0161e poslovanje in vam zagotovijo konkuren\u010dno prednost v hitrem svetu mode in tekstila.<\/span><\/p>\n<\/div>\n<div class=\"magic-6\">\n<div><\/div>\n<\/div>\n<\/div>\n<\/div>\n<\/div>\n<\/div>","protected":false},"excerpt":{"rendered":"<p>Postopek se za\u010dne z uporabo \u010dipov RFID v obla\u010dilih na posameznih kosih obla\u010dil. Te oznake je mogo\u010de skenirati na razli\u010dnih to\u010dkah v dobavni verigi, kar omogo\u010da sledenje zalog v realnem \u010dasu, preverjanje lokacije in sledenje gibanja komponent in kon\u010dnih izdelkov. Ta sistem zagotavlja celovit, takoj\u0161en mehanizem za upravljanje in spremljanje zalog in izdelkov.<\/p>","protected":false},"featured_media":177,"template":"","meta":{"_kad_post_transparent":"default","_kad_post_title":"","_kad_post_layout":"default","_kad_post_sidebar_id":"","_kad_post_content_style":"default","_kad_post_vertical_padding":"default","_kad_post_feature":"","_kad_post_feature_position":"","_kad_post_header":false,"_kad_post_footer":false,"_kad_post_classname":""},"product_brand":[],"product_cat":[81,53],"product_tag":[87,93,83],"class_list":{"0":"post-193","1":"product","2":"type-product","3":"status-publish","4":"has-post-thumbnail","6":"product_cat-rfid-wash-care-clothing-label","7":"product_cat-rfid-clothes-tag","8":"product_tag-fabric-uhf-rfid-wash-care-tag","9":"product_tag-rfid-chips-in-clothing","10":"product_tag-rfid-wash-care-label","12":"first","13":"instock","14":"shipping-taxable","15":"product-type-simple","16":"entry","17":"content-bg","18":"loop-entry"},"_links":{"self":[{"href":"https:\/\/rfid-laundry-tag.com\/sl\/wp-json\/wp\/v2\/product\/193","targetHints":{"allow":["GET"]}}],"collection":[{"href":"https:\/\/rfid-laundry-tag.com\/sl\/wp-json\/wp\/v2\/product"}],"about":[{"href":"https:\/\/rfid-laundry-tag.com\/sl\/wp-json\/wp\/v2\/types\/product"}],"version-history":[{"count":2,"href":"https:\/\/rfid-laundry-tag.com\/sl\/wp-json\/wp\/v2\/product\/193\/revisions"}],"predecessor-version":[{"id":2652,"href":"https:\/\/rfid-laundry-tag.com\/sl\/wp-json\/wp\/v2\/product\/193\/revisions\/2652"}],"wp:featuredmedia":[{"embeddable":true,"href":"https:\/\/rfid-laundry-tag.com\/sl\/wp-json\/wp\/v2\/media\/177"}],"wp:attachment":[{"href":"https:\/\/rfid-laundry-tag.com\/sl\/wp-json\/wp\/v2\/media?parent=193"}],"wp:term":[{"taxonomy":"product_brand","embeddable":true,"href":"https:\/\/rfid-laundry-tag.com\/sl\/wp-json\/wp\/v2\/product_brand?post=193"},{"taxonomy":"product_cat","embeddable":true,"href":"https:\/\/rfid-laundry-tag.com\/sl\/wp-json\/wp\/v2\/product_cat?post=193"},{"taxonomy":"product_tag","embeddable":true,"href":"https:\/\/rfid-laundry-tag.com\/sl\/wp-json\/wp\/v2\/product_tag?post=193"}],"curies":[{"name":"delovni list","href":"https:\/\/api.w.org\/{rel}","templated":true}]}}