{"id":190,"date":"2024-06-16T05:17:47","date_gmt":"2024-06-16T05:17:47","guid":{"rendered":"https:\/\/rfid-laundry-tag.com\/?post_type=product&#038;p=190"},"modified":"2024-07-06T08:07:23","modified_gmt":"2024-07-06T08:07:23","slug":"paper-rfid-clothes-tag","status":"publish","type":"product","link":"https:\/\/rfid-laundry-tag.com\/sl\/paper-rfid-clothes-tag\/","title":{"rendered":"Papirna RFID oznaka za obla\u010dila"},"content":{"rendered":"<table class=\"has-title all magic-1\">\n<tbody>\n<tr>\n<td colspan=\"1\" rowspan=\"1\">\n<div class=\"magic-2\" data-spm-anchor-id=\"a2700.details.0.i84.7cea6afbA2IkLB\">Ime izdelka<\/div>\n<\/td>\n<td colspan=\"1\" rowspan=\"1\">\n<div class=\"magic-3\">Papirna RFID oznaka za obla\u010dila<\/div>\n<\/td>\n<\/tr>\n<tr>\n<td colspan=\"1\" rowspan=\"1\">\n<div class=\"magic-2\">Velikost<\/div>\n<\/td>\n<td colspan=\"1\" rowspan=\"1\">\n<div class=\"magic-3\">90x40 mm ali po meri<\/div>\n<\/td>\n<\/tr>\n<tr>\n<td colspan=\"1\" rowspan=\"1\">\n<div class=\"magic-2\">Pogostost<\/div>\n<\/td>\n<td colspan=\"1\" rowspan=\"1\">\n<div class=\"magic-3\">860-960 mhz<\/div>\n<\/td>\n<\/tr>\n<tr>\n<td colspan=\"1\" rowspan=\"1\">\n<div class=\"magic-2\">Vrsta IC (\u010dip)<\/div>\n<\/td>\n<td colspan=\"1\" rowspan=\"1\">\n<div class=\"magic-3\">NXP Ucode 8 ali 9<\/div>\n<\/td>\n<\/tr>\n<tr>\n<td colspan=\"1\" rowspan=\"1\">\n<div class=\"magic-2\">Protokol<\/div>\n<\/td>\n<td colspan=\"1\" rowspan=\"1\">\n<div class=\"magic-3\">ISO18000 6C<\/div>\n<\/td>\n<\/tr>\n<tr>\n<td colspan=\"1\" rowspan=\"1\">\n<div class=\"magic-4\">Spomin<\/div>\n<\/td>\n<td colspan=\"1\" rowspan=\"1\">\n<div class=\"magic-3\">EPC 96 bitov<\/div>\n<\/td>\n<\/tr>\n<tr>\n<td colspan=\"1\" rowspan=\"1\">\n<div class=\"magic-2\">Material<\/div>\n<\/td>\n<td colspan=\"1\" rowspan=\"1\">\n<div class=\"magic-3\">Papir.PET ITD<\/div>\n<\/td>\n<\/tr>\n<tr>\n<td colspan=\"1\" rowspan=\"1\">\n<div class=\"magic-2\">Tiskanje<\/div>\n<\/td>\n<td colspan=\"1\" rowspan=\"1\">\n<div class=\"magic-3\" data-spm-anchor-id=\"a2700.details.0.i85.7cea6afbA2IkLB\">Logotip, qr koda, \u010drtna koda, serijska \u0161tevilka<\/div>\n<\/td>\n<\/tr>\n<tr>\n<td colspan=\"1\" rowspan=\"1\">\n<div class=\"magic-2\">Delovna temperatura<\/div>\n<\/td>\n<td colspan=\"1\" rowspan=\"1\">\n<div class=\"magic-3\">-30 \u00b0C \u2013 +80 \u00b0C<\/div>\n<\/td>\n<\/tr>\n<tr>\n<td colspan=\"1\" rowspan=\"1\">\n<div class=\"magic-2\">Preberi Razdalja<\/div>\n<\/td>\n<td colspan=\"1\" rowspan=\"1\">\n<div class=\"magic-3\">Do 15m<\/div>\n<\/td>\n<\/tr>\n<tr>\n<td colspan=\"1\" rowspan=\"1\">\n<div class=\"magic-5\">Pritrdi na<\/div>\n<\/td>\n<td colspan=\"1\" rowspan=\"1\">\n<div class=\"magic-3\">Posteljnina in obla\u010dila<\/div>\n<\/td>\n<\/tr>\n<tr>\n<td colspan=\"1\" rowspan=\"1\">\n<div class=\"magic-4\">Ocena IP<\/div>\n<\/td>\n<td colspan=\"1\" rowspan=\"1\">\n<div class=\"magic-3\">IP67<\/div>\n<\/td>\n<\/tr>\n<tr>\n<td colspan=\"1\" rowspan=\"1\">\n<div class=\"magic-4\">barva<\/div>\n<\/td>\n<td colspan=\"1\" rowspan=\"1\">\n<div class=\"magic-3\">Bela<\/div>\n<\/td>\n<\/tr>\n<\/tbody>\n<\/table>\n<div><\/div>\n<div>Te oznake so izdelane iz papirja z osrednjim \u010dipom UHF RFID in omogo\u010dajo oddaljeno skeniranje. Na\u0161e oznake RFID, ki so trenutno na voljo v \u0161tevilnih oblikah in dimenzijah, lahko okrasite tudi s prilagojenimi umetninami. Ta funkcija omogo\u010da, da oznake slu\u017eijo kot vozila blagovne znamke, ne da bi pri tem ogrozili svoj glavni namen.<\/div>\n<div><\/div>\n<div class=\"auto-hide-last-sibling-br paragraph_1252f paragraph-element\">RFID oznake za obla\u010dila igrajo klju\u010dno vlogo v maloprodajni industriji, saj slu\u017eijo \u0161tevilnim funkcijam od upravljanja inventarja in prepre\u010devanja kraj do optimizacije dobavne verige.<\/div>\n<p>&nbsp;<\/p>\n<div class=\"auto-hide-last-sibling-br paragraph_1252f paragraph-element\">Za u\u010dinkovitej\u0161e upravljanje zalog trgovci pritrdijo RFID oznako na vsak kos obla\u010dila. Te oznake je mogo\u010de hitro in natan\u010dno skenirati z \u010ditalniki RFID, kar drasti\u010dno izbolj\u0161a hitrost in u\u010dinkovitost \u0161tetja inventarja.<\/div>\n<p>&nbsp;<\/p>\n<div class=\"auto-hide-last-sibling-br paragraph_1252f paragraph-element\">Tukaj je nekaj opaznih prednosti uporabe RFID oznak za obla\u010dila:<\/div>\n<div class=\"auto-hide-last-sibling-br paragraph_1252f paragraph-element\">Prepre\u010devanje izgube: Te oznake zagotavljajo robusten ukrep za prepre\u010devanje kraje. \u010ce se ozna\u010deni artikel premakne mimo izhoda brez deaktivacije, se spro\u017ei alarm, ki osebje trgovine obvesti o morebitni kraji.<\/div>\n<p>&nbsp;<\/p>\n<div class=\"auto-hide-last-sibling-br paragraph_1252f paragraph-element\">Optimizacija dobavne verige: z uporabo oznak RFID je dose\u017eena bolj\u0161a vidljivost in sledenje obla\u010dil v celotni dobavni verigi. To spremljanje v realnem \u010dasu proizvajalcem, distributerjem in trgovcem na drobno omogo\u010da izbolj\u0161anje logistike in nadzora zalog.<\/div>\n<div class=\"auto-hide-last-sibling-br paragraph_1252f paragraph-element\">Namestitev oznak: vsestranskost je velik plus oznak RFID. Lahko jih v\u0161ijemo v obla\u010dilo, vstavimo v etiketo ali obe\u0161alno oznako ali vklju\u010dimo v posebne varnostne oznake.<\/div>\n<div class=\"auto-hide-last-sibling-br paragraph_1252f paragraph-element\">Razli\u010dice oznak: oznake RFID so na voljo v razli\u010dnih razli\u010dicah, vklju\u010dno s pasivnimi in aktivnimi oznakami. Pasivne oznake so za prenos podatkov odvisne od energije \u010ditalnika RFID. V nasprotju s tem imajo aktivne oznake lasten vir energije, ki jim omogo\u010da prenos podatkov na dalj\u0161e razdalje.<\/div>\n<div class=\"auto-hide-last-sibling-br paragraph_1252f paragraph-element\">Varnost podatkov: Pri sistemih RFID je zasebnost strank prednostna naloga. Za prepre\u010devanje nepoobla\u0161\u010denega dostopa do ob\u010dutljivih informacij se obi\u010dajno uporabljajo protokoli za \u0161ifriranje in preverjanje pristnosti.<\/div>\n<div><\/div>\n<div>\n<div class=\"auto-hide-last-sibling-br paragraph_1252f paragraph-element\">Papirnate vise\u010de oznake UHF RFID imajo vznemirljiv potencial za revolucijo delovanja v panogah, kot so upravljanje maloprodaje obla\u010dil, upravljanje zalog obla\u010dil in upravljanje dobavne verige obla\u010dil.<\/div>\n<p>&nbsp;<\/p>\n<div class=\"auto-hide-last-sibling-br paragraph_1252f paragraph-element\">Implementacija teh oznak vodi v razcvet u\u010dinkovitosti \u2013 ni vam ve\u010d treba ro\u010dno dodeljevati ur za \u0161tetje zalog ali sledenje po\u0161iljk. Tehnologija RFID to stori namesto vas, natan\u010dno in hitro, kar va\u0161i ekipi omogo\u010da, da se osredoto\u010di na druge pomembne naloge.<\/div>\n<p>&nbsp;<\/p>\n<div class=\"auto-hide-last-sibling-br paragraph_1252f paragraph-element\">Izbolj\u0161ana natan\u010dnost je \u0161e ena pomembna prednost na\u0161ih oznak RFID. Tveganje \u010dlove\u0161ke napake pri ro\u010dnem sledenju in vnosu podatkov je s temi avtomatiziranimi oznakami u\u010dinkovito omejeno. Ta pove\u010dana natan\u010dnost pri zbiranju podatkov vodi do natan\u010dnej\u0161ih vpogledov, kar pomaga pri u\u010dinkovitem odlo\u010danju v va\u0161em poslovanju.<\/div>\n<p>&nbsp;<\/p>\n<div class=\"auto-hide-last-sibling-br paragraph_1252f paragraph-element\">Ve\u010dja u\u010dinkovitost in natan\u010dnost skupaj poenostavljata va\u0161e poslovanje in vodita k ve\u010dji dobi\u010dkonosnosti. Z vlaganjem v na\u0161e papirnate vise\u010de oznake UHF RFID ne izbolj\u0161ate le svoje trenutne operativne u\u010dinkovitosti, ampak tudi dolgoro\u010dno zagotovite trajnostno in donosno rast va\u0161ega podjetja.<\/div>\n<\/div>\n<p>&nbsp;<\/p>\n<p>&nbsp;<\/p>","protected":false},"excerpt":{"rendered":"<div class=\"auto-hide-last-sibling-br paragraph_1252f paragraph-element\">\n<div class=\"auto-hide-last-sibling-br paragraph_1252f paragraph-element\">\u00a0Papirnate oznake za obla\u010dila RFID ponujajo dinami\u010dno re\u0161itev za spremljanje in nadzor zalog v sektorju obla\u010dil. Te oznake, ki se uporabljajo predvsem v maloprodajnih trgovinah in tovarnah obla\u010dil, omogo\u010dajo u\u010dinkovito sledenje obla\u010dilnim predmetom.<\/div>\n<p>&nbsp;<\/p>\n<div class=\"auto-hide-last-sibling-br paragraph_1252f paragraph-element\"><\/div>\n<\/div>","protected":false},"featured_media":191,"template":"","meta":{"_kad_post_transparent":"default","_kad_post_title":"","_kad_post_layout":"default","_kad_post_sidebar_id":"","_kad_post_content_style":"default","_kad_post_vertical_padding":"default","_kad_post_feature":"","_kad_post_feature_position":"","_kad_post_header":false,"_kad_post_footer":false,"_kad_post_classname":""},"product_brand":[],"product_cat":[53],"product_tag":[92,89,91],"class_list":{"0":"post-190","1":"product","2":"type-product","3":"status-publish","4":"has-post-thumbnail","6":"product_cat-rfid-clothes-tag","7":"product_tag-paper-rfid-clothes-tag","8":"product_tag-rfid-clothing-tags","9":"product_tag-uhf-rfid-paper-hang-tags","11":"first","12":"instock","13":"shipping-taxable","14":"product-type-simple","15":"entry","16":"content-bg","17":"loop-entry"},"_links":{"self":[{"href":"https:\/\/rfid-laundry-tag.com\/sl\/wp-json\/wp\/v2\/product\/190","targetHints":{"allow":["GET"]}}],"collection":[{"href":"https:\/\/rfid-laundry-tag.com\/sl\/wp-json\/wp\/v2\/product"}],"about":[{"href":"https:\/\/rfid-laundry-tag.com\/sl\/wp-json\/wp\/v2\/types\/product"}],"version-history":[{"count":0,"href":"https:\/\/rfid-laundry-tag.com\/sl\/wp-json\/wp\/v2\/product\/190\/revisions"}],"wp:featuredmedia":[{"embeddable":true,"href":"https:\/\/rfid-laundry-tag.com\/sl\/wp-json\/wp\/v2\/media\/191"}],"wp:attachment":[{"href":"https:\/\/rfid-laundry-tag.com\/sl\/wp-json\/wp\/v2\/media?parent=190"}],"wp:term":[{"taxonomy":"product_brand","embeddable":true,"href":"https:\/\/rfid-laundry-tag.com\/sl\/wp-json\/wp\/v2\/product_brand?post=190"},{"taxonomy":"product_cat","embeddable":true,"href":"https:\/\/rfid-laundry-tag.com\/sl\/wp-json\/wp\/v2\/product_cat?post=190"},{"taxonomy":"product_tag","embeddable":true,"href":"https:\/\/rfid-laundry-tag.com\/sl\/wp-json\/wp\/v2\/product_tag?post=190"}],"curies":[{"name":"delovni list","href":"https:\/\/api.w.org\/{rel}","templated":true}]}}