{"id":183,"date":"2024-06-15T17:11:39","date_gmt":"2024-06-15T17:11:39","guid":{"rendered":"https:\/\/rfid-laundry-tag.com\/?post_type=product&#038;p=183"},"modified":"2024-06-15T17:22:58","modified_gmt":"2024-06-15T17:22:58","slug":"fabric-uhf-rfid-wash-care-tag","status":"publish","type":"product","link":"https:\/\/rfid-laundry-tag.com\/sl\/fabric-uhf-rfid-wash-care-tag\/","title":{"rendered":"Tkanina UHF RFID Wash Care oznaka"},"content":{"rendered":"<div class=\"J_module\">\n<div class=\"ife-detail-decorate-table\">\n<table class=\"hight-light-first-column all magic-14\">\n<tbody>\n<tr>\n<td colspan=\"1\" rowspan=\"1\">\n<div class=\"magic-15\" data-spm-anchor-id=\"a2700.details.0.i95.236a58c1ycsfva\">Ime produkcije:<\/div>\n<\/td>\n<td colspan=\"1\" rowspan=\"1\">\n<div class=\"magic-16\">Tkanina UHF RFID Wash Care oznaka<\/div>\n<\/td>\n<\/tr>\n<tr>\n<td colspan=\"1\" rowspan=\"1\">\n<div class=\"magic-15\"><span class=\"magic-17\">Material:<\/span><\/div>\n<\/td>\n<td colspan=\"1\" rowspan=\"1\">\n<div class=\"magic-16\">Poliester\/sestava\/saten\/bomba\u017e\/netkano\/PET itd.<\/div>\n<\/td>\n<\/tr>\n<tr>\n<td colspan=\"1\" rowspan=\"1\">\n<div class=\"magic-15\"><span class=\"magic-17\">Velikost:<\/span><\/div>\n<\/td>\n<td colspan=\"1\" rowspan=\"1\">\n<div class=\"magic-16\"><span class=\"magic-17\">80 * 38 mm \/ 60 * 30 mm ali po meri<\/span><\/div>\n<\/td>\n<\/tr>\n<tr>\n<td colspan=\"1\" rowspan=\"1\">\n<div class=\"magic-15\"><span class=\"magic-17\">Tip:<\/span><\/div>\n<\/td>\n<td colspan=\"1\" rowspan=\"1\">\n<div class=\"magic-16\"><span class=\"magic-17\">Pasivno, RFID<\/span><\/div>\n<\/td>\n<\/tr>\n<tr>\n<td colspan=\"1\" rowspan=\"1\">\n<div class=\"magic-15\">RF protokol:<\/div>\n<\/td>\n<td colspan=\"1\" rowspan=\"1\">\n<div class=\"magic-16\">ISO 18000-6C; EPC razred 1 Gen 2<\/div>\n<\/td>\n<\/tr>\n<tr>\n<td colspan=\"1\" rowspan=\"1\">\n<div class=\"magic-15\"><span class=\"magic-17\">Pogostost:<\/span><\/div>\n<\/td>\n<td colspan=\"1\" rowspan=\"1\">\n<div class=\"magic-16\"><span class=\"magic-17\">860~960MHz<\/span><\/div>\n<\/td>\n<\/tr>\n<tr>\n<td colspan=\"1\" rowspan=\"1\">\n<div class=\"magic-15\">\u010dip<\/div>\n<\/td>\n<td colspan=\"1\" rowspan=\"1\">\n<div class=\"magic-16\">Alien Higgs, Monza 3, Monza 4D, Monza 4QT, Monza R6, Monza R6-P, Impinj M730, Impinj M750 itd.<\/div>\n<\/td>\n<\/tr>\n<tr>\n<td colspan=\"1\" rowspan=\"1\">\n<div class=\"magic-15\"><span class=\"magic-17\">Razdalja branja:<\/span><\/div>\n<\/td>\n<td colspan=\"1\" rowspan=\"1\">\n<div class=\"magic-16\"><span class=\"magic-17\">UHF: 1~10m (odvisno od \u010ditalnika in antene)<\/span><\/div>\n<\/td>\n<\/tr>\n<tr>\n<td colspan=\"1\" rowspan=\"1\">\n<div class=\"magic-15\"><span class=\"magic-17\">Fiksni na\u010din:<\/span><\/div>\n<\/td>\n<td colspan=\"1\" rowspan=\"1\">\n<div class=\"magic-16\"><span class=\"magic-17\">\u0160ivanje \/ likanje<\/span><\/div>\n<\/td>\n<\/tr>\n<tr>\n<td colspan=\"1\" rowspan=\"1\">\n<div class=\"magic-15\"><span class=\"magic-17\">Tiskanje:<\/span><\/div>\n<\/td>\n<td colspan=\"1\" rowspan=\"1\">\n<div class=\"magic-16\"><span class=\"magic-17\">Tiskanje, kodiranje, serijska \u0161tevilka, oblikovanje itd.<\/span><\/div>\n<\/td>\n<\/tr>\n<tr>\n<td colspan=\"1\" rowspan=\"1\">\n<div class=\"magic-15\"><span class=\"magic-17\">\u017divljenjska doba IC:<\/span><\/div>\n<\/td>\n<td colspan=\"1\" rowspan=\"1\">\n<div class=\"magic-16\" data-spm-anchor-id=\"a2700.details.0.i94.236a58c1ycsfva\"><span class=\"magic-17\">100.000 programskih ciklov<br \/>\n10 let hrambe podatkov<\/span><\/div>\n<\/td>\n<\/tr>\n<tr>\n<td colspan=\"1\" rowspan=\"1\">\n<div class=\"magic-15\"><span class=\"magic-17\">Razpolo\u017eljivost vzorcev:<\/span><\/div>\n<\/td>\n<td colspan=\"1\" rowspan=\"1\">\n<div class=\"magic-16\"><span class=\"magic-17\">Brezpla\u010dni vzorci so na voljo na zahtevo<\/span><\/div>\n<\/td>\n<\/tr>\n<tr>\n<td colspan=\"1\" rowspan=\"1\">\n<div class=\"magic-15\"><span class=\"magic-17\">Aplikacije:\u00a0<\/span><\/div>\n<\/td>\n<td colspan=\"1\" rowspan=\"1\">\n<div class=\"magic-16\"><span class=\"magic-17\">\u00b7 Upravljanje zalog<br \/>\n\u00b7 Dobavna veriga<br \/>\n\u00b7 Maloprodaja<\/span><\/div>\n<\/td>\n<\/tr>\n<tr>\n<td colspan=\"1\" rowspan=\"1\">\n<div class=\"magic-15\"><span class=\"magic-17\">Uporaba<\/span><\/div>\n<\/td>\n<td colspan=\"1\" rowspan=\"1\">\n<div class=\"magic-16\"><span class=\"magic-17\">Obla\u010dila, obla\u010dila, torbe, \u010devlji itd.<\/span><\/div>\n<\/td>\n<\/tr>\n<\/tbody>\n<\/table>\n<\/div>\n<\/div>\n<div class=\"J_module\">\n<div class=\"detail-decorate-json-renderer-container\">\n<div class=\"magic-1\">\n<div class=\"magic-5\">\n<div class=\"magic-6\">\n<div><\/div>\n<\/div>\n<div>\n<div class=\"auto-hide-last-sibling-br paragraph_1252f paragraph-element\">\n<div class=\"auto-hide-last-sibling-br paragraph_1252f paragraph-element\">\n<div class=\"auto-hide-last-sibling-br paragraph_1252f paragraph-element\">\n<div class=\"auto-hide-last-sibling-br paragraph_1252f paragraph-element\">Na\u0161<strong> Tkanina UHF RFID Wash Care oznaka<\/strong> je revolucionarna re\u0161itev, ki zdru\u017euje tradicionalne nalepke za nego obla\u010dil z najsodobnej\u0161o tehnologijo RFID. Te oznake, zasnovane za skladnost s standardi ISO18000-6C EPC razreda 1 Gen2, vsebujejo pasivni vlo\u017eek RFID UHF 860\u2013960 MHz.<\/div>\n<p><br class=\"container_e695a wrapper_ad07b undefined\" \/><\/p>\n<div class=\"auto-hide-last-sibling-br paragraph_1252f paragraph-element\"><strong>Poudarki:<\/strong><\/div>\n<p><br class=\"container_e695a wrapper_ad07b undefined\" \/><\/p>\n<ol class=\"auto-hide-last-sibling-br\">\n<li>Raznolikost materialov: Te oznake so lahko izdelane iz \u0161tevilnih materialov, vklju\u010dno s tkanimi tkaninami do trakov, kar ponuja prilagodljivost pri oblikovanju in uporabi.<\/li>\n<li>Vzdr\u017eljivost: temeljna lastnost teh oznak je njihova odpornost. Imajo odpornost na likanje in pranje, kar zagotavlja neprekinjeno delovanje in \u010ditljivost tudi po ponavljajo\u010dih se ciklih pranja.<\/li>\n<li>Povr\u0161inski tisk: Tiskamo lahko na povr\u0161ino teh nalepk, kar omogo\u010da prikaz obi\u010dajnih informacij, kot so navodila za nego, velikost, vsebina tkanine, ime blagovne znamke in ve\u010d.<\/li>\n<li>Vsestranskost velikosti in embala\u017ee: Na\u0161e oznake za nego RFID so na voljo v \u0161irokem razponu velikosti, da se prilegajo razli\u010dnim slogom obla\u010dil in zahtevam uporabe. Ponujajo tudi prilagodljive mo\u017enosti pakiranja za \u0161iroko paleto aplikacij.<\/li>\n<li>\u0160ivanje na obla\u010dila: Ko so te oznake RFID pri\u0161ite na obla\u010dila, u\u010dinkovito nadomestijo tradicionalne nalepke za pranje. Ostajajo pritrjeni na obla\u010dilo vso njegovo \u017eivljenjsko dobo, kar zagotavlja u\u010dinkovito dolgoro\u010dno sledenje in upravljanje.<\/li>\n<\/ol>\n<p><br class=\"container_e695a wrapper_ad07b undefined\" \/><\/p>\n<div class=\"auto-hide-last-sibling-br paragraph_1252f paragraph-element\"><strong>Prednosti:<\/strong><\/div>\n<p><br class=\"container_e695a wrapper_ad07b undefined\" \/><\/p>\n<ul class=\"auto-hide-last-sibling-br\">\n<li>Prina\u0161amo obse\u017ene izku\u0161nje na podro\u010dju proizvodnje RFID, s \u010dimer zagotavljamo prilagojene re\u0161itve izdelkov za na\u0161e stranke.<\/li>\n<li>Obljubljamo hitro izpolnitev naro\u010dila, tudi za velika naro\u010dila.<\/li>\n<li>Smo strokovnjaki za upravljanje spremenljivih podatkovnih procesov, vklju\u010dno s kodami QR, \u010drtnimi kodami, zaporednim \u0161tevil\u010denjem in kodiranjem \u010dipov.<\/li>\n<li>Ustre\u017eemo edinstvenim zahtevam strank in ponujamo paleto nalepk za nego RFID od ultra mehkega satena in robustnega najlona do elegantnega tafta, luksuzne svile in celo nepremo\u010dljivih oznak za pranje.<\/li>\n<\/ul>\n<\/div>\n<\/div>\n<p>&nbsp;<\/p>\n<\/div>\n<\/div>\n<div class=\"magic-6\">\n<div><\/div>\n<\/div>\n<\/div>\n<\/div>\n<\/div>\n<\/div>","protected":false},"excerpt":{"rendered":"<p>Fabric UHF RFID Wash Care Tag je zasnovan tako, da zdr\u017ei skozi celoten \u017eivljenjski cikel obla\u010dila in zagotavlja u\u010dinkovito sledenje vsakemu izdelku od proizvodnje do skladi\u0161\u010denja, prodaje in morda celo po prodaji. Zaradi njihove izjemne odpornosti na stroge cikle pranja perila, likanje in vsakodnevno obrabo so te oznake RFID robusten odgovor na tradicionalne izzive inventarja.<\/p>","protected":false},"featured_media":184,"template":"","meta":{"_kad_post_transparent":"default","_kad_post_title":"","_kad_post_layout":"default","_kad_post_sidebar_id":"","_kad_post_content_style":"default","_kad_post_vertical_padding":"default","_kad_post_feature":"","_kad_post_feature_position":"","_kad_post_header":false,"_kad_post_footer":false,"_kad_post_classname":""},"product_brand":[],"product_cat":[81],"product_tag":[87,85,83],"class_list":{"0":"post-183","1":"product","2":"type-product","3":"status-publish","4":"has-post-thumbnail","6":"product_cat-rfid-wash-care-clothing-label","7":"product_tag-fabric-uhf-rfid-wash-care-tag","8":"product_tag-laundry-rfid-wash-care-label","9":"product_tag-rfid-wash-care-label","11":"first","12":"instock","13":"shipping-taxable","14":"product-type-simple","15":"entry","16":"content-bg","17":"loop-entry"},"_links":{"self":[{"href":"https:\/\/rfid-laundry-tag.com\/sl\/wp-json\/wp\/v2\/product\/183","targetHints":{"allow":["GET"]}}],"collection":[{"href":"https:\/\/rfid-laundry-tag.com\/sl\/wp-json\/wp\/v2\/product"}],"about":[{"href":"https:\/\/rfid-laundry-tag.com\/sl\/wp-json\/wp\/v2\/types\/product"}],"version-history":[{"count":0,"href":"https:\/\/rfid-laundry-tag.com\/sl\/wp-json\/wp\/v2\/product\/183\/revisions"}],"wp:featuredmedia":[{"embeddable":true,"href":"https:\/\/rfid-laundry-tag.com\/sl\/wp-json\/wp\/v2\/media\/184"}],"wp:attachment":[{"href":"https:\/\/rfid-laundry-tag.com\/sl\/wp-json\/wp\/v2\/media?parent=183"}],"wp:term":[{"taxonomy":"product_brand","embeddable":true,"href":"https:\/\/rfid-laundry-tag.com\/sl\/wp-json\/wp\/v2\/product_brand?post=183"},{"taxonomy":"product_cat","embeddable":true,"href":"https:\/\/rfid-laundry-tag.com\/sl\/wp-json\/wp\/v2\/product_cat?post=183"},{"taxonomy":"product_tag","embeddable":true,"href":"https:\/\/rfid-laundry-tag.com\/sl\/wp-json\/wp\/v2\/product_tag?post=183"}],"curies":[{"name":"delovni list","href":"https:\/\/api.w.org\/{rel}","templated":true}]}}