{"id":1785,"date":"2024-09-02T08:15:43","date_gmt":"2024-09-02T08:15:43","guid":{"rendered":"https:\/\/rfid-laundry-tag.com\/?post_type=product&#038;p=1785"},"modified":"2024-09-08T04:11:02","modified_gmt":"2024-09-08T04:11:02","slug":"uhf-rfid-label-tag-led-flash-light-location-for-library-management","status":"publish","type":"product","link":"https:\/\/rfid-laundry-tag.com\/sl\/uhf-rfid-label-tag-led-flash-light-location-for-library-management\/","title":{"rendered":"UHF RFID oznaka Oznaka LED bliskavica Lokacija lu\u010di Za upravljanje knji\u017enice"},"content":{"rendered":"<div data-elementor-type=\"product-post\" data-elementor-id=\"1785\" class=\"elementor elementor-1785\" data-elementor-settings=\"{&quot;ha_cmc_init_switcher&quot;:&quot;no&quot;}\" data-elementor-post-type=\"product\">\n\t\t\t\t<div class=\"elementor-element elementor-element-1c13a178 e-flex e-con-boxed e-con e-parent\" data-id=\"1c13a178\" data-element_type=\"container\" data-e-type=\"container\" data-settings=\"{&quot;_ha_eqh_enable&quot;:false}\">\n\t\t\t\t\t<div class=\"e-con-inner\">\n\t\t\t\t<div class=\"elementor-element elementor-element-7e836d6a elementor-widget elementor-widget-text-editor\" data-id=\"7e836d6a\" data-element_type=\"widget\" data-e-type=\"widget\" data-widget_type=\"text-editor.default\">\n\t\t\t\t<div class=\"elementor-widget-container\">\n\t\t\t\t\t\t\t\t\t<p><span style=\"color: #000000;\">UHF RFID Label Tag LED bliskavica je inovativna re\u0161itev, ki zdru\u017euje mo\u010d tehnologije RFID z vizualnim LED indikatorjem, kar pove\u010duje u\u010dinkovitost upravljanja zalog in sredstev. Te oznake so popolnoma prilagodljive, kar vam omogo\u010da, da izberete dimenzije, barvo LED lu\u010di in \u0161e ve\u010d, da ustrezajo va\u0161im posebnim zahtevam. Z razpolo\u017eljivima velikostma 18 x 75 mm in 14 x 96 mm ter elegantno debelino le 0,2 mm so te nalepke izdelane iz robustnega materiala PET, kar zagotavlja vzdr\u017eljivost tudi v zahtevnih okoljih.<\/span><\/p><p><span style=\"color: #000000;\">Te nalepke, ki delujejo v frekven\u010dnem obmo\u010dju 900-928MHz, zagotavljajo optimalno delovanje, zaradi \u010desar so idealne za razli\u010dne industrije. Specifikacije pomnilnika vklju\u010dujejo 96 bitov TID, 160 bitov EPC in 1312 bitov USER, ki ponujajo dovolj prostora za shranjevanje podatkov za sledenje in identifikacijo. Ta LED bliskavica UHF RFID Label Tag, zasnovana tako, da vzdr\u017ei delovne temperature od -20 \u00b0C do 70 \u00b0C, je primerna za \u0161iroko paleto aplikacij, vklju\u010dno s sledenjem sredstev, upravljanjem inventarja in ve\u010d.<\/span><\/p><table class=\"all magic-10\"><tbody><tr><td colspan=\"1\" rowspan=\"1\"><div class=\"magic-11\" data-spm-anchor-id=\"a2700.details.0.i38.105812c6mFAirA\"><span style=\"color: #000000;\">\u010dip<\/span><\/div><\/td><td colspan=\"1\" rowspan=\"1\"><div class=\"magic-12\"><span style=\"color: #000000;\">Prilagojeno<\/span><\/div><\/td><\/tr><tr><td colspan=\"1\" rowspan=\"1\"><div class=\"magic-11\" data-spm-anchor-id=\"a2700.details.0.i47.105812c6mFAirA\"><span style=\"color: #000000;\">Dimenzije<\/span><\/div><\/td><td colspan=\"1\" rowspan=\"1\"><div class=\"magic-12\"><span style=\"color: #000000;\">18*75mm, 14*96mm,100*10mm<\/span><\/div><\/td><\/tr><tr><td colspan=\"1\" rowspan=\"1\"><div class=\"magic-11\"><span style=\"color: #000000;\">Debelina<\/span><\/div><\/td><td colspan=\"1\" rowspan=\"1\"><div class=\"magic-12\"><span style=\"color: #000000;\">0,2 mm<\/span><\/div><\/td><\/tr><tr><td colspan=\"1\" rowspan=\"1\"><div class=\"magic-11\"><span style=\"color: #000000;\">Material<\/span><\/div><\/td><td colspan=\"1\" rowspan=\"1\"><div class=\"magic-12\"><span style=\"color: #000000;\">PET<\/span><\/div><\/td><\/tr><tr><td colspan=\"1\" rowspan=\"1\"><div class=\"magic-11\"><span style=\"color: #000000;\">Ocena IP<\/span><\/div><\/td><td colspan=\"1\" rowspan=\"1\"><div class=\"magic-12\"><span style=\"color: #000000;\">N\/A<\/span><\/div><\/td><\/tr><tr><td colspan=\"1\" rowspan=\"1\"><div class=\"magic-11\"><span style=\"color: #000000;\">Aplikacija Temp<\/span><\/div><\/td><td colspan=\"1\" rowspan=\"1\"><div class=\"magic-12\"><span style=\"color: #000000;\">-20~70 \u2103<\/span><\/div><\/td><\/tr><tr><td colspan=\"1\" rowspan=\"1\"><div class=\"magic-11\"><span style=\"color: #000000;\">Delovna temp<\/span><\/div><\/td><td colspan=\"1\" rowspan=\"1\"><div class=\"magic-12\"><span style=\"color: #000000;\">-20~70 \u2103<\/span><\/div><\/td><\/tr><tr><td colspan=\"1\" rowspan=\"1\"><div class=\"magic-11\"><span style=\"color: #000000;\">Spomin<\/span><\/div><\/td><td colspan=\"1\" rowspan=\"1\"><div class=\"magic-12\"><span style=\"color: #000000;\">TID 96 bitov; EPC 160 bitov; USER 1312 bitov<\/span><\/div><\/td><\/tr><tr><td colspan=\"1\" rowspan=\"1\"><div class=\"magic-11\"><span style=\"color: #000000;\">Frekven\u010dno obmo\u010dje z najbolj\u0161o zmogljivostjo<\/span><\/div><\/td><td colspan=\"1\" rowspan=\"1\"><div class=\"magic-12\"><span style=\"color: #000000;\">900-928MHz (prilagojeno)<\/span><\/div><\/td><\/tr><tr><td colspan=\"1\" rowspan=\"1\"><div class=\"magic-11\"><span style=\"color: #000000;\">IC \u017divljenje<\/span><\/div><\/td><td colspan=\"1\" rowspan=\"1\" data-spm-anchor-id=\"a2700.details.0.i45.105812c6mFAirA\"><div class=\"magic-12\" data-spm-anchor-id=\"a2700.details.0.i39.105812c6mFAirA\"><span style=\"color: #000000;\">Napi\u0161ite vzdr\u017eljivost 100.000 ciklov<\/span><br \/><span style=\"color: #000000;\">Zadr\u017eevanje datuma 10 let<\/span><\/div><\/td><\/tr><tr><td colspan=\"1\" rowspan=\"1\"><div class=\"magic-11\"><span style=\"color: #000000;\">Protokol<\/span><\/div><\/td><td colspan=\"1\" rowspan=\"1\"><div class=\"magic-12\" data-spm-anchor-id=\"a2700.details.0.i46.105812c6mFAirA\"><span style=\"color: #000000;\">ISO\/IEC 18000-6C<\/span><\/div><\/td><\/tr><\/tbody><\/table><p><a href=\"https:\/\/rfid-laundry-tag.com\/sl\/izdelek\/uhf-rfid-label-tag-led-flash-light-location-for-library-management\/\"><img fetchpriority=\"high\" decoding=\"async\" class=\"alignnone size-full wp-image-1795\" src=\"https:\/\/rfid-laundry-tag.com\/wp-content\/uploads\/2024\/09\/4_H368fba2542f847448067aa52a880c6fdM.jpg\" alt=\"\" width=\"750\" height=\"750\" srcset=\"https:\/\/rfid-laundry-tag.com\/wp-content\/uploads\/2024\/09\/4_H368fba2542f847448067aa52a880c6fdM.jpg 750w, https:\/\/rfid-laundry-tag.com\/wp-content\/uploads\/2024\/09\/4_H368fba2542f847448067aa52a880c6fdM-300x300.jpg 300w, https:\/\/rfid-laundry-tag.com\/wp-content\/uploads\/2024\/09\/4_H368fba2542f847448067aa52a880c6fdM-150x150.jpg 150w, https:\/\/rfid-laundry-tag.com\/wp-content\/uploads\/2024\/09\/4_H368fba2542f847448067aa52a880c6fdM-12x12.jpg 12w, https:\/\/rfid-laundry-tag.com\/wp-content\/uploads\/2024\/09\/4_H368fba2542f847448067aa52a880c6fdM-600x600.jpg 600w, https:\/\/rfid-laundry-tag.com\/wp-content\/uploads\/2024\/09\/4_H368fba2542f847448067aa52a880c6fdM-100x100.jpg 100w\" sizes=\"(max-width: 750px) 100vw, 750px\" \/><\/a><\/p><p><span style=\"color: #000000;\">Edinstvena funkcija LED dodaja RFID oznaki vizualno komponento, kar omogo\u010da hitro in enostavno identifikacijo, kar bistveno pospe\u0161i procese, kjer je potrebna hitra vizualna potrditev. Nalepke so zdru\u017eljive s protokoli ISO\/IEC 18000-6C, kar zagotavlja brezhibno integracijo z obstoje\u010dimi sistemi RFID. Z vzdr\u017eljivostjo zapisovanja 100.000 ciklov in hrambo podatkov do 10 let te nalepke zagotavljajo zanesljivo in dolgotrajno re\u0161itev za va\u0161e potrebe po sledenju. Ne glede na to, ali morate upravljati inventar, slediti sredstvi ali uvesti u\u010dinkovitej\u0161i identifikacijski sistem, RFID LED nalepke ponujajo vsestransko in robustno re\u0161itev, prilagojeno va\u0161im potrebam.<\/span><\/p><p><span style=\"color: #000000;\">RFID LED nalepka je napredna samolepilna nalepka, ki zdru\u017euje tehnologijo RFID z vizualnim LED indikatorjem, kar zagotavlja inovativno re\u0161itev za sledenje sredstev in upravljanje zalog. Vsaka nalepka je opremljena z radiofrekven\u010dnim transponderjem in anteno, kar omogo\u010da nemoteno komunikacijo z RF \u010ditalci. Izstopajo\u010da zna\u010dilnost te nalepke je LED komponenta, ki zasveti ob aktivaciji in omogo\u010da hitro in jasno vizualno identifikacijo artiklov.<\/span><\/p><p><span style=\"color: #000000;\">Te LED oznake so vsestranske in jih je mogo\u010de uporabiti v \u0161tevilnih aplikacijah, kot so upravljanje zalog, sledenje sredstvi in logistika dobavne verige. Prilagodljiva narava nalepke LED omogo\u010da prilagajanje velikosti, barve LED svetlobe in zmogljivosti pomnilnika, da ustrezajo posebnim operativnim potrebam. Ne glede na to, ali se uporabljajo v skladi\u0161\u010dih, maloprodajnih okoljih ali industrijskih okoljih, te nalepke pomagajo racionalizirati procese, saj zagotavljajo dvojno metodo identifikacije \u2013 skeniranje RFID in vizualno potrditev \u2013 zaradi \u010desar so nepogre\u0161ljive za izbolj\u0161anje natan\u010dnosti in u\u010dinkovitosti pri sledenju dragocenih sredstev.<\/span><\/p>\t\t\t\t\t\t\t\t<\/div>\n\t\t\t\t<\/div>\n\t\t\t\t\t<\/div>\n\t\t\t\t<\/div>\n\t\t\t\t<\/div>","protected":false},"excerpt":{"rendered":"<p>UHF RFID Label Tag LED bliskavica z vizualnimi indikatorji za u\u010dinkovito sledenje zalog. Vzdr\u017eljiv PET, 900-928MHz, -20\u00b0C do 70\u00b0C, popoln za razli\u010dne aplikacije.<\/p>","protected":false},"featured_media":1786,"template":"","meta":{"_kad_post_transparent":"default","_kad_post_title":"","_kad_post_layout":"default","_kad_post_sidebar_id":"","_kad_post_content_style":"default","_kad_post_vertical_padding":"default","_kad_post_feature":"","_kad_post_feature_position":"","_kad_post_header":false,"_kad_post_footer":false,"_kad_post_classname":""},"product_brand":[],"product_cat":[54],"product_tag":[275,98,269],"class_list":{"0":"post-1785","1":"product","2":"type-product","3":"status-publish","4":"has-post-thumbnail","6":"product_cat-hot-selling-rfid-tags","7":"product_tag-led-light-rfid-label","8":"product_tag-uhf-rfid-label","9":"product_tag-uhf-rfid-label-tag-led-flash-light","11":"first","12":"instock","13":"shipping-taxable","14":"product-type-simple","15":"entry","16":"content-bg","17":"loop-entry"},"_links":{"self":[{"href":"https:\/\/rfid-laundry-tag.com\/sl\/wp-json\/wp\/v2\/product\/1785","targetHints":{"allow":["GET"]}}],"collection":[{"href":"https:\/\/rfid-laundry-tag.com\/sl\/wp-json\/wp\/v2\/product"}],"about":[{"href":"https:\/\/rfid-laundry-tag.com\/sl\/wp-json\/wp\/v2\/types\/product"}],"version-history":[{"count":5,"href":"https:\/\/rfid-laundry-tag.com\/sl\/wp-json\/wp\/v2\/product\/1785\/revisions"}],"predecessor-version":[{"id":1911,"href":"https:\/\/rfid-laundry-tag.com\/sl\/wp-json\/wp\/v2\/product\/1785\/revisions\/1911"}],"wp:featuredmedia":[{"embeddable":true,"href":"https:\/\/rfid-laundry-tag.com\/sl\/wp-json\/wp\/v2\/media\/1786"}],"wp:attachment":[{"href":"https:\/\/rfid-laundry-tag.com\/sl\/wp-json\/wp\/v2\/media?parent=1785"}],"wp:term":[{"taxonomy":"product_brand","embeddable":true,"href":"https:\/\/rfid-laundry-tag.com\/sl\/wp-json\/wp\/v2\/product_brand?post=1785"},{"taxonomy":"product_cat","embeddable":true,"href":"https:\/\/rfid-laundry-tag.com\/sl\/wp-json\/wp\/v2\/product_cat?post=1785"},{"taxonomy":"product_tag","embeddable":true,"href":"https:\/\/rfid-laundry-tag.com\/sl\/wp-json\/wp\/v2\/product_tag?post=1785"}],"curies":[{"name":"delovni list","href":"https:\/\/api.w.org\/{rel}","templated":true}]}}