{"id":171,"date":"2024-06-15T13:49:12","date_gmt":"2024-06-15T13:49:12","guid":{"rendered":"https:\/\/rfid-laundry-tag.com\/?post_type=product&#038;p=171"},"modified":"2024-06-15T14:14:22","modified_gmt":"2024-06-15T14:14:22","slug":"uhf-rfid-silicone-washing-labels","status":"publish","type":"product","link":"https:\/\/rfid-laundry-tag.com\/sl\/uhf-rfid-silicone-washing-labels\/","title":{"rendered":"UHF RFID silikonske nalepke za pranje"},"content":{"rendered":"<table style=\"border-collapse: collapse; width: 711px; height: 751px;\" border=\"0\" width=\"537\" cellspacing=\"0\" cellpadding=\"0\">\n<tbody>\n<tr style=\"height: 14.40pt;\">\n<td class=\"et2\" style=\"height: 14.40pt; width: 136.80pt;\" width=\"228\" height=\"24\">Material<\/td>\n<td class=\"et2\" style=\"width: 185.40pt;\" width=\"309\">Silikon<\/td>\n<\/tr>\n<tr style=\"height: 14.40pt;\">\n<td class=\"et3\" style=\"height: 14.40pt; width: 136.80pt;\" width=\"228\" height=\"24\">Velikost<\/td>\n<td class=\"et3\" style=\"width: 185.40pt;\" width=\"309\">55x12mm, 56x20mm, 85x27mm<\/td>\n<\/tr>\n<tr style=\"height: 14.40pt;\">\n<td class=\"et3\" style=\"height: 14.40pt; width: 136.80pt;\" width=\"228\" height=\"24\">Pogostost<\/td>\n<td class=\"et3\" style=\"width: 185.40pt;\" width=\"309\">860-960 mhz<\/td>\n<\/tr>\n<tr style=\"height: 27.60pt;\">\n<td class=\"et3\" style=\"height: 27.60pt; width: 136.80pt;\" width=\"228\" height=\"46\">Vrsta IC (\u010dip)<\/td>\n<td class=\"et3\" style=\"width: 185.40pt;\" width=\"309\">U7\/U8 (na voljo sta Alien H3 in Impinj Monza R6)<\/td>\n<\/tr>\n<tr style=\"height: 27.60pt;\">\n<td class=\"et3\" style=\"height: 27.60pt; width: 136.80pt;\" width=\"228\" height=\"46\">Protokol<\/td>\n<td class=\"et3\" style=\"width: 185.40pt;\" width=\"309\">EPC Global Class 1 Gen2 &amp; ISO18000-6C<\/td>\n<\/tr>\n<tr style=\"height: 14.40pt;\">\n<td class=\"et3\" style=\"height: 14.40pt; width: 136.80pt;\" width=\"228\" height=\"24\">Spomin<\/td>\n<td class=\"et3\" style=\"width: 185.40pt;\" width=\"309\">128 bitov<\/td>\n<\/tr>\n<tr style=\"height: 14.40pt;\">\n<td class=\"et3\" style=\"height: 14.40pt; width: 136.80pt;\" width=\"228\" height=\"24\">Faktor oblike oznake<\/td>\n<td class=\"et3\" style=\"width: 185.40pt;\" width=\"309\">Prilagodljiv<\/td>\n<\/tr>\n<tr style=\"height: 14.40pt;\">\n<td class=\"et3\" style=\"height: 14.40pt; width: 136.80pt;\" width=\"228\" height=\"24\">Proti tr\u010denju<\/td>\n<td class=\"et3\" style=\"width: 185.40pt;\" width=\"309\">ja<\/td>\n<\/tr>\n<tr style=\"height: 14.40pt;\">\n<td class=\"et3\" style=\"height: 14.40pt; width: 136.80pt;\" width=\"228\" height=\"24\">Delovna temperatura<\/td>\n<td class=\"et3\" style=\"width: 185.40pt;\" width=\"309\">-25 \u00b0C \/ +200 \u00b0C<\/td>\n<\/tr>\n<tr style=\"height: 14.40pt;\">\n<td class=\"et3\" style=\"height: 14.40pt; width: 136.80pt;\" width=\"228\" height=\"24\">Preberi Razdalja<\/td>\n<td class=\"et3\" style=\"width: 185.40pt;\" width=\"309\">1-7m<\/td>\n<\/tr>\n<tr style=\"height: 14.40pt;\">\n<td class=\"et3\" style=\"height: 14.40pt; width: 136.80pt;\" width=\"228\" height=\"24\">Pritrdi na<\/td>\n<td class=\"et3\" style=\"width: 185.40pt;\" width=\"309\">Posteljnina in obla\u010dila<\/td>\n<\/tr>\n<tr style=\"height: 14.40pt;\">\n<td class=\"et3\" style=\"height: 14.40pt; width: 136.80pt;\" width=\"228\" height=\"24\">Ocena IP<\/td>\n<td class=\"et3\" style=\"width: 185.40pt;\" width=\"309\">IP68<\/td>\n<\/tr>\n<tr style=\"height: 14.40pt;\">\n<td class=\"et3\" style=\"height: 14.40pt; width: 136.80pt;\" width=\"228\" height=\"24\">barva<\/td>\n<td class=\"et3\" style=\"width: 185.40pt;\" width=\"309\">Bela\/modra ali po meri<\/td>\n<\/tr>\n<tr style=\"height: 17.40pt;\">\n<td class=\"et4\" style=\"height: 17.40pt; width: 322.20pt;\" colspan=\"2\" width=\"537\" height=\"29\">Pranje<\/td>\n<\/tr>\n<tr style=\"height: 27.60pt;\">\n<td class=\"et3\" style=\"height: 27.60pt; width: 136.80pt;\" width=\"228\" height=\"46\">Odporen na izpostavljenost<\/td>\n<td class=\"et3\" style=\"width: 185.40pt;\" width=\"309\">voda in vse kemikalije, ki so obi\u010dajne za komercialne pralnice in kemi\u010dne \u010distilnice<\/td>\n<\/tr>\n<tr style=\"height: 14.40pt;\">\n<td class=\"et3\" style=\"height: 14.40pt; width: 136.80pt;\" width=\"228\" height=\"24\">Cikli pranja<\/td>\n<td class=\"et3\" style=\"width: 185.40pt;\" width=\"309\">Do 200 komercialnih ciklov pranja<\/td>\n<\/tr>\n<tr style=\"height: 27.60pt;\">\n<td class=\"et3\" style=\"height: 27.60pt; width: 136.80pt;\" width=\"228\" height=\"46\">Pranje<\/td>\n<td class=\"et3\" style=\"width: 185.40pt;\" width=\"309\">150 \u00baC za 15-20 minut \u2013 150 ciklov<\/td>\n<\/tr>\n<tr style=\"height: 27.60pt;\">\n<td class=\"et3\" style=\"height: 27.60pt; width: 136.80pt;\" width=\"228\" height=\"46\">Su\u0161enje<\/td>\n<td class=\"et3\" style=\"width: 185.40pt;\" width=\"309\">95\u00b0C (do 60 min.), 130\u00b0C (do 30 min.)<\/td>\n<\/tr>\n<tr style=\"height: 14.40pt;\">\n<td class=\"et3\" style=\"height: 14.40pt; width: 136.80pt;\" width=\"228\" height=\"24\">Kon\u010dnik tunelov<\/td>\n<td class=\"et3\" style=\"width: 185.40pt;\" width=\"309\">200\u00b0C 30min<\/td>\n<\/tr>\n<tr style=\"height: 14.40pt;\">\n<td class=\"et3\" style=\"height: 14.40pt; width: 136.80pt;\" width=\"228\" height=\"24\">Likanje<\/td>\n<td class=\"et3\" style=\"width: 185.40pt;\" width=\"309\">250\u00b0C (do 60 sekund)<\/td>\n<\/tr>\n<\/tbody>\n<\/table>\n<div><\/div>\n<div><\/div>\n<div class=\"auto-hide-last-sibling-br paragraph_1252f paragraph-element\"><strong>Silikonske nalepke za pranje UHF RFID ponujajo naslednje klju\u010dne lastnosti:<\/strong><\/div>\n<ol class=\"auto-hide-last-sibling-br\">\n<li>\n<div class=\"auto-hide-last-sibling-br paragraph_1252f paragraph-element\">Tanek, mehak in prilagodljiv: njegova lahka in voljna oblika zagotavlja udobno prileganje na kateri koli tekstilni material.<\/div>\n<\/li>\n<li>\n<div class=\"auto-hide-last-sibling-br paragraph_1252f paragraph-element\">Odpornost: oznake so vodoodporne in odporne na kemi\u010dne raztopine, kar zagotavlja, da ohranijo svojo funkcionalnost ne glede na okolja, ki so jim izpostavljene.<\/div>\n<\/li>\n<li>\n<div class=\"auto-hide-last-sibling-br paragraph_1252f paragraph-element\">Dolgotrajna: nudi vzdr\u017eljivost do 200 ciklov pranja, su\u0161enja, \u010di\u0161\u010denja in likanja ter zagotavlja dosledno delovanje.<\/div>\n<\/li>\n<li>\n<div class=\"auto-hide-last-sibling-br paragraph_1252f paragraph-element\">Izjemna odpornost: prenese visoke temperature in te\u017eka okolja. Oznaka za pranje perila RFID, ki deluje v frekven\u010dnem obmo\u010dju 860~960MHz, je posebej zasnovana za vzdr\u017eljivost visokotla\u010dnih in temperaturnih postopkov \u010di\u0161\u010denja.<\/div>\n<\/li>\n<li>\n<div class=\"auto-hide-last-sibling-br paragraph_1252f paragraph-element\">\u0160iroka uporaba: Idealen za uporabo v zahtevnih pogojih, ki zahtevajo visoko odpornost na vro\u010dino, korozijo in obrabo, kot so pralnice in industrijske pralnice.<\/div>\n<\/li>\n<li>\n<div class=\"auto-hide-last-sibling-br paragraph_1252f paragraph-element\">Enostavna integracija: Enostavno se vgradi v razli\u010dne tekstilije, vklju\u010dno s srajcami, delovnimi obla\u010dili, posteljnino in drugimi tekstilnimi izdelki.<\/div>\n<\/li>\n<li>\n<div class=\"auto-hide-last-sibling-br paragraph_1252f paragraph-element\">Raznolikost izbire: ponuja vrsto oznak za perilo RFID, vklju\u010dno z oznakami za perilo RFID PPS, silikonskimi oznakami za perilo RFID in oznakami za perilo iz blaga RFID.<\/div>\n<\/li>\n<li>\n<div class=\"auto-hide-last-sibling-br paragraph_1252f paragraph-element\">\u0160iroka uporaba: Ob\u0161irno se uporablja v sektorjih maloprodaje obla\u010dil, hotelskih rjuh, kemi\u010dnih \u010distilnic medicinskih uniform in industrijskih pralnic.<\/div>\n<\/li>\n<li>\n<div class=\"auto-hide-last-sibling-br paragraph_1252f paragraph-element\">U\u010dinkovito upravljanje: tehnologija RFID izkazuje vrhunsko zmogljivost pri u\u010dinkovitem upravljanju, optimizaciji inventarja in zmanj\u0161anju \u010dlove\u0161kih napak med postopki pranja in obra\u010dunavanja.<\/div>\n<\/li>\n<\/ol>\n<div class=\"auto-hide-last-sibling-br paragraph_1252f paragraph-element\">\u010ce povzamemo, te oznake so prilagojene zahtevnim pogojem pranja perila, nudijo vzdr\u017eljivost, u\u010dinkovitost in \u0161iroko paleto aplikacij. Zagotavljajo pametno re\u0161itev za u\u010dinkovito upravljanje in sledenje perilu v razli\u010dnih sektorjih.<\/div>\n<div><\/div>\n<p data-spm-anchor-id=\"a2700.details.0.i116.60201a70jOXdOd\"><strong>Uporaba:<\/strong><\/p>\n<ul>\n<li>Upravljanje sledenja hotelske posteljnine<\/li>\n<li>Tovarna\/skladi\u0161\u010de\/hotel\/bolni\u0161nica\/zabavi\u0161\u010dni park<\/li>\n<li data-spm-anchor-id=\"a2700.details.0.i115.60201a70jOXdOd\"><span data-spm-anchor-id=\"a2700.details.0.i120.60201a70jOXdOd\">Bolni\u0161ni\u010dne uniforme<\/span><\/li>\n<li data-spm-anchor-id=\"a2700.details.0.i118.60201a70jOXdOd\">Posteljnina\/palete\/platnene vre\u010de<\/li>\n<li>Kemi\u010dne \u010distilnice<\/li>\n<li>Uporaba v hotelski rjuhi\/ pritrjeni na tekstil\/ delovna obla\u010dila.<\/li>\n<li>Tovarna obla\u010dil, tovarna tkanin.<\/li>\n<\/ul>\n<p>&nbsp;<\/p>","protected":false},"excerpt":{"rendered":"<p>Silikonske pralne nalepke UHF RFID so ekskluzivne zasnove nalepk, ki lahko prenesejo stroge metode pranja. \u0160e posebej so primerni za obla\u010dila in tkanine, ki se redno \u010distijo. Te nalepke so izdelane iz mo\u010dnega silikona, kar zagotavlja njihovo vzdr\u017eljivost. Poleg tega vklju\u010dujejo UHF (ultra visokofrekven\u010dni) RFID \u010dip, ki ga je mogo\u010de programirati z ustreznimi podatki o obla\u010dilu ali tekstilu. Zaradi tega so te nalepke priro\u010dna in u\u010dinkovita mo\u017enost za upravljanje in sledenje kosov perila.<\/p>","protected":false},"featured_media":173,"template":"","meta":{"_kad_post_transparent":"default","_kad_post_title":"","_kad_post_layout":"default","_kad_post_sidebar_id":"","_kad_post_content_style":"default","_kad_post_vertical_padding":"default","_kad_post_feature":"","_kad_post_feature_position":"","_kad_post_header":false,"_kad_post_footer":false,"_kad_post_classname":""},"product_brand":[],"product_cat":[20,16],"product_tag":[63,62,61,79],"class_list":{"0":"post-171","1":"product","2":"type-product","3":"status-publish","4":"has-post-thumbnail","6":"product_cat-silicone-rfid-laundry-tag","7":"product_cat-uhf-rfid-laundry-tags","8":"product_tag-rfid-washing-tag","9":"product_tag-silicone-rfid-laundry-tag","10":"product_tag-silicone-washable-rfid-laundry-tag","11":"product_tag-uhf-rfid-silicone-washing-labels","13":"first","14":"instock","15":"shipping-taxable","16":"product-type-simple","17":"entry","18":"content-bg","19":"loop-entry"},"_links":{"self":[{"href":"https:\/\/rfid-laundry-tag.com\/sl\/wp-json\/wp\/v2\/product\/171","targetHints":{"allow":["GET"]}}],"collection":[{"href":"https:\/\/rfid-laundry-tag.com\/sl\/wp-json\/wp\/v2\/product"}],"about":[{"href":"https:\/\/rfid-laundry-tag.com\/sl\/wp-json\/wp\/v2\/types\/product"}],"version-history":[{"count":0,"href":"https:\/\/rfid-laundry-tag.com\/sl\/wp-json\/wp\/v2\/product\/171\/revisions"}],"wp:featuredmedia":[{"embeddable":true,"href":"https:\/\/rfid-laundry-tag.com\/sl\/wp-json\/wp\/v2\/media\/173"}],"wp:attachment":[{"href":"https:\/\/rfid-laundry-tag.com\/sl\/wp-json\/wp\/v2\/media?parent=171"}],"wp:term":[{"taxonomy":"product_brand","embeddable":true,"href":"https:\/\/rfid-laundry-tag.com\/sl\/wp-json\/wp\/v2\/product_brand?post=171"},{"taxonomy":"product_cat","embeddable":true,"href":"https:\/\/rfid-laundry-tag.com\/sl\/wp-json\/wp\/v2\/product_cat?post=171"},{"taxonomy":"product_tag","embeddable":true,"href":"https:\/\/rfid-laundry-tag.com\/sl\/wp-json\/wp\/v2\/product_tag?post=171"}],"curies":[{"name":"delovni list","href":"https:\/\/api.w.org\/{rel}","templated":true}]}}