{"id":167,"date":"2024-06-15T13:14:42","date_gmt":"2024-06-15T13:14:42","guid":{"rendered":"https:\/\/rfid-laundry-tag.com\/?post_type=product&#038;p=167"},"modified":"2024-09-26T03:38:23","modified_gmt":"2024-09-26T03:38:23","slug":"textile-uhf-rfid-linen-tags","status":"publish","type":"product","link":"https:\/\/rfid-laundry-tag.com\/sl\/textile-uhf-rfid-linen-tags\/","title":{"rendered":"Tekstilne oznake za perilo UHF RFID"},"content":{"rendered":"<div>\n<div class=\"auto-hide-last-sibling-br paragraph_1252f paragraph-element\">\n<table width=\"637\">\n<tbody>\n<tr>\n<td width=\"328\">Ime predmeta:<\/td>\n<td width=\"309\"><strong>Tekstilne oznake za perilo UHF RFID<\/strong><\/td>\n<\/tr>\n<tr>\n<td width=\"328\">Standard RFID:<\/td>\n<td width=\"309\">ISO\/IEC 18000-6 TypeC (EPC Gen2)<\/td>\n<\/tr>\n<tr>\n<td width=\"328\">Velikost in te\u017ea:<\/td>\n<td width=\"309\">70\u00d715 mm, 0,6g<\/td>\n<\/tr>\n<tr>\n<td width=\"328\">Vrsta \u010dipa:<\/td>\n<td width=\"309\">Impinj Monza 4QT,NXP U KODA 9<\/td>\n<\/tr>\n<tr>\n<td width=\"328\">Pomnilnik EPC:<\/td>\n<td width=\"309\">128 bitov<\/td>\n<\/tr>\n<tr>\n<td width=\"328\">Uporabni\u0161ki pomnilnik:<\/td>\n<td width=\"309\">512 bitov<\/td>\n<\/tr>\n<tr>\n<td width=\"328\">Razpon branja (2W ERP FCC):<\/td>\n<td width=\"309\">8m<\/td>\n<\/tr>\n<tr>\n<td width=\"328\">Razpon branja (2W ERP ETSI):<\/td>\n<td width=\"309\">8m<\/td>\n<\/tr>\n<tr>\n<td width=\"328\">Ozna\u010devanje:<\/td>\n<td width=\"309\">\u0160ivanje, lepilo za vro\u010de \u017eigosanje<\/td>\n<\/tr>\n<tr>\n<td width=\"328\">Predvidena \u017eivljenjska doba:<\/td>\n<td width=\"309\">200 ciklov pranja ali 3 leta, kar nastopi prej<\/td>\n<\/tr>\n<tr>\n<td width=\"328\">Metoda pranja:<\/td>\n<td width=\"309\">Pralnica, kemi\u010dna \u010distilnica<\/td>\n<\/tr>\n<tr>\n<td width=\"328\">Pritisk vode:<\/td>\n<td width=\"309\">60 barov<\/td>\n<\/tr>\n<tr>\n<td width=\"328\">Vodoodpornost:<\/td>\n<td width=\"309\">Vodoodporen<\/td>\n<\/tr>\n<tr>\n<td width=\"328\">Kemi\u010dna odpornost:<\/td>\n<td width=\"309\">Detergent, meh\u010dalec, belilo (kisik\/klor), alkalije<\/td>\n<\/tr>\n<tr>\n<td width=\"328\">Predhodno su\u0161enje v me\u0161alniku:<\/td>\n<td width=\"309\">125 \u00baC 15-20 minut<\/td>\n<\/tr>\n<tr>\n<td width=\"328\">Temperatura sterilizacije:<\/td>\n<td width=\"309\">135\u00b0C 15-20 minut<\/td>\n<\/tr>\n<tr>\n<td width=\"328\">Temperatura pranja:<\/td>\n<td width=\"309\">90\u00b0C, do 15 min.<\/td>\n<\/tr>\n<tr>\n<td width=\"328\">Vla\u017enost\/temperatura - delovanje:<\/td>\n<td width=\"309\">-20 do 110 \u00b0C, 8 do 95%RH<\/td>\n<\/tr>\n<tr>\n<td width=\"328\">Vla\u017enost\/temperatura-skladi\u0161\u010denje:<\/td>\n<td width=\"309\">-40 do 110 \u00b0C, 8 do 95%RH<\/td>\n<\/tr>\n<\/tbody>\n<\/table>\n<\/div>\n<\/div>\n<div class=\"auto-hide-last-sibling-br paragraph_1252f paragraph-element\"><\/div>\n<div>\n<div class=\"auto-hide-last-sibling-br paragraph_1252f paragraph-element\">\n<h3>Vrhunske lastnosti oznak za perilo UHF RFID<\/h3>\n<ul>\n<li><strong>Vzdr\u017eljivost<\/strong>: Etikete so izdelane tako, da prenesejo industrijske procese pranja perila. Z zmo\u017enostjo prena\u0161anja ekstremnih temperatur, detergentov in pogojev su\u0161enja so zasnovani za zahtevno uporabo.<\/li>\n<li><strong>Pralna Narava<\/strong>: Te\u00a0<strong>pralne oznake RFID<\/strong>\u00a0ohranijo svojo celovitost tudi po ponavljajo\u010dih se pranjih, zaradi \u010desar so idealni za vse sisteme upravljanja tekstila. Zmorejo do\u00a0<strong>200 ciklov pranja<\/strong>\u00a0brez izgube funkcionalnosti.<\/li>\n<li><strong>Visoko zmogljiv RFID<\/strong>: Uporaba najsodobnej\u0161ega\u00a0<strong>UHF tehnologija<\/strong>, te oznake zagotavljajo robustno razdaljo branja, kar omogo\u010da u\u010dinkovito sledenje in upravljanje tekstila.<\/li>\n<\/ul>\n<\/div>\n<h3>Klju\u010dne prednosti oznak za perilo RFID<\/h3>\n<p>Ena od izjemnih prednosti tekstila\u00a0<strong>RFID oznake za perilo<\/strong>\u00a0je njihova sposobnost izbolj\u0161anja natan\u010dnosti upravljanja zalog. Z avtomatizacijo postopka sledenja lahko podjetja bistveno zmanj\u0161ajo tveganje manjkajo\u010dih ali zalo\u017eenih predmetov. Poleg tega te oznake izbolj\u0161ajo vidnost sredstev, kar omogo\u010da pralnicam, da ohranijo preglednost svojega delovanja.<\/p>\n<p>Druga klju\u010dna prednost je mo\u017enost prihranka stro\u0161kov. Z avtomatiziranim sledenjem se stro\u0161ki dela, povezani z ro\u010dnimi pregledi zalog, znatno zmanj\u0161ajo. Dolgoro\u010dna zanesljivost teh oznak prav tako dodaja vrednost, saj jih je mogo\u010de ponovno uporabiti v ve\u010d ciklih pranja perila, kar podjetjem zagotavlja \u010dim ve\u010djo nalo\u017ebo.<\/p>\n<\/div>\n<div class=\"auto-hide-last-sibling-br paragraph_1252f paragraph-element\">\n<div data-spm-anchor-id=\"a2700.details.0.i57.23b419c7xXORP0\">Ta impresivna vzdr\u017eljivost je opremljena z jamstvom za ohranjanje izjemnih lastnosti sledenja in popisa skozi celotno \u017eivljenjsko dobo perila, obla\u010dil in drugih tekstilnih predmetov. Tako slu\u017eijo kot u\u010dinkovito in zanesljivo orodje za zagotavljanje brezhibnega sledenja, pravo\u010dasnega vzdr\u017eevanja in u\u010dinkovitega upravljanja zalog razli\u010dnih tkanin v razli\u010dnih okoljih, s \u010dimer pove\u010dajo njihov \u017eivljenjski cikel in olaj\u0161ajo nemoteno delovanje.<\/div>\n<\/div>\n<div data-spm-anchor-id=\"a2700.details.0.i57.23b419c7xXORP0\">\n<h3>Vzdr\u017eljivost in mo\u017enost pranja oznak RFID<\/h3>\n<p>Ko gre za\u00a0<strong>vzdr\u017eljivost<\/strong>, se oznake RFID pona\u0161ajo z robustno zasnovo, ki lahko prenese izzive, ki jih prina\u0161a komercialno pranje. Z zmo\u017enostjo prena\u0161anja visokih temperatur in izpostavljenosti agresivnim kemikalijam, kot so belila in meh\u010dalci, so optimizirani tako za postopke pranja kot su\u0161enja.<\/p>\n<p>The\u00a0<strong>pralna narava<\/strong>\u00a0teh oznak pomeni, da jih je mogo\u010de neopazno vklju\u010diti v va\u0161e obstoje\u010de perilo. Ta prilagodljivost omogo\u010da enostavno pritrditev na obla\u010dila in perilo s \u0161ivanjem ali nanosom lepila, s \u010dimer se izognete kakr\u0161nim koli motnjam v funkcionalnosti ali videzu va\u0161ih tekstilnih izdelkov.<\/p>\n<\/div>\n<div data-spm-anchor-id=\"a2700.details.0.i57.23b419c7xXORP0\"><\/div>\n<h3 class=\"wp-block-heading\">Namestitev<\/h3>\n<p><strong>Ozna\u010devanje \u0161ivov<\/strong>: Za v\u0161ivanje v rob tekstila. Etiketo za perilo pri\u0161ijte stran od pregibnih linij.<br \/>\n<strong>Toplotno tesnjenje<\/strong>: Za toplotno tesnjenje neposredno na tekstil pri +200\u00b0C (392\u00b0F), za 12~14s.<br \/>\n<strong>V vre\u010dki<\/strong>: za \u0161ivanje kot standardna etiketa za nego. Etiketo za perilo pri\u0161ijte stran od pregibnih linij.<\/p>\n<div class=\"auto-hide-last-sibling-br paragraph_1252f paragraph-element\">\n<h2 class=\"auto-hide-last-sibling-br paragraph_1252f paragraph-element\"><strong>Uporaba tkaninske tekstilne pralne UHF RFID oznake za perilo<\/strong><\/h2>\n<ol class=\"auto-hide-last-sibling-br\">\n<li>Industrijska pralnica: poenostavi postopke \u010di\u0161\u010denja in distribucijsko logistiko enotnega perila.<\/li>\n<li>Gostinski sektor: Izbolj\u0161a upravljanje sistemov pranja hotelskega pohi\u0161tva in brisa\u010d.<\/li>\n<li>Zdravstvena industrija: Pomaga pri organizaciji in vzdr\u017eevanju bolni\u0161ni\u010dne in zdravstvene obleke.<\/li>\n<\/ol>\n<h3>Okoljski vidiki<\/h3>\n<p>Uporaba\u00a0<strong>RFID oznake za perilo<\/strong>\u00a0prispeva tudi k okoljski trajnosti. Zmo\u017enost ponovne uporabe in sledenja perilu pomaga zmanj\u0161ati koli\u010dino odpadkov, kar zagotavlja u\u010dinkovito uporabo predmetov v njihovem \u017eivljenjskem ciklu. Poleg tega vzdr\u017eljivost teh oznak pomeni manj zamenjav, kar zmanj\u0161uje okoljski odtis, povezan s stalno proizvodnjo in odlaganjem.<\/p>\n<h3>Pogosta vpra\u0161anja o oznakah za perilo RFID<\/h3>\n<p><strong>V: Koliko ciklov pranja lahko zdr\u017eijo oznake?<\/strong><br \/>\nA: Na\u0161\u00a0<strong>RFID oznake za perilo<\/strong>\u00a0so zasnovani tako, da ohranijo funkcionalnost tudi po\u00a0<strong>200 ciklov pranja<\/strong>, zaradi \u010desar so zelo vzdr\u017eljivi za dolgotrajno uporabo.<\/p>\n<p><strong>V: Ali je mogo\u010de oznake v\u0161iti v katero koli tkanino?<\/strong><br \/>\nO: Da, oznake je mogo\u010de brezhibno integrirati z razli\u010dnimi tekstilnimi materiali, s \u010dimer zagotovite, da ostanejo pritrjene v ve\u010d postopkih pranja.<\/p>\n<p><strong>V: Ali je tehnologija RFID zanesljiva za sledenje perilu?<\/strong><br \/>\nA: Vsekakor! Oznake RFID ponujajo neprimerljivo natan\u010dnost sledenja, zmanj\u0161ujejo izgube in pomagajo pri u\u010dinkovitem upravljanju zalog.<\/p>\n<h3>Zaklju\u010dek<\/h3>\n<p>Za zaklju\u010dek\u00a0<strong>Tekstilne oznake za perilo UHF RFID<\/strong>\u00a0predstavljajo prihodnost upravljanja pralnic. Z izbolj\u0161anjem u\u010dinkovitosti sledenja, trajnosti in stro\u0161kovne u\u010dinkovitosti slu\u017eijo kot pomembna orodja za vsako podjetje, ki je odvisno od perila in obla\u010dil. Z napredno tehnologijo in robustnim delovanjem so te oznake RFID zasnovane tako, da izpolnjujejo zahteve sodobnih pralnic.<\/p>\n<\/div>","protected":false},"excerpt":{"rendered":"<p>Tekstilne oznake za perilo UHF RFID lahko imenujemo tudi oznake za tekstilno perilo RAIN RFID, ki so bile natan\u010dno zasnovane za dosledno delovanje v te\u017ekih pogojih obdelave perila, kot so sterilizacija, izpostavljenost toploti, \u010di\u0161\u010denje, su\u0161enje in likanje. Te oznake niso samo sposobne prenesti ve\u010d sto ciklov pranja, ampak tudi ohranjajo odli\u010dno in dosledno delovanje RFID tudi po ne\u0161tetih krogih pranja.<\/p>","protected":false},"featured_media":168,"template":"","meta":{"_kad_post_transparent":"default","_kad_post_title":"","_kad_post_layout":"default","_kad_post_sidebar_id":"","_kad_post_content_style":"default","_kad_post_vertical_padding":"default","_kad_post_feature":"","_kad_post_feature_position":"","_kad_post_header":false,"_kad_post_footer":false,"_kad_post_classname":""},"product_brand":[],"product_cat":[19],"product_tag":[31,312,65,30],"class_list":{"0":"post-167","1":"product","2":"type-product","3":"status-publish","4":"has-post-thumbnail","6":"product_cat-textile-rfid-laundry-tag","7":"product_tag-rfid-tag-for-linen-laundry","8":"product_tag-rfid-tags","9":"product_tag-textile-rfid-laundry-tags","10":"product_tag-uhf-rfid-laundry-tag","12":"first","13":"instock","14":"featured","15":"shipping-taxable","16":"product-type-simple","17":"entry","18":"content-bg","19":"loop-entry"},"_links":{"self":[{"href":"https:\/\/rfid-laundry-tag.com\/sl\/wp-json\/wp\/v2\/product\/167","targetHints":{"allow":["GET"]}}],"collection":[{"href":"https:\/\/rfid-laundry-tag.com\/sl\/wp-json\/wp\/v2\/product"}],"about":[{"href":"https:\/\/rfid-laundry-tag.com\/sl\/wp-json\/wp\/v2\/types\/product"}],"version-history":[{"count":3,"href":"https:\/\/rfid-laundry-tag.com\/sl\/wp-json\/wp\/v2\/product\/167\/revisions"}],"predecessor-version":[{"id":2680,"href":"https:\/\/rfid-laundry-tag.com\/sl\/wp-json\/wp\/v2\/product\/167\/revisions\/2680"}],"wp:featuredmedia":[{"embeddable":true,"href":"https:\/\/rfid-laundry-tag.com\/sl\/wp-json\/wp\/v2\/media\/168"}],"wp:attachment":[{"href":"https:\/\/rfid-laundry-tag.com\/sl\/wp-json\/wp\/v2\/media?parent=167"}],"wp:term":[{"taxonomy":"product_brand","embeddable":true,"href":"https:\/\/rfid-laundry-tag.com\/sl\/wp-json\/wp\/v2\/product_brand?post=167"},{"taxonomy":"product_cat","embeddable":true,"href":"https:\/\/rfid-laundry-tag.com\/sl\/wp-json\/wp\/v2\/product_cat?post=167"},{"taxonomy":"product_tag","embeddable":true,"href":"https:\/\/rfid-laundry-tag.com\/sl\/wp-json\/wp\/v2\/product_tag?post=167"}],"curies":[{"name":"delovni list","href":"https:\/\/api.w.org\/{rel}","templated":true}]}}