{"id":1669,"date":"2024-08-31T09:24:58","date_gmt":"2024-08-31T09:24:58","guid":{"rendered":"https:\/\/rfid-laundry-tag.com\/?post_type=product&#038;p=1669"},"modified":"2024-09-16T05:07:30","modified_gmt":"2024-09-16T05:07:30","slug":"uhf-rfid-laundry-button-heat-resistant-pps-tag","status":"publish","type":"product","link":"https:\/\/rfid-laundry-tag.com\/sl\/uhf-rfid-laundry-button-heat-resistant-pps-tag\/","title":{"rendered":"UHF RFID gumb za pranje perila, toplotno odporna oznaka PPS"},"content":{"rendered":"<div class=\"J_module\">\n<div class=\"ife-detail-decorate-table\">\n<table class=\"has-title all magic-6\">\n<tbody>\n<tr>\n<td colspan=\"1\" rowspan=\"1\">\n<div class=\"magic-7\" data-spm-anchor-id=\"a2700.details.0.i45.77607d98vZbcDU\"><span class=\"magic-8\" style=\"color: #363535;\">Ime izdelka<\/span><\/div>\n<\/td>\n<td colspan=\"1\" rowspan=\"1\">\n<div class=\"magic-9\"><span class=\"magic-8\">UHF RFID gumb za pranje perila, toplotno odporna oznaka PPS<\/span><\/div>\n<\/td>\n<\/tr>\n<tr>\n<td colspan=\"1\" rowspan=\"1\">\n<div class=\"magic-7\"><span class=\"magic-10\" data-spm-anchor-id=\"a2700.pc-decorate.0.i10.28d333330XLbTD\"><span class=\"magic-8\">Material<\/span><\/span><\/div>\n<\/td>\n<td colspan=\"1\" rowspan=\"1\">\n<div class=\"magic-9\"><span class=\"magic-8\">PPS<\/span><\/div>\n<\/td>\n<\/tr>\n<tr>\n<td colspan=\"1\" rowspan=\"1\">\n<div class=\"magic-7\"><span class=\"magic-8\">barva<\/span><\/div>\n<\/td>\n<td colspan=\"1\" rowspan=\"1\">\n<div class=\"magic-9\"><span class=\"magic-8\">\u010crna<\/span><\/div>\n<\/td>\n<\/tr>\n<tr>\n<td colspan=\"1\" rowspan=\"1\">MOQ<\/td>\n<td colspan=\"1\" rowspan=\"1\">500 kosov<\/td>\n<\/tr>\n<tr>\n<td colspan=\"1\" rowspan=\"1\">\n<div class=\"magic-7\"><span class=\"magic-8\">Proizvajalec\/\u010dip<\/span><\/div>\n<\/td>\n<td colspan=\"1\" rowspan=\"1\">\n<div class=\"magic-9\"><span class=\"magic-8\">NXP UCODE 8, UCODE 9, Alien H3, Higgs 9 itd.<\/span><\/div>\n<\/td>\n<\/tr>\n<tr>\n<td colspan=\"1\" rowspan=\"1\">\n<div class=\"magic-7\"><span class=\"magic-8\">Pogostost<\/span><\/div>\n<\/td>\n<td colspan=\"1\" rowspan=\"1\">\n<div class=\"magic-9\"><span class=\"magic-8\">860-960MHz\/<\/span><\/div>\n<\/td>\n<\/tr>\n<tr>\n<td colspan=\"1\" rowspan=\"1\">\n<div class=\"magic-7\"><span class=\"magic-8\">Spomin<\/span><\/div>\n<\/td>\n<td colspan=\"1\" rowspan=\"1\">\n<div class=\"magic-9\"><span class=\"magic-8\">96-bitni\/128-bitni<\/span><\/div>\n<\/td>\n<\/tr>\n<tr>\n<td colspan=\"1\" rowspan=\"1\">\n<div class=\"magic-7\"><span class=\"magic-8\">Preberi Razdalja<\/span><\/div>\n<\/td>\n<td colspan=\"1\" rowspan=\"1\">\n<div class=\"magic-9\"><span class=\"magic-8\">1-6m<\/span><\/div>\n<\/td>\n<\/tr>\n<tr>\n<td colspan=\"1\" rowspan=\"1\">\n<div class=\"magic-7\"><span class=\"magic-8\">Na\u010din dela<\/span><\/div>\n<\/td>\n<td colspan=\"1\" rowspan=\"1\">\n<div class=\"magic-9\"><span class=\"magic-8\">pasivno<\/span><\/div>\n<\/td>\n<\/tr>\n<tr>\n<td colspan=\"1\" rowspan=\"1\">\n<div class=\"magic-7\"><span class=\"magic-8\">Delovna temperatura<\/span><\/div>\n<\/td>\n<td colspan=\"1\" rowspan=\"1\">\n<div class=\"magic-9\"><span class=\"magic-8\">-25 \u2103 ~ +110 \u2103<\/span><\/div>\n<\/td>\n<\/tr>\n<tr>\n<td colspan=\"1\" rowspan=\"1\">\n<div class=\"magic-7\"><span class=\"magic-8\">Temperatura shranjevanja<\/span><\/div>\n<\/td>\n<td colspan=\"1\" rowspan=\"1\">\n<div class=\"magic-9\"><span class=\"magic-8\">-40\u2103~+85\u2103<\/span><\/div>\n<\/td>\n<\/tr>\n<tr>\n<td colspan=\"1\" rowspan=\"1\">\n<div class=\"magic-7\">\n<div><span class=\"magic-8\">\u00a0<\/span><\/div>\n<p><span class=\"magic-8\">Kratkotrajna temperaturna odpornost<\/span><\/p>\n<\/div>\n<\/td>\n<td colspan=\"1\" rowspan=\"1\">\n<div class=\"magic-9\"><span class=\"magic-8\">pranje: 90\u2103, 15 minut; predsu\u0161enje v pretvorniku: 180 \u2103, 30 minut, 200-krat; likanje: 180 \u2103, 10 sekund, 200-krat; visoka<br \/>\ntemperatura sterilizacije: 135 \u2103, 20 minut<\/span><\/div>\n<\/td>\n<\/tr>\n<tr>\n<td colspan=\"1\" rowspan=\"1\">\n<div class=\"magic-7\"><span class=\"magic-8\">Lastnosti<\/span><\/div>\n<\/td>\n<td colspan=\"1\" rowspan=\"1\">\n<div class=\"magic-9\"><span class=\"magic-8\">vodoodporen, pralen, odporen na visoke temperature<\/span><\/div>\n<\/td>\n<\/tr>\n<tr>\n<td colspan=\"1\" rowspan=\"1\">\n<div class=\"magic-7\"><span class=\"magic-8\">\u017eivljenje<\/span><\/div>\n<\/td>\n<td colspan=\"1\" rowspan=\"1\">\n<div class=\"magic-9\"><span class=\"magic-8\">200-kratno pranje ali 3 leta<\/span><\/div>\n<\/td>\n<\/tr>\n<tr>\n<td colspan=\"1\" rowspan=\"1\">\n<div class=\"magic-7\"><span class=\"magic-8\">Aplikacije<\/span><\/div>\n<\/td>\n<td colspan=\"1\" rowspan=\"1\">\n<div class=\"magic-9\"><span class=\"magic-8\">upravljanje in sledenje pranju<\/span><\/div>\n<\/td>\n<\/tr>\n<\/tbody>\n<\/table>\n<\/div>\n<\/div>\n<div class=\"J_module\">\n<div class=\"detail-decorate-json-renderer-container\">\n<div class=\"magic-1\">\n<div class=\"magic-2\">\n<div class=\"magic-3\">\n<div><\/div>\n<div class=\"magic-4\">\n<div><strong>Oznaka z gumbom RFID<\/strong><\/div>\n<div><\/div>\n<\/div>\n<\/div>\n<div>\n<div class=\"auto-hide-last-sibling-br paragraph_1252f paragraph-element\">PPS oznake za perilo, odporne na visoke temperature, slu\u017eijo kot odli\u010dna re\u0161itev za sledenje v komercialnih okoljih, kot so menze in restavracije, kjer se nenehno ravna z velikimi koli\u010dinami namiznega pribora.<\/div>\n<\/div>\n<\/div>\n<div id=\"featuresXsp\" class=\"features-list toggle-opacity in\">\n<div class=\"features-xsp\">\n<div class=\"collapse-mobile ste-list\">\n<div class=\"collapse-mobile ste-list\"><\/div>\n<\/div>\n<\/div>\n<\/div>\n<div class=\"magic-2\">\n<div>\n<div class=\"auto-hide-last-sibling-br paragraph_1252f paragraph-element\">\n<h4>Podrobnosti artikla<\/h4>\n<ul>\n<li><strong>ime:<\/strong>\u00a0UHF RFID gumb za pranje perila, toplotno odporna oznaka PPS<\/li>\n<li><strong>Material:<\/strong>\u00a0PPS (polifenilen sulfid)<\/li>\n<li><strong>barva:<\/strong>\u00a0\u010crna<\/li>\n<li><strong>Najmanj\u0161a koli\u010dina naro\u010dila (MOQ):<\/strong>\u00a0500 kosov<\/li>\n<\/ul>\n<h4>Specifikacije<\/h4>\n<ul>\n<li><strong>Mo\u017enosti proizvajalca\/\u010dipa:<\/strong>\n<ul>\n<li>NXP UCODE 8, UCODE 8m<\/li>\n<li>NXP UCODE 9<\/li>\n<li>Alien Higgs\u2122 9<\/li>\n<\/ul>\n<\/li>\n<li><strong>Pogostost:<\/strong>\u00a0860-960 MHz<\/li>\n<li><strong>Mo\u017enosti pomnilnika:<\/strong>\n<ul>\n<li>96 bitov<\/li>\n<li>128 bitov<\/li>\n<\/ul>\n<\/li>\n<li><strong>Razdalja branja:<\/strong>\u00a01-6 metrov<\/li>\n<li><strong>Na\u010din dela:<\/strong>\u00a0Pasivno<\/li>\n<li><strong>Delovna temperatura:<\/strong>\u00a0-25\u00b0C do +110\u00b0C<\/li>\n<li><strong>Temperatura shranjevanja:<\/strong>\u00a0-40\u00b0C do +85\u00b0C<\/li>\n<\/ul>\n<h4>Kratkotrajna temperaturna odpornost<\/h4>\n<ul>\n<li><strong>Pranje:<\/strong>\u00a090\u00b0C 15 minut<\/li>\n<li><strong>Predsu\u0161enje pretvornika:<\/strong>\u00a0180\u00b0C 30 minut (200 ciklov)<\/li>\n<li><strong>Likanje:<\/strong>\u00a0180\u00b0C za 10 sekund (200 ciklov)<\/li>\n<li><strong>Sterilizacija pri visoki temperaturi:<\/strong>\u00a0135\u00b0C 20 minut<\/li>\n<\/ul>\n<h4>Klju\u010dne zna\u010dilnosti<\/h4>\n<ul>\n<li>Vodoodporen in pralen<\/li>\n<li>Odpornost na visoke temperature<\/li>\n<li>Primerno za industrijske pogoje pranja<\/li>\n<li>Zasnovan za dolgo \u017eivljenjsko dobo: 200 ciklov pranja ali 3 leta<\/li>\n<\/ul>\n<h4>Aplikacije<\/h4>\n<ul>\n<li><strong>Primarne uporabe:<\/strong>\u00a0Upravljanje in sledenje pranju v komercialnih okoljih (npr. menze, restavracije)<\/li>\n<li><strong>Vsestransko ozna\u010devanje:<\/strong>\u00a0Lahko se pritrdi na razli\u010dne tekstilne predmete, kot so nogavice, srajce in brisa\u010de, da zmanj\u0161ate izgubo.<\/li>\n<\/ul>\n<h4>Lastnosti \u010dipa<\/h4>\n<ul>\n<li><strong>NXP UCODE 8\/8m:<\/strong>\n<ul>\n<li>Ob\u010dutljivost branja: -23 dBm<\/li>\n<li>Ob\u010dutljivost za pisanje: -18 dBm<\/li>\n<li>Inovativne funkcionalnosti za upravljanje zalog<\/li>\n<\/ul>\n<\/li>\n<li><strong>NXP UCODE 9:<\/strong>\n<ul>\n<li>Ob\u010dutljivost branja: -24 dBm<\/li>\n<li>Ob\u010dutljivost za pisanje: -22 dBm<\/li>\n<li>Vzdr\u017eljivost cikla pisanja 100k<\/li>\n<\/ul>\n<\/li>\n<li><strong>Alien Higgs\u2122 9:<\/strong>\n<ul>\n<li>1024 bitov pomnilnika NVM\/RAM<\/li>\n<li>Skladno z GS1 Class 1 Gen 2 in ISO\/IEC 18000-6C<\/li>\n<\/ul>\n<\/li>\n<\/ul>\n<p>Te oznake ponujajo robustno re\u0161itev za sledenje perila v aplikacijah za pranje perila, kar zagotavlja visoko zmogljivost in vzdr\u017eljivost v zahtevnih okoljih.<\/p>\n<\/div>\n<div class=\"auto-hide-last-sibling-br paragraph_1252f paragraph-element\"><\/div>\n<\/div>\n<\/div>\n<\/div>\n<\/div>\n<\/div>","protected":false},"excerpt":{"rendered":"<p>UHF RFID Gumb za pranje perila Oznaka PPS, odporna na toploto, za u\u010dinkovito sledenje, vzdr\u017ei visoke temperature, vodoodporna in idealna za komercialno upravljanje perila<\/p>","protected":false},"featured_media":1670,"template":"","meta":{"_kad_post_transparent":"default","_kad_post_title":"","_kad_post_layout":"default","_kad_post_sidebar_id":"","_kad_post_content_style":"default","_kad_post_vertical_padding":"default","_kad_post_feature":"","_kad_post_feature_position":"","_kad_post_header":false,"_kad_post_footer":false,"_kad_post_classname":""},"product_brand":[],"product_cat":[21,16],"product_tag":[226,35,225,30],"class_list":{"0":"post-1669","1":"product","2":"type-product","3":"status-publish","4":"has-post-thumbnail","6":"product_cat-pps-rfid-laundry-tag","7":"product_cat-uhf-rfid-laundry-tags","8":"product_tag-heat-resistant-pps-rfid-tag","9":"product_tag-rfid-button","10":"product_tag-uhf-rfid-laundry-button","11":"product_tag-uhf-rfid-laundry-tag","13":"first","14":"instock","15":"shipping-taxable","16":"product-type-simple","17":"entry","18":"content-bg","19":"loop-entry"},"_links":{"self":[{"href":"https:\/\/rfid-laundry-tag.com\/sl\/wp-json\/wp\/v2\/product\/1669","targetHints":{"allow":["GET"]}}],"collection":[{"href":"https:\/\/rfid-laundry-tag.com\/sl\/wp-json\/wp\/v2\/product"}],"about":[{"href":"https:\/\/rfid-laundry-tag.com\/sl\/wp-json\/wp\/v2\/types\/product"}],"version-history":[{"count":2,"href":"https:\/\/rfid-laundry-tag.com\/sl\/wp-json\/wp\/v2\/product\/1669\/revisions"}],"predecessor-version":[{"id":1672,"href":"https:\/\/rfid-laundry-tag.com\/sl\/wp-json\/wp\/v2\/product\/1669\/revisions\/1672"}],"wp:featuredmedia":[{"embeddable":true,"href":"https:\/\/rfid-laundry-tag.com\/sl\/wp-json\/wp\/v2\/media\/1670"}],"wp:attachment":[{"href":"https:\/\/rfid-laundry-tag.com\/sl\/wp-json\/wp\/v2\/media?parent=1669"}],"wp:term":[{"taxonomy":"product_brand","embeddable":true,"href":"https:\/\/rfid-laundry-tag.com\/sl\/wp-json\/wp\/v2\/product_brand?post=1669"},{"taxonomy":"product_cat","embeddable":true,"href":"https:\/\/rfid-laundry-tag.com\/sl\/wp-json\/wp\/v2\/product_cat?post=1669"},{"taxonomy":"product_tag","embeddable":true,"href":"https:\/\/rfid-laundry-tag.com\/sl\/wp-json\/wp\/v2\/product_tag?post=1669"}],"curies":[{"name":"delovni list","href":"https:\/\/api.w.org\/{rel}","templated":true}]}}