{"id":165,"date":"2024-06-15T12:35:50","date_gmt":"2024-06-15T12:35:50","guid":{"rendered":"https:\/\/rfid-laundry-tag.com\/?post_type=product&#038;p=165"},"modified":"2024-06-15T12:52:28","modified_gmt":"2024-06-15T12:52:28","slug":"pps-nfc-smart-button","status":"publish","type":"product","link":"https:\/\/rfid-laundry-tag.com\/sl\/pps-nfc-smart-button\/","title":{"rendered":"Pametni gumb PPS NFC"},"content":{"rendered":"<div class=\"J_module\">\n<div class=\"ife-detail-decorate-table\">\n<table class=\"has-title all magic-6\">\n<tbody>\n<tr>\n<td colspan=\"1\" rowspan=\"1\">\n<div class=\"magic-7\" data-spm-anchor-id=\"a2700.details.0.i45.77607d98vZbcDU\"><span class=\"magic-8\" style=\"color: #363535;\">Ime izdelka<\/span><\/div>\n<\/td>\n<td colspan=\"1\" rowspan=\"1\">\n<div class=\"magic-9\">Pametni gumb PPS NFC<\/div>\n<\/td>\n<\/tr>\n<tr>\n<td colspan=\"1\" rowspan=\"1\">\n<div class=\"magic-7\"><span class=\"magic-10\" data-spm-anchor-id=\"a2700.pc-decorate.0.i10.28d333330XLbTD\"><span class=\"magic-8\">Material<\/span><\/span><\/div>\n<\/td>\n<td colspan=\"1\" rowspan=\"1\">\n<div class=\"magic-9\"><span class=\"magic-8\">PPS<\/span><\/div>\n<\/td>\n<\/tr>\n<tr>\n<td colspan=\"1\" rowspan=\"1\">\n<div class=\"magic-7\"><span class=\"magic-8\">barva<\/span><\/div>\n<\/td>\n<td colspan=\"1\" rowspan=\"1\">\n<div class=\"magic-9\"><span class=\"magic-8\">\u010crna itd<\/span><\/div>\n<\/td>\n<\/tr>\n<tr>\n<td colspan=\"1\" rowspan=\"1\">MOQ<\/td>\n<td colspan=\"1\" rowspan=\"1\">500 kosov<\/td>\n<\/tr>\n<tr>\n<td colspan=\"1\" rowspan=\"1\">\n<div class=\"magic-7\"><span class=\"magic-8\">Proizvajalec\/\u010dip<\/span><\/div>\n<\/td>\n<td colspan=\"1\" rowspan=\"1\">\n<div class=\"magic-9\"><span class=\"magic-8\">NXP I Code Slix ; druge mo\u017enosti: Ntag213, Ntag215, Ntag216, Mifare Ultralight ev1 itd.<\/span><\/div>\n<\/td>\n<\/tr>\n<tr>\n<td colspan=\"1\" rowspan=\"1\">\n<div class=\"magic-7\"><span class=\"magic-8\">Pogostost<\/span><\/div>\n<\/td>\n<td colspan=\"1\" rowspan=\"1\">\n<div class=\"magic-9\"><span class=\"magic-8\">13,56 MHz<\/span><\/div>\n<\/td>\n<\/tr>\n<tr>\n<td colspan=\"1\" rowspan=\"1\">\n<div class=\"magic-7\"><span class=\"magic-8\">Spomin<\/span><\/div>\n<\/td>\n<td colspan=\"1\" rowspan=\"1\">\n<div class=\"magic-9\"><span class=\"magic-8\">1k bajt; pomnilnik drugega \u010dipa: 144 bajtov, 504 bajtov, 888 bajtov, 64 bajtov itd.<\/span><\/div>\n<\/td>\n<\/tr>\n<tr>\n<td colspan=\"1\" rowspan=\"1\">\n<div class=\"magic-7\"><span class=\"magic-8\">Preberi Razdalja<\/span><\/div>\n<\/td>\n<td colspan=\"1\" rowspan=\"1\">\n<div class=\"magic-9\"><span class=\"magic-8\">1~5 cm<\/span><\/div>\n<\/td>\n<\/tr>\n<tr>\n<td colspan=\"1\" rowspan=\"1\">\n<div class=\"magic-7\"><span class=\"magic-8\">Na\u010din dela<\/span><\/div>\n<\/td>\n<td colspan=\"1\" rowspan=\"1\">\n<div class=\"magic-9\"><span class=\"magic-8\">pasivno<\/span><\/div>\n<\/td>\n<\/tr>\n<tr>\n<td colspan=\"1\" rowspan=\"1\">\n<div class=\"magic-7\"><span class=\"magic-8\">Delovna temperatura<\/span><\/div>\n<\/td>\n<td colspan=\"1\" rowspan=\"1\">\n<div class=\"magic-9\"><span class=\"magic-8\">-25 \u2103 ~ +110 \u2103<\/span><\/div>\n<\/td>\n<\/tr>\n<tr>\n<td colspan=\"1\" rowspan=\"1\">\n<div class=\"magic-7\"><span class=\"magic-8\">Temperatura shranjevanja<\/span><\/div>\n<\/td>\n<td colspan=\"1\" rowspan=\"1\">\n<div class=\"magic-9\"><span class=\"magic-8\">-40\u2103~+85\u2103<\/span><\/div>\n<\/td>\n<\/tr>\n<tr>\n<td colspan=\"1\" rowspan=\"1\">\n<div class=\"magic-7\">\n<div><span class=\"magic-8\">\u00a0<\/span><\/div>\n<p><span class=\"magic-8\">Kratkotrajna temperaturna odpornost<\/span><\/p>\n<\/div>\n<\/td>\n<td colspan=\"1\" rowspan=\"1\">\n<div class=\"magic-9\"><span class=\"magic-8\">pranje: 90\u2103, 15 minut; predsu\u0161enje v pretvorniku: 180 \u2103, 30 minut, 200-krat; likanje: 180 \u2103, 10 sekund, 200-krat; visoka<br \/>\ntemperatura sterilizacije: 135 \u2103, 20 minut<\/span><\/div>\n<\/td>\n<\/tr>\n<tr>\n<td colspan=\"1\" rowspan=\"1\">\n<div class=\"magic-7\"><span class=\"magic-8\">Lastnosti<\/span><\/div>\n<\/td>\n<td colspan=\"1\" rowspan=\"1\">\n<div class=\"magic-9\"><span class=\"magic-8\">vodoodporen, pralen, odporen na visoke temperature<\/span><\/div>\n<\/td>\n<\/tr>\n<tr>\n<td colspan=\"1\" rowspan=\"1\">\n<div class=\"magic-7\"><span class=\"magic-8\">\u017eivljenje<\/span><\/div>\n<\/td>\n<td colspan=\"1\" rowspan=\"1\">\n<div class=\"magic-9\"><span class=\"magic-8\">200-kratno pranje ali 3 leta<\/span><\/div>\n<\/td>\n<\/tr>\n<tr>\n<td colspan=\"1\" rowspan=\"1\">\n<div class=\"magic-7\"><span class=\"magic-8\">Aplikacije<\/span><\/div>\n<\/td>\n<td colspan=\"1\" rowspan=\"1\">\n<div class=\"magic-9\"><span class=\"magic-8\">upravljanje in sledenje pranju<\/span><\/div>\n<\/td>\n<\/tr>\n<\/tbody>\n<\/table>\n<\/div>\n<\/div>\n<div class=\"J_module\">\n<div class=\"detail-decorate-json-renderer-container\">\n<div class=\"magic-1\">\n<div class=\"magic-2\">\n<div class=\"auto-hide-last-sibling-br paragraph_1252f paragraph-element\">\n<div class=\"auto-hide-last-sibling-br paragraph_1252f paragraph-element\">\n<div class=\"auto-hide-last-sibling-br paragraph_1252f paragraph-element\"><\/div>\n<\/div>\n<\/div>\n<div class=\"auto-hide-last-sibling-br paragraph_1252f paragraph-element\">Narejene iz zelo trdnega plasti\u010dnega materiala PPS, lahko te oznake za perilo prenesejo visoke temperature, intenzivne cikle pranja, ogenj in detergente, hkrati pa ohranjajo svojo vodoodpornost. S tak\u0161no vzdr\u017eljivostjo ta oznaka nudi zanesljivost v zahtevnih okoljih.<\/div>\n<div><\/div>\n<div class=\"auto-hide-last-sibling-br paragraph_1252f paragraph-element\"><strong>Uporabe teh oznak za pranje perila gumbov NFC so obse\u017ene in vklju\u010dujejo:<\/strong><\/div>\n<ol class=\"auto-hide-last-sibling-br\">\n<li>\n<div class=\"auto-hide-last-sibling-br paragraph_1252f paragraph-element\">Industrijsko pranje: kos so te\u017ekim industrijskim pranjem, kar zagotavlja najbolj\u0161e sledenje in upravljanje zalog.<\/div>\n<\/li>\n<li>\n<div class=\"auto-hide-last-sibling-br paragraph_1252f paragraph-element\">Uniformno upravljanje: te oznake pomagajo pri u\u010dinkovitem upravljanju in sledenju uniform zaposlenih v razli\u010dnih sektorjih.<\/div>\n<\/li>\n<li>\n<div class=\"auto-hide-last-sibling-br paragraph_1252f paragraph-element\">Upravljanje medicinskih obla\u010dil: bistvenega pomena za bolni\u0161nice in izvajalce zdravstvenih storitev, pomagajo pri u\u010dinkoviti organizaciji, sledenju in vzdr\u017eevanju medicinskih obla\u010dil.<\/div>\n<\/li>\n<li>\n<div class=\"auto-hide-last-sibling-br paragraph_1252f paragraph-element\">Upravljanje patruljiranja osebja: Pomaga pri sledenju in upravljanju patruljnega osebja ter zagotavlja njihovo varnost in u\u010dinkovitost.<\/div>\n<\/li>\n<li>\n<div class=\"auto-hide-last-sibling-br paragraph_1252f paragraph-element\">Upravljanje voja\u0161kih obla\u010dil: Te oznake so izjemno uporabne v voja\u0161kem kontekstu, saj omogo\u010dajo sistemati\u010dno sledenje in upravljanje voja\u0161kih obla\u010dil, izbolj\u0161anje organizacije in odgovornosti.<\/div>\n<\/li>\n<\/ol>\n<\/div>\n<div>\n<p>The <strong>ICODE SLIX IC<\/strong> je namenski \u010dip za aplikacije inteligentnih nalepk, kot so knji\u017enice, preverjanje pristnosti izdelkov v razli\u010dnih panogah, kot so farmacija, medicinske naprave in alkohol, ter upravljanje proizvodnje na razli\u010dnih podro\u010djih industrije. Ta IC je tretja generacija dru\u017eine izdelkov IC-jev s pametnimi nalepkami, ki temelji na standardih ISO ISO\/IEC 15693 in ISO\/IEC 18000-3, ter podalj\u0161uje uspe\u0161no zgodbo NXP.<sup>\u00ae<\/sup>\u00a0na podro\u010dju sistemov za identifikacijo okolice.<\/p>\n<h3>Brezkontaktni prenos energije in podatkov<\/h3>\n<p>Kadarkoli je ICODE SLIX IC povezan z zelo preprostim in enostavnim tipom antene (zaradi nosilne frekvence 13,56 MHz), izdelano iz nekaj navitij, tiskanih, navitih, jedkanih ali luknjanih tuljav, lahko deluje brez vidna linija do razdalje 1,5 m (\u0161irina vrat). Baterija ni potrebna. Ko je pametna nalepka name\u0161\u010dena v polju spra\u0161evalne antene, hitri RF komunikacijski vmesnik omogo\u010da prenos podatkov do 53 kbit\/s.<\/p>\n<h3>Proti tr\u010denju<\/h3>\n<p>Inteligentna funkcija proti tr\u010denju omogo\u010da, da ve\u010d oznak deluje na polju hkrati. Algoritem za prepre\u010devanje trkov izbere vsako oznako posebej in zagotovi, da je izvedba transakcije z izbrano oznako izvedena pravilno brez po\u0161kodb podatkov, ki so posledica drugih oznak v polju.<\/p>\n<h3>Lastnosti<\/h3>\n<div id=\"featuresXsp\" class=\"features-list\">\n<div class=\"features-xsp\">\n<div class=\"collapse-mobile ste-list\">\n<h3>RF vmesnik ICODE SLIX (ISO\/IEC 15693)<\/h3>\n<ul class=\"boxes\">\n<li>Brezkontaktni prenos podatkov in dobava energije (brez baterije)<\/li>\n<li>Delovna razdalja: do 1,5 m (odvisno od geometrije antene)<\/li>\n<li>Delovna frekvenca: 13,56 MHz (ISM, svetovna licenca je prosto dostopna)<\/li>\n<li>Hiter prenos podatkov: do 53 kbit\/s<\/li>\n<li>Visoka celovitost podatkov: 16-bitni CRC, okvirjanje<\/li>\n<li>Prava za\u0161\u010dita pred tr\u010denjem<\/li>\n<li>Elektronski nadzor izdelkov (EAS), za\u0161\u010diten z geslom<\/li>\n<li>Z geslom za\u0161\u010diten identifikator dru\u017eine aplikacij (AFI)<\/li>\n<li>ID formata za shranjevanje podatkov (DSFID)<\/li>\n<li>Dodatno hitro branje proti trku<\/li>\n<li>Razdalja pisanja je enaka razdalji branja<\/li>\n<\/ul>\n<\/div>\n<div class=\"collapse-mobile ste-list\">\n<h3>EEPROM<\/h3>\n<ul class=\"boxes\">\n<li>1024 bitov, organiziranih v 32 blokih po 4 bajte<\/li>\n<li>50 let hrambe podatkov<\/li>\n<li>Napi\u0161ite vzdr\u017eljivost 100000 ciklov<\/li>\n<\/ul>\n<\/div>\n<div class=\"collapse-mobile ste-list\">\n<h3>Varnost<\/h3>\n<ul class=\"boxes\">\n<li>Enoli\u010dni identifikator za vsako napravo<\/li>\n<li>Mehanizem zaklepanja za vsak uporabni\u0161ki pomnilni\u0161ki blok (za\u0161\u010dita pred pisanjem)<\/li>\n<li>Zaklepni mehanizem za DSFID, AFI, EAS<\/li>\n<li>Z geslom (32-bitno) za\u0161\u010ditena funkcija EAS in AFI<\/li>\n<\/ul>\n<\/div>\n<\/div>\n<\/div>\n<\/div>\n<div class=\"magic-2\">\n<div class=\"auto-hide-last-sibling-br paragraph_1252f paragraph-element\">\n<p>&nbsp;<\/p>\n<div class=\"auto-hide-last-sibling-br paragraph_1252f paragraph-element\"><\/div>\n<div class=\"auto-hide-last-sibling-br paragraph_1252f paragraph-element\"><\/div>\n<\/div>\n<\/div>\n<\/div>\n<\/div>\n<\/div>","protected":false},"excerpt":{"rendered":"<p>Pametni gumb PPS NFC je zasnovan tako, da je robusten in vzdr\u017eljiv, popolnoma vodoodporen in odporen na vro\u010dino, pritisk in celo ostre kemikalije. Te oznake, ki se pona\u0161ajo s kompaktno zasnovo, imajo le 30 mm premera in 2,3 mm globine ter so oblikovane tako, da spominjajo na standardne gumbe. Ta oblika omogo\u010da, da jih enostavno vdelate v obla\u010dila tako kot obi\u010dajne gumbe.<\/p>","protected":false},"featured_media":166,"template":"","meta":{"_kad_post_transparent":"default","_kad_post_title":"","_kad_post_layout":"default","_kad_post_sidebar_id":"","_kad_post_content_style":"default","_kad_post_vertical_padding":"default","_kad_post_feature":"","_kad_post_feature_position":"","_kad_post_header":false,"_kad_post_footer":false,"_kad_post_classname":""},"product_brand":[],"product_cat":[21,17],"product_tag":[37,39,77,45],"class_list":{"0":"post-165","1":"product","2":"type-product","3":"status-publish","4":"has-post-thumbnail","6":"product_cat-pps-rfid-laundry-tag","7":"product_cat-nfc-rfid-laundry-tag","8":"product_tag-nfc-button","9":"product_tag-nfc-laundry-tag","10":"product_tag-pps-nfc-smart-button","11":"product_tag-pps-washable-nfc-tags","13":"first","14":"instock","15":"shipping-taxable","16":"product-type-simple","17":"entry","18":"content-bg","19":"loop-entry"},"_links":{"self":[{"href":"https:\/\/rfid-laundry-tag.com\/sl\/wp-json\/wp\/v2\/product\/165","targetHints":{"allow":["GET"]}}],"collection":[{"href":"https:\/\/rfid-laundry-tag.com\/sl\/wp-json\/wp\/v2\/product"}],"about":[{"href":"https:\/\/rfid-laundry-tag.com\/sl\/wp-json\/wp\/v2\/types\/product"}],"version-history":[{"count":0,"href":"https:\/\/rfid-laundry-tag.com\/sl\/wp-json\/wp\/v2\/product\/165\/revisions"}],"wp:featuredmedia":[{"embeddable":true,"href":"https:\/\/rfid-laundry-tag.com\/sl\/wp-json\/wp\/v2\/media\/166"}],"wp:attachment":[{"href":"https:\/\/rfid-laundry-tag.com\/sl\/wp-json\/wp\/v2\/media?parent=165"}],"wp:term":[{"taxonomy":"product_brand","embeddable":true,"href":"https:\/\/rfid-laundry-tag.com\/sl\/wp-json\/wp\/v2\/product_brand?post=165"},{"taxonomy":"product_cat","embeddable":true,"href":"https:\/\/rfid-laundry-tag.com\/sl\/wp-json\/wp\/v2\/product_cat?post=165"},{"taxonomy":"product_tag","embeddable":true,"href":"https:\/\/rfid-laundry-tag.com\/sl\/wp-json\/wp\/v2\/product_tag?post=165"}],"curies":[{"name":"delovni list","href":"https:\/\/api.w.org\/{rel}","templated":true}]}}