{"id":163,"date":"2024-06-15T11:55:44","date_gmt":"2024-06-15T11:55:44","guid":{"rendered":"https:\/\/rfid-laundry-tag.com\/?post_type=product&#038;p=163"},"modified":"2024-06-15T12:33:50","modified_gmt":"2024-06-15T12:33:50","slug":"laundry-tag-rfid-silicon","status":"publish","type":"product","link":"https:\/\/rfid-laundry-tag.com\/sl\/laundry-tag-rfid-silicon\/","title":{"rendered":"Oznaka za perilo RFID silicij"},"content":{"rendered":"<table style=\"font-family: var(--global-body-font-family);\" width=\"537\">\n<tbody>\n<tr>\n<td width=\"228\">Ime<\/td>\n<td width=\"309\">Oznaka za perilo RFID silicij<\/td>\n<\/tr>\n<tr>\n<td width=\"228\">Na\u010din<\/td>\n<td width=\"309\">SL-01<\/td>\n<\/tr>\n<tr>\n<td width=\"228\">Material<\/td>\n<td width=\"309\">Silikon<\/td>\n<\/tr>\n<tr>\n<td width=\"228\">barva<\/td>\n<td width=\"309\">Bela (ali po meri)<\/td>\n<\/tr>\n<tr>\n<td width=\"228\">Velikost<\/td>\n<td width=\"309\">55mm*12mm, 2,5mm debeline<\/td>\n<\/tr>\n<tr>\n<td width=\"228\">\u010dip<\/td>\n<td width=\"309\">915Mhz NXP U koda 9, Alien H3, H9 itd<\/td>\n<\/tr>\n<tr>\n<td width=\"228\">Delovna temperatura<\/td>\n<td width=\"309\">\u2013 25\u00baC do +75\u00baC<\/td>\n<\/tr>\n<tr>\n<td width=\"228\">Cikel pranja<\/td>\n<td width=\"309\">200-krat<\/td>\n<\/tr>\n<tr>\n<td width=\"228\">Vodotesen<\/td>\n<td width=\"309\">ja<\/td>\n<\/tr>\n<tr>\n<td width=\"228\">Kemi\u010dna odpornost<\/td>\n<td width=\"309\">ja<\/td>\n<\/tr>\n<\/tbody>\n<\/table>\n<p data-spm-anchor-id=\"a2700.details.0.i116.60201a70jOXdOd\">\n<p data-spm-anchor-id=\"a2700.details.0.i116.60201a70jOXdOd\"><strong>Uporaba:<\/strong><\/p>\n<ol class=\"auto-hide-last-sibling-br\">\n<li>\n<div class=\"auto-hide-last-sibling-br paragraph_1252f paragraph-element\">Pralne in ve\u010dkratne: Te oznake so izdelane tako, da prenesejo ve\u010d ciklov pranja, zaradi \u010desar so stro\u0161kovno u\u010dinkovita re\u0161itev za dolgoro\u010dno uporabo.<\/div>\n<\/li>\n<li>\n<div class=\"auto-hide-last-sibling-br paragraph_1252f paragraph-element\">Izdelani za te\u017eke pogoje pranja: posebej so zasnovani za prena\u0161anje te\u017ekih pogojev, v katerih poteka pranje perila.<\/div>\n<\/li>\n<li>\n<div class=\"auto-hide-last-sibling-br paragraph_1252f paragraph-element\">Odporne lastnosti: Te oznake so odporne na vlago, lahko prenesejo visoke temperature in so odporne na razli\u010dne kemikalije, kar zagotavlja nemoteno delovanje v razli\u010dnih pogojih.<\/div>\n<\/li>\n<li>\n<div class=\"auto-hide-last-sibling-br paragraph_1252f paragraph-element\">Okolju prijazen silikonski material: te oznake so izdelane iz okolju prijaznega silikona in so ne\u0161kodljive tako za \u010dlove\u0161ko telo kot za okolje, kar je v skladu z zavestno potro\u0161njo in trajnostnimi praksami.<\/div>\n<\/li>\n<li>\n<div class=\"auto-hide-last-sibling-br paragraph_1252f paragraph-element\">\u0160iroke uporabe: Te oznake je mogo\u010de priro\u010dno uporabljati za upravljanje obla\u010dil, izbolj\u0161anje varnostnih kontrol in optimizacijo delovanja v pralnicah (vklju\u010dno s pralnicami industrijskega razreda), kar zagotavlja vrhunsko u\u010dinkovitost in nadzor.<\/div>\n<\/li>\n<\/ol>\n<div class=\"auto-hide-last-sibling-br paragraph_1252f paragraph-element\">Silikonska RFID oznaka za perilo, ki deluje v frekven\u010dnem obmo\u010dju 860~960MHz, je posebej zasnovana tako, da vzdr\u017ei visoke temperature in mo\u010dne pritiske, zna\u010dilne za postopke \u010di\u0161\u010denja. Njegovo \u0161iroko uporabo je mogo\u010de najti v strogih okoljih, ki zahtevajo odpornost na visoko temperaturo, korozijo in obrabo, predvsem v pralnicah, industrijskih \u010distilnih postopkih in drugih.<\/div>\n<p>&nbsp;<\/p>\n<div class=\"auto-hide-last-sibling-br paragraph_1252f paragraph-element\">Te RFID oznake za perilo imajo edinstveno mo\u017enost brezhibne integracije v razli\u010dne tekstilne izdelke, vklju\u010dno s srajcami, delovnimi uniformami, posteljnim perilom in drugimi izdelki iz blaga. Kot taki ponujajo zmogljivo in u\u010dinkovito re\u0161itev za sledenje in upravljanje \u0161iroke palete tekstilnih izdelkov v razli\u010dnih panogah.<\/div>\n<p>&nbsp;<\/p>","protected":false},"excerpt":{"rendered":"<p>Silikonske oznake RFID za pranje perila se obi\u010dajno uporabljajo pri visoko intenzivnih operacijah, kot so procesi industrijskega pranja perila, upravljanje hotelskega perila in sledenje medicinskih uniform. Te oznake so znane po svoji prilagodljivosti in vzdr\u017eljivosti pri visokih temperaturah, zasnovane tako, da prenesejo ve\u010d kot 200 ciklov pranja, kar zagotavlja zanesljivo delovanje tudi v najzahtevnej\u0161ih pogojih.<\/p>","protected":false},"featured_media":164,"template":"","meta":{"_kad_post_transparent":"default","_kad_post_title":"","_kad_post_layout":"default","_kad_post_sidebar_id":"","_kad_post_content_style":"default","_kad_post_vertical_padding":"default","_kad_post_feature":"","_kad_post_feature_position":"","_kad_post_header":false,"_kad_post_footer":false,"_kad_post_classname":""},"product_brand":[],"product_cat":[20,16],"product_tag":[76,62,61],"class_list":{"0":"post-163","1":"product","2":"type-product","3":"status-publish","4":"has-post-thumbnail","6":"product_cat-silicone-rfid-laundry-tag","7":"product_cat-uhf-rfid-laundry-tags","8":"product_tag-laundry-tag-rfid-silicon","9":"product_tag-silicone-rfid-laundry-tag","10":"product_tag-silicone-washable-rfid-laundry-tag","12":"first","13":"instock","14":"shipping-taxable","15":"product-type-simple","16":"entry","17":"content-bg","18":"loop-entry"},"_links":{"self":[{"href":"https:\/\/rfid-laundry-tag.com\/sl\/wp-json\/wp\/v2\/product\/163","targetHints":{"allow":["GET"]}}],"collection":[{"href":"https:\/\/rfid-laundry-tag.com\/sl\/wp-json\/wp\/v2\/product"}],"about":[{"href":"https:\/\/rfid-laundry-tag.com\/sl\/wp-json\/wp\/v2\/types\/product"}],"version-history":[{"count":0,"href":"https:\/\/rfid-laundry-tag.com\/sl\/wp-json\/wp\/v2\/product\/163\/revisions"}],"wp:featuredmedia":[{"embeddable":true,"href":"https:\/\/rfid-laundry-tag.com\/sl\/wp-json\/wp\/v2\/media\/164"}],"wp:attachment":[{"href":"https:\/\/rfid-laundry-tag.com\/sl\/wp-json\/wp\/v2\/media?parent=163"}],"wp:term":[{"taxonomy":"product_brand","embeddable":true,"href":"https:\/\/rfid-laundry-tag.com\/sl\/wp-json\/wp\/v2\/product_brand?post=163"},{"taxonomy":"product_cat","embeddable":true,"href":"https:\/\/rfid-laundry-tag.com\/sl\/wp-json\/wp\/v2\/product_cat?post=163"},{"taxonomy":"product_tag","embeddable":true,"href":"https:\/\/rfid-laundry-tag.com\/sl\/wp-json\/wp\/v2\/product_tag?post=163"}],"curies":[{"name":"delovni list","href":"https:\/\/api.w.org\/{rel}","templated":true}]}}