{"id":161,"date":"2024-06-15T10:09:40","date_gmt":"2024-06-15T10:09:40","guid":{"rendered":"https:\/\/rfid-laundry-tag.com\/?post_type=product&#038;p=161"},"modified":"2024-08-14T15:50:57","modified_gmt":"2024-08-14T15:50:57","slug":"iso15693-rfid-reusable-laundry-tag","status":"publish","type":"product","link":"https:\/\/rfid-laundry-tag.com\/sl\/iso15693-rfid-reusable-laundry-tag\/","title":{"rendered":"ISO15693 RFID oznaka za perilo za ve\u010dkratno uporabo"},"content":{"rendered":"<div class=\"J_module\">\n<div class=\"ife-detail-decorate-table\">\n<table class=\"has-title all magic-6\">\n<tbody>\n<tr>\n<td colspan=\"1\" rowspan=\"1\">\n<div class=\"magic-7\" data-spm-anchor-id=\"a2700.details.0.i45.77607d98vZbcDU\"><span class=\"magic-8\" style=\"color: #363535;\">Ime izdelka<\/span><\/div>\n<\/td>\n<td colspan=\"1\" rowspan=\"1\">\n<div class=\"magic-9\">ISO15693 RFID oznaka za perilo za ve\u010dkratno uporabo<\/div>\n<\/td>\n<\/tr>\n<tr>\n<td colspan=\"1\" rowspan=\"1\">\n<div class=\"magic-7\"><span class=\"magic-10\" data-spm-anchor-id=\"a2700.pc-decorate.0.i10.28d333330XLbTD\"><span class=\"magic-8\">Material<\/span><\/span><\/div>\n<\/td>\n<td colspan=\"1\" rowspan=\"1\">\n<div class=\"magic-9\"><span class=\"magic-8\">PPS<\/span><\/div>\n<\/td>\n<\/tr>\n<tr>\n<td colspan=\"1\" rowspan=\"1\">\n<div class=\"magic-7\"><span class=\"magic-8\">barva<\/span><\/div>\n<\/td>\n<td colspan=\"1\" rowspan=\"1\">\n<div class=\"magic-9\"><span class=\"magic-8\">\u010crna itd<\/span><\/div>\n<\/td>\n<\/tr>\n<tr>\n<td colspan=\"1\" rowspan=\"1\">MOQ<\/td>\n<td colspan=\"1\" rowspan=\"1\">500 kosov<\/td>\n<\/tr>\n<tr>\n<td colspan=\"1\" rowspan=\"1\">\n<div class=\"magic-7\"><span class=\"magic-8\">Proizvajalec\/\u010dip<\/span><\/div>\n<\/td>\n<td colspan=\"1\" rowspan=\"1\">\n<div class=\"magic-9\"><span class=\"magic-8\">NXP I Code Slix ; druge mo\u017enosti: Ntag213, Ntag215, Ntag216, Mifare Ultralight ev1 itd.<\/span><\/div>\n<\/td>\n<\/tr>\n<tr>\n<td colspan=\"1\" rowspan=\"1\">\n<div class=\"magic-7\"><span class=\"magic-8\">Pogostost<\/span><\/div>\n<\/td>\n<td colspan=\"1\" rowspan=\"1\">\n<div class=\"magic-9\"><span class=\"magic-8\">13,56 MHz<\/span><\/div>\n<\/td>\n<\/tr>\n<tr>\n<td colspan=\"1\" rowspan=\"1\">\n<div class=\"magic-7\"><span class=\"magic-8\">Spomin<\/span><\/div>\n<\/td>\n<td colspan=\"1\" rowspan=\"1\">\n<div class=\"magic-9\"><span class=\"magic-8\">1k bajt; pomnilnik drugega \u010dipa: 144 bajtov, 504 bajtov, 888 bajtov, 64 bajtov itd.<\/span><\/div>\n<\/td>\n<\/tr>\n<tr>\n<td colspan=\"1\" rowspan=\"1\">\n<div class=\"magic-7\"><span class=\"magic-8\">Preberi Razdalja<\/span><\/div>\n<\/td>\n<td colspan=\"1\" rowspan=\"1\">\n<div class=\"magic-9\"><span class=\"magic-8\">1~5 cm<\/span><\/div>\n<\/td>\n<\/tr>\n<tr>\n<td colspan=\"1\" rowspan=\"1\">\n<div class=\"magic-7\"><span class=\"magic-8\">Na\u010din dela<\/span><\/div>\n<\/td>\n<td colspan=\"1\" rowspan=\"1\">\n<div class=\"magic-9\"><span class=\"magic-8\">pasivno<\/span><\/div>\n<\/td>\n<\/tr>\n<tr>\n<td colspan=\"1\" rowspan=\"1\">\n<div class=\"magic-7\"><span class=\"magic-8\">Delovna temperatura<\/span><\/div>\n<\/td>\n<td colspan=\"1\" rowspan=\"1\">\n<div class=\"magic-9\"><span class=\"magic-8\">-25 \u2103 ~ +110 \u2103<\/span><\/div>\n<\/td>\n<\/tr>\n<tr>\n<td colspan=\"1\" rowspan=\"1\">\n<div class=\"magic-7\"><span class=\"magic-8\">Temperatura shranjevanja<\/span><\/div>\n<\/td>\n<td colspan=\"1\" rowspan=\"1\">\n<div class=\"magic-9\"><span class=\"magic-8\">-40\u2103~+85\u2103<\/span><\/div>\n<\/td>\n<\/tr>\n<tr>\n<td colspan=\"1\" rowspan=\"1\">\n<div class=\"magic-7\">\n<div><span class=\"magic-8\">\u00a0<\/span><\/div>\n<p><span class=\"magic-8\">Kratkotrajna temperaturna odpornost<\/span><\/p>\n<\/div>\n<\/td>\n<td colspan=\"1\" rowspan=\"1\">\n<div class=\"magic-9\"><span class=\"magic-8\">pranje: 90\u2103, 15 minut; predsu\u0161enje v pretvorniku: 180 \u2103, 30 minut, 200-krat; likanje: 180 \u2103, 10 sekund, 200-krat; visoka<br \/>\ntemperatura sterilizacije: 135 \u2103, 20 minut<\/span><\/div>\n<\/td>\n<\/tr>\n<tr>\n<td colspan=\"1\" rowspan=\"1\">\n<div class=\"magic-7\"><span class=\"magic-8\">Lastnosti<\/span><\/div>\n<\/td>\n<td colspan=\"1\" rowspan=\"1\">\n<div class=\"magic-9\"><span class=\"magic-8\">vodoodporen, pralen, odporen na visoke temperature<\/span><\/div>\n<\/td>\n<\/tr>\n<tr>\n<td colspan=\"1\" rowspan=\"1\">\n<div class=\"magic-7\"><span class=\"magic-8\">\u017eivljenje<\/span><\/div>\n<\/td>\n<td colspan=\"1\" rowspan=\"1\">\n<div class=\"magic-9\"><span class=\"magic-8\">200-kratno pranje ali 3 leta<\/span><\/div>\n<\/td>\n<\/tr>\n<tr>\n<td colspan=\"1\" rowspan=\"1\">\n<div class=\"magic-7\"><span class=\"magic-8\">Aplikacije<\/span><\/div>\n<\/td>\n<td colspan=\"1\" rowspan=\"1\">\n<div class=\"magic-9\"><span class=\"magic-8\">upravljanje in sledenje pranju<\/span><\/div>\n<\/td>\n<\/tr>\n<\/tbody>\n<\/table>\n<\/div>\n<\/div>\n<div class=\"J_module\">\n<div class=\"detail-decorate-json-renderer-container\">\n<div class=\"magic-1\">\n<div>\n<div><\/div>\n<\/div>\n<div class=\"magic-2\">\n<div class=\"auto-hide-last-sibling-br paragraph_1252f paragraph-element\">\n<div class=\"auto-hide-last-sibling-br paragraph_1252f paragraph-element\">\n<div class=\"auto-hide-last-sibling-br paragraph_1252f paragraph-element\">Ko podjetje ugotovi, da lahko sistem za sledenje perila NFC ponudi pomembne prednosti, je naslednji ukrep izbira ustrezne oznake za perilo ISO15693 RFID za ve\u010dkratno uporabo. Oznako NFC Laundry, natan\u010dneje PPS-I Code Slix, je mogo\u010de v\u0161iti v katero koli obla\u010dilo, tako da so funkcije NFC ali UHF dostopne ne glede na lokacijo.<\/div>\n<p>&nbsp;<\/p>\n<div class=\"auto-hide-last-sibling-br paragraph_1252f paragraph-element\">Oznaka za perilo ISO15693 RFID za ve\u010dkratno uporabo se uporablja v \u0161tevilnih aplikacijah, kot so:<\/div>\n<ul class=\"auto-hide-last-sibling-br\">\n<li>Postopki industrijskega pranja<\/li>\n<li>Enotna administracija<\/li>\n<li>Nadzor medicinske obleke<\/li>\n<li>Upravljanje obla\u010dil z osebno za\u0161\u010ditno opremo (OZO).<\/li>\n<li>Operacije nadzora osebja<\/li>\n<li>Upravljanje gasilske opreme<\/li>\n<li>Nadzor smu\u010darske opreme.<\/li>\n<\/ul>\n<div class=\"auto-hide-last-sibling-br paragraph_1252f paragraph-element\">The<strong> ICODE SLI pasivna visokofrekven\u010dna oznaka RFID<\/strong> je kot nala\u0161\u010d za naloge, kot so procesi pranja perila, pospe\u0161evanje dobavne verige, urejanje zalog, sledenje sredstvi in nadzor procesov. Ta oznaka za perilo RFID, izdelana tako, da vzdr\u017ei obremenitve likanja z vrtljivim strojem, je odporna tudi na visok pritisk, vro\u010dino in kemikalije, kot je potrebno pri brezkontaktnem sledenju obla\u010dil v tekstilni in pralni industriji.<\/div>\n<p>&nbsp;<\/p>\n<div class=\"auto-hide-last-sibling-br paragraph_1252f paragraph-element\">Enostavna namestitev na katero koli tkanino je mogo\u010da s standardnim strojem za toplotno varjenje. Znotraj fleksibilnega tekstilnega ohi\u0161ja je kompakten brezkontaktni \u010dip, ki zagotavlja ve\u010djo odpornost na povi\u0161ane temperature in razli\u010dne intenzivne metode \u010di\u0161\u010denja, vklju\u010dno s postopki kemi\u010dnega \u010di\u0161\u010denja.<\/div>\n<p>&nbsp;<\/p>\n<div class=\"auto-hide-last-sibling-br paragraph_1252f paragraph-element\">Ta robustna oznaka za perilo RFID, ki dokazuje svojo vsestranskost, je zdru\u017eljiva z nizkofrekven\u010dnimi (LF) in ultravisokofrekven\u010dnimi (UHF) RFID frekvencami. Njegove prilagodljive razli\u010dice vklju\u010dujejo 125 KHz Passive RFID Laundry Tag za nizkofrekven\u010dne operacije in 860 do 960 MHz Gen 2 Laundry Tag za ultravisokofrekven\u010dne interakcije.<\/div>\n<\/div>\n<div><\/div>\n<\/div>\n<\/div>\n<div>\n<p>The <strong>ICODE SLIX IC<\/strong> je namenski \u010dip za aplikacije inteligentnih nalepk, kot so knji\u017enice, preverjanje pristnosti izdelkov v razli\u010dnih panogah, kot so farmacija, medicinske naprave in alkohol, ter upravljanje proizvodnje na razli\u010dnih podro\u010djih industrije. Ta IC je tretja generacija dru\u017eine izdelkov IC-jev s pametnimi nalepkami, ki temelji na standardih ISO ISO\/IEC 15693 in ISO\/IEC 18000-3, ter podalj\u0161uje uspe\u0161no zgodbo NXP.<sup>\u00ae<\/sup>\u00a0na podro\u010dju sistemov za identifikacijo okolice.<\/p>\n<h3>Brezkontaktni prenos energije in podatkov<\/h3>\n<p>Kadarkoli je ICODE SLIX IC povezan z zelo preprostim in enostavnim tipom antene (zaradi nosilne frekvence 13,56 MHz), izdelano iz nekaj navitij, tiskanih, navitih, jedkanih ali luknjanih tuljav, lahko deluje brez vidna linija do razdalje 1,5 m (\u0161irina vrat). Baterija ni potrebna. Ko je pametna nalepka name\u0161\u010dena v polju spra\u0161evalne antene, hitri RF komunikacijski vmesnik omogo\u010da prenos podatkov do 53 kbit\/s.<\/p>\n<h3>Proti tr\u010denju<\/h3>\n<p>Inteligentna funkcija proti tr\u010denju omogo\u010da, da ve\u010d oznak deluje na polju hkrati. Algoritem za prepre\u010devanje trkov izbere vsako oznako posebej in zagotovi, da je izvedba transakcije z izbrano oznako izvedena pravilno brez po\u0161kodb podatkov, ki so posledica drugih oznak v polju.<\/p>\n<h3>Lastnosti<\/h3>\n<div id=\"featuresXsp\" class=\"features-list\">\n<div class=\"features-xsp\">\n<div class=\"collapse-mobile ste-list\">\n<h3>RF vmesnik ICODE SLIX (ISO\/IEC 15693)<\/h3>\n<ul class=\"boxes\">\n<li>Brezkontaktni prenos podatkov in dobava energije (brez baterije)<\/li>\n<li>Delovna razdalja: do 1,5 m (odvisno od geometrije antene)<\/li>\n<li>Delovna frekvenca: 13,56 MHz (ISM, svetovna licenca je prosto dostopna)<\/li>\n<li>Hiter prenos podatkov: do 53 kbit\/s<\/li>\n<li>Visoka celovitost podatkov: 16-bitni CRC, okvirjanje<\/li>\n<li>Prava za\u0161\u010dita pred tr\u010denjem<\/li>\n<li>Elektronski nadzor izdelkov (EAS), za\u0161\u010diten z geslom<\/li>\n<li>Z geslom za\u0161\u010diten identifikator dru\u017eine aplikacij (AFI)<\/li>\n<li>ID formata za shranjevanje podatkov (DSFID)<\/li>\n<li>Dodatno hitro branje proti trku<\/li>\n<li>Razdalja pisanja je enaka razdalji branja<\/li>\n<\/ul>\n<\/div>\n<div class=\"collapse-mobile ste-list\">\n<h3>EEPROM<\/h3>\n<ul class=\"boxes\">\n<li>1024 bitov, organiziranih v 32 blokih po 4 bajte<\/li>\n<li>50 let hrambe podatkov<\/li>\n<li>Napi\u0161ite vzdr\u017eljivost 100000 ciklov<\/li>\n<\/ul>\n<\/div>\n<div class=\"collapse-mobile ste-list\">\n<h3>Varnost<\/h3>\n<ul class=\"boxes\">\n<li>Enoli\u010dni identifikator za vsako napravo<\/li>\n<li>Mehanizem zaklepanja za vsak uporabni\u0161ki pomnilni\u0161ki blok (za\u0161\u010dita pred pisanjem)<\/li>\n<li>Zaklepni mehanizem za DSFID, AFI, EAS<\/li>\n<li>Z geslom (32-bitno) za\u0161\u010ditena funkcija EAS in AFI<\/li>\n<\/ul>\n<\/div>\n<\/div>\n<\/div>\n<\/div>\n<div class=\"magic-2\">\n<div class=\"auto-hide-last-sibling-br paragraph_1252f paragraph-element\">\n<p>&nbsp;<\/p>\n<div class=\"auto-hide-last-sibling-br paragraph_1252f paragraph-element\"><\/div>\n<div class=\"auto-hide-last-sibling-br paragraph_1252f paragraph-element\"><\/div>\n<\/div>\n<\/div>\n<\/div>\n<\/div>\n<\/div>","protected":false},"excerpt":{"rendered":"<p>Oznaka za perilo ISO15693 RFID, odporna na visoke temperature, je izdelana iz visoko zmogljivega PPS materiala, ki udobno prenese povi\u0161ane temperature.<\/p>","protected":false},"featured_media":162,"template":"","meta":{"_kad_post_transparent":"default","_kad_post_title":"","_kad_post_layout":"default","_kad_post_sidebar_id":"","_kad_post_content_style":"default","_kad_post_vertical_padding":"default","_kad_post_feature":"","_kad_post_feature_position":"","_kad_post_header":false,"_kad_post_footer":false,"_kad_post_classname":""},"product_brand":[],"product_cat":[21,17],"product_tag":[75,37,39,45],"class_list":{"0":"post-161","1":"product","2":"type-product","3":"status-publish","4":"has-post-thumbnail","6":"product_cat-pps-rfid-laundry-tag","7":"product_cat-nfc-rfid-laundry-tag","8":"product_tag-iso15693-rfid-reusable-laundry-tag","9":"product_tag-nfc-button","10":"product_tag-nfc-laundry-tag","11":"product_tag-pps-washable-nfc-tags","13":"first","14":"instock","15":"shipping-taxable","16":"product-type-simple","17":"entry","18":"content-bg","19":"loop-entry"},"_links":{"self":[{"href":"https:\/\/rfid-laundry-tag.com\/sl\/wp-json\/wp\/v2\/product\/161","targetHints":{"allow":["GET"]}}],"collection":[{"href":"https:\/\/rfid-laundry-tag.com\/sl\/wp-json\/wp\/v2\/product"}],"about":[{"href":"https:\/\/rfid-laundry-tag.com\/sl\/wp-json\/wp\/v2\/types\/product"}],"version-history":[{"count":1,"href":"https:\/\/rfid-laundry-tag.com\/sl\/wp-json\/wp\/v2\/product\/161\/revisions"}],"predecessor-version":[{"id":1301,"href":"https:\/\/rfid-laundry-tag.com\/sl\/wp-json\/wp\/v2\/product\/161\/revisions\/1301"}],"wp:featuredmedia":[{"embeddable":true,"href":"https:\/\/rfid-laundry-tag.com\/sl\/wp-json\/wp\/v2\/media\/162"}],"wp:attachment":[{"href":"https:\/\/rfid-laundry-tag.com\/sl\/wp-json\/wp\/v2\/media?parent=161"}],"wp:term":[{"taxonomy":"product_brand","embeddable":true,"href":"https:\/\/rfid-laundry-tag.com\/sl\/wp-json\/wp\/v2\/product_brand?post=161"},{"taxonomy":"product_cat","embeddable":true,"href":"https:\/\/rfid-laundry-tag.com\/sl\/wp-json\/wp\/v2\/product_cat?post=161"},{"taxonomy":"product_tag","embeddable":true,"href":"https:\/\/rfid-laundry-tag.com\/sl\/wp-json\/wp\/v2\/product_tag?post=161"}],"curies":[{"name":"delovni list","href":"https:\/\/api.w.org\/{rel}","templated":true}]}}