{"id":159,"date":"2024-06-15T08:13:31","date_gmt":"2024-06-15T08:13:31","guid":{"rendered":"https:\/\/rfid-laundry-tag.com\/?post_type=product&#038;p=159"},"modified":"2024-08-14T16:18:47","modified_gmt":"2024-08-14T16:18:47","slug":"nfc-laundry-token-ntag216","status":"publish","type":"product","link":"https:\/\/rfid-laundry-tag.com\/sl\/nfc-laundry-token-ntag216\/","title":{"rendered":"\u017deton za pranje perila NFC-NTAG216"},"content":{"rendered":"<div class=\"J_module\">\n<div class=\"ife-detail-decorate-table\">\n<table class=\"has-title all magic-6\">\n<tbody>\n<tr>\n<td colspan=\"1\" rowspan=\"1\">\n<div class=\"magic-7\" data-spm-anchor-id=\"a2700.details.0.i45.77607d98vZbcDU\"><span class=\"magic-8\" style=\"color: #363535;\">Ime izdelka<\/span><\/div>\n<\/td>\n<td colspan=\"1\" rowspan=\"1\">\n<div class=\"magic-9\">\u017deton za pranje perila NFC \u2013 NTAG216<\/div>\n<\/td>\n<\/tr>\n<tr>\n<td colspan=\"1\" rowspan=\"1\">\n<div class=\"magic-7\"><span class=\"magic-10\" data-spm-anchor-id=\"a2700.pc-decorate.0.i10.28d333330XLbTD\"><span class=\"magic-8\">Material<\/span><\/span><\/div>\n<\/td>\n<td colspan=\"1\" rowspan=\"1\">\n<div class=\"magic-9\"><span class=\"magic-8\">PPS<\/span><\/div>\n<\/td>\n<\/tr>\n<tr>\n<td colspan=\"1\" rowspan=\"1\">\n<div class=\"magic-7\"><span class=\"magic-8\">barva<\/span><\/div>\n<\/td>\n<td colspan=\"1\" rowspan=\"1\">\n<div class=\"magic-9\"><span class=\"magic-8\">\u010crna, rumena itd<\/span><\/div>\n<\/td>\n<\/tr>\n<tr>\n<td colspan=\"1\" rowspan=\"1\">MOQ<\/td>\n<td colspan=\"1\" rowspan=\"1\">500 kosov<\/td>\n<\/tr>\n<tr>\n<td colspan=\"1\" rowspan=\"1\">\n<div class=\"magic-7\"><span class=\"magic-8\">Proizvajalec\/\u010dip<\/span><\/div>\n<\/td>\n<td colspan=\"1\" rowspan=\"1\">\n<div class=\"magic-9\"><span class=\"magic-8\">NXP Ntag213, Ntag215, Ntag216, Mifare Ultralight ev1 itd.<\/span><\/div>\n<\/td>\n<\/tr>\n<tr>\n<td colspan=\"1\" rowspan=\"1\">\n<div class=\"magic-7\"><span class=\"magic-8\">Pogostost<\/span><\/div>\n<\/td>\n<td colspan=\"1\" rowspan=\"1\">\n<div class=\"magic-9\"><span class=\"magic-8\">13,56 MHz<\/span><\/div>\n<\/td>\n<\/tr>\n<tr>\n<td colspan=\"1\" rowspan=\"1\">\n<div class=\"magic-7\"><span class=\"magic-8\">Spomin<\/span><\/div>\n<\/td>\n<td colspan=\"1\" rowspan=\"1\">\n<div class=\"magic-9\"><span class=\"magic-8\">144 bajtov, 504 bajtov, 888 bajtov, 64 bajtov itd<\/span><\/div>\n<\/td>\n<\/tr>\n<tr>\n<td colspan=\"1\" rowspan=\"1\">\n<div class=\"magic-7\"><span class=\"magic-8\">Preberi Razdalja<\/span><\/div>\n<\/td>\n<td colspan=\"1\" rowspan=\"1\">\n<div class=\"magic-9\"><span class=\"magic-8\">1~5 cm<\/span><\/div>\n<\/td>\n<\/tr>\n<tr>\n<td colspan=\"1\" rowspan=\"1\">\n<div class=\"magic-7\"><span class=\"magic-8\">Na\u010din dela<\/span><\/div>\n<\/td>\n<td colspan=\"1\" rowspan=\"1\">\n<div class=\"magic-9\"><span class=\"magic-8\">pasivno<\/span><\/div>\n<\/td>\n<\/tr>\n<tr>\n<td colspan=\"1\" rowspan=\"1\">\n<div class=\"magic-7\"><span class=\"magic-8\">Delovna temperatura<\/span><\/div>\n<\/td>\n<td colspan=\"1\" rowspan=\"1\">\n<div class=\"magic-9\"><span class=\"magic-8\">-25 \u2103 ~ +110 \u2103<\/span><\/div>\n<\/td>\n<\/tr>\n<tr>\n<td colspan=\"1\" rowspan=\"1\">\n<div class=\"magic-7\"><span class=\"magic-8\">Temperatura shranjevanja<\/span><\/div>\n<\/td>\n<td colspan=\"1\" rowspan=\"1\">\n<div class=\"magic-9\"><span class=\"magic-8\">-40\u2103~+85\u2103<\/span><\/div>\n<\/td>\n<\/tr>\n<tr>\n<td colspan=\"1\" rowspan=\"1\">\n<div class=\"magic-7\">\n<div><span class=\"magic-8\">\u00a0<\/span><\/div>\n<p><span class=\"magic-8\">Kratkotrajna temperaturna odpornost<\/span><\/p>\n<\/div>\n<\/td>\n<td colspan=\"1\" rowspan=\"1\">\n<div class=\"magic-9\"><span class=\"magic-8\">pranje: 90\u2103, 15 minut; predsu\u0161enje v pretvorniku: 180 \u2103, 30 minut, 200-krat; likanje: 180 \u2103, 10 sekund, 200-krat; visoka<br \/>\ntemperatura sterilizacije: 135 \u2103, 20 minut<\/span><\/div>\n<\/td>\n<\/tr>\n<tr>\n<td colspan=\"1\" rowspan=\"1\">\n<div class=\"magic-7\"><span class=\"magic-8\">Lastnosti<\/span><\/div>\n<\/td>\n<td colspan=\"1\" rowspan=\"1\">\n<div class=\"magic-9\"><span class=\"magic-8\">vodoodporen, pralen, odporen na visoke temperature<\/span><\/div>\n<\/td>\n<\/tr>\n<tr>\n<td colspan=\"1\" rowspan=\"1\">\n<div class=\"magic-7\"><span class=\"magic-8\">\u017eivljenje<\/span><\/div>\n<\/td>\n<td colspan=\"1\" rowspan=\"1\">\n<div class=\"magic-9\"><span class=\"magic-8\">200-kratno pranje ali 3 leta<\/span><\/div>\n<\/td>\n<\/tr>\n<tr>\n<td colspan=\"1\" rowspan=\"1\">\n<div class=\"magic-7\"><span class=\"magic-8\">Aplikacije<\/span><\/div>\n<\/td>\n<td colspan=\"1\" rowspan=\"1\">\n<div class=\"magic-9\"><span class=\"magic-8\">upravljanje in sledenje pranju<\/span><\/div>\n<\/td>\n<\/tr>\n<\/tbody>\n<\/table>\n<\/div>\n<\/div>\n<div class=\"J_module\">\n<div class=\"detail-decorate-json-renderer-container\">\n<div class=\"magic-1\">\n<div>\n<div><\/div>\n<\/div>\n<div class=\"magic-2\">\n<div class=\"auto-hide-last-sibling-br paragraph_1252f paragraph-element\">\n<div class=\"auto-hide-last-sibling-br paragraph_1252f paragraph-element\">\n<p>NTAG 213, NTAG 215 in NTAG 216 je razvil NXP<sup>\u00ae<\/sup>\u00a0Polprevodniki kot standardni IC-ji z oznakami NFC za uporabo v aplikacijah mno\u017ei\u010dnega trga, kot so trgovina na drobno, igre na sre\u010do in potro\u0161ni\u0161ka elektronika, v kombinaciji z napravami NFC ali napravami za bli\u017einsko spajanje, ki so zdru\u017eljive z NFC. NTAG 213, NTAG 215 in NTAG 216 (odslej na splo\u0161no imenovani NTAG 21x) so zasnovani tako, da popolnoma ustrezajo NFC Forum Type 2 Tag in specifikacijam ISO\/IEC14443 Type A.<\/p>\n<p>Ciljne aplikacije vklju\u010dujejo pametno ogla\u0161evanje zunaj doma in tiskanih medijev, aplikacije SoLoMo, preverjanje pristnosti izdelkov, oznake na policah NFC in oznake mobilnih spremljevalcev.<\/p>\n<p>Primeri ciljne uporabe vklju\u010dujejo pametno ogla\u0161evanje zunaj doma, preverjanje pristnosti izdelkov, mobilne spremljevalne oznake, Bluetooth<sup>\u00ae<\/sup>\u00a0ali zdru\u017eevanje Wi-Fi, elektronske nalepke na policah in vizitke. Pomnilnik NTAG 21x je mogo\u010de tudi segmentirati za izvajanje ve\u010d aplikacij hkrati.<\/p>\n<p>Zahvaljujo\u010d visoki vhodni kapacitivnosti so NTAG 21x tag IC posebej prilagojeni za aplikacije, ki zahtevajo majhno povr\u0161ino, brez kompromisov pri zmogljivosti. Majhne oznake NFC je mogo\u010de la\u017eje vdelati v npr. oznake izdelkov ali elektronske naprave.<\/p>\n<p>Mehanske in elektri\u010dne specifikacije NTAG 21x so prilagojene zahtevam proizvajalcev vlo\u017ekov in oznak.<\/p>\n<h3>Brezkontaktni prenos energije in podatkov<\/h3>\n<p>Komunikacijo z NTAG 21x je mogo\u010de vzpostaviti samo, \u010de je IC priklju\u010den na anteno.<\/p>\n<p>Ko je NTAG 21x name\u0161\u010den v RF polju, hitri RF komunikacijski vmesnik omogo\u010da prenos podatkov s hitrostjo prenosa 106 kbit\/s.<\/p>\n<h3>Enostavna namestitev in udobje za uporabnika<\/h3>\n<p>NTAG 21x ponuja posebne funkcije, namenjene izbolj\u0161anju integracije in priro\u010dnosti za uporabnike:<\/p>\n<ul>\n<li>Zmo\u017enost hitrega branja omogo\u010da skeniranje celotnega sporo\u010dila NDEF s samo enim ukazom FAST_READ, s \u010dimer se zmanj\u0161ajo stro\u0161ki v proizvodnih okoljih z visoko zmogljivostjo<\/li>\n<li>Izbolj\u0161ana RF zmogljivost omogo\u010da ve\u010djo prilagodljivost pri izbiri oblike, dimenzije in materialov<\/li>\n<li>Mo\u017enost za 75 \u03bcm debeline IC omogo\u010da izdelavo ultratankih oznak za bolj priro\u010dno integracijo v npr. revije ali igralne kartice<\/li>\n<\/ul>\n<h3>Varnost<\/h3>\n<ul>\n<li>Proizvajalec je programiral 7-bajtni UID za vsako napravo<\/li>\n<li>Vsebnik vnaprej programiranih zmogljivosti z enkratno programabilnimi biti<\/li>\n<li>Funkcija zaklepanja samo za branje, ki jo je mogo\u010de programirati na terenu<\/li>\n<li>Podpis izvirnosti na podlagi ECC<\/li>\n<li>32-bitna za\u0161\u010dita z geslom za prepre\u010devanje nepoobla\u0161\u010denih operacij pomnilnika<\/li>\n<\/ul>\n<h3>NFC Forum Tag 2 Skladnost s tipom<\/h3>\n<p>NTAG 21x IC zagotavlja popolno skladnost s tehni\u010dnimi specifikacijami NFC Forum Tag 2 Type in omogo\u010da konfiguracije podatkovne strukture NDEF.<\/p>\n<h3>Proti tr\u010denju<\/h3>\n<p>Inteligentna funkcija proti tr\u010denju omogo\u010da isto\u010dasno upravljanje ve\u010d kot ene oznake na polju. Algoritem za prepre\u010devanje trkov izbere vsako oznako posebej in zagotovi, da se izvr\u0161itev transakcije z izbrano oznako izvede pravilno brez motenj druge oznake v polju.<\/p>\n<h3>Lastnosti<\/h3>\n<div id=\"featuresXsp\" class=\"features-list toggle-opacity in\">\n<div class=\"features-xsp\">\n<div class=\"collapse-mobile ste-list-ul\">\n<ul class=\"boxes\">\n<li>Brezkontaktni prenos podatkov in dobava energije<\/li>\n<li>Delovna frekvenca 13,56 MHz<\/li>\n<li>Prenos podatkov 106 kbit\/s<\/li>\n<li>Celovitost podatkov 16-bitnega CRC, pariteta, bitno kodiranje, \u0161tetje bitov<\/li>\n<li>Delovna razdalja do 100 mm (odvisno od razli\u010dnih parametrov, kot npr. jakost polja in geometrija antene)<\/li>\n<li>7-bajtna serijska \u0161tevilka (kaskadna raven 2 v skladu z ISO\/IEC 14443-3)<\/li>\n<li>UID ASCII ogledalo za samodejno serializacijo sporo\u010dil NDEF<\/li>\n<li>Samodejni \u0161tevec NFC, ki se spro\u017ei ob ukazu za branje<\/li>\n<li>ASCII zrcalo \u0161tevca NFC za samodejno dodajanje vrednosti \u0161tevca NFC v sporo\u010dilo NDEF<\/li>\n<li>Podpis izvirnosti na podlagi ECC<\/li>\n<li>Ukaz za hitro branje<\/li>\n<li>Prava za\u0161\u010dita pred tr\u010denjem<\/li>\n<li>50 pF vhodne kapacitivnosti<\/li>\n<\/ul>\n<\/div>\n<div class=\"collapse-mobile ste-list-ul\">\n<ul class=\"boxes\">\n<li>180, 540 ali 924 bajtov, organiziranih v 45, 135 ali 231 straneh s 4 bajti na stran<\/li>\n<li>144, 504 ali 888 bajtov, prosto dostopno uporabni\u0161ko obmo\u010dje za branje\/pisanje (36, 126 ali 222 strani)<\/li>\n<li>4-bajtni vsebnik inicializirane zmogljivosti z enkratnimi programabilnimi dostopnimi biti<\/li>\n<li>Programirana funkcija zaklepanja samo za branje na stran za prvih 16 strani<\/li>\n<li>Funkcija zaklepanja samo za branje, ki jo je mogo\u010de programirati na terenu, nad prvimi 16 stranmi na dvojno stran za NTAG 213 ali na 16 strani za NTAG 215 in NTAG 216<\/li>\n<li>Nastavljiva za\u0161\u010dita z geslom z izbirno omejitvijo neuspe\u0161nih poskusov<\/li>\n<li>Podpora proti trganju za vsebnik zmogljivosti (CC) in klju\u010davnice<\/li>\n<li>ECC podpira preverjanje izvirnosti<\/li>\n<li>\u010cas hrambe podatkov 10 let<\/li>\n<li>Napi\u0161ite vzdr\u017eljivost 100.000 ciklov<\/li>\n<\/ul>\n<\/div>\n<\/div>\n<\/div>\n<\/div>\n<p>&nbsp;<\/p>\n<div class=\"auto-hide-last-sibling-br paragraph_1252f paragraph-element\"><\/div>\n<div class=\"auto-hide-last-sibling-br paragraph_1252f paragraph-element\"><\/div>\n<\/div>\n<\/div>\n<\/div>\n<\/div>\n<\/div>","protected":false},"excerpt":{"rendered":"<p>NFC Laundry Token-NTAG216, znan tudi kot PPS pralne oznake NFC, so izdelane za situacije, ki zahtevajo robustno oznako, ki je sposobna obvladati te\u017eka delovna okolja.<\/p>","protected":false},"featured_media":160,"template":"","meta":{"_kad_post_transparent":"default","_kad_post_title":"","_kad_post_layout":"default","_kad_post_sidebar_id":"","_kad_post_content_style":"default","_kad_post_vertical_padding":"default","_kad_post_feature":"","_kad_post_feature_position":"","_kad_post_header":false,"_kad_post_footer":false,"_kad_post_classname":""},"product_brand":[],"product_cat":[21,17],"product_tag":[37,74,42,45],"class_list":{"0":"post-159","1":"product","2":"type-product","3":"status-publish","4":"has-post-thumbnail","6":"product_cat-pps-rfid-laundry-tag","7":"product_cat-nfc-rfid-laundry-tag","8":"product_tag-nfc-button","9":"product_tag-nfc-laundry-token-ntag216","10":"product_tag-pps-nfc-laundry-tag","11":"product_tag-pps-washable-nfc-tags","13":"first","14":"instock","15":"shipping-taxable","16":"product-type-simple","17":"entry","18":"content-bg","19":"loop-entry"},"_links":{"self":[{"href":"https:\/\/rfid-laundry-tag.com\/sl\/wp-json\/wp\/v2\/product\/159","targetHints":{"allow":["GET"]}}],"collection":[{"href":"https:\/\/rfid-laundry-tag.com\/sl\/wp-json\/wp\/v2\/product"}],"about":[{"href":"https:\/\/rfid-laundry-tag.com\/sl\/wp-json\/wp\/v2\/types\/product"}],"version-history":[{"count":1,"href":"https:\/\/rfid-laundry-tag.com\/sl\/wp-json\/wp\/v2\/product\/159\/revisions"}],"predecessor-version":[{"id":1317,"href":"https:\/\/rfid-laundry-tag.com\/sl\/wp-json\/wp\/v2\/product\/159\/revisions\/1317"}],"wp:featuredmedia":[{"embeddable":true,"href":"https:\/\/rfid-laundry-tag.com\/sl\/wp-json\/wp\/v2\/media\/160"}],"wp:attachment":[{"href":"https:\/\/rfid-laundry-tag.com\/sl\/wp-json\/wp\/v2\/media?parent=159"}],"wp:term":[{"taxonomy":"product_brand","embeddable":true,"href":"https:\/\/rfid-laundry-tag.com\/sl\/wp-json\/wp\/v2\/product_brand?post=159"},{"taxonomy":"product_cat","embeddable":true,"href":"https:\/\/rfid-laundry-tag.com\/sl\/wp-json\/wp\/v2\/product_cat?post=159"},{"taxonomy":"product_tag","embeddable":true,"href":"https:\/\/rfid-laundry-tag.com\/sl\/wp-json\/wp\/v2\/product_tag?post=159"}],"curies":[{"name":"delovni list","href":"https:\/\/api.w.org\/{rel}","templated":true}]}}