{"id":145,"date":"2024-06-14T10:04:26","date_gmt":"2024-06-14T10:04:26","guid":{"rendered":"https:\/\/rfid-laundry-tag.com\/?post_type=product&#038;p=145"},"modified":"2024-09-08T04:26:06","modified_gmt":"2024-09-08T04:26:06","slug":"uhf-rfid-textile-label","status":"publish","type":"product","link":"https:\/\/rfid-laundry-tag.com\/sl\/uhf-rfid-textile-label\/","title":{"rendered":"UHF RFID tekstilna nalepka"},"content":{"rendered":"<div>\n<div class=\"auto-hide-last-sibling-br paragraph_1252f paragraph-element\">\n<table width=\"637\">\n<tbody>\n<tr>\n<td width=\"328\">Ime predmeta:<\/td>\n<td width=\"309\">UHF RFID tekstilna nalepka<\/td>\n<\/tr>\n<tr>\n<td width=\"328\">Standard RFID:<\/td>\n<td width=\"309\">ISO\/IEC 18000-6 TypeC (EPC Gen2)<\/td>\n<\/tr>\n<tr>\n<td width=\"328\">Velikost in te\u017ea:<\/td>\n<td width=\"309\">70\u00d715 mm, 0,6g<\/td>\n<\/tr>\n<tr>\n<td width=\"328\">Vrsta \u010dipa:<\/td>\n<td width=\"309\">Impinj Monza 4QT,NXP U KODA 8\uff0cNXP U KODA 9<\/td>\n<\/tr>\n<tr>\n<td width=\"328\">Pomnilnik EPC:<\/td>\n<td width=\"309\">128 bitov<\/td>\n<\/tr>\n<tr>\n<td width=\"328\">Uporabni\u0161ki pomnilnik:<\/td>\n<td width=\"309\">512 bitov<\/td>\n<\/tr>\n<tr>\n<td width=\"328\">Razpon branja (2W ERP FCC):<\/td>\n<td width=\"309\">8m<\/td>\n<\/tr>\n<tr>\n<td width=\"328\">Razpon branja (2W ERP ETSI):<\/td>\n<td width=\"309\">8m<\/td>\n<\/tr>\n<tr>\n<td width=\"328\">Ozna\u010devanje:<\/td>\n<td width=\"309\">\u0160ivanje, lepilo za vro\u010de \u017eigosanje<\/td>\n<\/tr>\n<tr>\n<td width=\"328\">Predvidena \u017eivljenjska doba:<\/td>\n<td width=\"309\">200 ciklov pranja ali 3 leta, kar nastopi prej<\/td>\n<\/tr>\n<tr>\n<td width=\"328\">Metoda pranja:<\/td>\n<td width=\"309\">Pralnica, kemi\u010dna \u010distilnica<\/td>\n<\/tr>\n<tr>\n<td width=\"328\">Pritisk vode:<\/td>\n<td width=\"309\">60 barov<\/td>\n<\/tr>\n<tr>\n<td width=\"328\">Vodoodpornost:<\/td>\n<td width=\"309\">Vodoodporen<\/td>\n<\/tr>\n<tr>\n<td width=\"328\">Kemi\u010dna odpornost:<\/td>\n<td width=\"309\">Detergent, meh\u010dalec, belilo (kisik\/klor), alkalije<\/td>\n<\/tr>\n<tr>\n<td width=\"328\">Predhodno su\u0161enje v me\u0161alniku:<\/td>\n<td width=\"309\">125 \u00baC 15-20 minut<\/td>\n<\/tr>\n<tr>\n<td width=\"328\">Temperatura sterilizacije:<\/td>\n<td width=\"309\">135\u00b0C 15-20 minut<\/td>\n<\/tr>\n<tr>\n<td width=\"328\">Temperatura pranja:<\/td>\n<td width=\"309\">90\u00b0C, do 15 min.<\/td>\n<\/tr>\n<tr>\n<td width=\"328\">Vla\u017enost\/temperatura - delovanje:<\/td>\n<td width=\"309\">-20 do 110 \u00b0C, 8 do 95%RH<\/td>\n<\/tr>\n<tr>\n<td width=\"328\">Vla\u017enost\/temperatura-skladi\u0161\u010denje:<\/td>\n<td width=\"309\">-40 do 110 \u00b0C, 8 do 95%RH<\/td>\n<\/tr>\n<\/tbody>\n<\/table>\n<\/div>\n<div class=\"auto-hide-last-sibling-br paragraph_1252f paragraph-element\"><\/div>\n<\/div>\n<div class=\"auto-hide-last-sibling-br paragraph_1252f paragraph-element\">\n<div data-spm-anchor-id=\"a2700.details.0.i57.23b419c7xXORP0\"><span data-spm-anchor-id=\"a2700.details.0.i75.23b419c7xXORP0\"><b>funkcija:<\/b><br \/>\n1) UHF tehnologija za branje ve\u010d sto oznak hkrati.<br \/>\n2) Razdalja za branje ve\u010d kot 8 \u010devljev.<br \/>\n3) Nova mehanska zasnova za izbolj\u0161ano delovanje ravnega perila.<br \/>\n4) Primerno za visokotla\u010dne sesalnike do 60 barov.<br \/>\n5) Primerno za sterilizacijo v avtoklavu.<br \/>\n6) Majhen, mehak, prilagodljiv material, idealen za tekstil, perilo, obla\u010dila in dodatke.<\/span><\/div>\n<\/div>\n<div data-spm-anchor-id=\"a2700.details.0.i57.23b419c7xXORP0\"><\/div>\n<div data-spm-anchor-id=\"a2700.details.0.i57.23b419c7xXORP0\">\n<p><img fetchpriority=\"high\" decoding=\"async\" class=\"wp-image-55\" src=\"https:\/\/rfid-laundry-tag.com\/wp-content\/uploads\/2024\/06\/4-300x275.png\" alt=\"RFID Tag for linen laundry\" width=\"605\" height=\"555\" srcset=\"https:\/\/rfid-laundry-tag.com\/wp-content\/uploads\/2024\/06\/4-300x275.png 300w, https:\/\/rfid-laundry-tag.com\/wp-content\/uploads\/2024\/06\/4-600x550.png 600w, https:\/\/rfid-laundry-tag.com\/wp-content\/uploads\/2024\/06\/4-13x12.png 13w, https:\/\/rfid-laundry-tag.com\/wp-content\/uploads\/2024\/06\/4.png 750w\" sizes=\"(max-width: 605px) 100vw, 605px\" \/><\/p>\n<\/div>\n<h3 class=\"wp-block-heading\">Namestitev<\/h3>\n<p><strong>Ozna\u010devanje \u0161ivov<\/strong>: Za v\u0161ivanje v rob tekstila. Etiketo za perilo pri\u0161ijte stran od pregibnih linij.<br \/>\n<strong>Toplotno tesnjenje<\/strong>: Za toplotno tesnjenje neposredno na tekstil pri +200\u00b0C (392\u00b0F), za 12~14s.<br \/>\n<strong>V vre\u010dki<\/strong>: za \u0161ivanje kot standardna etiketa za nego. Etiketo za perilo pri\u0161ijte stran od pregibnih linij.<\/p>\n<div class=\"auto-hide-last-sibling-br paragraph_1252f paragraph-element\">\n<div class=\"auto-hide-last-sibling-br paragraph_1252f paragraph-element\">Tekstilne oznake RFID za uniforme za perilo iz lanenega perila so nepogre\u0161ljive v \u0161tevilnih panogah, saj so klju\u010dnega pomena za u\u010dinkovito sledenje sredstev, upravljanje zalog in pove\u010danje splo\u0161ne operativne u\u010dinkovitosti. Tu je kratek vpogled v njihovo uporabo v razli\u010dnih sektorjih:<\/div>\n<\/div>\n<h1 id=\"hero-title\" class=\"sp-hero-title\">UCODE 9xe: UCODE 9 z ve\u010d pomnilnika EPC<\/h1>\n<p>Ta razli\u010dica UCODE 9, ki ponuja 128-bitni pomnilnik EPC, lahko shrani pomembne atribute, kot je datum poteka ali informacije o proizvodnji, neposredno na IC. To omogo\u010da, da so aplikacije IoT \u0161e pametnej\u0161e kot prej.<\/p>\n<p>UCODE 9xe, zasnovan kot nadomestek za visoko zmogljiv UCODE 9, ponuja enak nabor funkcij, RF zmogljivost in zdru\u017eljivost z antenami s certifikatom Auburn ARC kot UCODE 9, vendar s 128-bitno elektronsko kodo izdelka (EPC). pomnilnik za podporo \u0161ir\u0161emu naboru primerov uporabe interneta stvari. Rezultat je RFID oznaka RAIN, ki koristi tako lastnikom blagovnih znamk, trgovcem na drobno kot potro\u0161nikom.<\/p>\n<h3>Lastnosti<\/h3>\n<div id=\"featuresXsp\" class=\"features-list\">\n<div class=\"features-xsp\">\n<div class=\"collapse-mobile ste-list-ul\">\n<ul class=\"boxes\">\n<li>Ob\u010dutljivost branja: 24 dBm<\/li>\n<li>Ob\u010dutljivost za pisanje: 22 dBm<\/li>\n<li>128-bitni pomnilnik EPC<\/li>\n<li>Vgradna zamenjava za UCODE 9 \/ UCODE 8<\/li>\n<li>Samoprilagodite se<\/li>\n<li>Za\u0161\u010dita pomnilnika<\/li>\n<li>Predserializacija 96-bitnega EPC<\/li>\n<\/ul>\n<\/div>\n<\/div>\n<\/div>\n<div class=\"auto-hide-last-sibling-br paragraph_1252f paragraph-element\">\n<p>&nbsp;<\/p>\n<\/div>","protected":false},"excerpt":{"rendered":"<p>Tekstilne nalepke UHF RFID so zasnovane tako, da delujejo brezhibno kljub temu, da so izpostavljene zahtevnim postopkom pranja, vklju\u010dno s sterilizacijo, pranjem pri visoki temperaturi, \u010di\u0161\u010denjem, su\u0161enjem in stiskanjem.<\/p>","protected":false},"featured_media":146,"template":"","meta":{"_kad_post_transparent":"default","_kad_post_title":"","_kad_post_layout":"default","_kad_post_sidebar_id":"","_kad_post_content_style":"default","_kad_post_vertical_padding":"default","_kad_post_feature":"","_kad_post_feature_position":"","_kad_post_header":false,"_kad_post_footer":false,"_kad_post_classname":""},"product_brand":[],"product_cat":[19,16],"product_tag":[65,30,68],"class_list":{"0":"post-145","1":"product","2":"type-product","3":"status-publish","4":"has-post-thumbnail","6":"product_cat-textile-rfid-laundry-tag","7":"product_cat-uhf-rfid-laundry-tags","8":"product_tag-textile-rfid-laundry-tags","9":"product_tag-uhf-rfid-laundry-tag","10":"product_tag-uhf-rfid-textile-label","12":"first","13":"instock","14":"featured","15":"shipping-taxable","16":"product-type-simple","17":"entry","18":"content-bg","19":"loop-entry"},"_links":{"self":[{"href":"https:\/\/rfid-laundry-tag.com\/sl\/wp-json\/wp\/v2\/product\/145","targetHints":{"allow":["GET"]}}],"collection":[{"href":"https:\/\/rfid-laundry-tag.com\/sl\/wp-json\/wp\/v2\/product"}],"about":[{"href":"https:\/\/rfid-laundry-tag.com\/sl\/wp-json\/wp\/v2\/types\/product"}],"version-history":[{"count":1,"href":"https:\/\/rfid-laundry-tag.com\/sl\/wp-json\/wp\/v2\/product\/145\/revisions"}],"predecessor-version":[{"id":1299,"href":"https:\/\/rfid-laundry-tag.com\/sl\/wp-json\/wp\/v2\/product\/145\/revisions\/1299"}],"wp:featuredmedia":[{"embeddable":true,"href":"https:\/\/rfid-laundry-tag.com\/sl\/wp-json\/wp\/v2\/media\/146"}],"wp:attachment":[{"href":"https:\/\/rfid-laundry-tag.com\/sl\/wp-json\/wp\/v2\/media?parent=145"}],"wp:term":[{"taxonomy":"product_brand","embeddable":true,"href":"https:\/\/rfid-laundry-tag.com\/sl\/wp-json\/wp\/v2\/product_brand?post=145"},{"taxonomy":"product_cat","embeddable":true,"href":"https:\/\/rfid-laundry-tag.com\/sl\/wp-json\/wp\/v2\/product_cat?post=145"},{"taxonomy":"product_tag","embeddable":true,"href":"https:\/\/rfid-laundry-tag.com\/sl\/wp-json\/wp\/v2\/product_tag?post=145"}],"curies":[{"name":"delovni list","href":"https:\/\/api.w.org\/{rel}","templated":true}]}}