{"id":143,"date":"2024-06-14T09:55:34","date_gmt":"2024-06-14T09:55:34","guid":{"rendered":"https:\/\/rfid-laundry-tag.com\/?post_type=product&#038;p=143"},"modified":"2024-09-26T04:10:00","modified_gmt":"2024-09-26T04:10:00","slug":"textile-rfid-tags-for-laundry","status":"publish","type":"product","link":"https:\/\/rfid-laundry-tag.com\/sl\/textile-rfid-tags-for-laundry\/","title":{"rendered":"Tekstilne oznake RFID za perilo"},"content":{"rendered":"<div>\n<div class=\"auto-hide-last-sibling-br paragraph_1252f paragraph-element\">\n<h1>Tekstilne oznake RFID za perilo<\/h1>\n<table width=\"593\">\n<tbody>\n<tr>\n<td width=\"233\">RF zra\u010dni protokol<\/td>\n<td colspan=\"4\" width=\"360\">EPC Global Class 1 Gen2 ISO18000-6C<\/td>\n<\/tr>\n<tr>\n<td width=\"233\">Delovna frekvenca<\/td>\n<td colspan=\"4\" width=\"360\">UHF 866-868 MHz (ETSI) \/UHF 902-928 MHz (FCC)<\/td>\n<\/tr>\n<tr>\n<td width=\"233\">Zdru\u017eljivost okolja<\/td>\n<td colspan=\"4\" width=\"360\">Optimizirano v zraku<\/td>\n<\/tr>\n<tr>\n<td width=\"233\">Obdobje hrambe podatkov<\/td>\n<td colspan=\"4\" width=\"360\">50 let<\/td>\n<\/tr>\n<tr>\n<td width=\"233\">Preberi obseg<\/td>\n<td colspan=\"4\" width=\"360\">Do 5,5 m (iz kovine)<\/td>\n<\/tr>\n<tr>\n<td width=\"233\">Polarizacija<\/td>\n<td colspan=\"4\" width=\"360\">Linearno<\/td>\n<\/tr>\n<tr>\n<td width=\"233\">Vrsta IC<\/td>\n<td colspan=\"4\" width=\"360\">NXP U KODA 8, U KODA 9 itd<\/td>\n<\/tr>\n<tr>\n<td width=\"233\">Konfiguracija pomnilnika<\/td>\n<td colspan=\"4\" width=\"360\">EPC 128-bitni TID 96-bitni uporabnik 32-bitni<\/td>\n<\/tr>\n<tr>\n<td colspan=\"5\" width=\"593\">Mehanske lo\u010ditve<\/td>\n<\/tr>\n<tr>\n<td width=\"233\">Povr\u0161inski materiali<\/td>\n<td colspan=\"4\" width=\"360\">Tekstil<\/td>\n<\/tr>\n<tr>\n<td width=\"233\">Mere (mm)<\/td>\n<td colspan=\"4\" width=\"360\">15*70*1,5 mm<\/td>\n<\/tr>\n<tr>\n<td width=\"233\">Te\u017ea (g)<\/td>\n<td colspan=\"4\" width=\"360\">0,7 g<\/td>\n<\/tr>\n<tr>\n<td rowspan=\"2\" width=\"233\">Priloga<\/td>\n<td colspan=\"4\" width=\"360\">Pri\u0161ijte rob ali tkano etiketo<\/td>\n<\/tr>\n<tr>\n<td colspan=\"4\" width=\"360\">Toplotno tesnjenje pri 215 \u2103 pri 15 sekundah in 4 barih<\/td>\n<\/tr>\n<tr>\n<td width=\"233\">barva<\/td>\n<td colspan=\"4\" width=\"360\">Bela<\/td>\n<\/tr>\n<tr>\n<td colspan=\"5\" width=\"593\">Okoljske lo\u010ditve<\/td>\n<\/tr>\n<tr>\n<td width=\"233\">Delovna temperatura<\/td>\n<td colspan=\"4\" width=\"360\">-30\u00b0C do +85\u00b0C<\/td>\n<\/tr>\n<tr>\n<td width=\"233\">Temperatura okolja<\/td>\n<td colspan=\"4\" width=\"360\">-30\u00b0C do +100\u00b0C<\/td>\n<\/tr>\n<tr>\n<td width=\"233\">Mehanska odpornost<\/td>\n<td colspan=\"4\" width=\"360\">60 barov<\/td>\n<\/tr>\n<tr>\n<td width=\"233\">Kemi\u010dna odpornost<\/td>\n<td colspan=\"4\" width=\"360\">Obi\u010dajne obi\u010dajne kemikalije v postopkih pranja<\/td>\n<\/tr>\n<tr>\n<td rowspan=\"4\" width=\"233\">Odpornost na vro\u010dino<\/td>\n<td colspan=\"4\" width=\"360\">Pranje: 90 \u2103, 15 min, 200 ciklov<\/td>\n<\/tr>\n<tr>\n<td colspan=\"4\" width=\"360\">Predsu\u0161enje: 180\u2103, 30 min<\/td>\n<\/tr>\n<tr>\n<td colspan=\"4\" width=\"360\">Likanje: 180 \u2103, 10 sekund, 200 ciklov<\/td>\n<\/tr>\n<tr>\n<td colspan=\"4\" width=\"360\">Sterilizacija: 135\u2103, 20 min<\/td>\n<\/tr>\n<tr>\n<td width=\"233\">IP klasifikacija<\/td>\n<td colspan=\"4\" width=\"360\">IP68<\/td>\n<\/tr>\n<tr>\n<td width=\"233\">Garancija<\/td>\n<td colspan=\"4\" width=\"360\">2 leti ali 200-kratno pranje<\/td>\n<\/tr>\n<\/tbody>\n<\/table>\n<\/div>\n<\/div>\n<div>\n<div>\n<h2>Prednosti UHF RFID oznak za perilo<\/h2>\n<p>Vlaganje v\u00a0<strong>UHF RFID oznake za perilo<\/strong>\u00a0je pametna odlo\u010ditev za vsako pranje perila, ki \u017eeli pove\u010dati produktivnost in natan\u010dnost. Tukaj je nekaj prepri\u010dljivih prednosti:<\/p>\n<ul>\n<li><strong>Izbolj\u0161ano sledenje<\/strong>: S tehnologijo RFID lahko sledite vsakemu kosu perila na njegovi poti, od pranja do dostave. To zagotavlja, da se noben predmet ne izgubi med postopkom.<\/li>\n<li><strong>Vzdr\u017eljivost<\/strong>: Na\u0161e oznake so zasnovane tako, da prenesejo visoke temperature, ve\u010dkratna pranja in celo obremenitve industrijskih pralnic, zaradi \u010desar so idealne za dolgotrajno uporabo.<\/li>\n<li><strong>Stro\u0161kovno u\u010dinkovito<\/strong>: Z zmanj\u0161anjem izgub in izbolj\u0161anjem upravljanja zalog RFID oznake za perilo na koncu omogo\u010dajo znatne prihranke stro\u0161kov.<\/li>\n<\/ul>\n<h2>Klju\u010dne lastnosti oznak za perilo UHF RFID<\/h2>\n<h3>1.\u00a0<strong>Pralni dizajn za dolgo \u017eivljenjsko dobo<\/strong><\/h3>\n<p>Na\u0161\u00a0<strong>RFID oznake za perilo iz blaga<\/strong>\u00a0so izdelani tako, da prenesejo ve\u010d kot 200 ciklov pranja, kar zagotavlja zanesljivost in vzdr\u017eljivost. Te oznake so posebej zasnovane za prena\u0161anje ekstremnih pogojev pranja brez zmanj\u0161anja u\u010dinkovitosti. Prenesejo lahko celo visoke temperature, ne da bi izgubili svojo sposobnost sledenja, zaradi \u010desar so popolni za vse komercialne pralnice.<\/p>\n<h3>2.\u00a0<strong>Vsestranskost uporabe<\/strong><\/h3>\n<p>te\u00a0<strong>tekstilne oznake RFID<\/strong>\u00a0so vsestranski in se lahko uporabljajo za razli\u010dne namene \u2013 od sledenja obla\u010dil v hotelih do upravljanja perila v zdravstvenih ustanovah. Njihova robustna zasnova jim omogo\u010da, da obvladajo razli\u010dna okolja pranja perila, hkrati pa zagotavljajo dosledno delovanje.<\/p>\n<h3>3.\u00a0<strong>Enostavnost integracije<\/strong><\/h3>\n<p>Integriranje\u00a0<strong>UHF RFID oznake za perilo<\/strong>\u00a0v va\u0161e obstoje\u010de sisteme sledenja je preprosta. Oznake lahko brezhibno delujejo z bralniki RFID in nudijo vpogled v inventar va\u0161ega perila v realnem \u010dasu. To pomeni poenostavljene procese, izbolj\u0161ano natan\u010dnost in bolj\u0161e upravljanje sredstev, idealno za upravljanje velikih koli\u010din tekstilnih izdelkov.<\/p>\n<h3>4.\u00a0<strong>Odporen na vodo in temperaturo<\/strong><\/h3>\n<p>Te oznake so zasnovane tako, da prenesejo te\u017eke postopke industrijskega pranja perila, zato so vodoodporne in odporne na visoke temperature. Ta vzdr\u017eljivost zagotavlja dolgo \u017eivljenjsko dobo, kar jim omogo\u010da, da ohranijo funkcionalnost med \u0161tevilnimi agresivnimi pranji in cikli su\u0161enja, ki so obi\u010dajni v komercialnih pralnicah.<\/p>\n<h3>5.\u00a0<strong>Natan\u010dno upravljanje zalog<\/strong><\/h3>\n<p>z\u00a0<strong>RFID sledenje perilu<\/strong>, postane upravljanje va\u0161ega inventarja prepir. Vsaka oznaka vsebuje edinstven identifikator, ki omogo\u010da avtomatizirano sledenje vsakemu kosu perila, s \u010dimer se odpravi ro\u010dni postopek prijave\/odjave. Ta funkcija pove\u010duje u\u010dinkovitost in zagotavlja, da vedno veste, kje se nahajajo va\u0161a sredstva.<\/p>\n<h3>6.\u00a0<strong>Vpliv na okolje<\/strong><\/h3>\n<p>Spodbujanje trajnostnega pristopa, na\u0161\u00a0<strong>pralne oznake RFID<\/strong>\u00a0so zasnovani z mislijo na prijaznost do okolja. So za ve\u010dkratno uporabo in izdelani iz materialov, ki zmanj\u0161ajo koli\u010dino odpadkov v primerjavi z nalepkami za enkratno uporabo. Ta vidik trajnosti je klju\u010dnega pomena, saj organizacije vedno bolj dajejo prednost okoljski odgovornosti.<\/p>\n<\/div>\n<div><\/div>\n<div>\n<h2>Navodila za uporabo<\/h2>\n<ol>\n<li><strong>Priprava<\/strong>: Preden nalepite etikete na tekstil, se prepri\u010dajte, da je povr\u0161ina \u010dista in suha.<\/li>\n<li><strong>Aplikacija<\/strong>: Oznake lahko v\u0161ijete v obla\u010dilo ali jih prilepite na perilo glede na va\u0161e zahteve.<\/li>\n<li><strong>Inicializacija<\/strong>: programirajte vsako oznako z uporabo \u010ditalnika RFID, da vsakemu kosu perila dodelite edinstven identifikator.<\/li>\n<li><strong>Sledenje<\/strong>: Uporabite \u010ditalnik RFID za nemoteno spremljanje in sledenje perilu skozi cikle pranja in dostave.<\/li>\n<\/ol>\n<\/div>\n<div><\/div>\n<div class=\"auto-hide-last-sibling-br paragraph_1252f paragraph-element\"><strong>Tekstilne oznake RFID za perilo<\/strong> slu\u017eijo kot koristno orodje za ustanove, ki potrebujejo stalno oskrbo s \u010distim perilom, delovnimi uniformami, medicinsko opremo ali \u010distilnimi materiali, kar omogo\u010da avtomatiziranim sistemom, da hitro in natan\u010dno obravnavajo velike koli\u010dine posameznih artiklov.<\/div>\n<p>&nbsp;<\/p>\n<\/div>\n<div>\n<div class=\"auto-hide-last-sibling-br paragraph_1252f paragraph-element\"><strong>RFID tekstilne etikete<\/strong> delovanje s posebnim postopkom. Vsaka nalepka je opremljena s \u010dipom RFID, ki vsebuje pomembne podrobnosti o izdelku, kot so njegove proizvodne posebnosti, edinstven identifikator, izvor, sestava materiala itd.<\/div>\n<div class=\"auto-hide-last-sibling-br paragraph_1252f paragraph-element\">Mehanizem za pridobivanje teh vdelanih informacij vklju\u010duje orodje, znano kot oddajnik RFID ali pogosteje \u010ditalnik. Ta naprava oddaja radiofrekven\u010dne valove, ki vzpostavijo povezavo s \u010dipom RFID, ki je v nalepki. Ta interakcija bralcu olaj\u0161a dostop do podatkov, shranjenih na \u010dipu.<\/div>\n<\/div>\n<div><\/div>\n<div><\/div>\n<div>\n<div class=\"auto-hide-last-sibling-br paragraph_1252f paragraph-element\"><span style=\"font-family: inherit; font-size: 24px; font-weight: bold;\">Namestitev<\/span><\/div>\n<\/div>\n<p><strong>Ozna\u010devanje \u0161ivov<\/strong>: Za v\u0161ivanje v rob tekstila. Etiketo za perilo pri\u0161ijte stran od pregibnih linij.<br \/>\n<strong>Toplotno tesnjenje<\/strong>: Za toplotno tesnjenje neposredno na tekstil pri +200\u00b0C (392\u00b0F), za 12~14s.<br \/>\n<strong>V vre\u010dki<\/strong>: za \u0161ivanje kot standardna etiketa za nego. Etiketo za perilo pri\u0161ijte stran od pregibnih linij.<\/p>\n<div class=\"auto-hide-last-sibling-br paragraph_1252f paragraph-element\">\n<div class=\"auto-hide-last-sibling-br paragraph_1252f paragraph-element\"><\/div>\n<p style=\"font-weight: 400;\"><span style=\"font-style: inherit; font-weight: inherit;\" data-spm-anchor-id=\"a2700.details.0.i52.7e74253fSAfL7T\">kako <\/span><b><strong style=\"font-style: inherit;\">MO\u010cNO<\/strong><\/b><span style=\"font-style: inherit; font-weight: inherit;\"> so?<\/span><\/p>\n<p><b><strong>\u2460<\/strong><\/b>.Ali se \u010dipi RFID pod visokimi temperaturami po\u0161kodujejo?<span style=\"font-style: inherit; font-weight: inherit;\"> \u2013<\/span><b><strong>\u2714 Na\u0161a RFID oznaka za tekstilno perilo je zasnovana za uporabo pri 200 \u00b0C<\/strong><\/b><span style=\"font-style: inherit; font-weight: inherit;\">.<\/span><\/p>\n<p style=\"font-weight: 400;\"><b><strong>\u2461<\/strong><\/b>Kolikokrat lahko operemo etikete, ki so pritrjene na uniformne tekstilne izdelke? <b><strong>\u2013\u2714Na\u0161o oznako RFID za tekstilno perilo je mogo\u010de oprati ve\u010d kot 200-krat zajam\u010deno 2 leti po po\u0161iljanju.<\/strong><\/b><\/p>\n<p style=\"font-weight: 400;\"><b><strong>\u2462<\/strong><\/b>Bomo porabili presti\u017ene uniforme tekstilne izdelke, nadaljevali delo v primeru zme\u010dkanine odkru\u0161kov? <b><strong>\u2013\u2714Na\u0161o tekstilno etiketo za perilo smo zasnovali tako, da zdr\u017ei 60 barov pritiska v procesu stiskanja va\u0161ih tekstilnih izdelkov.<\/strong><\/b><\/p>\n<p style=\"font-weight: 400;\"><b><strong>\u2463<\/strong><\/b>Kam namestite oznake za perilo RFID na tkanine za uniforme? <b><strong>\u2013 \u2714RFID tekstilne oznake za perilo se namestijo glede na razpolo\u017eljivost uniform.<\/strong><\/b><\/p>\n<h2>Pogosto zastavljena vpra\u0161anja (FAQ)<\/h2>\n<h3>1.\u00a0<strong>Ali so RFID oznake za perilo res pralne?<\/strong><\/h3>\n<p>Da, na\u0161e oznake za perilo RFID so zasnovane tako, da vzdr\u017eijo ve\u010d kot 200 pralnih ciklov in hkrati ohranijo svojo u\u010dinkovitost.<\/p>\n<h3>2.\u00a0<strong>Ali se lahko te oznake uporabljajo v okoljih z visoko temperaturo?<\/strong><\/h3>\n<p>Vsekakor! Na\u0161e oznake so odporne na vro\u010dino in lahko prenesejo temperature do 85 \u00b0C, ne da bi izgubile funkcionalnost.<\/p>\n<h3>3.\u00a0<strong>Kako enostavno je te oznake integrirati v obstoje\u010de sisteme?<\/strong><\/h3>\n<p>Integracija je preprosta, saj so te oznake zdru\u017eljive z ve\u010dino \u010ditalnikov RFID, ki so na voljo na trgu, kar zagotavlja brezhibno izvedbo.<\/p>\n<h3>4.\u00a0<strong>Kateri materiali so uporabljeni v teh oznakah?<\/strong><\/h3>\n<p>Oznake so izdelane iz trpe\u017enega tekstila, ki zagotavlja trdnost in fleksibilnost.<\/p>\n<h2>Zaklju\u010dek<\/h2>\n<p>Vlaganje v\u00a0<strong>UHF RFID oznake za perilo<\/strong>\u00a0ne gre le za izbolj\u0161anje operativne u\u010dinkovitosti; gre za za\u0161\u010dito va\u0161ih procesov pranja perila v prihodnosti pred izzivi sledenja, upravljanja zalog in trajnosti. Z inovativnimi oblikami, ki so odporne na industrijsko pranje, in enostavnostjo uporabe, ki ji preprosto ni para, so te oznake bistvenega pomena za vsako organizacijo, ki se ukvarja s storitvami pranja perila. \u010ce ste pripravljeni spremeniti svoje sisteme za upravljanje tekstila,\u00a0<strong>nakupujte oznake za perilo RFID \u0161e danes in izpolnite na\u0161 obrazec za povpra\u0161evanje za ve\u010d informacij o cenah in vzorcih!<\/strong><\/p>\n<\/div>","protected":false},"excerpt":{"rendered":"<p>Brez truda sledite perilu s trpe\u017enimi tekstilnimi oznakami RFID! Pralno in zasnovano za industrijsko uporabo, optimizirajte svoje pranje perila \u0161e danes!<\/p>","protected":false},"featured_media":144,"template":"","meta":{"_kad_post_transparent":"default","_kad_post_title":"","_kad_post_layout":"default","_kad_post_sidebar_id":"","_kad_post_content_style":"default","_kad_post_vertical_padding":"default","_kad_post_feature":"","_kad_post_feature_position":"","_kad_post_header":false,"_kad_post_footer":false,"_kad_post_classname":""},"product_brand":[],"product_cat":[19],"product_tag":[67,31,312,65],"class_list":{"0":"post-143","1":"product","2":"type-product","3":"status-publish","4":"has-post-thumbnail","6":"product_cat-textile-rfid-laundry-tag","7":"product_tag-heating-seal-uhf-rfid-laundry-tags","8":"product_tag-rfid-tag-for-linen-laundry","9":"product_tag-rfid-tags","10":"product_tag-textile-rfid-laundry-tags","12":"first","13":"instock","14":"shipping-taxable","15":"product-type-simple","16":"entry","17":"content-bg","18":"loop-entry"},"_links":{"self":[{"href":"https:\/\/rfid-laundry-tag.com\/sl\/wp-json\/wp\/v2\/product\/143","targetHints":{"allow":["GET"]}}],"collection":[{"href":"https:\/\/rfid-laundry-tag.com\/sl\/wp-json\/wp\/v2\/product"}],"about":[{"href":"https:\/\/rfid-laundry-tag.com\/sl\/wp-json\/wp\/v2\/types\/product"}],"version-history":[{"count":3,"href":"https:\/\/rfid-laundry-tag.com\/sl\/wp-json\/wp\/v2\/product\/143\/revisions"}],"predecessor-version":[{"id":2682,"href":"https:\/\/rfid-laundry-tag.com\/sl\/wp-json\/wp\/v2\/product\/143\/revisions\/2682"}],"wp:featuredmedia":[{"embeddable":true,"href":"https:\/\/rfid-laundry-tag.com\/sl\/wp-json\/wp\/v2\/media\/144"}],"wp:attachment":[{"href":"https:\/\/rfid-laundry-tag.com\/sl\/wp-json\/wp\/v2\/media?parent=143"}],"wp:term":[{"taxonomy":"product_brand","embeddable":true,"href":"https:\/\/rfid-laundry-tag.com\/sl\/wp-json\/wp\/v2\/product_brand?post=143"},{"taxonomy":"product_cat","embeddable":true,"href":"https:\/\/rfid-laundry-tag.com\/sl\/wp-json\/wp\/v2\/product_cat?post=143"},{"taxonomy":"product_tag","embeddable":true,"href":"https:\/\/rfid-laundry-tag.com\/sl\/wp-json\/wp\/v2\/product_tag?post=143"}],"curies":[{"name":"delovni list","href":"https:\/\/api.w.org\/{rel}","templated":true}]}}