{"id":140,"date":"2024-06-14T09:40:49","date_gmt":"2024-06-14T09:40:49","guid":{"rendered":"https:\/\/rfid-laundry-tag.com\/?post_type=product&#038;p=140"},"modified":"2024-09-08T04:30:07","modified_gmt":"2024-09-08T04:30:07","slug":"rfid-textile-tag-for-uniform","status":"publish","type":"product","link":"https:\/\/rfid-laundry-tag.com\/sl\/rfid-textile-tag-for-uniform\/","title":{"rendered":"RFID tekstilna oznaka za uniformo"},"content":{"rendered":"<div>\n<div class=\"auto-hide-last-sibling-br paragraph_1252f paragraph-element\">\n<table width=\"637\">\n<tbody>\n<tr>\n<td width=\"328\">Ime predmeta:<\/td>\n<td width=\"309\">RFID tekstilna oznaka za uniformo<\/td>\n<\/tr>\n<tr>\n<td width=\"328\">Standard RFID:<\/td>\n<td width=\"309\">ISO\/IEC 18000-6 TypeC (EPC Gen2)<\/td>\n<\/tr>\n<tr>\n<td width=\"328\">Velikost in te\u017ea:<\/td>\n<td width=\"309\">70\u00d715 mm, 0,6g<\/td>\n<\/tr>\n<tr>\n<td width=\"328\">Vrsta \u010dipa:<\/td>\n<td width=\"309\">Impinj Monza 4QT,NXP U KODA 8\uff0cNXP U KODA 9<\/td>\n<\/tr>\n<tr>\n<td width=\"328\">Pomnilnik EPC:<\/td>\n<td width=\"309\">128 bitov<\/td>\n<\/tr>\n<tr>\n<td width=\"328\">Uporabni\u0161ki pomnilnik:<\/td>\n<td width=\"309\">512 bitov<\/td>\n<\/tr>\n<tr>\n<td width=\"328\">Razpon branja (2W ERP FCC):<\/td>\n<td width=\"309\">8m<\/td>\n<\/tr>\n<tr>\n<td width=\"328\">Razpon branja (2W ERP ETSI):<\/td>\n<td width=\"309\">8m<\/td>\n<\/tr>\n<tr>\n<td width=\"328\">Ozna\u010devanje:<\/td>\n<td width=\"309\">\u0160ivanje, lepilo za vro\u010de \u017eigosanje<\/td>\n<\/tr>\n<tr>\n<td width=\"328\">Predvidena \u017eivljenjska doba:<\/td>\n<td width=\"309\">200 ciklov pranja ali 3 leta, kar nastopi prej<\/td>\n<\/tr>\n<tr>\n<td width=\"328\">Metoda pranja:<\/td>\n<td width=\"309\">Pralnica, kemi\u010dna \u010distilnica<\/td>\n<\/tr>\n<tr>\n<td width=\"328\">Pritisk vode:<\/td>\n<td width=\"309\">60 barov<\/td>\n<\/tr>\n<tr>\n<td width=\"328\">Vodoodpornost:<\/td>\n<td width=\"309\">Vodoodporen<\/td>\n<\/tr>\n<tr>\n<td width=\"328\">Kemi\u010dna odpornost:<\/td>\n<td width=\"309\">Detergent, meh\u010dalec, belilo (kisik\/klor), alkalije<\/td>\n<\/tr>\n<tr>\n<td width=\"328\">Predhodno su\u0161enje v me\u0161alniku:<\/td>\n<td width=\"309\">125 \u00baC 15-20 minut<\/td>\n<\/tr>\n<tr>\n<td width=\"328\">Temperatura sterilizacije:<\/td>\n<td width=\"309\">135\u00b0C 15-20 minut<\/td>\n<\/tr>\n<tr>\n<td width=\"328\">Temperatura pranja:<\/td>\n<td width=\"309\">90\u00b0C, do 15 min.<\/td>\n<\/tr>\n<tr>\n<td width=\"328\">Vla\u017enost\/temperatura - delovanje:<\/td>\n<td width=\"309\">-20 do 110 \u00b0C, 8 do 95%RH<\/td>\n<\/tr>\n<tr>\n<td width=\"328\">Vla\u017enost\/temperatura-skladi\u0161\u010denje:<\/td>\n<td width=\"309\">-40 do 110 \u00b0C, 8 do 95%RH<\/td>\n<\/tr>\n<\/tbody>\n<\/table>\n<\/div>\n<div class=\"auto-hide-last-sibling-br paragraph_1252f paragraph-element\"><\/div>\n<\/div>\n<div class=\"auto-hide-last-sibling-br paragraph_1252f paragraph-element\">\n<div data-spm-anchor-id=\"a2700.details.0.i57.23b419c7xXORP0\"><span data-spm-anchor-id=\"a2700.details.0.i75.23b419c7xXORP0\"><b>funkcija:<\/b><br \/>\n1) UHF tehnologija za branje ve\u010d sto oznak hkrati.<br \/>\n2) Razdalja za branje ve\u010d kot 8 \u010devljev.<br \/>\n3) Nova mehanska zasnova za izbolj\u0161ano delovanje ravnega perila.<br \/>\n4) Primerno za visokotla\u010dne sesalnike do 60 barov.<br \/>\n5) Primerno za sterilizacijo v avtoklavu.<br \/>\n6) Majhen, mehak, prilagodljiv material, idealen za tekstil, perilo, obla\u010dila in dodatke.<\/span><\/div>\n<\/div>\n<div data-spm-anchor-id=\"a2700.details.0.i57.23b419c7xXORP0\"><\/div>\n<div data-spm-anchor-id=\"a2700.details.0.i57.23b419c7xXORP0\">\n<p><img fetchpriority=\"high\" decoding=\"async\" class=\"wp-image-55\" src=\"https:\/\/rfid-laundry-tag.com\/wp-content\/uploads\/2024\/06\/4-300x275.png\" alt=\"RFID Tag for linen laundry\" width=\"605\" height=\"555\" srcset=\"https:\/\/rfid-laundry-tag.com\/wp-content\/uploads\/2024\/06\/4-300x275.png 300w, https:\/\/rfid-laundry-tag.com\/wp-content\/uploads\/2024\/06\/4-600x550.png 600w, https:\/\/rfid-laundry-tag.com\/wp-content\/uploads\/2024\/06\/4-13x12.png 13w, https:\/\/rfid-laundry-tag.com\/wp-content\/uploads\/2024\/06\/4.png 750w\" sizes=\"(max-width: 605px) 100vw, 605px\" \/><\/p>\n<\/div>\n<h3 class=\"wp-block-heading\">Namestitev<\/h3>\n<p><strong>Ozna\u010devanje \u0161ivov<\/strong>: Za v\u0161ivanje v rob tekstila. Etiketo za perilo pri\u0161ijte stran od pregibnih linij.<br \/>\n<strong>Toplotno tesnjenje<\/strong>: Za toplotno tesnjenje neposredno na tekstil pri +200\u00b0C (392\u00b0F), za 12~14s.<br \/>\n<strong>V vre\u010dki<\/strong>: za \u0161ivanje kot standardna etiketa za nego. Etiketo za perilo pri\u0161ijte stran od pregibnih linij.<\/p>\n<div class=\"auto-hide-last-sibling-br paragraph_1252f paragraph-element\">\n<div class=\"auto-hide-last-sibling-br paragraph_1252f paragraph-element\">Tekstilne oznake RFID za uniforme za perilo iz lanenega perila so nepogre\u0161ljive v \u0161tevilnih panogah, saj so klju\u010dnega pomena za u\u010dinkovito sledenje sredstev, upravljanje zalog in pove\u010danje splo\u0161ne operativne u\u010dinkovitosti. Tu je kratek vpogled v njihovo uporabo v razli\u010dnih sektorjih:<\/div>\n<div><\/div>\n<p style=\"font-weight: 400;\"><span style=\"font-style: inherit; font-weight: inherit;\" data-spm-anchor-id=\"a2700.details.0.i52.7e74253fSAfL7T\">kako <\/span><b><strong style=\"font-style: inherit;\">MO\u010cNO<\/strong><\/b><span style=\"font-style: inherit; font-weight: inherit;\"> so?<\/span><\/p>\n<p><b><strong>\u2460<\/strong><\/b>.Ali se \u010dipi RFID pod visokimi temperaturami po\u0161kodujejo?<span style=\"font-style: inherit; font-weight: inherit;\"> \u2013<\/span><b><strong>\u2714 Na\u0161a RFID oznaka za tekstilno perilo je zasnovana za uporabo pri 200 \u00b0C<\/strong><\/b><span style=\"font-style: inherit; font-weight: inherit;\">.<\/span><\/p>\n<p style=\"font-weight: 400;\"><b><strong>\u2461<\/strong><\/b>Kolikokrat lahko operemo etikete, ki so pritrjene na uniformne tekstilne izdelke? <b><strong>\u2013\u2714Na\u0161o oznako RFID za tekstilno perilo je mogo\u010de oprati ve\u010d kot 200-krat zajam\u010deno 2 leti po po\u0161iljanju.<\/strong><\/b><\/p>\n<p style=\"font-weight: 400;\"><b><strong>\u2462<\/strong><\/b>Bomo porabili presti\u017ene uniforme tekstilne izdelke, nadaljevali delo v primeru zme\u010dkanine odkru\u0161kov? <b><strong>\u2013\u2714Na\u0161o tekstilno etiketo za perilo smo zasnovali tako, da zdr\u017ei 60 barov pritiska v procesu stiskanja va\u0161ih tekstilnih izdelkov.<\/strong><\/b><\/p>\n<p style=\"font-weight: 400;\"><b><strong>\u2463<\/strong><\/b>Kam namestite oznake za perilo RFID na tkanine za uniforme? <b><strong>\u2013 \u2714RFID tekstilne oznake za perilo se namestijo glede na razpolo\u017eljivost uniform.<\/strong><\/b><\/p>\n<p>&nbsp;<\/p>\n<\/div>\n<div class=\"auto-hide-last-sibling-br paragraph_1252f paragraph-element\">V tekstilni industriji imajo oznake RFID klju\u010dno vlogo pri izbolj\u0161anju vidnosti in u\u010dinkovitosti dobavne verige od proizvodnje do prodaje. Slu\u017eijo kot dragoceno orodje za tekstilna podjetja, ki upravljajo obse\u017ene zaloge. Implementacija oznak RFID pomaga zmanj\u0161ati stro\u0161ke in optimizira izrabo \u010dasa. Evo, zakaj so vredni nalo\u017ebe:<\/div>\n<ol class=\"auto-hide-last-sibling-br\">\n<li>\n<div class=\"auto-hide-last-sibling-br paragraph_1252f paragraph-element\"><strong>Zmogljivo shranjevanje podatkov<\/strong>: Za razliko od nalepk s \u010drtno kodo imajo oznake RFID ve\u010djo zmogljivost shranjevanja podatkov. Shranjene podatke je mogo\u010de brati in spreminjati, kadar koli je to potrebno.<\/div>\n<\/li>\n<li>\n<div class=\"auto-hide-last-sibling-br paragraph_1252f paragraph-element\"><strong>Izbolj\u0161ano zagotavljanje kakovosti<\/strong>: RFID olaj\u0161a sledenje izdelkov od proizvodnje do skladi\u0161\u010denja, prepoznavanje ponarejenih ali vrnjenih izdelkov.<\/div>\n<\/li>\n<li>\n<div class=\"auto-hide-last-sibling-br paragraph_1252f paragraph-element\"><strong>U\u010dinkovito upravljanje zalog<\/strong>: Oznake RFID lahko sledijo izdelku na zalogi, prihranijo \u010das in olaj\u0161ajo proaktivno obnavljanje zalog. Samodejna posodobitev podatkov v inventarnih datotekah glede na prodajo ali vra\u010dila pomaga pri u\u010dinkovitem nadzoru zalog.<\/div>\n<\/li>\n<li>\n<div class=\"auto-hide-last-sibling-br paragraph_1252f paragraph-element\"><strong>Odpornost<\/strong>: V primerjavi s tradicionalnimi nalepkami so nalepke RFID zelo odporne na zunanje te\u017eave in napa\u010dno ravnanje. Prilagodljive so vsem vrstam okolja, vklju\u010dno s tistimi z visokimi temperaturami, vlago, prahom itd.<\/div>\n<\/li>\n<li>\n<div class=\"auto-hide-last-sibling-br paragraph_1252f paragraph-element\"><strong>Pove\u010dana u\u010dinkovitost in hitrost<\/strong>: \u010citalniki RFID imajo zmo\u017enost hkratnega branja ve\u010d oznak RFID na daljavo, kar je funkcija, ki znatno optimizira procese od proizvodnje do prodaje.<\/div>\n<\/li>\n<li>\n<div class=\"auto-hide-last-sibling-br paragraph_1252f paragraph-element\"><strong>Robustna varnost podatkov<\/strong>: Vsak RFID \u010dip se pona\u0161a z nezlomljivo za\u0161\u010dito podatkov zaradi \u0161ifriranja podatkov, ki prepre\u010duje kopiranje.<\/div>\n<\/li>\n<li>\n<div class=\"auto-hide-last-sibling-br paragraph_1252f paragraph-element\"><strong>Prepre\u010devanje kraje<\/strong>: Ob zaklju\u010dku nakupa se \u010dipi RFID samodejno deaktivirajo, kar zmanj\u0161a tveganje kraje in \u010dlove\u0161ke napake.<\/div>\n<\/li>\n<li>\n<div class=\"auto-hide-last-sibling-br paragraph_1252f paragraph-element\"><strong>Ekonomi\u010dni operativni stro\u0161ki<\/strong>: Kljub za\u010detnim vi\u0161jim stro\u0161kom se tehnologija RFID na dolgi rok izka\u017ee za stro\u0161kovno u\u010dinkovito. Zagotavljajo trajno storitev z minimalnimi zahtevami dela, odpravljajo potrebo po pogostih zamenjavah in s tem ni\u017eajo operativne stro\u0161ke.<\/div>\n<\/li>\n<\/ol>","protected":false},"excerpt":{"rendered":"<p>Tekstilna oznaka RFID za uniforme, zasnovana za uniforme, je izdelana za zanesljivo delovanje pri strogih postopkih pranja perila, kot so sterilizacija, pranje pri visoki temperaturi, \u010di\u0161\u010denje, su\u0161enje in likanje. Te tekstilu prijazne oznake lahko prenesejo na stotine ciklov pranja perila, hkrati pa ohranjajo dosledno raven delovanja RFID. Tudi po ve\u010dkratnem pranju zagotavljajo izjemne lastnosti sledenja in popisa ter tako podalj\u0161ujejo \u017eivljenjsko dobo perila, obla\u010dil in drugih tekstilnih izdelkov.<\/p>","protected":false},"featured_media":141,"template":"","meta":{"_kad_post_transparent":"default","_kad_post_title":"","_kad_post_layout":"default","_kad_post_sidebar_id":"","_kad_post_content_style":"default","_kad_post_vertical_padding":"default","_kad_post_feature":"","_kad_post_feature_position":"","_kad_post_header":false,"_kad_post_footer":false,"_kad_post_classname":""},"product_brand":[],"product_cat":[19,16],"product_tag":[31,65,30],"class_list":{"0":"post-140","1":"product","2":"type-product","3":"status-publish","4":"has-post-thumbnail","6":"product_cat-textile-rfid-laundry-tag","7":"product_cat-uhf-rfid-laundry-tags","8":"product_tag-rfid-tag-for-linen-laundry","9":"product_tag-textile-rfid-laundry-tags","10":"product_tag-uhf-rfid-laundry-tag","12":"first","13":"instock","14":"shipping-taxable","15":"product-type-simple","16":"entry","17":"content-bg","18":"loop-entry"},"_links":{"self":[{"href":"https:\/\/rfid-laundry-tag.com\/sl\/wp-json\/wp\/v2\/product\/140","targetHints":{"allow":["GET"]}}],"collection":[{"href":"https:\/\/rfid-laundry-tag.com\/sl\/wp-json\/wp\/v2\/product"}],"about":[{"href":"https:\/\/rfid-laundry-tag.com\/sl\/wp-json\/wp\/v2\/types\/product"}],"version-history":[{"count":1,"href":"https:\/\/rfid-laundry-tag.com\/sl\/wp-json\/wp\/v2\/product\/140\/revisions"}],"predecessor-version":[{"id":1935,"href":"https:\/\/rfid-laundry-tag.com\/sl\/wp-json\/wp\/v2\/product\/140\/revisions\/1935"}],"wp:featuredmedia":[{"embeddable":true,"href":"https:\/\/rfid-laundry-tag.com\/sl\/wp-json\/wp\/v2\/media\/141"}],"wp:attachment":[{"href":"https:\/\/rfid-laundry-tag.com\/sl\/wp-json\/wp\/v2\/media?parent=140"}],"wp:term":[{"taxonomy":"product_brand","embeddable":true,"href":"https:\/\/rfid-laundry-tag.com\/sl\/wp-json\/wp\/v2\/product_brand?post=140"},{"taxonomy":"product_cat","embeddable":true,"href":"https:\/\/rfid-laundry-tag.com\/sl\/wp-json\/wp\/v2\/product_cat?post=140"},{"taxonomy":"product_tag","embeddable":true,"href":"https:\/\/rfid-laundry-tag.com\/sl\/wp-json\/wp\/v2\/product_tag?post=140"}],"curies":[{"name":"delovni list","href":"https:\/\/api.w.org\/{rel}","templated":true}]}}