{"id":136,"date":"2024-06-14T07:33:05","date_gmt":"2024-06-14T07:33:05","guid":{"rendered":"https:\/\/rfid-laundry-tag.com\/?post_type=product&#038;p=136"},"modified":"2024-09-08T04:31:40","modified_gmt":"2024-09-08T04:31:40","slug":"heating-seal-uhf-rfid-laundry-tags","status":"publish","type":"product","link":"https:\/\/rfid-laundry-tag.com\/sl\/heating-seal-uhf-rfid-laundry-tags\/","title":{"rendered":"Heating Seal UHF RFID oznake za perilo"},"content":{"rendered":"<div>\n<div class=\"auto-hide-last-sibling-br paragraph_1252f paragraph-element\">\n<h1>Heating Seal UHF RFID oznake za perilo<\/h1>\n<table width=\"593\">\n<tbody>\n<tr>\n<td width=\"233\">RF zra\u010dni protokol<\/td>\n<td colspan=\"4\" width=\"360\">EPC Global Class 1 Gen2 ISO18000-6C<\/td>\n<\/tr>\n<tr>\n<td width=\"233\">Delovna frekvenca<\/td>\n<td colspan=\"4\" width=\"360\">UHF 866-868 MHz (ETSI) \/UHF 902-928 MHz (FCC)<\/td>\n<\/tr>\n<tr>\n<td width=\"233\">Zdru\u017eljivost okolja<\/td>\n<td colspan=\"4\" width=\"360\">Optimizirano v zraku<\/td>\n<\/tr>\n<tr>\n<td width=\"233\">Obdobje hrambe podatkov<\/td>\n<td colspan=\"4\" width=\"360\">50 let<\/td>\n<\/tr>\n<tr>\n<td width=\"233\">Preberi obseg<\/td>\n<td colspan=\"4\" width=\"360\">Do 5,5 m (iz kovine)<\/td>\n<\/tr>\n<tr>\n<td width=\"233\">Polarizacija<\/td>\n<td colspan=\"4\" width=\"360\">Linearno<\/td>\n<\/tr>\n<tr>\n<td width=\"233\">Vrsta IC<\/td>\n<td colspan=\"4\" width=\"360\">NXP U KODA 8, U KODA 9 itd<\/td>\n<\/tr>\n<tr>\n<td width=\"233\">Konfiguracija pomnilnika<\/td>\n<td colspan=\"4\" width=\"360\">EPC 128-bitni TID 96-bitni uporabnik 32-bitni<\/td>\n<\/tr>\n<tr>\n<td colspan=\"5\" width=\"593\">Mehanske lo\u010ditve<\/td>\n<\/tr>\n<tr>\n<td width=\"233\">Povr\u0161inski materiali<\/td>\n<td colspan=\"4\" width=\"360\">Tekstil<\/td>\n<\/tr>\n<tr>\n<td width=\"233\">Mere (mm)<\/td>\n<td colspan=\"4\" width=\"360\">15*70*1,5 mm<\/td>\n<\/tr>\n<tr>\n<td width=\"233\">Te\u017ea (g)<\/td>\n<td colspan=\"4\" width=\"360\">0,7 g<\/td>\n<\/tr>\n<tr>\n<td rowspan=\"2\" width=\"233\">Priloga<\/td>\n<td colspan=\"4\" width=\"360\">Pri\u0161ijte rob ali tkano etiketo<\/td>\n<\/tr>\n<tr>\n<td colspan=\"4\" width=\"360\">Toplotno tesnjenje pri 215 \u2103 pri 15 sekundah in 4 barih<\/td>\n<\/tr>\n<tr>\n<td width=\"233\">barva<\/td>\n<td colspan=\"4\" width=\"360\">Bela<\/td>\n<\/tr>\n<tr>\n<td colspan=\"5\" width=\"593\">Okoljske lo\u010ditve<\/td>\n<\/tr>\n<tr>\n<td width=\"233\">Delovna temperatura<\/td>\n<td colspan=\"4\" width=\"360\">-30\u00b0C do +85\u00b0C<\/td>\n<\/tr>\n<tr>\n<td width=\"233\">Temperatura okolja<\/td>\n<td colspan=\"4\" width=\"360\">-30\u00b0C do +100\u00b0C<\/td>\n<\/tr>\n<tr>\n<td width=\"233\">Mehanska odpornost<\/td>\n<td colspan=\"4\" width=\"360\">60 barov<\/td>\n<\/tr>\n<tr>\n<td width=\"233\">Kemi\u010dna odpornost<\/td>\n<td colspan=\"4\" width=\"360\">Obi\u010dajne obi\u010dajne kemikalije v postopkih pranja<\/td>\n<\/tr>\n<tr>\n<td rowspan=\"4\" width=\"233\">Odpornost na vro\u010dino<\/td>\n<td colspan=\"4\" width=\"360\">Pranje: 90 \u2103, 15 min, 200 ciklov<\/td>\n<\/tr>\n<tr>\n<td colspan=\"4\" width=\"360\">Predsu\u0161enje: 180\u2103, 30 min<\/td>\n<\/tr>\n<tr>\n<td colspan=\"4\" width=\"360\">Likanje: 180 \u2103, 10 sekund, 200 ciklov<\/td>\n<\/tr>\n<tr>\n<td colspan=\"4\" width=\"360\">Sterilizacija: 135\u2103, 20 min<\/td>\n<\/tr>\n<tr>\n<td width=\"233\">IP klasifikacija<\/td>\n<td colspan=\"4\" width=\"360\">IP68<\/td>\n<\/tr>\n<tr>\n<td width=\"233\">Garancija<\/td>\n<td colspan=\"4\" width=\"360\">2 leti ali 200-kratno pranje<\/td>\n<\/tr>\n<\/tbody>\n<\/table>\n<\/div>\n<\/div>\n<div><\/div>\n<div>\n<div class=\"auto-hide-last-sibling-br paragraph_1252f paragraph-element\">Oznake za perilo RFID slu\u017eijo kot koristno orodje za ustanove, ki potrebujejo stalno oskrbo s \u010distim perilom, delovnimi uniformami, medicinsko opremo ali \u010distilnimi materiali, kar avtomatiziranim sistemom omogo\u010da hitro in natan\u010dno obdelavo velikih koli\u010din posameznih predmetov.<\/div>\n<p>&nbsp;<\/p>\n<div class=\"auto-hide-last-sibling-br paragraph_1252f paragraph-element\">Te tkaninske oznake za perilo UHF RFID, ki so jih ve\u010dinoma sprejeli enotni ponudniki, gostinski subjekti, komercialne storitve \u010di\u0161\u010denja in zdravstvene ustanove, poenostavljajo postopek sledenja razli\u010dnim sredstvom, kot so obla\u010dila, perilo ali cunje. To prispeva k praksi u\u010dinkovitega nadzora zalog in natan\u010dnemu vodenju ra\u010dunov, kar pove\u010duje splo\u0161no operativno u\u010dinkovitost. Z zagotavljanjem podatkov brez napak in avtomatiziranjem postopka sledenja ta sistem nadzoruje napa\u010dno namestitev in krajo predmetov ter tako zmanj\u0161a izgube. Trajna narava teh oznak zagotavlja, da prenesejo industrijske postopke pranja. Je optimalna re\u0161itev za sistemati\u010dno in organizirano vodenje zalog.<\/div>\n<\/div>\n<div><\/div>\n<div><\/div>\n<div><\/div>\n<div>\n<div class=\"auto-hide-last-sibling-br paragraph_1252f paragraph-element\"><span style=\"font-family: inherit; font-size: 24px; font-weight: bold;\">Namestitev<\/span><\/div>\n<\/div>\n<p><strong>Ozna\u010devanje \u0161ivov<\/strong>: Za v\u0161ivanje v rob tekstila. Etiketo za perilo pri\u0161ijte stran od pregibnih linij.<br \/>\n<strong>Toplotno tesnjenje<\/strong>: Za toplotno tesnjenje neposredno na tekstil pri +200\u00b0C (392\u00b0F), za 12~14s.<br \/>\n<strong>V vre\u010dki<\/strong>: za \u0161ivanje kot standardna etiketa za nego. Etiketo za perilo pri\u0161ijte stran od pregibnih linij.<\/p>\n<p>&nbsp;<\/p>\n<div class=\"auto-hide-last-sibling-br paragraph_1252f paragraph-element\">\n<div class=\"auto-hide-last-sibling-br paragraph_1252f paragraph-element\">Ogrevalne samolepilne oznake UHF RFID za pranje perila so nepogre\u0161ljive v ne\u0161tetih panogah, saj so klju\u010dnega pomena za u\u010dinkovito sledenje sredstev, upravljanje zalog in pove\u010danje splo\u0161ne operativne u\u010dinkovitosti. Tu je kratek vpogled v njihovo uporabo v razli\u010dnih sektorjih:<\/div>\n<div class=\"auto-hide-last-sibling-br paragraph_1252f paragraph-element\"><\/div>\n<p style=\"font-weight: 400;\"><span style=\"font-style: inherit; font-weight: inherit;\" data-spm-anchor-id=\"a2700.details.0.i52.7e74253fSAfL7T\">kako <\/span><b><strong style=\"font-style: inherit;\">MO\u010cNO<\/strong><\/b><span style=\"font-style: inherit; font-weight: inherit;\"> so?<\/span><\/p>\n<p><b><strong>\u2460<\/strong><\/b>.Ali se \u010dipi RFID pod visokimi temperaturami po\u0161kodujejo?<span style=\"font-style: inherit; font-weight: inherit;\"> \u2013<\/span><b><strong>\u2714 Na\u0161a RFID oznaka za tekstilno perilo je zasnovana za uporabo pri 200 \u00b0C<\/strong><\/b><span style=\"font-style: inherit; font-weight: inherit;\">.<\/span><\/p>\n<p style=\"font-weight: 400;\"><b><strong>\u2461<\/strong><\/b>Kolikokrat lahko operemo etikete, ki so pritrjene na uniformne tekstilne izdelke? <b><strong>\u2013\u2714Na\u0161o oznako RFID za tekstilno perilo je mogo\u010de oprati ve\u010d kot 200-krat zajam\u010deno 2 leti po po\u0161iljanju.<\/strong><\/b><\/p>\n<p style=\"font-weight: 400;\"><b><strong>\u2462<\/strong><\/b>Bomo porabili presti\u017ene uniforme tekstilne izdelke, nadaljevali delo v primeru zme\u010dkanine odkru\u0161kov? <b><strong>\u2013\u2714Na\u0161o tekstilno etiketo za perilo smo zasnovali tako, da zdr\u017ei 60 barov pritiska v procesu stiskanja va\u0161ih tekstilnih izdelkov.<\/strong><\/b><\/p>\n<p style=\"font-weight: 400;\"><b><strong>\u2463<\/strong><\/b>Kam namestite oznake za perilo RFID na tkanine za uniforme? <b><strong>\u2013 \u2714RFID tekstilne oznake za perilo se namestijo glede na razpolo\u017eljivost uniform.<\/strong><\/b><\/p>\n<\/div>","protected":false},"excerpt":{"rendered":"<p>Oznake za perilo Heating Seal UHF RFID so zasnovane za komercialne in industrijske tekstilne aplikacije. Ta oznaka je izjemno prilagodljiva, jo je mogo\u010de brati iz raz\u0161irjenega obsega in \u0161e vedno zagotavlja najbolj natan\u010dne podatke znotraj. Stranke ga lahko uporabljajo za sledenje velikim koli\u010dinam tekstilnih sredstev, hkrati pa ohranjajo nizke stro\u0161ke in izbolj\u0161ajo u\u010dinkovitost upravljanja.<\/p>","protected":false},"featured_media":137,"template":"","meta":{"_kad_post_transparent":"default","_kad_post_title":"","_kad_post_layout":"default","_kad_post_sidebar_id":"","_kad_post_content_style":"default","_kad_post_vertical_padding":"default","_kad_post_feature":"","_kad_post_feature_position":"","_kad_post_header":false,"_kad_post_footer":false,"_kad_post_classname":""},"product_brand":[],"product_cat":[19,16],"product_tag":[67,31,65],"class_list":{"0":"post-136","1":"product","2":"type-product","3":"status-publish","4":"has-post-thumbnail","6":"product_cat-textile-rfid-laundry-tag","7":"product_cat-uhf-rfid-laundry-tags","8":"product_tag-heating-seal-uhf-rfid-laundry-tags","9":"product_tag-rfid-tag-for-linen-laundry","10":"product_tag-textile-rfid-laundry-tags","12":"first","13":"instock","14":"shipping-taxable","15":"product-type-simple","16":"entry","17":"content-bg","18":"loop-entry"},"_links":{"self":[{"href":"https:\/\/rfid-laundry-tag.com\/sl\/wp-json\/wp\/v2\/product\/136","targetHints":{"allow":["GET"]}}],"collection":[{"href":"https:\/\/rfid-laundry-tag.com\/sl\/wp-json\/wp\/v2\/product"}],"about":[{"href":"https:\/\/rfid-laundry-tag.com\/sl\/wp-json\/wp\/v2\/types\/product"}],"version-history":[{"count":1,"href":"https:\/\/rfid-laundry-tag.com\/sl\/wp-json\/wp\/v2\/product\/136\/revisions"}],"predecessor-version":[{"id":1938,"href":"https:\/\/rfid-laundry-tag.com\/sl\/wp-json\/wp\/v2\/product\/136\/revisions\/1938"}],"wp:featuredmedia":[{"embeddable":true,"href":"https:\/\/rfid-laundry-tag.com\/sl\/wp-json\/wp\/v2\/media\/137"}],"wp:attachment":[{"href":"https:\/\/rfid-laundry-tag.com\/sl\/wp-json\/wp\/v2\/media?parent=136"}],"wp:term":[{"taxonomy":"product_brand","embeddable":true,"href":"https:\/\/rfid-laundry-tag.com\/sl\/wp-json\/wp\/v2\/product_brand?post=136"},{"taxonomy":"product_cat","embeddable":true,"href":"https:\/\/rfid-laundry-tag.com\/sl\/wp-json\/wp\/v2\/product_cat?post=136"},{"taxonomy":"product_tag","embeddable":true,"href":"https:\/\/rfid-laundry-tag.com\/sl\/wp-json\/wp\/v2\/product_tag?post=136"}],"curies":[{"name":"delovni list","href":"https:\/\/api.w.org\/{rel}","templated":true}]}}