{"id":134,"date":"2024-06-12T06:46:42","date_gmt":"2024-06-12T06:46:42","guid":{"rendered":"https:\/\/rfid-laundry-tag.com\/?post_type=product&#038;p=134"},"modified":"2024-09-08T05:24:19","modified_gmt":"2024-09-08T05:24:19","slug":"heating-adhesive-uhf-rfid-laundry-tags-for-uniform","status":"publish","type":"product","link":"https:\/\/rfid-laundry-tag.com\/sl\/heating-adhesive-uhf-rfid-laundry-tags-for-uniform\/","title":{"rendered":"Grelno lepilo UHF RFID oznake za perilo za uniforme"},"content":{"rendered":"<div>\n<div class=\"auto-hide-last-sibling-br paragraph_1252f paragraph-element\">\n<table width=\"637\">\n<tbody>\n<tr>\n<td width=\"328\">Ime predmeta:<\/td>\n<td width=\"309\">Grelno lepilo UHF RFID oznake za perilo za uniforme<\/td>\n<\/tr>\n<tr>\n<td width=\"328\">Standard RFID:<\/td>\n<td width=\"309\">ISO\/IEC 18000-6 TypeC (EPC Gen2)<\/td>\n<\/tr>\n<tr>\n<td width=\"328\">Velikost in te\u017ea:<\/td>\n<td width=\"309\">70\u00d715 mm, 0,6g<\/td>\n<\/tr>\n<tr>\n<td width=\"328\">Vrsta \u010dipa:<\/td>\n<td width=\"309\">Impinj Monza 4QT,NXP U KODA 9,U koda 8 itd<\/td>\n<\/tr>\n<tr>\n<td width=\"328\">Pomnilnik EPC:<\/td>\n<td width=\"309\">128 bitov<\/td>\n<\/tr>\n<tr>\n<td width=\"328\">Uporabni\u0161ki pomnilnik:<\/td>\n<td width=\"309\">512 bitov<\/td>\n<\/tr>\n<tr>\n<td width=\"328\">Razpon branja (2W ERP FCC):<\/td>\n<td width=\"309\">8m<\/td>\n<\/tr>\n<tr>\n<td width=\"328\">Razpon branja (2W ERP ETSI):<\/td>\n<td width=\"309\">8m<\/td>\n<\/tr>\n<tr>\n<td width=\"328\">Ozna\u010devanje:<\/td>\n<td width=\"309\">\u0160ivanje, lepilo za vro\u010de \u017eigosanje<\/td>\n<\/tr>\n<tr>\n<td width=\"328\">Predvidena \u017eivljenjska doba:<\/td>\n<td width=\"309\">200 ciklov pranja ali 3 leta, kar nastopi prej<\/td>\n<\/tr>\n<tr>\n<td width=\"328\">Metoda pranja:<\/td>\n<td width=\"309\">Pralnica, kemi\u010dna \u010distilnica<\/td>\n<\/tr>\n<tr>\n<td width=\"328\">Pritisk vode:<\/td>\n<td width=\"309\">60 barov<\/td>\n<\/tr>\n<tr>\n<td width=\"328\">Vodoodpornost:<\/td>\n<td width=\"309\">Vodoodporen<\/td>\n<\/tr>\n<tr>\n<td width=\"328\">Kemi\u010dna odpornost:<\/td>\n<td width=\"309\">Detergent, meh\u010dalec, belilo (kisik\/klor), alkalije<\/td>\n<\/tr>\n<tr>\n<td width=\"328\">Predhodno su\u0161enje v me\u0161alniku:<\/td>\n<td width=\"309\">125 \u00baC 15-20 minut<\/td>\n<\/tr>\n<tr>\n<td width=\"328\">Temperatura sterilizacije:<\/td>\n<td width=\"309\">135\u00b0C 15-20 minut<\/td>\n<\/tr>\n<tr>\n<td width=\"328\">Temperatura pranja:<\/td>\n<td width=\"309\">90\u00b0C, do 15 min.<\/td>\n<\/tr>\n<tr>\n<td width=\"328\">Vla\u017enost\/temperatura - delovanje:<\/td>\n<td width=\"309\">-20 do 110 \u00b0C, 8 do 95%RH<\/td>\n<\/tr>\n<tr>\n<td width=\"328\">Vla\u017enost\/temperatura-skladi\u0161\u010denje:<\/td>\n<td width=\"309\">-40 do 110 \u00b0C, 8 do 95%RH<\/td>\n<\/tr>\n<\/tbody>\n<\/table>\n<\/div>\n<div class=\"auto-hide-last-sibling-br paragraph_1252f paragraph-element\"><\/div>\n<\/div>\n<div><\/div>\n<div class=\"auto-hide-last-sibling-br paragraph_1252f paragraph-element\">\n<div data-spm-anchor-id=\"a2700.details.0.i57.23b419c7xXORP0\"><span data-spm-anchor-id=\"a2700.details.0.i75.23b419c7xXORP0\"><b>funkcija:<\/b><br \/>\n1) UHF tehnologija za branje ve\u010d sto oznak hkrati.<br \/>\n2) Razdalja za branje ve\u010d kot 8 \u010devljev.<br \/>\n3) Nova mehanska zasnova za izbolj\u0161ano delovanje ravnega perila.<br \/>\n4) Primerno za visokotla\u010dne sesalnike do 60 barov.<br \/>\n5) Primerno za sterilizacijo v avtoklavu.<br \/>\n6) Majhen, mehak, prilagodljiv material, idealen za tekstil, perilo, obla\u010dila in dodatke.<\/span><\/div>\n<\/div>\n<div data-spm-anchor-id=\"a2700.details.0.i57.23b419c7xXORP0\"><\/div>\n<div data-spm-anchor-id=\"a2700.details.0.i57.23b419c7xXORP0\">\n<p><img fetchpriority=\"high\" decoding=\"async\" class=\"wp-image-55\" src=\"https:\/\/rfid-laundry-tag.com\/wp-content\/uploads\/2024\/06\/4-300x275.png\" alt=\"RFID Tag for linen laundry\" width=\"605\" height=\"555\" srcset=\"https:\/\/rfid-laundry-tag.com\/wp-content\/uploads\/2024\/06\/4-300x275.png 300w, https:\/\/rfid-laundry-tag.com\/wp-content\/uploads\/2024\/06\/4-600x550.png 600w, https:\/\/rfid-laundry-tag.com\/wp-content\/uploads\/2024\/06\/4-13x12.png 13w, https:\/\/rfid-laundry-tag.com\/wp-content\/uploads\/2024\/06\/4.png 750w\" sizes=\"(max-width: 605px) 100vw, 605px\" \/><\/p>\n<\/div>\n<h3 class=\"wp-block-heading\">Namestitev<\/h3>\n<p><strong>Ozna\u010devanje \u0161ivov<\/strong>: Za v\u0161ivanje v rob tekstila. Etiketo za perilo pri\u0161ijte stran od pregibnih linij.<br \/>\n<strong>Toplotno tesnjenje<\/strong>: Za toplotno tesnjenje neposredno na tekstil pri +200\u00b0C (392\u00b0F), za 12~14s.<br \/>\n<strong>V vre\u010dki<\/strong>: za \u0161ivanje kot standardna etiketa za nego. Etiketo za perilo pri\u0161ijte stran od pregibnih linij.<\/p>\n<div class=\"auto-hide-last-sibling-br paragraph_1252f paragraph-element\">\n<div class=\"auto-hide-last-sibling-br paragraph_1252f paragraph-element\">Ogrevalne samolepilne oznake UHF RFID za pranje perila so nepogre\u0161ljive v ne\u0161tetih panogah, saj so klju\u010dnega pomena za u\u010dinkovito sledenje sredstev, upravljanje zalog in pove\u010danje splo\u0161ne operativne u\u010dinkovitosti. Tu je kratek vpogled v njihovo uporabo v razli\u010dnih sektorjih:<\/div>\n<div class=\"auto-hide-last-sibling-br paragraph_1252f paragraph-element\"><\/div>\n<p style=\"font-weight: 400;\"><span style=\"font-style: inherit; font-weight: inherit;\" data-spm-anchor-id=\"a2700.details.0.i52.7e74253fSAfL7T\">kako <\/span><b><strong style=\"font-style: inherit;\">MO\u010cNO<\/strong><\/b><span style=\"font-style: inherit; font-weight: inherit;\"> so?<\/span><\/p>\n<p><b><strong>\u2460<\/strong><\/b>.Ali se \u010dipi RFID pod visokimi temperaturami po\u0161kodujejo?<span style=\"font-style: inherit; font-weight: inherit;\"> \u2013<\/span><b><strong>\u2714 Na\u0161a RFID oznaka za tekstilno perilo je zasnovana za uporabo pri 200 \u00b0C<\/strong><\/b><span style=\"font-style: inherit; font-weight: inherit;\">.<\/span><\/p>\n<p style=\"font-weight: 400;\"><b><strong>\u2461<\/strong><\/b>Kolikokrat lahko operemo etikete, ki so pritrjene na uniformne tekstilne izdelke? <b><strong>\u2013\u2714Na\u0161o oznako RFID za tekstilno perilo je mogo\u010de oprati ve\u010d kot 200-krat zajam\u010deno 2 leti po po\u0161iljanju.<\/strong><\/b><\/p>\n<p style=\"font-weight: 400;\"><b><strong>\u2462<\/strong><\/b>Bomo porabili presti\u017ene uniforme tekstilne izdelke, nadaljevali delo v primeru zme\u010dkanine odkru\u0161kov? <b><strong>\u2013\u2714Na\u0161o tekstilno etiketo za perilo smo zasnovali tako, da zdr\u017ei 60 barov pritiska v procesu stiskanja va\u0161ih tekstilnih izdelkov.<\/strong><\/b><\/p>\n<p style=\"font-weight: 400;\"><b><strong>\u2463<\/strong><\/b>Kam namestite oznake za perilo RFID na tkanine za uniforme? <b><strong>\u2013 \u2714RFID tekstilne oznake za perilo se namestijo glede na razpolo\u017eljivost uniform.<\/strong><\/b><\/p>\n<\/div>","protected":false},"excerpt":{"rendered":"<p>Obstaja nenehno povpra\u0161evanje po sve\u017eem perilu, delovnih obla\u010dilih, medicinski obleki ali hi\u0161ni\u0161kem materialu, oznake za perilo RFID omogo\u010dajo avtomatiziranim sistemom hitro in natan\u010dno sledenje ogromnim koli\u010dinam edinstvenih predmetov. Te oznake za perilo UHF RFID na tekstilni osnovi omogo\u010dajo ponudnikom uniform, gostinskim obratom, komercialnim \u010distilnim storitvam in zdravstvenim ustanovam, da samostojno spremljajo obla\u010dila, posteljnino, krpe in druga sredstva. To omogo\u010da natan\u010dno in u\u010dinkovito vodenje zalog in ra\u010dunovodskih procesov.<\/p>","protected":false},"featured_media":135,"template":"","meta":{"_kad_post_transparent":"default","_kad_post_title":"","_kad_post_layout":"default","_kad_post_sidebar_id":"","_kad_post_content_style":"default","_kad_post_vertical_padding":"default","_kad_post_feature":"","_kad_post_feature_position":"","_kad_post_header":false,"_kad_post_footer":false,"_kad_post_classname":""},"product_brand":[],"product_cat":[19,16],"product_tag":[66,31,65],"class_list":{"0":"post-134","1":"product","2":"type-product","3":"status-publish","4":"has-post-thumbnail","6":"product_cat-textile-rfid-laundry-tag","7":"product_cat-uhf-rfid-laundry-tags","8":"product_tag-heating-adhesive-uhf-rfid-laundry-tags","9":"product_tag-rfid-tag-for-linen-laundry","10":"product_tag-textile-rfid-laundry-tags","12":"first","13":"instock","14":"shipping-taxable","15":"product-type-simple","16":"entry","17":"content-bg","18":"loop-entry"},"_links":{"self":[{"href":"https:\/\/rfid-laundry-tag.com\/sl\/wp-json\/wp\/v2\/product\/134","targetHints":{"allow":["GET"]}}],"collection":[{"href":"https:\/\/rfid-laundry-tag.com\/sl\/wp-json\/wp\/v2\/product"}],"about":[{"href":"https:\/\/rfid-laundry-tag.com\/sl\/wp-json\/wp\/v2\/types\/product"}],"version-history":[{"count":1,"href":"https:\/\/rfid-laundry-tag.com\/sl\/wp-json\/wp\/v2\/product\/134\/revisions"}],"predecessor-version":[{"id":1942,"href":"https:\/\/rfid-laundry-tag.com\/sl\/wp-json\/wp\/v2\/product\/134\/revisions\/1942"}],"wp:featuredmedia":[{"embeddable":true,"href":"https:\/\/rfid-laundry-tag.com\/sl\/wp-json\/wp\/v2\/media\/135"}],"wp:attachment":[{"href":"https:\/\/rfid-laundry-tag.com\/sl\/wp-json\/wp\/v2\/media?parent=134"}],"wp:term":[{"taxonomy":"product_brand","embeddable":true,"href":"https:\/\/rfid-laundry-tag.com\/sl\/wp-json\/wp\/v2\/product_brand?post=134"},{"taxonomy":"product_cat","embeddable":true,"href":"https:\/\/rfid-laundry-tag.com\/sl\/wp-json\/wp\/v2\/product_cat?post=134"},{"taxonomy":"product_tag","embeddable":true,"href":"https:\/\/rfid-laundry-tag.com\/sl\/wp-json\/wp\/v2\/product_tag?post=134"}],"curies":[{"name":"delovni list","href":"https:\/\/api.w.org\/{rel}","templated":true}]}}