{"id":122,"date":"2024-06-12T06:05:12","date_gmt":"2024-06-12T06:05:12","guid":{"rendered":"https:\/\/rfid-laundry-tag.com\/?post_type=product&#038;p=122"},"modified":"2024-06-12T06:05:12","modified_gmt":"2024-06-12T06:05:12","slug":"silicone-washable-rfid-laundry-tag","status":"publish","type":"product","link":"https:\/\/rfid-laundry-tag.com\/sl\/silicone-washable-rfid-laundry-tag\/","title":{"rendered":"Silikonska pralna oznaka za perilo RFID"},"content":{"rendered":"<table style=\"font-family: var(--global-body-font-family);\" width=\"537\">\n<tbody>\n<tr>\n<td width=\"228\">Ime<\/td>\n<td width=\"309\">Silikonska pralna oznaka za perilo RFID<\/td>\n<\/tr>\n<tr>\n<td width=\"228\">Na\u010din<\/td>\n<td width=\"309\">SL-01<\/td>\n<\/tr>\n<tr>\n<td width=\"228\">Material<\/td>\n<td width=\"309\">Silikon<\/td>\n<\/tr>\n<tr>\n<td width=\"228\">barva<\/td>\n<td width=\"309\">Bela (ali po meri)<\/td>\n<\/tr>\n<tr>\n<td width=\"228\">Velikost<\/td>\n<td width=\"309\">55mm*12mm, 2,5mm debeline<\/td>\n<\/tr>\n<tr>\n<td width=\"228\">\u010dip<\/td>\n<td width=\"309\">915Mhz NXP U koda 9, Alien H3, H9 itd<\/td>\n<\/tr>\n<tr>\n<td width=\"228\">Delovna temperatura<\/td>\n<td width=\"309\">\u2013 25\u00baC do +75\u00baC<\/td>\n<\/tr>\n<tr>\n<td width=\"228\">Cikel pranja<\/td>\n<td width=\"309\">200-krat<\/td>\n<\/tr>\n<tr>\n<td width=\"228\">Vodotesen<\/td>\n<td width=\"309\">ja<\/td>\n<\/tr>\n<tr>\n<td width=\"228\">Kemi\u010dna odpornost<\/td>\n<td width=\"309\">ja<\/td>\n<\/tr>\n<\/tbody>\n<\/table>\n<p data-spm-anchor-id=\"a2700.details.0.i116.60201a70jOXdOd\">\n<p data-spm-anchor-id=\"a2700.details.0.i116.60201a70jOXdOd\"><strong>Uporaba:<\/strong><\/p>\n<ul>\n<li>Upravljanje sledenja hotelske posteljnine<\/li>\n<li>Tovarna\/skladi\u0161\u010de\/hotel\/bolni\u0161nica\/zabavi\u0161\u010dni park<\/li>\n<li data-spm-anchor-id=\"a2700.details.0.i115.60201a70jOXdOd\"><span data-spm-anchor-id=\"a2700.details.0.i120.60201a70jOXdOd\">Bolni\u0161ni\u010dne uniforme<\/span><\/li>\n<li data-spm-anchor-id=\"a2700.details.0.i118.60201a70jOXdOd\">Posteljnina\/palete\/platnene vre\u010de<\/li>\n<li>Kemi\u010dne \u010distilnice<\/li>\n<li>Uporaba v hotelski rjuhi\/ pritrjeni na tekstil\/ delovna obla\u010dila.<\/li>\n<li>Tovarna obla\u010dil, tovarna tkanin.<\/li>\n<\/ul>\n<p>&nbsp;<\/p>","protected":false},"excerpt":{"rendered":"<p>RFID silikonska oznaka za pranje perila predstavlja vrhunsko tehnologijo za samodejno spremljanje in upravljanje zalog v pralnicah. Te oznake RFID, tanke, prilagodljive in mehke, so zasnovane tako, da so odporne na kemikalije, vro\u010dino in fizi\u010dne pritiske. Opremljeni so z robustnimi transponderji RFID in so izdelani tako, da prenesejo ve\u010d kot 200 pranj v bobnu in ogrevanih ciklov su\u0161enja, da ne omenjamo \u010di\u0161\u010denja in likanja. Na\u0161e silikonske oznake za perilo RFID, ki se obi\u010dajno uporabljajo pri sledenju perila v velikem obsegu, jih je mogo\u010de enostavno vklju\u010diti v \u0161iroko paleto tekstilnih materialov, kot so posteljnina, bluze, brisa\u010de in medicinska obla\u010dila.<\/p>","protected":false},"featured_media":123,"template":"","meta":{"_kad_post_transparent":"default","_kad_post_title":"","_kad_post_layout":"default","_kad_post_sidebar_id":"","_kad_post_content_style":"default","_kad_post_vertical_padding":"default","_kad_post_feature":"","_kad_post_feature_position":"","_kad_post_header":false,"_kad_post_footer":false,"_kad_post_classname":""},"product_brand":[],"product_cat":[20],"product_tag":[62,61],"class_list":{"0":"post-122","1":"product","2":"type-product","3":"status-publish","4":"has-post-thumbnail","6":"product_cat-silicone-rfid-laundry-tag","7":"product_tag-silicone-rfid-laundry-tag","8":"product_tag-silicone-washable-rfid-laundry-tag","10":"first","11":"instock","12":"shipping-taxable","13":"product-type-simple","14":"entry","15":"content-bg","16":"loop-entry"},"_links":{"self":[{"href":"https:\/\/rfid-laundry-tag.com\/sl\/wp-json\/wp\/v2\/product\/122","targetHints":{"allow":["GET"]}}],"collection":[{"href":"https:\/\/rfid-laundry-tag.com\/sl\/wp-json\/wp\/v2\/product"}],"about":[{"href":"https:\/\/rfid-laundry-tag.com\/sl\/wp-json\/wp\/v2\/types\/product"}],"version-history":[{"count":0,"href":"https:\/\/rfid-laundry-tag.com\/sl\/wp-json\/wp\/v2\/product\/122\/revisions"}],"wp:featuredmedia":[{"embeddable":true,"href":"https:\/\/rfid-laundry-tag.com\/sl\/wp-json\/wp\/v2\/media\/123"}],"wp:attachment":[{"href":"https:\/\/rfid-laundry-tag.com\/sl\/wp-json\/wp\/v2\/media?parent=122"}],"wp:term":[{"taxonomy":"product_brand","embeddable":true,"href":"https:\/\/rfid-laundry-tag.com\/sl\/wp-json\/wp\/v2\/product_brand?post=122"},{"taxonomy":"product_cat","embeddable":true,"href":"https:\/\/rfid-laundry-tag.com\/sl\/wp-json\/wp\/v2\/product_cat?post=122"},{"taxonomy":"product_tag","embeddable":true,"href":"https:\/\/rfid-laundry-tag.com\/sl\/wp-json\/wp\/v2\/product_tag?post=122"}],"curies":[{"name":"delovni list","href":"https:\/\/api.w.org\/{rel}","templated":true}]}}