{"id":120,"date":"2024-06-12T05:14:47","date_gmt":"2024-06-12T05:14:47","guid":{"rendered":"https:\/\/rfid-laundry-tag.com\/?post_type=product&#038;p=120"},"modified":"2024-06-12T06:14:46","modified_gmt":"2024-06-12T06:14:46","slug":"pps-13-56mhz-rfid-laundry-clothes-tag","status":"publish","type":"product","link":"https:\/\/rfid-laundry-tag.com\/sl\/pps-13-56mhz-rfid-laundry-clothes-tag\/","title":{"rendered":"PPS 13,56MHZ RFID Oznaka za obla\u010dila za PRALNICO"},"content":{"rendered":"<div class=\"J_module\">\n<div class=\"ife-detail-decorate-table\">\n<table class=\"has-title all magic-6\">\n<tbody>\n<tr>\n<td colspan=\"1\" rowspan=\"1\">\n<div class=\"magic-7\" data-spm-anchor-id=\"a2700.details.0.i45.77607d98vZbcDU\"><span class=\"magic-8\" style=\"color: #363535;\">Ime izdelka<\/span><\/div>\n<\/td>\n<td colspan=\"1\" rowspan=\"1\">\n<div class=\"magic-9\">PPS 13,56MHZ RFID Oznaka za obla\u010dila za PRALNICO<\/div>\n<\/td>\n<\/tr>\n<tr>\n<td colspan=\"1\" rowspan=\"1\">\n<div class=\"magic-7\"><span class=\"magic-10\" data-spm-anchor-id=\"a2700.pc-decorate.0.i10.28d333330XLbTD\"><span class=\"magic-8\">Material<\/span><\/span><\/div>\n<\/td>\n<td colspan=\"1\" rowspan=\"1\">\n<div class=\"magic-9\"><span class=\"magic-8\">PPS<\/span><\/div>\n<\/td>\n<\/tr>\n<tr>\n<td colspan=\"1\" rowspan=\"1\">\n<div class=\"magic-7\"><span class=\"magic-8\">barva<\/span><\/div>\n<\/td>\n<td colspan=\"1\" rowspan=\"1\">\n<div class=\"magic-9\"><span class=\"magic-8\">\u010crna itd<\/span><\/div>\n<\/td>\n<\/tr>\n<tr>\n<td colspan=\"1\" rowspan=\"1\">MOQ<\/td>\n<td colspan=\"1\" rowspan=\"1\">500 kosov<\/td>\n<\/tr>\n<tr>\n<td colspan=\"1\" rowspan=\"1\">\n<div class=\"magic-7\"><span class=\"magic-8\">Proizvajalec\/\u010dip<\/span><\/div>\n<\/td>\n<td colspan=\"1\" rowspan=\"1\">\n<div class=\"magic-9\"><span class=\"magic-8\">ISO15693 :NXP I Code Slix ; ISO14443A:Ntag213,Ntag215,Ntag216,Mifare Ultralight ev1 itd<\/span><\/div>\n<\/td>\n<\/tr>\n<tr>\n<td colspan=\"1\" rowspan=\"1\">\n<div class=\"magic-7\"><span class=\"magic-8\">Pogostost<\/span><\/div>\n<\/td>\n<td colspan=\"1\" rowspan=\"1\">\n<div class=\"magic-9\"><span class=\"magic-8\">13,56 MHz<\/span><\/div>\n<\/td>\n<\/tr>\n<tr>\n<td colspan=\"1\" rowspan=\"1\">\n<div class=\"magic-7\"><span class=\"magic-8\">Spomin<\/span><\/div>\n<\/td>\n<td colspan=\"1\" rowspan=\"1\">\n<div class=\"magic-9\"><span class=\"magic-8\">Koda NXP I Slix je 1k bajt; pomnilnik drugega \u010dipa: 144 bajtov, 504 bajtov, 888 bajtov, 64 bajtov itd.<\/span><\/div>\n<\/td>\n<\/tr>\n<tr>\n<td colspan=\"1\" rowspan=\"1\">\n<div class=\"magic-7\"><span class=\"magic-8\">Preberi Razdalja<\/span><\/div>\n<\/td>\n<td colspan=\"1\" rowspan=\"1\">\n<div class=\"magic-9\"><span class=\"magic-8\">1~5 cm<\/span><\/div>\n<\/td>\n<\/tr>\n<tr>\n<td colspan=\"1\" rowspan=\"1\">\n<div class=\"magic-7\"><span class=\"magic-8\">Na\u010din dela<\/span><\/div>\n<\/td>\n<td colspan=\"1\" rowspan=\"1\">\n<div class=\"magic-9\"><span class=\"magic-8\">pasivno<\/span><\/div>\n<\/td>\n<\/tr>\n<tr>\n<td colspan=\"1\" rowspan=\"1\">\n<div class=\"magic-7\"><span class=\"magic-8\">Delovna temperatura<\/span><\/div>\n<\/td>\n<td colspan=\"1\" rowspan=\"1\">\n<div class=\"magic-9\"><span class=\"magic-8\">-25 \u2103 ~ +110 \u2103<\/span><\/div>\n<\/td>\n<\/tr>\n<tr>\n<td colspan=\"1\" rowspan=\"1\">\n<div class=\"magic-7\"><span class=\"magic-8\">Temperatura shranjevanja<\/span><\/div>\n<\/td>\n<td colspan=\"1\" rowspan=\"1\">\n<div class=\"magic-9\"><span class=\"magic-8\">-40\u2103~+85\u2103<\/span><\/div>\n<\/td>\n<\/tr>\n<tr>\n<td colspan=\"1\" rowspan=\"1\">\n<div class=\"magic-7\">\n<div><span class=\"magic-8\">\u00a0<\/span><\/div>\n<p><span class=\"magic-8\">Kratkotrajna temperaturna odpornost<\/span><\/p>\n<\/div>\n<\/td>\n<td colspan=\"1\" rowspan=\"1\">\n<div class=\"magic-9\"><span class=\"magic-8\">pranje: 90\u2103, 15 minut; predsu\u0161enje v pretvorniku: 180 \u2103, 30 minut, 200-krat; likanje: 180 \u2103, 10 sekund, 200-krat; visoka<br \/>\ntemperatura sterilizacije: 135 \u2103, 20 minut<\/span><\/div>\n<\/td>\n<\/tr>\n<tr>\n<td colspan=\"1\" rowspan=\"1\">\n<div class=\"magic-7\"><span class=\"magic-8\">Lastnosti<\/span><\/div>\n<\/td>\n<td colspan=\"1\" rowspan=\"1\">\n<div class=\"magic-9\"><span class=\"magic-8\">vodoodporen, pralen, odporen na visoke temperature<\/span><\/div>\n<\/td>\n<\/tr>\n<tr>\n<td colspan=\"1\" rowspan=\"1\">\n<div class=\"magic-7\">Protokol<\/div>\n<\/td>\n<td colspan=\"1\" rowspan=\"1\">\n<div class=\"magic-9\"><span class=\"magic-8\">ISO14443A\/15693<\/span><\/div>\n<\/td>\n<\/tr>\n<tr>\n<td colspan=\"1\" rowspan=\"1\">\n<div class=\"magic-7\"><span class=\"magic-8\">Aplikacije<\/span><\/div>\n<\/td>\n<td colspan=\"1\" rowspan=\"1\">\n<div class=\"magic-9\"><span class=\"magic-8\">upravljanje in sledenje pranju<\/span><\/div>\n<\/td>\n<\/tr>\n<\/tbody>\n<\/table>\n<\/div>\n<\/div>\n<div class=\"J_module\">\n<div class=\"detail-decorate-json-renderer-container\">\n<div class=\"magic-1\">\n<div class=\"magic-2\">\n<div class=\"auto-hide-last-sibling-br paragraph_1252f paragraph-element\">\n<div class=\"auto-hide-last-sibling-br paragraph_1252f paragraph-element\"><\/div>\n<div class=\"auto-hide-last-sibling-br paragraph_1252f paragraph-element\">\n<p><b>Aplikacija\u00a0<\/b><br \/>\n\u2013 Industrijsko pranje.<br \/>\n\u2013 Upravljanje uniform.<br \/>\n\u2013 Upravljanje medicinskih obla\u010dil.<br \/>\n\u2013 Upravljanje z obla\u010dili PPE.<br \/>\n\u2013 Vodenje kadrovske patrulje.<br \/>\n\u2013 Upravljanje z gasilsko opremo.<br \/>\n\u2013 Upravljanje smu\u010darske opreme.<\/p>\n<\/div>\n<div><\/div>\n<\/div>\n<\/div>\n<div>\n<p>The <strong>ICODE SLIX IC<\/strong> je namenski \u010dip za aplikacije inteligentnih nalepk, kot so knji\u017enice, preverjanje pristnosti izdelkov v razli\u010dnih panogah, kot so farmacija, medicinske naprave in alkohol, ter upravljanje proizvodnje na razli\u010dnih podro\u010djih industrije. Ta IC je tretja generacija dru\u017eine izdelkov IC-jev s pametnimi nalepkami, ki temelji na standardih ISO ISO\/IEC 15693 in ISO\/IEC 18000-3, ter podalj\u0161uje uspe\u0161no zgodbo NXP.<sup>\u00ae<\/sup>\u00a0na podro\u010dju sistemov za identifikacijo okolice.<\/p>\n<h3>Brezkontaktni prenos energije in podatkov<\/h3>\n<p>Kadarkoli je ICODE SLIX IC povezan z zelo preprostim in enostavnim tipom antene (zaradi nosilne frekvence 13,56 MHz), izdelano iz nekaj navitij, tiskanih, navitih, jedkanih ali luknjanih tuljav, lahko deluje brez vidna linija do razdalje 1,5 m (\u0161irina vrat). Baterija ni potrebna. Ko je pametna nalepka name\u0161\u010dena v polju spra\u0161evalne antene, hitri RF komunikacijski vmesnik omogo\u010da prenos podatkov do 53 kbit\/s.<\/p>\n<h3>Proti tr\u010denju<\/h3>\n<p>Inteligentna funkcija proti tr\u010denju omogo\u010da, da ve\u010d oznak deluje na polju hkrati. Algoritem za prepre\u010devanje trkov izbere vsako oznako posebej in zagotovi, da je izvedba transakcije z izbrano oznako izvedena pravilno brez po\u0161kodb podatkov, ki so posledica drugih oznak v polju.<\/p>\n<h3>Lastnosti<\/h3>\n<div id=\"featuresXsp\" class=\"features-list\">\n<div class=\"features-xsp\">\n<div class=\"collapse-mobile ste-list\">\n<h3>RF vmesnik ICODE SLIX (ISO\/IEC 15693)<\/h3>\n<ul class=\"boxes\">\n<li>Brezkontaktni prenos podatkov in dobava energije (brez baterije)<\/li>\n<li>Delovna razdalja: do 1,5 m (odvisno od geometrije antene)<\/li>\n<li>Delovna frekvenca: 13,56 MHz (ISM, svetovna licenca je prosto dostopna)<\/li>\n<li>Hiter prenos podatkov: do 53 kbit\/s<\/li>\n<li>Visoka celovitost podatkov: 16-bitni CRC, okvirjanje<\/li>\n<li>Prava za\u0161\u010dita pred tr\u010denjem<\/li>\n<li>Elektronski nadzor izdelkov (EAS), za\u0161\u010diten z geslom<\/li>\n<li>Z geslom za\u0161\u010diten identifikator dru\u017eine aplikacij (AFI)<\/li>\n<li>ID formata za shranjevanje podatkov (DSFID)<\/li>\n<li>Dodatno hitro branje proti trku<\/li>\n<li>Razdalja pisanja je enaka razdalji branja<\/li>\n<\/ul>\n<\/div>\n<div class=\"collapse-mobile ste-list\">\n<h3>EEPROM<\/h3>\n<ul class=\"boxes\">\n<li>1024 bitov, organiziranih v 32 blokih po 4 bajte<\/li>\n<li>50 let hrambe podatkov<\/li>\n<li>Napi\u0161ite vzdr\u017eljivost 100000 ciklov<\/li>\n<\/ul>\n<\/div>\n<div class=\"collapse-mobile ste-list\">\n<h3>Varnost<\/h3>\n<ul class=\"boxes\">\n<li>Enoli\u010dni identifikator za vsako napravo<\/li>\n<li>Mehanizem zaklepanja za vsak uporabni\u0161ki pomnilni\u0161ki blok (za\u0161\u010dita pred pisanjem)<\/li>\n<li>Zaklepni mehanizem za DSFID, AFI, EAS<\/li>\n<li>Z geslom (32-bitno) za\u0161\u010ditena funkcija EAS in AFI<\/li>\n<\/ul>\n<h1 id=\"hero-title\" class=\"sp-hero-title\">NTAG<sup>\u00ae<\/sup>\u00a0213\/215\/216: IC, skladen z oznako NFC Forum Type 2, s 144\/504\/888 bajti uporabni\u0161kega pomnilnika<\/h1>\n<\/div>\n<\/div>\n<\/div>\n<\/div>\n<div class=\"magic-2\">\n<div class=\"auto-hide-last-sibling-br paragraph_1252f paragraph-element\">\n<p>NTAG 213, NTAG 215 in NTAG 216 je razvil NXP<sup>\u00ae<\/sup>\u00a0Polprevodniki kot standardni IC-ji z oznakami NFC za uporabo v aplikacijah mno\u017ei\u010dnega trga, kot so trgovina na drobno, igre na sre\u010do in potro\u0161ni\u0161ka elektronika, v kombinaciji z napravami NFC ali napravami za bli\u017einsko spajanje, ki so zdru\u017eljive z NFC. NTAG 213, NTAG 215 in NTAG 216 (odslej na splo\u0161no imenovani NTAG 21x) so zasnovani tako, da popolnoma ustrezajo NFC Forum Type 2 Tag in specifikacijam ISO\/IEC14443 Type A.<\/p>\n<p>Ciljne aplikacije vklju\u010dujejo pametno ogla\u0161evanje zunaj doma in tiskanih medijev, aplikacije SoLoMo, preverjanje pristnosti izdelkov, oznake na policah NFC in oznake mobilnih spremljevalcev.<\/p>\n<p>Primeri ciljne uporabe vklju\u010dujejo pametno ogla\u0161evanje zunaj doma, preverjanje pristnosti izdelkov, mobilne spremljevalne oznake, Bluetooth<sup>\u00ae<\/sup>\u00a0ali zdru\u017eevanje Wi-Fi, elektronske nalepke na policah in vizitke. Pomnilnik NTAG 21x je mogo\u010de tudi segmentirati za izvajanje ve\u010d aplikacij hkrati.<\/p>\n<p>Zahvaljujo\u010d visoki vhodni kapacitivnosti so NTAG 21x tag IC posebej prilagojeni za aplikacije, ki zahtevajo majhno povr\u0161ino, brez kompromisov pri zmogljivosti. Majhne oznake NFC je mogo\u010de la\u017eje vdelati v npr. oznake izdelkov ali elektronske naprave.<\/p>\n<p>Mehanske in elektri\u010dne specifikacije NTAG 21x so prilagojene zahtevam proizvajalcev vlo\u017ekov in oznak.<\/p>\n<h3>Brezkontaktni prenos energije in podatkov<\/h3>\n<p>Komunikacijo z NTAG 21x je mogo\u010de vzpostaviti samo, \u010de je IC priklju\u010den na anteno.<\/p>\n<p>Ko je NTAG 21x name\u0161\u010den v RF polju, hitri RF komunikacijski vmesnik omogo\u010da prenos podatkov s hitrostjo prenosa 106 kbit\/s.<\/p>\n<h3>Enostavna namestitev in udobje za uporabnika<\/h3>\n<p>NTAG 21x ponuja posebne funkcije, namenjene izbolj\u0161anju integracije in priro\u010dnosti za uporabnike:<\/p>\n<ul>\n<li>Zmo\u017enost hitrega branja omogo\u010da skeniranje celotnega sporo\u010dila NDEF s samo enim ukazom FAST_READ, s \u010dimer se zmanj\u0161ajo stro\u0161ki v proizvodnih okoljih z visoko zmogljivostjo<\/li>\n<li>Izbolj\u0161ana RF zmogljivost omogo\u010da ve\u010djo prilagodljivost pri izbiri oblike, dimenzije in materialov<\/li>\n<li>Mo\u017enost za 75 \u03bcm debeline IC omogo\u010da izdelavo ultratankih oznak za bolj priro\u010dno integracijo v npr. revije ali igralne kartice<\/li>\n<\/ul>\n<h3>Varnost<\/h3>\n<ul>\n<li>Proizvajalec je programiral 7-bajtni UID za vsako napravo<\/li>\n<li>Vsebnik vnaprej programiranih zmogljivosti z enkratno programabilnimi biti<\/li>\n<li>Funkcija zaklepanja samo za branje, ki jo je mogo\u010de programirati na terenu<\/li>\n<li>Podpis izvirnosti na podlagi ECC<\/li>\n<li>32-bitna za\u0161\u010dita z geslom za prepre\u010devanje nepoobla\u0161\u010denih operacij pomnilnika<\/li>\n<\/ul>\n<h3>NFC Forum Tag 2 Skladnost s tipom<\/h3>\n<p>NTAG 21x IC zagotavlja popolno skladnost s tehni\u010dnimi specifikacijami NFC Forum Tag 2 Type in omogo\u010da konfiguracije podatkovne strukture NDEF.<\/p>\n<h3>Proti tr\u010denju<\/h3>\n<p>Inteligentna funkcija proti tr\u010denju omogo\u010da isto\u010dasno upravljanje ve\u010d kot ene oznake na polju. Algoritem za prepre\u010devanje trkov izbere vsako oznako posebej in zagotovi, da se izvr\u0161itev transakcije z izbrano oznako izvede pravilno brez motenj druge oznake v polju.<\/p>\n<div class=\"auto-hide-last-sibling-br paragraph_1252f paragraph-element\"><\/div>\n<div class=\"auto-hide-last-sibling-br paragraph_1252f paragraph-element\"><\/div>\n<\/div>\n<\/div>\n<\/div>\n<\/div>\n<\/div>","protected":false},"excerpt":{"rendered":"<p>Oznake za perilo PPS 13,56 MHz RFID so domiselno izdelane za integracijo ali pritrditev na posteljno perilo, brisa\u010de in glavno medicinsko opremo ali uniforme, ki zahtevajo trdno oznako RFID majhnega premera. Oznaka se pona\u0161a s konstrukcijo PPS + epoksi, ki zagotavlja odpornost pod intenzivnim pritiskom in visokotemperaturnimi pogoji, zaradi \u010desar je \u0161e posebej odporna za rigorozne industrije. Poleg tega ponujamo oznake, opremljene s pomnilni\u0161kimi \u010dipi NFC ISO 15693 in 14443, zaradi \u010desar so prilagodljive razli\u010dnim potrebam.<\/p>","protected":false},"featured_media":121,"template":"","meta":{"_kad_post_transparent":"default","_kad_post_title":"","_kad_post_layout":"default","_kad_post_sidebar_id":"","_kad_post_content_style":"default","_kad_post_vertical_padding":"default","_kad_post_feature":"","_kad_post_feature_position":"","_kad_post_header":false,"_kad_post_footer":false,"_kad_post_classname":""},"product_brand":[],"product_cat":[21,17,53],"product_tag":[39,60,57,45],"class_list":{"0":"post-120","1":"product","2":"type-product","3":"status-publish","4":"has-post-thumbnail","6":"product_cat-pps-rfid-laundry-tag","7":"product_cat-nfc-rfid-laundry-tag","8":"product_cat-rfid-clothes-tag","9":"product_tag-nfc-laundry-tag","10":"product_tag-pps-13-56mhz-rfid-laundry-clothes-tag","11":"product_tag-pps-rfid-laundry-tags","12":"product_tag-pps-washable-nfc-tags","14":"first","15":"instock","16":"shipping-taxable","17":"product-type-simple","18":"entry","19":"content-bg","20":"loop-entry"},"_links":{"self":[{"href":"https:\/\/rfid-laundry-tag.com\/sl\/wp-json\/wp\/v2\/product\/120","targetHints":{"allow":["GET"]}}],"collection":[{"href":"https:\/\/rfid-laundry-tag.com\/sl\/wp-json\/wp\/v2\/product"}],"about":[{"href":"https:\/\/rfid-laundry-tag.com\/sl\/wp-json\/wp\/v2\/types\/product"}],"version-history":[{"count":0,"href":"https:\/\/rfid-laundry-tag.com\/sl\/wp-json\/wp\/v2\/product\/120\/revisions"}],"wp:featuredmedia":[{"embeddable":true,"href":"https:\/\/rfid-laundry-tag.com\/sl\/wp-json\/wp\/v2\/media\/121"}],"wp:attachment":[{"href":"https:\/\/rfid-laundry-tag.com\/sl\/wp-json\/wp\/v2\/media?parent=120"}],"wp:term":[{"taxonomy":"product_brand","embeddable":true,"href":"https:\/\/rfid-laundry-tag.com\/sl\/wp-json\/wp\/v2\/product_brand?post=120"},{"taxonomy":"product_cat","embeddable":true,"href":"https:\/\/rfid-laundry-tag.com\/sl\/wp-json\/wp\/v2\/product_cat?post=120"},{"taxonomy":"product_tag","embeddable":true,"href":"https:\/\/rfid-laundry-tag.com\/sl\/wp-json\/wp\/v2\/product_tag?post=120"}],"curies":[{"name":"delovni list","href":"https:\/\/api.w.org\/{rel}","templated":true}]}}