{"id":118,"date":"2024-06-12T05:08:13","date_gmt":"2024-06-12T05:08:13","guid":{"rendered":"https:\/\/rfid-laundry-tag.com\/?post_type=product&#038;p=118"},"modified":"2024-08-14T16:26:48","modified_gmt":"2024-08-14T16:26:48","slug":"20mm-pps-nfc-laundry-clothing-tag","status":"publish","type":"product","link":"https:\/\/rfid-laundry-tag.com\/sl\/20mm-pps-nfc-laundry-clothing-tag\/","title":{"rendered":"20 mm PPS NFC oznaka za obla\u010dila za perilo"},"content":{"rendered":"<div class=\"J_module\">\n<div class=\"ife-detail-decorate-table\">\n<table class=\"has-title all magic-6\">\n<tbody>\n<tr>\n<td colspan=\"1\" rowspan=\"1\">\n<div class=\"magic-7\" data-spm-anchor-id=\"a2700.details.0.i45.77607d98vZbcDU\"><span class=\"magic-8\" style=\"color: #363535;\">Ime izdelka<\/span><\/div>\n<\/td>\n<td colspan=\"1\" rowspan=\"1\">\n<div class=\"magic-9\">20 mm PPS NFC oznaka za obla\u010dila za perilo<\/div>\n<\/td>\n<\/tr>\n<tr>\n<td colspan=\"1\" rowspan=\"1\">\n<div class=\"magic-7\"><span class=\"magic-10\" data-spm-anchor-id=\"a2700.pc-decorate.0.i10.28d333330XLbTD\"><span class=\"magic-8\">Material<\/span><\/span><\/div>\n<\/td>\n<td colspan=\"1\" rowspan=\"1\">\n<div class=\"magic-9\"><span class=\"magic-8\">PPS<\/span><\/div>\n<\/td>\n<\/tr>\n<tr>\n<td colspan=\"1\" rowspan=\"1\">\n<div class=\"magic-7\"><span class=\"magic-8\">barva<\/span><\/div>\n<\/td>\n<td colspan=\"1\" rowspan=\"1\">\n<div class=\"magic-9\"><span class=\"magic-8\">\u010crna, rumena itd<\/span><\/div>\n<\/td>\n<\/tr>\n<tr>\n<td colspan=\"1\" rowspan=\"1\">MOQ<\/td>\n<td colspan=\"1\" rowspan=\"1\">500 kosov<\/td>\n<\/tr>\n<tr>\n<td colspan=\"1\" rowspan=\"1\">\n<div class=\"magic-7\"><span class=\"magic-8\">Proizvajalec\/\u010dip<\/span><\/div>\n<\/td>\n<td colspan=\"1\" rowspan=\"1\">\n<div class=\"magic-9\"><span class=\"magic-8\">NXP Ntag213, Ntag215, Ntag216, Mifare Ultralight ev1 itd.<\/span><\/div>\n<\/td>\n<\/tr>\n<tr>\n<td colspan=\"1\" rowspan=\"1\">\n<div class=\"magic-7\"><span class=\"magic-8\">Pogostost<\/span><\/div>\n<\/td>\n<td colspan=\"1\" rowspan=\"1\">\n<div class=\"magic-9\"><span class=\"magic-8\">13,56 MHz<\/span><\/div>\n<\/td>\n<\/tr>\n<tr>\n<td colspan=\"1\" rowspan=\"1\">\n<div class=\"magic-7\"><span class=\"magic-8\">Spomin<\/span><\/div>\n<\/td>\n<td colspan=\"1\" rowspan=\"1\">\n<div class=\"magic-9\"><span class=\"magic-8\">144 bajtov, 504 bajtov, 888 bajtov, 64 bajtov itd<\/span><\/div>\n<\/td>\n<\/tr>\n<tr>\n<td colspan=\"1\" rowspan=\"1\">\n<div class=\"magic-7\"><span class=\"magic-8\">Preberi Razdalja<\/span><\/div>\n<\/td>\n<td colspan=\"1\" rowspan=\"1\">\n<div class=\"magic-9\"><span class=\"magic-8\">1~5 cm<\/span><\/div>\n<\/td>\n<\/tr>\n<tr>\n<td colspan=\"1\" rowspan=\"1\">\n<div class=\"magic-7\"><span class=\"magic-8\">Na\u010din dela<\/span><\/div>\n<\/td>\n<td colspan=\"1\" rowspan=\"1\">\n<div class=\"magic-9\"><span class=\"magic-8\">pasivno<\/span><\/div>\n<\/td>\n<\/tr>\n<tr>\n<td colspan=\"1\" rowspan=\"1\">\n<div class=\"magic-7\"><span class=\"magic-8\">Delovna temperatura<\/span><\/div>\n<\/td>\n<td colspan=\"1\" rowspan=\"1\">\n<div class=\"magic-9\"><span class=\"magic-8\">-25 \u2103 ~ +110 \u2103<\/span><\/div>\n<\/td>\n<\/tr>\n<tr>\n<td colspan=\"1\" rowspan=\"1\">\n<div class=\"magic-7\"><span class=\"magic-8\">Temperatura shranjevanja<\/span><\/div>\n<\/td>\n<td colspan=\"1\" rowspan=\"1\">\n<div class=\"magic-9\"><span class=\"magic-8\">-40\u2103~+85\u2103<\/span><\/div>\n<\/td>\n<\/tr>\n<tr>\n<td colspan=\"1\" rowspan=\"1\">\n<div class=\"magic-7\">\n<div><span class=\"magic-8\">\u00a0<\/span><\/div>\n<p><span class=\"magic-8\">Kratkotrajna temperaturna odpornost<\/span><\/p>\n<\/div>\n<\/td>\n<td colspan=\"1\" rowspan=\"1\">\n<div class=\"magic-9\"><span class=\"magic-8\">pranje: 90\u2103, 15 minut; predsu\u0161enje v pretvorniku: 180 \u2103, 30 minut, 200-krat; likanje: 180 \u2103, 10 sekund, 200-krat; visoka<br \/>\ntemperatura sterilizacije: 135 \u2103, 20 minut<\/span><\/div>\n<\/td>\n<\/tr>\n<tr>\n<td colspan=\"1\" rowspan=\"1\">\n<div class=\"magic-7\"><span class=\"magic-8\">Lastnosti<\/span><\/div>\n<\/td>\n<td colspan=\"1\" rowspan=\"1\">\n<div class=\"magic-9\"><span class=\"magic-8\">vodoodporen, pralen, odporen na visoke temperature<\/span><\/div>\n<\/td>\n<\/tr>\n<tr>\n<td colspan=\"1\" rowspan=\"1\">\n<div class=\"magic-7\"><span class=\"magic-8\">\u017eivljenje<\/span><\/div>\n<\/td>\n<td colspan=\"1\" rowspan=\"1\">\n<div class=\"magic-9\"><span class=\"magic-8\">200-kratno pranje ali 3 leta<\/span><\/div>\n<\/td>\n<\/tr>\n<tr>\n<td colspan=\"1\" rowspan=\"1\">\n<div class=\"magic-7\"><span class=\"magic-8\">Aplikacije<\/span><\/div>\n<\/td>\n<td colspan=\"1\" rowspan=\"1\">\n<div class=\"magic-9\"><span class=\"magic-8\">upravljanje in sledenje pranju<\/span><\/div>\n<\/td>\n<\/tr>\n<\/tbody>\n<\/table>\n<\/div>\n<\/div>\n<div class=\"J_module\">\n<div class=\"detail-decorate-json-renderer-container\">\n<div class=\"magic-1\">\n<div>\n<div><\/div>\n<div class=\"auto-hide-last-sibling-br paragraph_1252f paragraph-element\"><strong>NTAG213 \u010dip oznake PPS NFC perila za obla\u010dila<\/strong><\/div>\n<ul class=\"auto-hide-last-sibling-br\">\n<li>Proizvajalec: NXP Semiconductors<\/li>\n<li>Vrsta \u010dipa: NTAG213 (ISO\/IEC 14443 A)<\/li>\n<li>Pomnilnik: 144 bajtov skupnega pomnilnika, razdeljenega na 42 strani (4 bajti vsaka)<\/li>\n<li>Dovoli branje in pisanje<\/li>\n<li>Funkcija zrcaljenja UID ASCII<\/li>\n<li>Integrirani podpis izvirnosti<\/li>\n<li>Zdru\u017eljivo z oznako NFC Forum Type 2<\/li>\n<\/ul>\n<\/div>\n<div class=\"magic-2\">\n<div class=\"auto-hide-last-sibling-br paragraph_1252f paragraph-element\">\n<div class=\"auto-hide-last-sibling-br paragraph_1252f paragraph-element\">\u00a0PPS NFC Laundry Clothing Tag, vdelan s \u010dipi NTAG213, je odli\u010den za okolja, ki zahtevajo robusten in zanesljiv mehanizem za sledenje, kot so industrijske pralnice, skladi\u0161\u010da in logisti\u010dna podjetja. Trdno plasti\u010dno ohi\u0161je PPS teh \u017eetonov zagotavlja, da se lahko u\u010dinkovito uprejo razli\u010dnim okoljskim izzivom, kot so visoki pritiski, vlaga, olja, kemikalije in povi\u0161ane temperature.<\/div>\n<div class=\"auto-hide-last-sibling-br paragraph_1252f paragraph-element\">Ti NFC \u017eetoni za perilo so majhni, \u010drni in okrogli z robustnim NFC \u010dipom NXP NTAG213. \u010cip in antena sta v celoti zaprta v robustnem termoplasti\u010dnem ohi\u0161ju PPS, ki ga je mogo\u010de prati v pralnem stroju in nudi vrhunsko za\u0161\u010dito z oceno IP68.<\/div>\n<p>&nbsp;<\/p>\n<div class=\"auto-hide-last-sibling-br paragraph_1252f paragraph-element\"><\/div>\n<div class=\"auto-hide-last-sibling-br paragraph_1252f paragraph-element\"><\/div>\n<\/div>\n<\/div>\n<\/div>\n<\/div>\n<\/div>","protected":false},"excerpt":{"rendered":"<p>Kompaktna NFC oznaka za perilo, \u0161iroka 20 mm, odporna na vro\u010dino, ognjevarna in vodotesna. Izdelan iz trpe\u017ene PPS plastike z notranjo bakreno anteno za zanesljivo branje.<\/p>","protected":false},"featured_media":119,"template":"","meta":{"_kad_post_transparent":"default","_kad_post_title":"","_kad_post_layout":"default","_kad_post_sidebar_id":"","_kad_post_content_style":"default","_kad_post_vertical_padding":"default","_kad_post_feature":"","_kad_post_feature_position":"","_kad_post_header":false,"_kad_post_footer":false,"_kad_post_classname":""},"product_brand":[],"product_cat":[21,17],"product_tag":[37,46,59,45],"class_list":{"0":"post-118","1":"product","2":"type-product","3":"status-publish","4":"has-post-thumbnail","6":"product_cat-pps-rfid-laundry-tag","7":"product_cat-nfc-rfid-laundry-tag","8":"product_tag-nfc-button","9":"product_tag-nfc-laundry-token","10":"product_tag-pps-nfc-laundry-clothing-tag","11":"product_tag-pps-washable-nfc-tags","13":"first","14":"instock","15":"shipping-taxable","16":"product-type-simple","17":"entry","18":"content-bg","19":"loop-entry"},"_links":{"self":[{"href":"https:\/\/rfid-laundry-tag.com\/sl\/wp-json\/wp\/v2\/product\/118","targetHints":{"allow":["GET"]}}],"collection":[{"href":"https:\/\/rfid-laundry-tag.com\/sl\/wp-json\/wp\/v2\/product"}],"about":[{"href":"https:\/\/rfid-laundry-tag.com\/sl\/wp-json\/wp\/v2\/types\/product"}],"version-history":[{"count":1,"href":"https:\/\/rfid-laundry-tag.com\/sl\/wp-json\/wp\/v2\/product\/118\/revisions"}],"predecessor-version":[{"id":1321,"href":"https:\/\/rfid-laundry-tag.com\/sl\/wp-json\/wp\/v2\/product\/118\/revisions\/1321"}],"wp:featuredmedia":[{"embeddable":true,"href":"https:\/\/rfid-laundry-tag.com\/sl\/wp-json\/wp\/v2\/media\/119"}],"wp:attachment":[{"href":"https:\/\/rfid-laundry-tag.com\/sl\/wp-json\/wp\/v2\/media?parent=118"}],"wp:term":[{"taxonomy":"product_brand","embeddable":true,"href":"https:\/\/rfid-laundry-tag.com\/sl\/wp-json\/wp\/v2\/product_brand?post=118"},{"taxonomy":"product_cat","embeddable":true,"href":"https:\/\/rfid-laundry-tag.com\/sl\/wp-json\/wp\/v2\/product_cat?post=118"},{"taxonomy":"product_tag","embeddable":true,"href":"https:\/\/rfid-laundry-tag.com\/sl\/wp-json\/wp\/v2\/product_tag?post=118"}],"curies":[{"name":"delovni list","href":"https:\/\/api.w.org\/{rel}","templated":true}]}}