{"id":115,"date":"2024-06-12T04:52:26","date_gmt":"2024-06-12T04:52:26","guid":{"rendered":"https:\/\/rfid-laundry-tag.com\/?post_type=product&#038;p=115"},"modified":"2024-08-14T16:51:27","modified_gmt":"2024-08-14T16:51:27","slug":"rfid-laundry-tag-pps-t5577","status":"publish","type":"product","link":"https:\/\/rfid-laundry-tag.com\/sl\/rfid-laundry-tag-pps-t5577\/","title":{"rendered":"RFID oznaka za perilo-PPS -T5577"},"content":{"rendered":"<div class=\"J_module\">\n<div class=\"ife-detail-decorate-table\">\n<table style=\"border-collapse: collapse; width: 451.23pt;\" border=\"0\" width=\"752\" cellspacing=\"0\" cellpadding=\"0\">\n<tbody>\n<tr style=\"height: 28.00pt;\">\n<td class=\"et2\" style=\"height: 28.00pt; width: 138.60pt;\" width=\"231\" height=\"46\">Ime izdelka<\/td>\n<td class=\"et3\" style=\"width: 312.60pt;\" width=\"521\">RFID oznaka za perilo-PPS -T5577<\/td>\n<\/tr>\n<tr style=\"height: 14.40pt;\">\n<td class=\"et3\" style=\"height: 14.40pt; width: 138.60pt;\" width=\"231\" height=\"24\">Material<\/td>\n<td class=\"et3\" style=\"width: 312.60pt;\" width=\"521\">PPS<\/td>\n<\/tr>\n<tr style=\"height: 14.40pt;\">\n<td class=\"et3\" style=\"height: 14.40pt; width: 138.60pt;\" width=\"231\" height=\"24\">barva<\/td>\n<td class=\"et3\" style=\"width: 312.60pt;\" width=\"521\">\u010crna<\/td>\n<\/tr>\n<tr style=\"height: 14.40pt;\">\n<td class=\"et3\" style=\"height: 14.40pt; width: 138.60pt;\" width=\"231\" height=\"24\">MOQ<\/td>\n<td class=\"et3\" style=\"width: 312.60pt;\" width=\"521\">500 kosov<\/td>\n<\/tr>\n<tr style=\"height: 42.00pt;\">\n<td class=\"et3\" style=\"height: 42.00pt; width: 138.60pt;\" width=\"231\" height=\"70\">Proizvajalec\/\u010dip<\/td>\n<td class=\"et3\" style=\"width: 312.60pt;\" width=\"521\">EM4200, TK4100, EM4305, T5577 itd<\/td>\n<\/tr>\n<tr style=\"height: 14.40pt;\">\n<td class=\"et3\" style=\"height: 14.40pt; width: 138.60pt;\" width=\"231\" height=\"24\">Pogostost<\/td>\n<td class=\"et3\" style=\"width: 312.60pt;\" width=\"521\">125 kHz<\/td>\n<\/tr>\n<tr style=\"height: 70.00pt;\">\n<td class=\"et3\" style=\"height: 70.00pt; width: 138.60pt;\" width=\"231\" height=\"116\">Velikost<\/td>\n<td class=\"et3\" style=\"width: 312.60pt;\" width=\"521\">Premer 14 mm, Premer 15 mm, Premer 18 mm, Premer 20 mm,<\/p>\n<p>Dia22mm, Dia24mm, Dia30mm itd<\/td>\n<\/tr>\n<tr style=\"height: 14.40pt;\">\n<td class=\"et3\" style=\"height: 14.40pt; width: 138.60pt;\" width=\"231\" height=\"24\">Preberi Razdalja<\/td>\n<td class=\"et3\" style=\"width: 312.60pt;\" width=\"521\">1~5 cm<\/td>\n<\/tr>\n<tr style=\"height: 14.40pt;\">\n<td class=\"et3\" style=\"height: 14.40pt; width: 138.60pt;\" width=\"231\" height=\"24\">Na\u010din dela<\/td>\n<td class=\"et3\" style=\"width: 312.60pt;\" width=\"521\">pasivno<\/td>\n<\/tr>\n<tr style=\"height: 14.40pt;\">\n<td class=\"et3\" style=\"height: 14.40pt; width: 138.60pt;\" width=\"231\" height=\"24\">Delovna temperatura<\/td>\n<td class=\"et3\" style=\"width: 312.60pt;\" width=\"521\">-25<span class=\"font0\">\u2103<\/span><span class=\"font2\">~+110<\/span><span class=\"font0\">\u2103<\/span><\/td>\n<\/tr>\n<tr style=\"height: 14.40pt;\">\n<td class=\"et3\" style=\"height: 14.40pt; width: 138.60pt;\" width=\"231\" height=\"24\">Temperatura shranjevanja<\/td>\n<td class=\"et3\" style=\"width: 312.60pt;\" width=\"521\">-40<span class=\"font0\">\u2103<\/span><span class=\"font2\">~+85<\/span><span class=\"font0\">\u2103<\/span><\/td>\n<\/tr>\n<tr style=\"height: 73.00pt;\">\n<td class=\"et4\" style=\"height: 73.00pt;\" height=\"121\">Delovne specifikacije<\/td>\n<td class=\"et3\" style=\"width: 312.60pt;\" width=\"521\">Vodoodporen; odporen na potopitev v slano vodo, alkohol, olje, 10%HCL; amoniak; udarci in vibracije<\/td>\n<\/tr>\n<tr style=\"height: 14.40pt;\">\n<td class=\"et3\" style=\"height: 14.40pt; width: 138.60pt;\" width=\"231\" height=\"24\">Lastnosti<\/td>\n<td class=\"et3\" style=\"width: 312.60pt;\" width=\"521\">vodoodporen, pralen, odporen na visoke temperature<\/td>\n<\/tr>\n<tr style=\"height: 14.40pt;\">\n<td class=\"et3\" style=\"height: 14.40pt; width: 138.60pt;\" width=\"231\" height=\"24\">Aplikacije<\/td>\n<td class=\"et3\" style=\"width: 312.60pt;\" width=\"521\">upravljanje in sledenje pranju<\/td>\n<\/tr>\n<\/tbody>\n<\/table>\n<\/div>\n<p>&nbsp;<\/p>\n<p><strong>ATA5577 IC<\/strong> je brezkontaktni integrirani identifikacijski \u010dip za branje\/pisanje (IDIC\u00ae<br \/>\n) za aplikacije v 125 kHz ali 134<br \/>\nkHz frekven\u010dni pas. Ena tuljava, povezana s \u010dipom, slu\u017ei kot napajalnik IC in dvosmerno<br \/>\nkomunikacijski vmesnik. Antena in \u010dip skupaj tvorita transponder ali oznako. 363-bitni EEPROM na \u010dipu<br \/>\n(11 blokov po 33 bitov) se bere in pi\u0161e blokovno iz bazne postaje (bralnika). Podatki se prena\u0161ajo iz<br \/>\nIDIC (uplink) z uporabo modulacije obremenitve. To se dose\u017ee z du\u0161enjem RF polja z uporovno obremenitvijo med obema<br \/>\nterminala, \u201ctuljava 1 in tuljava 2\u201d. IC sprejema in dekodira ukaze serijske bazne postaje (downlink), ki so<br \/>\nkodirani kot bitni tokovi 100% z amplitudno modulirano vklopno-izklopno kodiranjem (OOK) s kodiranjem impulznega intervala (PIE).<\/p>\n<p><strong>Lastnosti IC ATA5577<\/strong><br \/>\nTo so naslednje zna\u010dilnosti branja\/pisanja LF RFID IDIC 100 kHz do 150 kHz:<br \/>\n\u2022 Brezkontaktno napajanje<br \/>\n\u2022 Brezkontaktni prenos podatkov za branje\/pisanje<br \/>\n\u2022 Radijska frekvenca fRF od 100 kHz do 150 kHz<br \/>\n\u2022 Osnovni na\u010din ali Raz\u0161irjeni na\u010din<br \/>\n\u2022 Zdru\u017eljivo s T5557, ATA5567<br \/>\n\u2022 Zamenjava za e5551\/T5551 v najpogostej\u0161ih na\u010dinih delovanja<br \/>\n\u2022 Nastavljiv za zdru\u017eljivost z ISO\/IEC 11784\/785<br \/>\n\u2022 Skupaj 363-bitni pomnilnik EEPROM: 11 blokov (32 bitov + 1 zaklepni bit):<br \/>\n\u2013 7 \u00d7 32-bitni uporabni\u0161ki pomnilnik EEPROM, vklju\u010dno z 32-bitnim pomnilnikom gesel<br \/>\n\u2013 2 \u00d7 32 bitov za edinstven ID<br \/>\n\u2013 1 \u00d7 32-bitni opcijski register v EEPROM-u za nastavitev analognega sprednjega dela:<br \/>\n\u2022 Stopnja zaznavanja takta in vrzeli<br \/>\n\u2022 Izbolj\u0161an \u010das povezave navzdol<br \/>\n\u2022 Objemka in modulacijska napetost<br \/>\n\u2022 Mehko modulacijsko preklapljanje<br \/>\n\u2022 Du\u0161enje zapisovanja kot T5557\/ATA5567 ali z uporom<br \/>\n\u2022 Protokol povezave navzdol<br \/>\n\u2013 1 \u00d7 32-bitni konfiguracijski register v EEPROM za nastavitev:<br \/>\n\u2022 Hitrost prenosa podatkov<br \/>\n\u2013 RF\/2 do RF\/128, binarno izbirno oz<br \/>\n\u2013 Popravljene stopnje osnovnega na\u010dina<br \/>\n\u2022 Modulacija\/kodiranje<br \/>\n\u2013 Bi-phase, Manchester, Frequency Shift Keying (FSK), Phase-Shift Keying (PSK), Non-Return-to Zero (NRZ)<br \/>\n\u2022 Druge mo\u017enosti:<br \/>\n\u2013 Na\u010din gesla<br \/>\n\u2013 Funkcija najve\u010djega bloka<br \/>\n\u2013 Na\u010din neposrednega dostopa<br \/>\n\u2013 Terminator(ji) zaporedja<\/p>\n<\/div>\n<div class=\"J_module\">\n<div class=\"detail-decorate-json-renderer-container\">\n<div class=\"magic-1\">\n<div>\n<div><\/div>\n<\/div>\n<div class=\"magic-2\">\n<div>\n<div class=\"auto-hide-last-sibling-br paragraph_1252f paragraph-element\">\n<div class=\"auto-hide-last-sibling-br paragraph_1252f paragraph-element\"><strong>125 kHz PPS RFID oznake za perilo<\/strong> prina\u0161ajo \u0161tevilne prednosti, \u010de so integrirani v re\u0161itve za oznake za perilo RFID.<\/div>\n<div class=\"auto-hide-last-sibling-br paragraph_1252f paragraph-element\">Med temi prednostmi so:<\/div>\n<ol class=\"auto-hide-last-sibling-br\">\n<li>Cene neposredno v tovarni zagotavljajo stro\u0161kovno u\u010dinkovite re\u0161itve.<\/li>\n<li>Zajam\u010dena kakovost s testiranjem 100%, izvedenim pred po\u0161iljanjem.<\/li>\n<li>Dolgotrajna zanesljivost, certificirano za ve\u010d kot 200 ciklov pranja ali se pona\u0161a z 2-letno garancijo na \u017eivljenjsko dobo po odpremi.<\/li>\n<li>Izjemna vzdr\u017eljivost, odpornost na vodo, vro\u010dino, pritisk in izpostavljenost kemikalijam.<\/li>\n<li>Nudimo tudi brezpla\u010den vzorec za zagotavljanje kakovosti in testiranje.<\/li>\n<\/ol>\n<div class=\"auto-hide-last-sibling-br paragraph_1252f paragraph-element\"><strong>RFID oznaka za perilo-PPS -T5577 Aplikacije:<\/strong><\/div>\n<ol class=\"auto-hide-last-sibling-br\">\n<li>\n<div class=\"auto-hide-last-sibling-br paragraph_1252f paragraph-element\">Industrijske pralnice: v industrijski areni uporaba RFID gumbov za oznake perila omogo\u010da enostavno sledenje ogromnim koli\u010dinam perila.<\/div>\n<\/li>\n<li>\n<div class=\"auto-hide-last-sibling-br paragraph_1252f paragraph-element\">Bolni\u0161nice in hoteli: Te ustanove pogosto opravljajo naloge pranja velike koli\u010dine perila, kjer so se te oznake izkazale za bistvene pri izbolj\u0161anju u\u010dinkovitosti in racionalizaciji upravljanja zalog.<\/div>\n<\/li>\n<li>\n<div class=\"auto-hide-last-sibling-br paragraph_1252f paragraph-element\">Izposoja perila: Podjetja, ki ponujajo storitve najema perila, sprejmejo te oznake za pomo\u010d pri poenostavitvi upravljanja zalog in zagotavljanju nadzora kakovosti.<\/div>\n<\/li>\n<\/ol>\n<\/div>\n<\/div>\n<\/div>\n<\/div>\n<\/div>\n<\/div>","protected":false},"excerpt":{"rendered":"<div class=\"auto-hide-last-sibling-br paragraph_1252f paragraph-element\">Oznake za pranje perila T5577 PPS RFID, izdelane iz pro\u017enega materiala PPS, so zasnovane tako, da prenesejo potopitev v vodo, izpostavljenost vro\u010dini, pritisku in kemikalijam, zaradi \u010desar so popolne za zahtevna okolja.<\/div>","protected":false},"featured_media":116,"template":"","meta":{"_kad_post_transparent":"default","_kad_post_title":"","_kad_post_layout":"default","_kad_post_sidebar_id":"","_kad_post_content_style":"default","_kad_post_vertical_padding":"default","_kad_post_feature":"","_kad_post_feature_position":"","_kad_post_header":false,"_kad_post_footer":false,"_kad_post_classname":""},"product_brand":[],"product_cat":[21,18],"product_tag":[52,49,58],"class_list":{"0":"post-115","1":"product","2":"type-product","3":"status-publish","4":"has-post-thumbnail","6":"product_cat-pps-rfid-laundry-tag","7":"product_cat-125khz-rfid-laundry-tag","8":"product_tag-125khz-pps-rfid-laundry-tag","9":"product_tag-button-rfid-tag","10":"product_tag-rfid-laundry-tag-pps-t5577","12":"first","13":"instock","14":"shipping-taxable","15":"product-type-simple","16":"entry","17":"content-bg","18":"loop-entry"},"_links":{"self":[{"href":"https:\/\/rfid-laundry-tag.com\/sl\/wp-json\/wp\/v2\/product\/115","targetHints":{"allow":["GET"]}}],"collection":[{"href":"https:\/\/rfid-laundry-tag.com\/sl\/wp-json\/wp\/v2\/product"}],"about":[{"href":"https:\/\/rfid-laundry-tag.com\/sl\/wp-json\/wp\/v2\/types\/product"}],"version-history":[{"count":1,"href":"https:\/\/rfid-laundry-tag.com\/sl\/wp-json\/wp\/v2\/product\/115\/revisions"}],"predecessor-version":[{"id":1340,"href":"https:\/\/rfid-laundry-tag.com\/sl\/wp-json\/wp\/v2\/product\/115\/revisions\/1340"}],"wp:featuredmedia":[{"embeddable":true,"href":"https:\/\/rfid-laundry-tag.com\/sl\/wp-json\/wp\/v2\/media\/116"}],"wp:attachment":[{"href":"https:\/\/rfid-laundry-tag.com\/sl\/wp-json\/wp\/v2\/media?parent=115"}],"wp:term":[{"taxonomy":"product_brand","embeddable":true,"href":"https:\/\/rfid-laundry-tag.com\/sl\/wp-json\/wp\/v2\/product_brand?post=115"},{"taxonomy":"product_cat","embeddable":true,"href":"https:\/\/rfid-laundry-tag.com\/sl\/wp-json\/wp\/v2\/product_cat?post=115"},{"taxonomy":"product_tag","embeddable":true,"href":"https:\/\/rfid-laundry-tag.com\/sl\/wp-json\/wp\/v2\/product_tag?post=115"}],"curies":[{"name":"delovni list","href":"https:\/\/api.w.org\/{rel}","templated":true}]}}