{"id":109,"date":"2024-06-12T04:24:09","date_gmt":"2024-06-12T04:24:09","guid":{"rendered":"https:\/\/rfid-laundry-tag.com\/?post_type=product&#038;p=109"},"modified":"2024-06-12T04:31:34","modified_gmt":"2024-06-12T04:31:34","slug":"nfc-laundry-tag-pps-icode-slix","status":"publish","type":"product","link":"https:\/\/rfid-laundry-tag.com\/sl\/nfc-laundry-tag-pps-icode-slix\/","title":{"rendered":"NFC oznaka za perilo \u2013 PPS- ICODE SLIX"},"content":{"rendered":"<div class=\"J_module\">\n<div class=\"ife-detail-decorate-table\">\n<table class=\"has-title all magic-6\">\n<tbody>\n<tr>\n<td colspan=\"1\" rowspan=\"1\">\n<div class=\"magic-7\" data-spm-anchor-id=\"a2700.details.0.i45.77607d98vZbcDU\"><span class=\"magic-8\" style=\"color: #363535;\">Ime izdelka<\/span><\/div>\n<\/td>\n<td colspan=\"1\" rowspan=\"1\">\n<div class=\"magic-9\">NFC oznaka za perilo \u2013 PPS- ICODE SLIX<\/div>\n<\/td>\n<\/tr>\n<tr>\n<td colspan=\"1\" rowspan=\"1\">\n<div class=\"magic-7\"><span class=\"magic-10\" data-spm-anchor-id=\"a2700.pc-decorate.0.i10.28d333330XLbTD\"><span class=\"magic-8\">Material<\/span><\/span><\/div>\n<\/td>\n<td colspan=\"1\" rowspan=\"1\">\n<div class=\"magic-9\"><span class=\"magic-8\">PPS<\/span><\/div>\n<\/td>\n<\/tr>\n<tr>\n<td colspan=\"1\" rowspan=\"1\">\n<div class=\"magic-7\"><span class=\"magic-8\">barva<\/span><\/div>\n<\/td>\n<td colspan=\"1\" rowspan=\"1\">\n<div class=\"magic-9\"><span class=\"magic-8\">\u010crna itd<\/span><\/div>\n<\/td>\n<\/tr>\n<tr>\n<td colspan=\"1\" rowspan=\"1\">MOQ<\/td>\n<td colspan=\"1\" rowspan=\"1\">500 kosov<\/td>\n<\/tr>\n<tr>\n<td colspan=\"1\" rowspan=\"1\">\n<div class=\"magic-7\"><span class=\"magic-8\">Proizvajalec\/\u010dip<\/span><\/div>\n<\/td>\n<td colspan=\"1\" rowspan=\"1\">\n<div class=\"magic-9\"><span class=\"magic-8\">NXP I Code Slix ; druge mo\u017enosti: Ntag213, Ntag215, Ntag216, Mifare Ultralight ev1 itd.<\/span><\/div>\n<\/td>\n<\/tr>\n<tr>\n<td colspan=\"1\" rowspan=\"1\">\n<div class=\"magic-7\"><span class=\"magic-8\">Pogostost<\/span><\/div>\n<\/td>\n<td colspan=\"1\" rowspan=\"1\">\n<div class=\"magic-9\"><span class=\"magic-8\">13,56 MHz<\/span><\/div>\n<\/td>\n<\/tr>\n<tr>\n<td colspan=\"1\" rowspan=\"1\">\n<div class=\"magic-7\"><span class=\"magic-8\">Spomin<\/span><\/div>\n<\/td>\n<td colspan=\"1\" rowspan=\"1\">\n<div class=\"magic-9\"><span class=\"magic-8\">1k bajt; pomnilnik drugega \u010dipa: 144 bajtov, 504 bajtov, 888 bajtov, 64 bajtov itd.<\/span><\/div>\n<\/td>\n<\/tr>\n<tr>\n<td colspan=\"1\" rowspan=\"1\">\n<div class=\"magic-7\"><span class=\"magic-8\">Preberi Razdalja<\/span><\/div>\n<\/td>\n<td colspan=\"1\" rowspan=\"1\">\n<div class=\"magic-9\"><span class=\"magic-8\">1~5 cm<\/span><\/div>\n<\/td>\n<\/tr>\n<tr>\n<td colspan=\"1\" rowspan=\"1\">\n<div class=\"magic-7\"><span class=\"magic-8\">Na\u010din dela<\/span><\/div>\n<\/td>\n<td colspan=\"1\" rowspan=\"1\">\n<div class=\"magic-9\"><span class=\"magic-8\">pasivno<\/span><\/div>\n<\/td>\n<\/tr>\n<tr>\n<td colspan=\"1\" rowspan=\"1\">\n<div class=\"magic-7\"><span class=\"magic-8\">Delovna temperatura<\/span><\/div>\n<\/td>\n<td colspan=\"1\" rowspan=\"1\">\n<div class=\"magic-9\"><span class=\"magic-8\">-25 \u2103 ~ +110 \u2103<\/span><\/div>\n<\/td>\n<\/tr>\n<tr>\n<td colspan=\"1\" rowspan=\"1\">\n<div class=\"magic-7\"><span class=\"magic-8\">Temperatura shranjevanja<\/span><\/div>\n<\/td>\n<td colspan=\"1\" rowspan=\"1\">\n<div class=\"magic-9\"><span class=\"magic-8\">-40\u2103~+85\u2103<\/span><\/div>\n<\/td>\n<\/tr>\n<tr>\n<td colspan=\"1\" rowspan=\"1\">\n<div class=\"magic-7\">\n<div><span class=\"magic-8\">\u00a0<\/span><\/div>\n<p><span class=\"magic-8\">Kratkotrajna temperaturna odpornost<\/span><\/p>\n<\/div>\n<\/td>\n<td colspan=\"1\" rowspan=\"1\">\n<div class=\"magic-9\"><span class=\"magic-8\">pranje: 90\u2103, 15 minut; predsu\u0161enje v pretvorniku: 180 \u2103, 30 minut, 200-krat; likanje: 180 \u2103, 10 sekund, 200-krat; visoka<br \/>\ntemperatura sterilizacije: 135 \u2103, 20 minut<\/span><\/div>\n<\/td>\n<\/tr>\n<tr>\n<td colspan=\"1\" rowspan=\"1\">\n<div class=\"magic-7\"><span class=\"magic-8\">Lastnosti<\/span><\/div>\n<\/td>\n<td colspan=\"1\" rowspan=\"1\">\n<div class=\"magic-9\"><span class=\"magic-8\">vodoodporen, pralen, odporen na visoke temperature<\/span><\/div>\n<\/td>\n<\/tr>\n<tr>\n<td colspan=\"1\" rowspan=\"1\">\n<div class=\"magic-7\"><span class=\"magic-8\">\u017eivljenje<\/span><\/div>\n<\/td>\n<td colspan=\"1\" rowspan=\"1\">\n<div class=\"magic-9\"><span class=\"magic-8\">200-kratno pranje ali 3 leta<\/span><\/div>\n<\/td>\n<\/tr>\n<tr>\n<td colspan=\"1\" rowspan=\"1\">\n<div class=\"magic-7\"><span class=\"magic-8\">Aplikacije<\/span><\/div>\n<\/td>\n<td colspan=\"1\" rowspan=\"1\">\n<div class=\"magic-9\"><span class=\"magic-8\">upravljanje in sledenje pranju<\/span><\/div>\n<\/td>\n<\/tr>\n<\/tbody>\n<\/table>\n<\/div>\n<\/div>\n<div class=\"J_module\">\n<div class=\"detail-decorate-json-renderer-container\">\n<div class=\"magic-1\">\n<div>\n<div><\/div>\n<\/div>\n<div class=\"magic-2\">\n<div class=\"auto-hide-last-sibling-br paragraph_1252f paragraph-element\">\n<div class=\"auto-hide-last-sibling-br paragraph_1252f paragraph-element\"><b>Oznaka NFC Laundry \u2013 PPS-I Code Slix Namestitev:<\/b><br \/>\nKo se podjetje odlo\u010di, da an <b>Pralnica NFC<\/b> jim sistem sledenja lahko koristi, je naslednji korak odlo\u010ditev za <b>NFC oznaka za perilo<\/b>.<br \/>\nThe <b>NFC oznaka za perilo<\/b> se lahko pri\u0161ije tudi k va\u0161im obla\u010dilom, v tem primeru sta funkciji NFC ali UHF na voljo kjerkoli ste.<\/div>\n<div class=\"auto-hide-last-sibling-br paragraph_1252f paragraph-element\">\n<p>&nbsp;<\/p>\n<p><b>Aplikacija za oznako NFC Laundry \u2013 PPS-I Code Slix:<\/b><br \/>\n\u2013 Industrijsko pranje.<br \/>\n\u2013 Upravljanje uniform.<br \/>\n\u2013 Upravljanje medicinskih obla\u010dil.<br \/>\n\u2013 Upravljanje z obla\u010dili PPE.<br \/>\n\u2013 Vodenje kadrovske patrulje.<br \/>\n\u2013 Upravljanje z gasilsko opremo.<br \/>\n\u2013 Upravljanje smu\u010darske opreme.<\/p>\n<\/div>\n<div><\/div>\n<\/div>\n<\/div>\n<div>\n<p>The <strong>ICODE SLIX IC<\/strong> je namenski \u010dip za aplikacije inteligentnih nalepk, kot so knji\u017enice, preverjanje pristnosti izdelkov v razli\u010dnih panogah, kot so farmacija, medicinske naprave in alkohol, ter upravljanje proizvodnje na razli\u010dnih podro\u010djih industrije. Ta IC je tretja generacija dru\u017eine izdelkov IC-jev s pametnimi nalepkami, ki temelji na standardih ISO ISO\/IEC 15693 in ISO\/IEC 18000-3, ter podalj\u0161uje uspe\u0161no zgodbo NXP.<sup>\u00ae<\/sup>\u00a0na podro\u010dju sistemov za identifikacijo okolice.<\/p>\n<h3>Brezkontaktni prenos energije in podatkov<\/h3>\n<p>Kadarkoli je ICODE SLIX IC povezan z zelo preprostim in enostavnim tipom antene (zaradi nosilne frekvence 13,56 MHz), izdelano iz nekaj navitij, tiskanih, navitih, jedkanih ali luknjanih tuljav, lahko deluje brez vidna linija do razdalje 1,5 m (\u0161irina vrat). Baterija ni potrebna. Ko je pametna nalepka name\u0161\u010dena v polju spra\u0161evalne antene, hitri RF komunikacijski vmesnik omogo\u010da prenos podatkov do 53 kbit\/s.<\/p>\n<h3>Proti tr\u010denju<\/h3>\n<p>Inteligentna funkcija proti tr\u010denju omogo\u010da, da ve\u010d oznak deluje na polju hkrati. Algoritem za prepre\u010devanje trkov izbere vsako oznako posebej in zagotovi, da je izvedba transakcije z izbrano oznako izvedena pravilno brez po\u0161kodb podatkov, ki so posledica drugih oznak v polju.<\/p>\n<h3>Lastnosti<\/h3>\n<div id=\"featuresXsp\" class=\"features-list\">\n<div class=\"features-xsp\">\n<div class=\"collapse-mobile ste-list\">\n<h3>RF vmesnik ICODE SLIX (ISO\/IEC 15693)<\/h3>\n<ul class=\"boxes\">\n<li>Brezkontaktni prenos podatkov in dobava energije (brez baterije)<\/li>\n<li>Delovna razdalja: do 1,5 m (odvisno od geometrije antene)<\/li>\n<li>Delovna frekvenca: 13,56 MHz (ISM, svetovna licenca je prosto dostopna)<\/li>\n<li>Hiter prenos podatkov: do 53 kbit\/s<\/li>\n<li>Visoka celovitost podatkov: 16-bitni CRC, okvirjanje<\/li>\n<li>Prava za\u0161\u010dita pred tr\u010denjem<\/li>\n<li>Elektronski nadzor izdelkov (EAS), za\u0161\u010diten z geslom<\/li>\n<li>Z geslom za\u0161\u010diten identifikator dru\u017eine aplikacij (AFI)<\/li>\n<li>ID formata za shranjevanje podatkov (DSFID)<\/li>\n<li>Dodatno hitro branje proti trku<\/li>\n<li>Razdalja pisanja je enaka razdalji branja<\/li>\n<\/ul>\n<\/div>\n<div class=\"collapse-mobile ste-list\">\n<h3>EEPROM<\/h3>\n<ul class=\"boxes\">\n<li>1024 bitov, organiziranih v 32 blokih po 4 bajte<\/li>\n<li>50 let hrambe podatkov<\/li>\n<li>Napi\u0161ite vzdr\u017eljivost 100000 ciklov<\/li>\n<\/ul>\n<\/div>\n<div class=\"collapse-mobile ste-list\">\n<h3>Varnost<\/h3>\n<ul class=\"boxes\">\n<li>Enoli\u010dni identifikator za vsako napravo<\/li>\n<li>Mehanizem zaklepanja za vsak uporabni\u0161ki pomnilni\u0161ki blok (za\u0161\u010dita pred pisanjem)<\/li>\n<li>Zaklepni mehanizem za DSFID, AFI, EAS<\/li>\n<li>Z geslom (32-bitno) za\u0161\u010ditena funkcija EAS in AFI<\/li>\n<\/ul>\n<\/div>\n<\/div>\n<\/div>\n<\/div>\n<div class=\"magic-2\">\n<div class=\"auto-hide-last-sibling-br paragraph_1252f paragraph-element\">\n<p>&nbsp;<\/p>\n<div class=\"auto-hide-last-sibling-br paragraph_1252f paragraph-element\"><\/div>\n<div class=\"auto-hide-last-sibling-br paragraph_1252f paragraph-element\"><\/div>\n<\/div>\n<\/div>\n<\/div>\n<\/div>\n<\/div>","protected":false},"excerpt":{"rendered":"<p>Oznake za pranje perila ICODE SLIX NFC, zasnovane s funkcijami proti tr\u010denju in EAS, se odli\u010dno prilegajo sektorjem pralnic. Te oznake za pranje perila NFC so zasnovane tako, da so odporne na vro\u010dino, pritisk in izpostavljenost kemikalijam, ki se obi\u010dajno pojavljajo v industriji pralnic in izposoje tekstila. Glede na te lastnosti slu\u017eijo kot najbolj\u0161a re\u0161itev za brezhibno, brezkontaktno sledenje obla\u010dil v teh panogah.<\/p>","protected":false},"featured_media":110,"template":"","meta":{"_kad_post_transparent":"default","_kad_post_title":"","_kad_post_layout":"default","_kad_post_sidebar_id":"","_kad_post_content_style":"default","_kad_post_vertical_padding":"default","_kad_post_feature":"","_kad_post_feature_position":"","_kad_post_header":false,"_kad_post_footer":false,"_kad_post_classname":""},"product_brand":[],"product_cat":[21,17],"product_tag":[37,39,56,45],"class_list":{"0":"post-109","1":"product","2":"type-product","3":"status-publish","4":"has-post-thumbnail","6":"product_cat-pps-rfid-laundry-tag","7":"product_cat-nfc-rfid-laundry-tag","8":"product_tag-nfc-button","9":"product_tag-nfc-laundry-tag","10":"product_tag-nfc-laundry-tag-pps-icode-slix","11":"product_tag-pps-washable-nfc-tags","13":"first","14":"instock","15":"shipping-taxable","16":"product-type-simple","17":"entry","18":"content-bg","19":"loop-entry"},"_links":{"self":[{"href":"https:\/\/rfid-laundry-tag.com\/sl\/wp-json\/wp\/v2\/product\/109","targetHints":{"allow":["GET"]}}],"collection":[{"href":"https:\/\/rfid-laundry-tag.com\/sl\/wp-json\/wp\/v2\/product"}],"about":[{"href":"https:\/\/rfid-laundry-tag.com\/sl\/wp-json\/wp\/v2\/types\/product"}],"version-history":[{"count":0,"href":"https:\/\/rfid-laundry-tag.com\/sl\/wp-json\/wp\/v2\/product\/109\/revisions"}],"wp:featuredmedia":[{"embeddable":true,"href":"https:\/\/rfid-laundry-tag.com\/sl\/wp-json\/wp\/v2\/media\/110"}],"wp:attachment":[{"href":"https:\/\/rfid-laundry-tag.com\/sl\/wp-json\/wp\/v2\/media?parent=109"}],"wp:term":[{"taxonomy":"product_brand","embeddable":true,"href":"https:\/\/rfid-laundry-tag.com\/sl\/wp-json\/wp\/v2\/product_brand?post=109"},{"taxonomy":"product_cat","embeddable":true,"href":"https:\/\/rfid-laundry-tag.com\/sl\/wp-json\/wp\/v2\/product_cat?post=109"},{"taxonomy":"product_tag","embeddable":true,"href":"https:\/\/rfid-laundry-tag.com\/sl\/wp-json\/wp\/v2\/product_tag?post=109"}],"curies":[{"name":"delovni list","href":"https:\/\/api.w.org\/{rel}","templated":true}]}}