{"id":86,"date":"2024-06-11T17:44:19","date_gmt":"2024-06-11T17:44:19","guid":{"rendered":"https:\/\/rfid-laundry-tag.com\/?post_type=product&#038;p=86"},"modified":"2024-06-11T17:52:29","modified_gmt":"2024-06-11T17:52:29","slug":"125khz-pps-rfid-laundry-tag","status":"publish","type":"product","link":"https:\/\/rfid-laundry-tag.com\/pt\/125khz-pps-rfid-laundry-tag\/","title":{"rendered":"etiqueta de lavanderia PPS RFID de 125kHz"},"content":{"rendered":"<div class=\"J_module\">\n<div class=\"ife-detail-decorate-table\">\n<table style=\"border-collapse: collapse; width: 451.23pt;\" border=\"0\" width=\"752\" cellspacing=\"0\" cellpadding=\"0\">\n<tbody>\n<tr style=\"height: 28.00pt;\">\n<td class=\"et2\" style=\"height: 28.00pt; width: 138.60pt;\" width=\"231\" height=\"46\">Nome do item<\/td>\n<td class=\"et3\" style=\"width: 312.60pt;\" width=\"521\">etiqueta de lavanderia PPS RFID de 125kHz<\/td>\n<\/tr>\n<tr style=\"height: 14.40pt;\">\n<td class=\"et3\" style=\"height: 14.40pt; width: 138.60pt;\" width=\"231\" height=\"24\">Material<\/td>\n<td class=\"et3\" style=\"width: 312.60pt;\" width=\"521\">PPS<\/td>\n<\/tr>\n<tr style=\"height: 14.40pt;\">\n<td class=\"et3\" style=\"height: 14.40pt; width: 138.60pt;\" width=\"231\" height=\"24\">Cor<\/td>\n<td class=\"et3\" style=\"width: 312.60pt;\" width=\"521\">Preto<\/td>\n<\/tr>\n<tr style=\"height: 14.40pt;\">\n<td class=\"et3\" style=\"height: 14.40pt; width: 138.60pt;\" width=\"231\" height=\"24\">Quantidade m\u00ednima<\/td>\n<td class=\"et3\" style=\"width: 312.60pt;\" width=\"521\">500 unidades<\/td>\n<\/tr>\n<tr style=\"height: 42.00pt;\">\n<td class=\"et3\" style=\"height: 42.00pt; width: 138.60pt;\" width=\"231\" height=\"70\">Fabricante\/Chip<\/td>\n<td class=\"et3\" style=\"width: 312.60pt;\" width=\"521\">EM4200,TK4100,EM4305,T5577 etc.<\/td>\n<\/tr>\n<tr style=\"height: 14.40pt;\">\n<td class=\"et3\" style=\"height: 14.40pt; width: 138.60pt;\" width=\"231\" height=\"24\">Frequ\u00eancia<\/td>\n<td class=\"et3\" style=\"width: 312.60pt;\" width=\"521\">125 Khz<\/td>\n<\/tr>\n<tr style=\"height: 70.00pt;\">\n<td class=\"et3\" style=\"height: 70.00pt; width: 138.60pt;\" width=\"231\" height=\"116\">Tamanho<\/td>\n<td class=\"et3\" style=\"width: 312.60pt;\" width=\"521\">Dia14mm, Dia15mm, Dia18mm, Dia20mm, Dia22mm, Dia24mm, Dia30mm etc.<\/td>\n<\/tr>\n<tr style=\"height: 14.40pt;\">\n<td class=\"et3\" style=\"height: 14.40pt; width: 138.60pt;\" width=\"231\" height=\"24\">Ler dist\u00e2ncia<\/td>\n<td class=\"et3\" style=\"width: 312.60pt;\" width=\"521\">1 ~ 5 cm<\/td>\n<\/tr>\n<tr style=\"height: 14.40pt;\">\n<td class=\"et3\" style=\"height: 14.40pt; width: 138.60pt;\" width=\"231\" height=\"24\">Modo de trabalho<\/td>\n<td class=\"et3\" style=\"width: 312.60pt;\" width=\"521\">passiva<\/td>\n<\/tr>\n<tr style=\"height: 14.40pt;\">\n<td class=\"et3\" style=\"height: 14.40pt; width: 138.60pt;\" width=\"231\" height=\"24\">Temperatura de trabalho<\/td>\n<td class=\"et3\" style=\"width: 312.60pt;\" width=\"521\">-25<span class=\"font0\">\u2103<\/span><span class=\"font2\">~+110<\/span><span class=\"font0\">\u2103<\/span><\/td>\n<\/tr>\n<tr style=\"height: 14.40pt;\">\n<td class=\"et3\" style=\"height: 14.40pt; width: 138.60pt;\" width=\"231\" height=\"24\">Temperatura de armazenamento<\/td>\n<td class=\"et3\" style=\"width: 312.60pt;\" width=\"521\">-40<span class=\"font0\">\u2103<\/span><span class=\"font2\">~+85<\/span><span class=\"font0\">\u2103<\/span><\/td>\n<\/tr>\n<tr style=\"height: 73.00pt;\">\n<td class=\"et4\" style=\"height: 73.00pt;\" height=\"121\">Especifica\u00e7\u00f5es operacionais<\/td>\n<td class=\"et3\" style=\"width: 312.60pt;\" width=\"521\">\u00c0 prova d&#039;\u00e1gua; resistente \u00e0 imers\u00e3o em \u00e1gua salgada, \u00e1lcool, \u00f3leo, 10%HCL; Am\u00f4nia; choque e vibra\u00e7\u00e3o<\/td>\n<\/tr>\n<tr style=\"height: 14.40pt;\">\n<td class=\"et3\" style=\"height: 14.40pt; width: 138.60pt;\" width=\"231\" height=\"24\">Caracter\u00edsticas<\/td>\n<td class=\"et3\" style=\"width: 312.60pt;\" width=\"521\">imperme\u00e1vel, lav\u00e1vel e resistente a altas temperaturas<\/td>\n<\/tr>\n<tr style=\"height: 14.40pt;\">\n<td class=\"et3\" style=\"height: 14.40pt; width: 138.60pt;\" width=\"231\" height=\"24\">Formul\u00e1rios<\/td>\n<td class=\"et3\" style=\"width: 312.60pt;\" width=\"521\">gerenciamento e rastreamento de lavanderia<\/td>\n<\/tr>\n<\/tbody>\n<\/table>\n<\/div>\n<\/div>\n<div class=\"J_module\">\n<div class=\"detail-decorate-json-renderer-container\">\n<div class=\"magic-1\">\n<div>\n<div><\/div>\n<\/div>\n<div class=\"magic-2\">\n<div>\n<div class=\"auto-hide-last-sibling-br paragraph_1252f paragraph-element\">\n<div class=\"auto-hide-last-sibling-br paragraph_1252f paragraph-element\">As etiquetas RFID PPS para lavanderia de 125 kHz oferecem in\u00fameros benef\u00edcios quando integradas \u00e0s solu\u00e7\u00f5es de etiquetas RFID para lavanderia.<\/div>\n<div class=\"auto-hide-last-sibling-br paragraph_1252f paragraph-element\">Entre esses benef\u00edcios est\u00e3o:<\/div>\n<p>&nbsp;<\/p>\n<ol class=\"auto-hide-last-sibling-br\">\n<li>O pre\u00e7o direto da f\u00e1brica garante solu\u00e7\u00f5es econ\u00f4micas.<\/li>\n<li>Qualidade garantida, com testes 100% realizados antes do envio.<\/li>\n<li>Confiabilidade duradoura, certificada para exceder 200 ciclos de lavagem ou com garantia de vida \u00fatil de 2 anos ap\u00f3s o envio.<\/li>\n<li>Durabilidade excepcional, com resist\u00eancia \u00e0 \u00e1gua, calor, press\u00e3o e exposi\u00e7\u00e3o qu\u00edmica.<\/li>\n<li>Tamb\u00e9m fornecemos uma amostra gratuita para garantia de qualidade e testes.<\/li>\n<\/ol>\n<div class=\"auto-hide-last-sibling-br paragraph_1252f paragraph-element\">Aplica\u00e7\u00f5es de etiquetas de bot\u00e3o RFID:<\/div>\n<p>&nbsp;<\/p>\n<ol class=\"auto-hide-last-sibling-br\">\n<li>\n<div class=\"auto-hide-last-sibling-br paragraph_1252f paragraph-element\">Lavanderias Industriais: Na \u00e1rea industrial, a utiliza\u00e7\u00e3o de bot\u00f5es de etiquetas RFID para lavanderia facilita o rastreamento de grandes quantidades de roupa de cama.<\/div>\n<\/li>\n<li>\n<div class=\"auto-hide-last-sibling-br paragraph_1252f paragraph-element\">Hospitais e hot\u00e9is: essas institui\u00e7\u00f5es geralmente lidam com tarefas de lavanderia de grande volume, onde essas etiquetas se mostraram essenciais para aumentar a efici\u00eancia e otimizar o gerenciamento de estoque.<\/div>\n<\/li>\n<li>\n<div class=\"auto-hide-last-sibling-br paragraph_1252f paragraph-element\">Aluguel de roupas de cama: empresas que oferecem servi\u00e7os de aluguel de roupas de cama adotam essas etiquetas para ajudar a simplificar o gerenciamento de estoque e garantir o controle de qualidade.<\/div>\n<\/li>\n<\/ol>\n<\/div>\n<\/div>\n<\/div>\n<\/div>\n<\/div>\n<\/div>","protected":false},"excerpt":{"rendered":"<div class=\"auto-hide-last-sibling-br paragraph_1252f paragraph-element\">A etiqueta RFID de bot\u00e3o PPS de 125kHz, amplamente conhecida como etiqueta de bot\u00e3o RFID, \u00e9 um dispositivo densamente constru\u00eddo destinado a aplica\u00e7\u00f5es que exigem etiquetas resistentes a condi\u00e7\u00f5es dif\u00edceis. Fornecemos uma variedade de etiquetas RFID para lavanderia que utilizam frequ\u00eancias LF de 125 kHz, HF de 13,56 MHz, al\u00e9m das frequ\u00eancias UHF Gen 2.<\/div>\n<div class=\"auto-hide-last-sibling-br paragraph_1252f paragraph-element\">Essas etiquetas RFID para lavanderia s\u00e3o constru\u00eddas para durar durante os exigentes fluxos de trabalho de lavanderia de hot\u00e9is e institui\u00e7\u00f5es, oferecendo resili\u00eancia e adaptabilidade a v\u00e1rios m\u00e9todos, como lavagem, secagem, lavagem a seco e engomadoria.<\/div>","protected":false},"featured_media":87,"template":"","meta":{"_kad_post_transparent":"default","_kad_post_title":"","_kad_post_layout":"default","_kad_post_sidebar_id":"","_kad_post_content_style":"default","_kad_post_vertical_padding":"default","_kad_post_feature":"","_kad_post_feature_position":"","_kad_post_header":false,"_kad_post_footer":false,"_kad_post_classname":""},"product_brand":[],"product_cat":[21,18],"product_tag":[52,51,49],"class_list":{"0":"post-86","1":"product","2":"type-product","3":"status-publish","4":"has-post-thumbnail","6":"product_cat-pps-rfid-laundry-tag","7":"product_cat-125khz-rfid-laundry-tag","8":"product_tag-125khz-pps-rfid-laundry-tag","9":"product_tag-125khz-rfid-laundry-tag","10":"product_tag-button-rfid-tag","12":"first","13":"instock","14":"shipping-taxable","15":"product-type-simple","16":"entry","17":"content-bg","18":"loop-entry"},"_links":{"self":[{"href":"https:\/\/rfid-laundry-tag.com\/pt\/wp-json\/wp\/v2\/product\/86","targetHints":{"allow":["GET"]}}],"collection":[{"href":"https:\/\/rfid-laundry-tag.com\/pt\/wp-json\/wp\/v2\/product"}],"about":[{"href":"https:\/\/rfid-laundry-tag.com\/pt\/wp-json\/wp\/v2\/types\/product"}],"version-history":[{"count":0,"href":"https:\/\/rfid-laundry-tag.com\/pt\/wp-json\/wp\/v2\/product\/86\/revisions"}],"wp:featuredmedia":[{"embeddable":true,"href":"https:\/\/rfid-laundry-tag.com\/pt\/wp-json\/wp\/v2\/media\/87"}],"wp:attachment":[{"href":"https:\/\/rfid-laundry-tag.com\/pt\/wp-json\/wp\/v2\/media?parent=86"}],"wp:term":[{"taxonomy":"product_brand","embeddable":true,"href":"https:\/\/rfid-laundry-tag.com\/pt\/wp-json\/wp\/v2\/product_brand?post=86"},{"taxonomy":"product_cat","embeddable":true,"href":"https:\/\/rfid-laundry-tag.com\/pt\/wp-json\/wp\/v2\/product_cat?post=86"},{"taxonomy":"product_tag","embeddable":true,"href":"https:\/\/rfid-laundry-tag.com\/pt\/wp-json\/wp\/v2\/product_tag?post=86"}],"curies":[{"name":"wp","href":"https:\/\/api.w.org\/{rel}","templated":true}]}}