{"id":83,"date":"2024-06-11T17:35:21","date_gmt":"2024-06-11T17:35:21","guid":{"rendered":"https:\/\/rfid-laundry-tag.com\/?post_type=product&#038;p=83"},"modified":"2024-06-14T16:23:02","modified_gmt":"2024-06-14T16:23:02","slug":"rfid-laundry-button-nfc-tag","status":"publish","type":"product","link":"https:\/\/rfid-laundry-tag.com\/pt\/rfid-laundry-button-nfc-tag\/","title":{"rendered":"Bot\u00e3o de lavanderia RFID Etiqueta NFC"},"content":{"rendered":"<div class=\"J_module\">\n<div class=\"ife-detail-decorate-table\">\n<table class=\"has-title all magic-6\">\n<tbody>\n<tr>\n<td colspan=\"1\" rowspan=\"1\">\n<div class=\"magic-7\" data-spm-anchor-id=\"a2700.details.0.i45.77607d98vZbcDU\"><span class=\"magic-8\" style=\"color: #363535;\">Nome do item<\/span><\/div>\n<\/td>\n<td colspan=\"1\" rowspan=\"1\">\n<div class=\"magic-9\"><span class=\"magic-8\">Bot\u00e3o de lavanderia RFID Etiqueta NFC<\/span><\/div>\n<\/td>\n<\/tr>\n<tr>\n<td colspan=\"1\" rowspan=\"1\">\n<div class=\"magic-7\"><span class=\"magic-10\" data-spm-anchor-id=\"a2700.pc-decorate.0.i10.28d333330XLbTD\"><span class=\"magic-8\">Material<\/span><\/span><\/div>\n<\/td>\n<td colspan=\"1\" rowspan=\"1\">\n<div class=\"magic-9\"><span class=\"magic-8\">PPS<\/span><\/div>\n<\/td>\n<\/tr>\n<tr>\n<td colspan=\"1\" rowspan=\"1\">\n<div class=\"magic-7\"><span class=\"magic-8\">Cor<\/span><\/div>\n<\/td>\n<td colspan=\"1\" rowspan=\"1\">\n<div class=\"magic-9\"><span class=\"magic-8\">Preto<\/span><\/div>\n<\/td>\n<\/tr>\n<tr>\n<td colspan=\"1\" rowspan=\"1\">Quantidade m\u00ednima<\/td>\n<td colspan=\"1\" rowspan=\"1\">500 unidades<\/td>\n<\/tr>\n<tr>\n<td colspan=\"1\" rowspan=\"1\">\n<div class=\"magic-7\"><span class=\"magic-8\">Fabricante\/Chip<\/span><\/div>\n<\/td>\n<td colspan=\"1\" rowspan=\"1\">\n<div class=\"magic-9\"><span class=\"magic-8\">NXP Ntag215,Ntag216,NTAG213,Mifare 1k,Mifare Ultraleve ev1 etc.<\/span><\/div>\n<\/td>\n<\/tr>\n<tr>\n<td colspan=\"1\" rowspan=\"1\">\n<div class=\"magic-7\"><span class=\"magic-8\">Frequ\u00eancia<\/span><\/div>\n<\/td>\n<td colspan=\"1\" rowspan=\"1\">\n<div class=\"magic-9\"><span class=\"magic-8\">13,56 MHz<\/span><\/div>\n<\/td>\n<\/tr>\n<tr>\n<td colspan=\"1\" rowspan=\"1\">\n<div class=\"magic-7\"><span class=\"magic-8\">Mem\u00f3ria<\/span><\/div>\n<\/td>\n<td colspan=\"1\" rowspan=\"1\">\n<div class=\"magic-9\"><span class=\"magic-8\">504 bytes\/888 bytes\/144 bytes\/1K bytes\/64 bytes<\/span><\/div>\n<\/td>\n<\/tr>\n<tr>\n<td colspan=\"1\" rowspan=\"1\">\n<div class=\"magic-7\"><span class=\"magic-8\">Ler dist\u00e2ncia<\/span><\/div>\n<\/td>\n<td colspan=\"1\" rowspan=\"1\">\n<div class=\"magic-9\"><span class=\"magic-8\">1 ~ 5 cm<\/span><\/div>\n<\/td>\n<\/tr>\n<tr>\n<td colspan=\"1\" rowspan=\"1\">\n<div class=\"magic-7\"><span class=\"magic-8\">Modo de trabalho<\/span><\/div>\n<\/td>\n<td colspan=\"1\" rowspan=\"1\">\n<div class=\"magic-9\"><span class=\"magic-8\">passiva<\/span><\/div>\n<\/td>\n<\/tr>\n<tr>\n<td colspan=\"1\" rowspan=\"1\">\n<div class=\"magic-7\"><span class=\"magic-8\">Temperatura de trabalho<\/span><\/div>\n<\/td>\n<td colspan=\"1\" rowspan=\"1\">\n<div class=\"magic-9\"><span class=\"magic-8\">-25\u2103~+110\u2103<\/span><\/div>\n<\/td>\n<\/tr>\n<tr>\n<td colspan=\"1\" rowspan=\"1\">\n<div class=\"magic-7\"><span class=\"magic-8\">Temperatura de armazenamento<\/span><\/div>\n<\/td>\n<td colspan=\"1\" rowspan=\"1\">\n<div class=\"magic-9\"><span class=\"magic-8\">-40\u2103~+85\u2103<\/span><\/div>\n<\/td>\n<\/tr>\n<tr>\n<td colspan=\"1\" rowspan=\"1\">\n<div class=\"magic-7\">\n<div><span class=\"magic-8\">\u00a0<\/span><\/div>\n<p><span class=\"magic-8\">Resist\u00eancia \u00e0 temperatura de curto prazo<\/span><\/p>\n<\/div>\n<\/td>\n<td colspan=\"1\" rowspan=\"1\">\n<div class=\"magic-9\"><span class=\"magic-8\">lavagem: 90\u2103, 15 minutos; pr\u00e9-secagem do conversor: 180\u2103, 30 minutos, 200 vezes; passar a ferro: 180\u2103, 10 segundos, 200 vezes; alta<br \/>\nesteriliza\u00e7\u00e3o de temperatura: 135\u2103, 20 minutos<\/span><\/div>\n<\/td>\n<\/tr>\n<tr>\n<td colspan=\"1\" rowspan=\"1\">\n<div class=\"magic-7\"><span class=\"magic-8\">Caracter\u00edsticas<\/span><\/div>\n<\/td>\n<td colspan=\"1\" rowspan=\"1\">\n<div class=\"magic-9\"><span class=\"magic-8\">imperme\u00e1vel, lav\u00e1vel e resistente a altas temperaturas<\/span><\/div>\n<\/td>\n<\/tr>\n<tr>\n<td colspan=\"1\" rowspan=\"1\">\n<div class=\"magic-7\"><span class=\"magic-8\">Vida<\/span><\/div>\n<\/td>\n<td colspan=\"1\" rowspan=\"1\">\n<div class=\"magic-9\"><span class=\"magic-8\">lavar 200 vezes ou 3 anos<\/span><\/div>\n<\/td>\n<\/tr>\n<tr>\n<td colspan=\"1\" rowspan=\"1\">\n<div class=\"magic-7\"><span class=\"magic-8\">Formul\u00e1rios<\/span><\/div>\n<\/td>\n<td colspan=\"1\" rowspan=\"1\">\n<div class=\"magic-9\"><span class=\"magic-8\">gerenciamento e rastreamento de lavanderia<\/span><\/div>\n<\/td>\n<\/tr>\n<\/tbody>\n<\/table>\n<\/div>\n<\/div>\n<div class=\"J_module\">\n<div class=\"detail-decorate-json-renderer-container\">\n<div class=\"magic-1\">\n<div class=\"magic-2\">\n<div class=\"magic-3\">\n<div><\/div>\n<\/div>\n<\/div>\n<p><strong>Op\u00e7\u00f5es de chip:<\/strong><\/p>\n<ul>\n<li><strong>NXP UCODE 8\/9:<\/strong>\u00a0Chips econ\u00f4micos, ideais para rastreamento e identifica\u00e7\u00e3o b\u00e1sicos, oferecendo um alcance de leitura de at\u00e9 10 metros.<\/li>\n<li><strong>NTAG213:<\/strong>\u00a0Chip habilitado para NFC que permite a comunica\u00e7\u00e3o com smartphones e outros dispositivos NFC, perfeito para aplica\u00e7\u00f5es como pagamentos sem contato ou acesso a informa\u00e7\u00f5es de produtos.<\/li>\n<li><strong>Mifare 1k:<\/strong>\u00a0Chip seguro com recursos fortes de criptografia e autentica\u00e7\u00e3o, adequado para controle de acesso e armazenamento seguro de dados.<\/li>\n<li><strong>EM4305:<\/strong>\u00a0Chip de baixo custo para aplica\u00e7\u00f5es b\u00e1sicas de controle de acesso com alcance de leitura de at\u00e9 1 metro.<\/li>\n<li><strong>T5577:<\/strong>\u00a0Outro chip de baixo custo para sistemas de controle de acesso e bilhetagem, oferecendo um alcance de leitura de at\u00e9 1 metro.<\/li>\n<\/ul>\n<h3>Caracter\u00edsticas<\/h3>\n<div id=\"featuresXsp\" class=\"features-list toggle-opacity in\">\n<div class=\"features-xsp\">\n<div class=\"collapse-mobile ste-list-ul\">\n<ul class=\"boxes\">\n<li>Transmiss\u00e3o de dados sem contato e fornecimento de energia<\/li>\n<li>Frequ\u00eancia de opera\u00e7\u00e3o de 13,56 MHz<\/li>\n<li>Transfer\u00eancia de dados de 106 kbit\/s<\/li>\n<li>Integridade de dados de CRC de 16 bits, paridade, codifica\u00e7\u00e3o de bits, contagem de bits<\/li>\n<li>Dist\u00e2ncia operacional de at\u00e9 100 mm (dependendo de v\u00e1rios par\u00e2metros como, por exemplo, intensidade de campo e geometria da antena)<\/li>\n<li>N\u00famero de s\u00e9rie de 7 bytes (n\u00edvel de cascata 2 de acordo com ISO\/IEC 14443-3)<\/li>\n<li>Espelho UID ASCII para serializa\u00e7\u00e3o autom\u00e1tica de mensagens NDEF<\/li>\n<li>Contador NFC autom\u00e1tico acionado em comando de leitura<\/li>\n<li>Espelho ASCII do contador NFC para adi\u00e7\u00e3o autom\u00e1tica do valor do contador NFC \u00e0 mensagem NDEF<\/li>\n<li>Assinatura de originalidade baseada em ECC<\/li>\n<li>Comando de leitura r\u00e1pida<\/li>\n<li>Verdadeiro anticolis\u00e3o<\/li>\n<li>Capacit\u00e2ncia de entrada de 50 pF<\/li>\n<\/ul>\n<\/div>\n<div class=\"collapse-mobile ste-list-ul\">\n<ul class=\"boxes\">\n<li>180, 540 ou 924 bytes organizados em 45, 135 ou 231 p\u00e1ginas com 4 bytes por p\u00e1gina<\/li>\n<li>\u00c1rea de leitura\/escrita do usu\u00e1rio dispon\u00edvel gratuitamente de 144, 504 ou 888 bytes (36, 126 ou 222 p\u00e1ginas)<\/li>\n<li>4 bytes de cont\u00eainer de capacidade inicializado com bits de acesso program\u00e1veis uma \u00fanica vez<\/li>\n<li>Fun\u00e7\u00e3o de bloqueio somente leitura program\u00e1vel em campo por p\u00e1gina para as primeiras 16 p\u00e1ginas<\/li>\n<li>Fun\u00e7\u00e3o de bloqueio somente leitura program\u00e1vel em campo acima das primeiras 16 p\u00e1ginas por p\u00e1gina dupla para NTAG 213 ou por 16 p\u00e1ginas para NTAG 215 e NTAG 216<\/li>\n<li>Prote\u00e7\u00e3o de senha configur\u00e1vel com um limite opcional de tentativas malsucedidas<\/li>\n<li>Suporte anti-rasgo para cont\u00eainer de capacidade (CC) e bits de bloqueio<\/li>\n<li>Verifica\u00e7\u00e3o de originalidade com suporte da ECC<\/li>\n<li>Tempo de reten\u00e7\u00e3o de dados de 10 anos<\/li>\n<li>Escreva resist\u00eancia 100.000 ciclos<\/li>\n<\/ul>\n<\/div>\n<\/div>\n<\/div>\n<div class=\"magic-2\">\n<div class=\"auto-hide-last-sibling-br paragraph_1252f paragraph-element\">\n<div class=\"auto-hide-last-sibling-br paragraph_1252f paragraph-element\"><strong>Aplica\u00e7\u00f5es de etiquetas RFID para lavanderia:<\/strong><\/div>\n<p>&nbsp;<\/p>\n<ol class=\"auto-hide-last-sibling-br\">\n<li>\n<div class=\"auto-hide-last-sibling-br paragraph_1252f paragraph-element\">Lavanderias Industriais: Em um ambiente industrial, rastrear grandes quantidades de roupa de cama se torna muito f\u00e1cil com nossos bot\u00f5es de etiquetas RFID para lavanderia.<\/div>\n<\/li>\n<li>\n<div class=\"auto-hide-last-sibling-br paragraph_1252f paragraph-element\">Instala\u00e7\u00f5es de sa\u00fade e hot\u00e9is: institui\u00e7\u00f5es como essas geralmente lidam com opera\u00e7\u00f5es de lavanderia de alto volume, onde nossas etiquetas aumentam consistentemente a efici\u00eancia e agilizam o gerenciamento de estoque.<\/div>\n<\/li>\n<li>\n<div class=\"auto-hide-last-sibling-br paragraph_1252f paragraph-element\">Aluguel de roupas de cama: empresas do setor de servi\u00e7os de aluguel de roupas de cama aproveitam essas tags para simplificar o gerenciamento de estoque e manter o controle de qualidade.<\/div>\n<\/li>\n<\/ol>\n<div class=\"auto-hide-last-sibling-br paragraph_1252f paragraph-element\">Oferecemos uma variedade de etiquetas RFID para lavanderia nas frequ\u00eancias 125 kHz LF, 13,56 MHz HF e Gen 2 UHF, cada uma projetada para atender a diferentes necessidades exclusivas. Nossas etiquetas, conhecidas por sua durabilidade e diversidade de tamanhos, podem suportar perfeitamente ciclos de lavanderia institucionais de alta temperatura. Essas etiquetas RFID para lavanderia s\u00e3o constru\u00eddas para suportar os rigorosos processos de lavanderia em hot\u00e9is e institui\u00e7\u00f5es, prometendo uma durabilidade que resiste \u00e0 lavagem, secagem, limpeza a seco e passagem a ferro.<\/div>\n<p>&nbsp;<\/p>\n<div class=\"auto-hide-last-sibling-br paragraph_1252f paragraph-element\">O uso de material PPS na fabrica\u00e7\u00e3o de nossas etiquetas garante que elas possam suportar imers\u00e3o em \u00e1gua, exposi\u00e7\u00e3o ao calor, press\u00e3o f\u00edsica e produtos qu\u00edmicos. Essas etiquetas s\u00e3o perfeitas para processos de invent\u00e1rio e verifica\u00e7\u00e3o em v\u00e1rios setores, como sa\u00fade, hospitalidade, vestu\u00e1rio de trabalho, educa\u00e7\u00e3o e muito mais. Elas podem ser facilmente costuradas em v\u00e1rios itens t\u00eaxteis, como len\u00e7\u00f3is, guardanapos, toalhas e in\u00fameras pe\u00e7as de vestu\u00e1rio, ou colocadas dentro de compartimentos.<\/div>\n<\/div>\n<div class=\"auto-hide-last-sibling-br paragraph_1252f paragraph-element\"><\/div>\n<\/div>\n<\/div>\n<\/div>\n<\/div>","protected":false},"excerpt":{"rendered":"<p>Bot\u00e3o de Lavanderia RFID NFC Tag \u00e9 projetado para fins de identifica\u00e7\u00e3o e monitoramento no gerenciamento de lavanderia. Essas etiquetas podem ser convenientemente fixadas em cada pe\u00e7a de roupa ou saco de lavanderia. Cada bot\u00e3o NFC \u00e9 equipado com uma marca de identifica\u00e7\u00e3o distinta que pode ser vinculada a pe\u00e7as espec\u00edficas de roupa. Isso torna o processo de rastreamento de lavanderia mais simplificado e eficiente.<\/p>","protected":false},"featured_media":156,"template":"","meta":{"_kad_post_transparent":"default","_kad_post_title":"","_kad_post_layout":"default","_kad_post_sidebar_id":"","_kad_post_content_style":"default","_kad_post_vertical_padding":"default","_kad_post_feature":"","_kad_post_feature_position":"","_kad_post_header":false,"_kad_post_footer":false,"_kad_post_classname":""},"product_brand":[],"product_cat":[21,17],"product_tag":[43,35,72,44],"class_list":{"0":"post-83","1":"product","2":"type-product","3":"status-publish","4":"has-post-thumbnail","6":"product_cat-pps-rfid-laundry-tag","7":"product_cat-nfc-rfid-laundry-tag","8":"product_tag-pps-rfid-washable-laundry-tags","9":"product_tag-rfid-button","10":"product_tag-rfid-laundry-button-nfc-tag","11":"product_tag-rfid-washable-laundry-tags","13":"first","14":"instock","15":"shipping-taxable","16":"product-type-simple","17":"entry","18":"content-bg","19":"loop-entry"},"_links":{"self":[{"href":"https:\/\/rfid-laundry-tag.com\/pt\/wp-json\/wp\/v2\/product\/83","targetHints":{"allow":["GET"]}}],"collection":[{"href":"https:\/\/rfid-laundry-tag.com\/pt\/wp-json\/wp\/v2\/product"}],"about":[{"href":"https:\/\/rfid-laundry-tag.com\/pt\/wp-json\/wp\/v2\/types\/product"}],"version-history":[{"count":1,"href":"https:\/\/rfid-laundry-tag.com\/pt\/wp-json\/wp\/v2\/product\/83\/revisions"}],"predecessor-version":[{"id":155,"href":"https:\/\/rfid-laundry-tag.com\/pt\/wp-json\/wp\/v2\/product\/83\/revisions\/155"}],"wp:featuredmedia":[{"embeddable":true,"href":"https:\/\/rfid-laundry-tag.com\/pt\/wp-json\/wp\/v2\/media\/156"}],"wp:attachment":[{"href":"https:\/\/rfid-laundry-tag.com\/pt\/wp-json\/wp\/v2\/media?parent=83"}],"wp:term":[{"taxonomy":"product_brand","embeddable":true,"href":"https:\/\/rfid-laundry-tag.com\/pt\/wp-json\/wp\/v2\/product_brand?post=83"},{"taxonomy":"product_cat","embeddable":true,"href":"https:\/\/rfid-laundry-tag.com\/pt\/wp-json\/wp\/v2\/product_cat?post=83"},{"taxonomy":"product_tag","embeddable":true,"href":"https:\/\/rfid-laundry-tag.com\/pt\/wp-json\/wp\/v2\/product_tag?post=83"}],"curies":[{"name":"wp","href":"https:\/\/api.w.org\/{rel}","templated":true}]}}