{"id":731,"date":"2024-07-16T17:14:51","date_gmt":"2024-07-16T17:14:51","guid":{"rendered":"https:\/\/rfid-laundry-tag.com\/?post_type=product&#038;p=731"},"modified":"2024-08-14T16:37:34","modified_gmt":"2024-08-14T16:37:34","slug":"uhf-rfid-dry-inlays-with-nxp-ucode-9","status":"publish","type":"product","link":"https:\/\/rfid-laundry-tag.com\/pt\/uhf-rfid-dry-inlays-with-nxp-ucode-9\/","title":{"rendered":"UHF RFID Dry Inlays com NXP Ucode 9"},"content":{"rendered":"<h2>Inlays secos UHF RFID com NXP-Ucode 9<\/h2>\n<ul>\n<li><strong>Freq\u00fc\u00eancia:<\/strong>\u00a0860-960 MHz<\/li>\n<li><strong>Protocolo:<\/strong>\u00a0Norma ISO 18000-6C<\/li>\n<li><strong>Alcance de leitura:<\/strong>\u00a0Longo alcance de leitura (at\u00e9 10 metros)<\/li>\n<li><strong>Op\u00e7\u00f5es de chip:<\/strong>\n<ul>\n<li><strong>NXP-Ucode9:<\/strong>\u00a0Chip de alto desempenho com recursos de seguran\u00e7a aprimorados.<\/li>\n<li><strong>Outras op\u00e7\u00f5es:<\/strong>\u00a0Estrangeiro H3, Monza R6, NXP-Ucode8, NXP-Ucode7<\/li>\n<\/ul>\n<\/li>\n<\/ul>\n<p><strong>Op\u00e7\u00f5es de personaliza\u00e7\u00e3o:<\/strong><\/p>\n<p>Oferecemos uma variedade de op\u00e7\u00f5es de personaliza\u00e7\u00e3o para incrusta\u00e7\u00f5es RFID, incluindo:<\/p>\n<ul>\n<li><strong>Materiais:<\/strong>\u00a0Papel revestido, PVC, PET, papel fr\u00e1gil, etc.<\/li>\n<li><strong>Tamanho:<\/strong>\u00a0Tamanho personalizado para se ajustar \u00e0s dimens\u00f5es espec\u00edficas do produto.<\/li>\n<li><strong>Impress\u00e3o:<\/strong>\u00a0Impress\u00e3o de logotipo, impress\u00e3o de n\u00fameros, impress\u00e3o de c\u00f3digo de barras.<\/li>\n<li><strong>Codifica\u00e7\u00e3o e Criptografia:<\/strong>\u00a0Armazenamento e comunica\u00e7\u00e3o seguros de dados.<\/li>\n<\/ul>\n<p><strong>Incrusta\u00e7\u00f5es RFID<\/strong>\u00a0s\u00e3o o cora\u00e7\u00e3o de um sistema RFID, contendo o microchip (IC) e a antena que permitem a comunica\u00e7\u00e3o com um leitor. Eles s\u00e3o categorizados em dois tipos principais com base em sua constru\u00e7\u00e3o:<\/p>\n<p><strong>1. Incrusta\u00e7\u00f5es secas RFID:<\/strong><\/p>\n<ul>\n<li><strong>Descri\u00e7\u00e3o:<\/strong>\u00a0Os dry inlays s\u00e3o projetados para integra\u00e7\u00e3o direta em materiais ou substratos. Eles n\u00e3o t\u00eam um suporte adesivo, o que os torna ideais para aplica\u00e7\u00f5es que exigem fixa\u00e7\u00e3o permanente. Eles geralmente v\u00eam com uma superf\u00edcie laminada.<\/li>\n<li><strong>Principais caracter\u00edsticas:<\/strong>\n<ul>\n<li><strong>Sem adesivo:<\/strong>\u00a0Elimina a necessidade de etapas adesivas adicionais.<\/li>\n<li><strong>Integra\u00e7\u00e3o direta:<\/strong>\u00a0Facilmente incorporado em produtos, embalagens ou outros materiais.<\/li>\n<li><strong>Constru\u00e7\u00e3o dur\u00e1vel:<\/strong>\u00a0Resistentes ao desgaste, o que os torna adequados para ambientes exigentes.<\/li>\n<\/ul>\n<\/li>\n<\/ul>\n<p><strong>2. Incrusta\u00e7\u00f5es \u00famidas RFID:<\/strong><\/p>\n<ul>\n<li><strong>Descri\u00e7\u00e3o:<\/strong>\u00a0Os inlays \u00famidos v\u00eam com um suporte adesivo, permitindo que sejam aplicados diretamente a um produto ou convertidos em etiquetas inteligentes. Isso os torna uma solu\u00e7\u00e3o econ\u00f4mica para etiquetagem de alto volume.<\/li>\n<li><strong>Principais caracter\u00edsticas:<\/strong>\n<ul>\n<li><strong>Suporte adesivo:<\/strong>\u00a0Permite f\u00e1cil aplica\u00e7\u00e3o em diversas superf\u00edcies.<\/li>\n<li><strong>Custo-benef\u00edcio:<\/strong>\u00a0Ideal para projetos de marca\u00e7\u00e3o de alto volume.<\/li>\n<li><strong>Aplica\u00e7\u00f5es vers\u00e1teis:<\/strong>\u00a0Adequado para produtos que exigem marca\u00e7\u00e3o tempor\u00e1ria ou permanente.<\/li>\n<\/ul>\n<\/li>\n<\/ul>","protected":false},"excerpt":{"rendered":"<p>UHF RFID Dry Inlays com NXP Ucode 9 para maior seguran\u00e7a e armazenamento de dados. Integra\u00e7\u00e3o direta em materiais.<\/p>","protected":false},"featured_media":732,"template":"","meta":{"_kad_post_transparent":"default","_kad_post_title":"","_kad_post_layout":"default","_kad_post_sidebar_id":"","_kad_post_content_style":"default","_kad_post_vertical_padding":"default","_kad_post_feature":"","_kad_post_feature_position":"","_kad_post_header":false,"_kad_post_footer":false,"_kad_post_classname":""},"product_brand":[],"product_cat":[189,54],"product_tag":[192,191],"class_list":{"0":"post-731","1":"product","2":"type-product","3":"status-publish","4":"has-post-thumbnail","6":"product_cat-rfid-inlay","7":"product_cat-hot-selling-rfid-tags","8":"product_tag-uhf-rfid-dry-inlays","9":"product_tag-uhf-rfid-dry-inlays-with-nxp-ucode-9","11":"first","12":"instock","13":"shipping-taxable","14":"product-type-simple","15":"entry","16":"content-bg","17":"loop-entry"},"_links":{"self":[{"href":"https:\/\/rfid-laundry-tag.com\/pt\/wp-json\/wp\/v2\/product\/731","targetHints":{"allow":["GET"]}}],"collection":[{"href":"https:\/\/rfid-laundry-tag.com\/pt\/wp-json\/wp\/v2\/product"}],"about":[{"href":"https:\/\/rfid-laundry-tag.com\/pt\/wp-json\/wp\/v2\/types\/product"}],"version-history":[{"count":4,"href":"https:\/\/rfid-laundry-tag.com\/pt\/wp-json\/wp\/v2\/product\/731\/revisions"}],"predecessor-version":[{"id":1329,"href":"https:\/\/rfid-laundry-tag.com\/pt\/wp-json\/wp\/v2\/product\/731\/revisions\/1329"}],"wp:featuredmedia":[{"embeddable":true,"href":"https:\/\/rfid-laundry-tag.com\/pt\/wp-json\/wp\/v2\/media\/732"}],"wp:attachment":[{"href":"https:\/\/rfid-laundry-tag.com\/pt\/wp-json\/wp\/v2\/media?parent=731"}],"wp:term":[{"taxonomy":"product_brand","embeddable":true,"href":"https:\/\/rfid-laundry-tag.com\/pt\/wp-json\/wp\/v2\/product_brand?post=731"},{"taxonomy":"product_cat","embeddable":true,"href":"https:\/\/rfid-laundry-tag.com\/pt\/wp-json\/wp\/v2\/product_cat?post=731"},{"taxonomy":"product_tag","embeddable":true,"href":"https:\/\/rfid-laundry-tag.com\/pt\/wp-json\/wp\/v2\/product_tag?post=731"}],"curies":[{"name":"wp","href":"https:\/\/api.w.org\/{rel}","templated":true}]}}