{"id":727,"date":"2024-07-16T17:02:27","date_gmt":"2024-07-16T17:02:27","guid":{"rendered":"https:\/\/rfid-laundry-tag.com\/?post_type=product&#038;p=727"},"modified":"2024-09-16T05:10:50","modified_gmt":"2024-09-16T05:10:50","slug":"alien-h9-9662-rfid-inlay-sticker","status":"publish","type":"product","link":"https:\/\/rfid-laundry-tag.com\/pt\/alien-h9-9662-rfid-inlay-sticker\/","title":{"rendered":"Adesivo RFID Alien H9 9662"},"content":{"rendered":"<h2>Adesivo RFID Alien H9 9662<\/h2>\n<p><strong>Freq\u00fc\u00eancia:<\/strong>\u00a0UHF 860-960MHz<br \/>\n<strong>Lasca:<\/strong> ALIEN\u00cdGENA Higgs-3, Alien\u00edgena H9<br \/>\n<strong>Protocolo:<\/strong>\u00a0EPC Classe 1 Gen2, ISO18000-6C<br \/>\n<strong>Mem\u00f3ria:<\/strong><\/p>\n<ul>\n<li>EPC: 96 bits<\/li>\n<li>TID: 32 bits<\/li>\n<li>Usu\u00e1rio: 512 bits<br \/>\n<strong>Dist\u00e2ncia de leitura:<\/strong>\u00a01~8 metros (dependendo do leitor)<\/li>\n<\/ul>\n<p><strong>Dimens\u00f5es:<\/strong> 82,50 x 25,40 mm<br \/>\n<strong>Formatos:<\/strong> Incrusta\u00e7\u00e3o seca, Incrusta\u00e7\u00e3o \u00famida<br \/>\nFabrica\u00e7\u00e3o de alta qualidade para desempenho confi\u00e1vel em ambientes complexos.<\/p>\n<h4 class=\"alternative\">Destaques dos chips Alien H9<\/h4>\n<ul>\n<li>Em conformidade com GS1 Classe 1 Gen 2 e ISO\/IEC 18000-6C<\/li>\n<li>Opera\u00e7\u00e3o mundial nas bandas RFID UHF (840-960 MHz)<\/li>\n<li>1024 bits de mem\u00f3ria NVM\/RAM<\/li>\n<li>At\u00e9 496 bits EPC (nominalmente 96 bits)<\/li>\n<li>At\u00e9 688 bits de usu\u00e1rio<\/li>\n<li>TID exclusivo de 48 bits<\/li>\n<li>Acesso de 32 bits e Kill Pass de 32 bits<br \/>\npalavras<\/li>\n<li>Pr\u00e9-programado com um exclusivo e inalter\u00e1vel<br \/>\nn\u00famero de s\u00e9rie de 48 bits<\/li>\n<li>A mem\u00f3ria do usu\u00e1rio pode ser bloqueada permanentemente<br \/>\nBloqueado e lido pro-<br \/>\nProtegido em blocos de 256 bits<\/li>\n<li>Opera\u00e7\u00e3o de baixo consumo de energia para leitura e<br \/>\nprograma<\/li>\n<li>QuickWrite\u2122 \/ BlastWrite\u2122 \u2013 Alta velocidade<br \/>\nprograma\u00e7\u00e3o de chip e massa<\/li>\n<li>Autentica\u00e7\u00e3o din\u00e2micaTM anti-clonagem \/<br \/>\ntecnologia anti-falsifica\u00e7\u00e3o<\/li>\n<li>Alcance operacional excepcional, at\u00e9 13m<br \/>\ncom antena apropriada.<\/li>\n<\/ul>\n<p><strong>Aplica\u00e7\u00f5es:<\/strong><\/p>\n<ul>\n<li>Gest\u00e3o da cadeia de abastecimento<\/li>\n<li>Log\u00edstica de Distribui\u00e7\u00e3o<\/li>\n<li>Autentica\u00e7\u00e3o do produto<\/li>\n<li>Invent\u00e1rio e rastreamento de ativos<\/li>\n<li>Manuseio e rastreamento de bagagem<\/li>\n<\/ul>\n<p><strong>Principais caracter\u00edsticas:<\/strong><\/p>\n<ul>\n<li>Adesivo de incrusta\u00e7\u00e3o UHF RFID de alto desempenho<\/li>\n<li>Longo alcance de leitura e desempenho confi\u00e1vel<\/li>\n<li>Adequado para v\u00e1rias aplica\u00e7\u00f5es que exigem rastreamento RFID robusto<\/li>\n<li>Utiliza o protocolo EPC Classe 1 Gen2 padr\u00e3o da ind\u00fastria<\/li>\n<\/ul>\n<p><strong>Observa\u00e7\u00e3o:<\/strong>\u00a0A dist\u00e2ncia real de leitura pode variar dependendo de fatores como pot\u00eancia do leitor, design da antena, condi\u00e7\u00f5es ambientais e orienta\u00e7\u00e3o da etiqueta.<\/p>\n<h2>Perguntas frequentes: Adesivo RFID Alien H9 9662<\/h2>\n<p><strong>Em geral<\/strong><\/p>\n<ol>\n<li><strong>Qual \u00e9 o alcance de leitura do adesivo RFID Alien H9 9662?<\/strong><br \/>\nO alcance de leitura do adesivo RFID Alien H9 9662 pode variar dependendo de fatores como o leitor usado, a configura\u00e7\u00e3o da antena e as condi\u00e7\u00f5es ambientais.<\/li>\n<li><strong>Qual \u00e9 a frequ\u00eancia de opera\u00e7\u00e3o do adesivo RFID Alien H9 9662?<\/strong><br \/>\nO adesivo RFID Alien H9 9662 opera na faixa de frequ\u00eancia UHF de 865-868 MHz.<\/li>\n<li><strong>O inlay \u00e9 compat\u00edvel com o protocolo EPC Classe 1 Gen2?<\/strong><br \/>\nSim, o adesivo RFID Alien H9 9662 \u00e9 compat\u00edvel com o protocolo EPC Classe 1 Gen2.<\/li>\n<li><strong>Quais s\u00e3o as dimens\u00f5es do adesivo RFID Alien H9 9662?<\/strong><br \/>\nQualquer tamanho pode ser personalizado.<\/li>\n<li><strong>O inlay vem em formatos diferentes, como inlay seco ou \u00famido?<\/strong><br \/>\nSim, o inlay est\u00e1 dispon\u00edvel em formatos de inlay seco ou \u00famido.<\/li>\n<li><strong>Como o adesivo RFID Alien H9 9662 funciona em ambientes complexos?<\/strong><br \/>\nO Alien H9 9662 RFID Inlay Sticker foi projetado para ter um bom desempenho em ambientes complexos. No entanto, fatores como interfer\u00eancia de metal, umidade e temperatura podem afetar o alcance de leitura.<\/li>\n<\/ol>\n<p><strong>Pedidos e disponibilidade<\/strong><\/p>\n<ol>\n<li><strong>Onde posso comprar o adesivo RFID Alien H9 9662?<\/strong><br \/>\nSim, podemos vender o inlay RFID, temos mais de 12 anos de experi\u00eancia em fabrica\u00e7\u00e3o.<\/li>\n<li><strong>Qual \u00e9 o prazo de entrega dos pedidos?<\/strong><br \/>\nMencione o prazo de entrega t\u00edpico para processamento de pedidos. Como de costume, \u00e9 de cerca de 10 dias<\/li>\n<li><strong>Existe alguma quantidade m\u00ednima para pedido?<\/strong><br \/>\n1000 pe\u00e7as<\/li>\n<li><strong>\u00c9 poss\u00edvel obter uma amostra do adesivo RFID Alien H9 9662?<\/strong><br \/>\nSim, amostras gr\u00e1tis<\/li>\n<\/ol>\n<p>&nbsp;<\/p>","protected":false},"excerpt":{"rendered":"<p>Adesivo RFID Alien H9 9662: Adesivo RFID UHF de alto desempenho para gerenciamento da cadeia de suprimentos, rastreamento de ativos e muito mais.<\/p>","protected":false},"featured_media":728,"template":"","meta":{"_kad_post_transparent":"default","_kad_post_title":"","_kad_post_layout":"default","_kad_post_sidebar_id":"","_kad_post_content_style":"default","_kad_post_vertical_padding":"default","_kad_post_feature":"","_kad_post_feature_position":"","_kad_post_header":false,"_kad_post_footer":false,"_kad_post_classname":""},"product_brand":[],"product_cat":[189,54],"product_tag":[266,267,108],"class_list":{"0":"post-727","1":"product","2":"type-product","3":"status-publish","4":"has-post-thumbnail","6":"product_cat-rfid-inlay","7":"product_cat-hot-selling-rfid-tags","8":"product_tag-9662-rfid-inlay-sticker","9":"product_tag-h9-rfid-inlay","10":"product_tag-rfid-inlay","12":"first","13":"instock","14":"shipping-taxable","15":"product-type-simple","16":"entry","17":"content-bg","18":"loop-entry"},"_links":{"self":[{"href":"https:\/\/rfid-laundry-tag.com\/pt\/wp-json\/wp\/v2\/product\/727","targetHints":{"allow":["GET"]}}],"collection":[{"href":"https:\/\/rfid-laundry-tag.com\/pt\/wp-json\/wp\/v2\/product"}],"about":[{"href":"https:\/\/rfid-laundry-tag.com\/pt\/wp-json\/wp\/v2\/types\/product"}],"version-history":[{"count":2,"href":"https:\/\/rfid-laundry-tag.com\/pt\/wp-json\/wp\/v2\/product\/727\/revisions"}],"predecessor-version":[{"id":730,"href":"https:\/\/rfid-laundry-tag.com\/pt\/wp-json\/wp\/v2\/product\/727\/revisions\/730"}],"wp:featuredmedia":[{"embeddable":true,"href":"https:\/\/rfid-laundry-tag.com\/pt\/wp-json\/wp\/v2\/media\/728"}],"wp:attachment":[{"href":"https:\/\/rfid-laundry-tag.com\/pt\/wp-json\/wp\/v2\/media?parent=727"}],"wp:term":[{"taxonomy":"product_brand","embeddable":true,"href":"https:\/\/rfid-laundry-tag.com\/pt\/wp-json\/wp\/v2\/product_brand?post=727"},{"taxonomy":"product_cat","embeddable":true,"href":"https:\/\/rfid-laundry-tag.com\/pt\/wp-json\/wp\/v2\/product_cat?post=727"},{"taxonomy":"product_tag","embeddable":true,"href":"https:\/\/rfid-laundry-tag.com\/pt\/wp-json\/wp\/v2\/product_tag?post=727"}],"curies":[{"name":"wp","href":"https:\/\/api.w.org\/{rel}","templated":true}]}}