{"id":723,"date":"2024-07-16T16:29:22","date_gmt":"2024-07-16T16:29:22","guid":{"rendered":"https:\/\/rfid-laundry-tag.com\/?post_type=product&#038;p=723"},"modified":"2024-08-14T16:40:29","modified_gmt":"2024-08-14T16:40:29","slug":"uhf-rfid-inlay-monza-m4-chips","status":"publish","type":"product","link":"https:\/\/rfid-laundry-tag.com\/pt\/uhf-rfid-inlay-monza-m4-chips\/","title":{"rendered":"Chips UHF RFID embutidos Monza M4"},"content":{"rendered":"<div>\n<ul>\n<li><strong>Nome do produto:<\/strong>\u00a0Chips Monza M4\/M5 de embutimento RFID UHF<\/li>\n<li><strong>Material:<\/strong>\u00a0Papel revestido, PET etc.<\/li>\n<li><strong>Lasca:<\/strong>\u00a0Monza M4\/M5<\/li>\n<li><strong>Cor:<\/strong>\u00a0Branco<\/li>\n<li><strong>Protocolo:<\/strong>\u00a0Global EPC Classe 1 Gen2 ISO\/IEC 18000-6C<\/li>\n<li><strong>Freq\u00fc\u00eancia:<\/strong>\u00a0860-960 MHz<\/li>\n<li><strong>Alcance do leitor:<\/strong>\u00a06M~12M (dependendo do ambiente e da dist\u00e2ncia de leitura e grava\u00e7\u00e3o)<\/li>\n<li><strong>M\u00e9todo de trabalho:<\/strong>\u00a0Passiva<\/li>\n<li><strong>Reciclagem em funcionamento:<\/strong>\u00a0&gt;100000 vezes<\/li>\n<li><strong>Aplicativo:<\/strong>\u00a0Rastreabilidade antifalsifica\u00e7\u00e3o, transmiss\u00e3o de dados.<\/li>\n<\/ul>\n<p><strong>Descri\u00e7\u00e3o dos chips UHF RFID Inlay Monza M4:<\/strong><\/p>\n<p>Esses inlays UHF RFID, com chips Monza M4\/M5, s\u00e3o projetados para uma variedade de aplica\u00e7\u00f5es que exigem transmiss\u00e3o de dados confi\u00e1vel e medidas antifalsifica\u00e7\u00e3o.<\/p>\n<p><strong>Principais caracter\u00edsticas:<\/strong><\/p>\n<ul>\n<li><strong>Dur\u00e1vel:<\/strong>\u00a0Constru\u00eddo com materiais de alta qualidade para maior vida \u00fatil.<\/li>\n<li><strong>Confi\u00e1vel:<\/strong>\u00a0Oferece desempenho robusto para captura precisa de dados.<\/li>\n<li><strong>Vers\u00e1til:<\/strong>\u00a0Adequado para diversas aplica\u00e7\u00f5es, incluindo rastreamento de estoque, gerenciamento de ativos e monitoramento da cadeia de suprimentos.<\/li>\n<li><strong>Seguro:<\/strong>\u00a0Contribui para os esfor\u00e7os antifalsifica\u00e7\u00e3o e garante a autenticidade do produto.<\/li>\n<\/ul>\n<h2>Chips UHF RFID Inlay Monza M4\/M5: Perguntas frequentes<\/h2>\n<p><strong>1. Qual \u00e9 a diferen\u00e7a entre os chips Monza M4 e Monza M5?<\/strong><\/p>\n<p>Os chips Monza M4 e M5 s\u00e3o chips UHF RFID de alto desempenho. A principal diferen\u00e7a est\u00e1 na capacidade de mem\u00f3ria:<\/p>\n<ul>\n<li><strong>Monza M4:<\/strong>\u00a0Oferece 128 bits de mem\u00f3ria de usu\u00e1rio.<\/li>\n<li><strong>Monza M5:<\/strong>\u00a0Oferece 512 bits de mem\u00f3ria de usu\u00e1rio.<\/li>\n<\/ul>\n<p>Isso significa que o Monza M5 pode armazenar significativamente mais dados, tornando-o ideal para aplica\u00e7\u00f5es que exigem amplo armazenamento de dados.<\/p>\n<p><strong>2. Quais s\u00e3o as vantagens de usar chips UHF RFID Inlay Monza M4?<\/strong><\/p>\n<p>Os chips Monza M4\/M5 oferecem in\u00fameros benef\u00edcios:<\/p>\n<ul>\n<li><strong>Alto alcance de leitura:<\/strong>\u00a0Eles oferecem excelentes alcances de leitura, estendendo-se at\u00e9 12 metros em condi\u00e7\u00f5es ideais.<\/li>\n<li><strong>Velocidades r\u00e1pidas de leitura\/grava\u00e7\u00e3o:<\/strong>\u00a0Esses chips permitem acesso r\u00e1pido aos dados, agilizando as opera\u00e7\u00f5es.<\/li>\n<li><strong>Desempenho aprimorado:<\/strong>\u00a0Eles oferecem desempenho confi\u00e1vel e consistente em ambientes desafiadores.<\/li>\n<li><strong>Seguran\u00e7a de dados:<\/strong>\u00a0Os chips incorporam recursos de seguran\u00e7a para proteger dados confidenciais.<\/li>\n<\/ul>\n<p><strong>3. Que tipos de aplica\u00e7\u00f5es s\u00e3o adequadas para os inlays RFID Monza M4\/M5?<\/strong><\/p>\n<p>Essas incrusta\u00e7\u00f5es s\u00e3o adequadas para uma ampla gama de aplica\u00e7\u00f5es, incluindo:<\/p>\n<ul>\n<li><strong>Gest\u00e3o de estoque:<\/strong>\u00a0Acompanhamento dos n\u00edveis de estoque e movimenta\u00e7\u00e3o de produtos em armaz\u00e9ns e lojas de varejo.<\/li>\n<li><strong>Rastreamento de ativos:<\/strong>\u00a0Monitoramento de ativos, equipamentos e ferramentas em diversos ambientes.<\/li>\n<li><strong>Gest\u00e3o da cadeia de abastecimento:<\/strong>\u00a0Melhorando a visibilidade e a transpar\u00eancia da cadeia de suprimentos.<\/li>\n<li><strong>Anti-falsifica\u00e7\u00e3o:<\/strong>\u00a0Prevenir a falsifica\u00e7\u00e3o de produtos e garantir a autenticidade.<\/li>\n<li><strong>Controle de acesso:<\/strong>\u00a0Gerenciar o acesso a \u00e1reas seguras ou espa\u00e7os restritos.<\/li>\n<\/ul>\n<p><strong>4. Como posso escolher o inlay RFID certo para minha aplica\u00e7\u00e3o espec\u00edfica?<\/strong><\/p>\n<p>A escolha ideal do inlay RFID depende dos requisitos espec\u00edficos da sua aplica\u00e7\u00e3o:<\/p>\n<ul>\n<li><strong>Necessidades de armazenamento de dados:<\/strong>\u00a0Se voc\u00ea precisa armazenar muitos dados, considere o Monza M5 com sua maior capacidade de mem\u00f3ria.<\/li>\n<li><strong>Alcance de leitura:<\/strong>\u00a0Determine o alcance de leitura necess\u00e1rio para garantir a identifica\u00e7\u00e3o adequada da etiqueta.<\/li>\n<li><strong>Condi\u00e7\u00f5es ambientais:<\/strong>\u00a0Considere o ambiente operacional (temperatura, umidade, etc.) para selecionar um inlay robusto.<\/li>\n<li><strong>Tipo de aplica\u00e7\u00e3o:<\/strong>\u00a0A aplica\u00e7\u00e3o espec\u00edfica (por exemplo, rastreamento de estoque, gerenciamento de ativos) influenciar\u00e1 a escolha do inlay.<\/li>\n<\/ul>\n<p><strong>5. Quais s\u00e3o os custos t\u00edpicos associados aos inlays RFID usando chips Monza M4\/M5?<\/strong><\/p>\n<p>O custo dos inlays RFID varia com base em fatores como tipo de chip, design do inlay, quantidade pedida e recursos adicionais. Entre em contato com fabricantes ou fornecedores de RFID para obter informa\u00e7\u00f5es precisas sobre pre\u00e7os.<\/p>\n<p><strong>6. Os inlays Monza M4\/M5 s\u00e3o compat\u00edveis com leitores RFID padr\u00e3o?<\/strong><\/p>\n<p>Sim, esses inlays foram projetados para funcionar com leitores RFID padr\u00e3o da ind\u00fastria que operam na faixa de frequ\u00eancia UHF.<\/p>\n<p><strong>7. Onde posso comprar os inlays RFID Monza M4\/M5?<\/strong><\/p>\n<p>Os inlays RFID com chips Monza M4\/M5 est\u00e3o amplamente dispon\u00edveis em v\u00e1rios fabricantes e fornecedores especializados em tecnologia RFID.<\/p>\n<p><strong>8. H\u00e1 algum recurso dispon\u00edvel para me ajudar a aprender mais sobre a tecnologia RFID?<\/strong><\/p>\n<p>Sim, voc\u00ea pode encontrar v\u00e1rios recursos on-line e por meio de associa\u00e7\u00f5es do setor de RFID:<\/p>\n<ul>\n<li><strong>Revista RFID:<\/strong>\u00a0Uma fonte l\u00edder de not\u00edcias e informa\u00e7\u00f5es sobre RFID.<\/li>\n<li><strong>Associa\u00e7\u00e3o da Ind\u00fastria de RFID (RFIDIA):<\/strong>\u00a0Uma organiza\u00e7\u00e3o global que promove o uso da tecnologia RFID.<\/li>\n<li><strong>Sites dos fabricantes:<\/strong>\u00a0Consulte os sites dos principais fabricantes de chips RFID para obter documenta\u00e7\u00e3o t\u00e9cnica e suporte.<\/li>\n<\/ul>\n<\/div>\n<div class=\"auto-hide-last-sibling-br paragraph_9dc5f paragraph-element\"><\/div>\n<div class=\"auto-hide-last-sibling-br paragraph_9dc5f paragraph-element\"><\/div>","protected":false},"excerpt":{"rendered":"<p>UHF RFID Inlay Monza M4 Chips para invent\u00e1rio, rastreamento de ativos e anti-falsifica\u00e7\u00e3o. Altos alcances de leitura, acesso r\u00e1pido a dados e desempenho robusto.<\/p>","protected":false},"featured_media":724,"template":"","meta":{"_kad_post_transparent":"default","_kad_post_title":"","_kad_post_layout":"default","_kad_post_sidebar_id":"","_kad_post_content_style":"default","_kad_post_vertical_padding":"default","_kad_post_feature":"","_kad_post_feature_position":"","_kad_post_header":false,"_kad_post_footer":false,"_kad_post_classname":""},"product_brand":[],"product_cat":[54,189],"product_tag":[108,190],"class_list":{"0":"post-723","1":"product","2":"type-product","3":"status-publish","4":"has-post-thumbnail","6":"product_cat-hot-selling-rfid-tags","7":"product_cat-rfid-inlay","8":"product_tag-rfid-inlay","9":"product_tag-uhf-rfid-inlay-monza-m4-m5-chips","11":"first","12":"instock","13":"shipping-taxable","14":"product-type-simple","15":"entry","16":"content-bg","17":"loop-entry"},"_links":{"self":[{"href":"https:\/\/rfid-laundry-tag.com\/pt\/wp-json\/wp\/v2\/product\/723","targetHints":{"allow":["GET"]}}],"collection":[{"href":"https:\/\/rfid-laundry-tag.com\/pt\/wp-json\/wp\/v2\/product"}],"about":[{"href":"https:\/\/rfid-laundry-tag.com\/pt\/wp-json\/wp\/v2\/types\/product"}],"version-history":[{"count":4,"href":"https:\/\/rfid-laundry-tag.com\/pt\/wp-json\/wp\/v2\/product\/723\/revisions"}],"predecessor-version":[{"id":1331,"href":"https:\/\/rfid-laundry-tag.com\/pt\/wp-json\/wp\/v2\/product\/723\/revisions\/1331"}],"wp:featuredmedia":[{"embeddable":true,"href":"https:\/\/rfid-laundry-tag.com\/pt\/wp-json\/wp\/v2\/media\/724"}],"wp:attachment":[{"href":"https:\/\/rfid-laundry-tag.com\/pt\/wp-json\/wp\/v2\/media?parent=723"}],"wp:term":[{"taxonomy":"product_brand","embeddable":true,"href":"https:\/\/rfid-laundry-tag.com\/pt\/wp-json\/wp\/v2\/product_brand?post=723"},{"taxonomy":"product_cat","embeddable":true,"href":"https:\/\/rfid-laundry-tag.com\/pt\/wp-json\/wp\/v2\/product_cat?post=723"},{"taxonomy":"product_tag","embeddable":true,"href":"https:\/\/rfid-laundry-tag.com\/pt\/wp-json\/wp\/v2\/product_tag?post=723"}],"curies":[{"name":"wp","href":"https:\/\/api.w.org\/{rel}","templated":true}]}}